{"id":269,"date":"2012-05-16T15:39:52","date_gmt":"2012-05-16T19:39:52","guid":{"rendered":"http:\/\/medicina.udd.cl\/egresados\/"},"modified":"2012-05-17T11:33:02","modified_gmt":"2012-05-17T15:33:02","slug":"generacion-2008","status":"publish","type":"page","link":"https:\/\/medicina.udd.cl\/egresados\/exalumnos\/generaciones\/enfermeria\/generacion-2008\/","title":{"rendered":"Generaci\u00f3n 2008"},"content":{"rendered":"<p style=\"text-align: center;\"><a href=\"http:\/\/medicina.udd.cl\/egresados\/files\/2012\/05\/Generaci\u00f3n-2008-Enfermer\u00eda.jpg\" class=\"thickbox\"><img loading=\"lazy\" decoding=\"async\" class=\"aligncenter size-large wp-image-296\" title=\"Generaci\u00f3n 2008, Enfermer\u00eda\" src=\"http:\/\/medicina.udd.cl\/egresados\/files\/2012\/05\/Generaci\u00f3n-2008-Enfermer\u00eda-1024x680.jpg\" alt=\"\" width=\"655\" height=\"435\" srcset=\"https:\/\/medicina.udd.cl\/egresados\/files\/2012\/05\/Generaci\u00f3n-2008-Enfermer\u00eda-1024x680.jpg 1024w, https:\/\/medicina.udd.cl\/egresados\/files\/2012\/05\/Generaci\u00f3n-2008-Enfermer\u00eda-300x199.jpg 300w, https:\/\/medicina.udd.cl\/egresados\/files\/2012\/05\/Generaci\u00f3n-2008-Enfermer\u00eda-768x510.jpg 768w\" sizes=\"auto, (max-width: 655px) 100vw, 655px\" \/><\/a><\/p>\n","protected":false},"excerpt":{"rendered":"<p>Conoce la generaci\u00f3n 2008 de Enfermer\u00eda.<\/p>\n","protected":false},"author":9192219,"featured_media":0,"parent":263,"menu_order":0,"comment_status":"open","ping_status":"open","template":"wide-default.php","meta":{"footnotes":""},"class_list":["post-269","page","type-page","status-publish","hentry"],"yoast_head":"<!-- This site is optimized with the Yoast SEO plugin v26.9 - https:\/\/yoast.com\/product\/yoast-seo-wordpress\/ -->\n<title>Generaci\u00f3n 2008 - Red de Egresados<\/title>\n<meta name=\"robots\" content=\"index, follow, max-snippet:-1, max-image-preview:large, max-video-preview:-1\" \/>\n<link rel=\"canonical\" href=\"https:\/\/medicina.udd.cl\/egresados\/exalumnos\/generaciones\/enfermeria\/generacion-2008\/\" \/>\n<meta property=\"og:locale\" content=\"es_ES\" \/>\n<meta property=\"og:type\" content=\"article\" \/>\n<meta property=\"og:title\" content=\"Generaci\u00f3n 2008 - Red de Egresados\" \/>\n<meta property=\"og:description\" content=\"Conoce la generaci\u00f3n 2008 de Enfermer\u00eda.\" \/>\n<meta property=\"og:url\" content=\"https:\/\/medicina.udd.cl\/egresados\/exalumnos\/generaciones\/enfermeria\/generacion-2008\/\" \/>\n<meta property=\"og:site_name\" content=\"Red de Egresados\" \/>\n<meta property=\"article:modified_time\" content=\"2012-05-17T15:33:02+00:00\" \/>\n<script type=\"application\/ld+json\" class=\"yoast-schema-graph\">{\"@context\":\"https:\/\/schema.org\",\"@graph\":[{\"@type\":\"WebPage\",\"@id\":\"https:\/\/medicina.udd.cl\/egresados\/exalumnos\/generaciones\/enfermeria\/generacion-2008\/\",\"url\":\"https:\/\/medicina.udd.cl\/egresados\/exalumnos\/generaciones\/enfermeria\/generacion-2008\/\",\"name\":\"Generaci\u00f3n 2008 - Red de Egresados\",\"isPartOf\":{\"@id\":\"https:\/\/medicina.udd.cl\/egresados\/#website\"},\"datePublished\":\"2012-05-16T19:39:52+00:00\",\"dateModified\":\"2012-05-17T15:33:02+00:00\",\"breadcrumb\":{\"@id\":\"https:\/\/medicina.udd.cl\/egresados\/exalumnos\/generaciones\/enfermeria\/generacion-2008\/#breadcrumb\"},\"inLanguage\":\"es\",\"potentialAction\":[{\"@type\":\"ReadAction\",\"target\":[\"https:\/\/medicina.udd.cl\/egresados\/exalumnos\/generaciones\/enfermeria\/generacion-2008\/\"]}]},{\"@type\":\"BreadcrumbList\",\"@id\":\"https:\/\/medicina.udd.cl\/egresados\/exalumnos\/generaciones\/enfermeria\/generacion-2008\/#breadcrumb\",\"itemListElement\":[{\"@type\":\"ListItem\",\"position\":1,\"name\":\"Home\",\"item\":\"https:\/\/medicina.udd.cl\/egresados\/\"},{\"@type\":\"ListItem\",\"position\":2,\"name\":\"Ex Alumnos\",\"item\":\"https:\/\/medicina.udd.cl\/egresados\/exalumnos\/\"},{\"@type\":\"ListItem\",\"position\":3,\"name\":\"Generaciones\",\"item\":\"https:\/\/medicina.udd.cl\/egresados\/exalumnos\/generaciones\/\"},{\"@type\":\"ListItem\",\"position\":4,\"name\":\"Enfermer\u00eda\",\"item\":\"https:\/\/medicina.udd.cl\/egresados\/exalumnos\/generaciones\/enfermeria\/\"},{\"@type\":\"ListItem\",\"position\":5,\"name\":\"Generaci\u00f3n 2008\"}]},{\"@type\":\"WebSite\",\"@id\":\"https:\/\/medicina.udd.cl\/egresados\/#website\",\"url\":\"https:\/\/medicina.udd.cl\/egresados\/\",\"name\":\"Red de Egresados\",\"description\":\"Just another Medicina site\",\"potentialAction\":[{\"@type\":\"SearchAction\",\"target\":{\"@type\":\"EntryPoint\",\"urlTemplate\":\"https:\/\/medicina.udd.cl\/egresados\/?s={search_term_string}\"},\"query-input\":{\"@type\":\"PropertyValueSpecification\",\"valueRequired\":true,\"valueName\":\"search_term_string\"}}],\"inLanguage\":\"es\"}]}<\/script>\n<!-- \/ Yoast SEO plugin. -->","yoast_head_json":{"title":"Generaci\u00f3n 2008 - Red de Egresados","robots":{"index":"index","follow":"follow","max-snippet":"max-snippet:-1","max-image-preview":"max-image-preview:large","max-video-preview":"max-video-preview:-1"},"canonical":"https:\/\/medicina.udd.cl\/egresados\/exalumnos\/generaciones\/enfermeria\/generacion-2008\/","og_locale":"es_ES","og_type":"article","og_title":"Generaci\u00f3n 2008 - Red de Egresados","og_description":"Conoce la generaci\u00f3n 2008 de Enfermer\u00eda.","og_url":"https:\/\/medicina.udd.cl\/egresados\/exalumnos\/generaciones\/enfermeria\/generacion-2008\/","og_site_name":"Red de Egresados","article_modified_time":"2012-05-17T15:33:02+00:00","schema":{"@context":"https:\/\/schema.org","@graph":[{"@type":"WebPage","@id":"https:\/\/medicina.udd.cl\/egresados\/exalumnos\/generaciones\/enfermeria\/generacion-2008\/","url":"https:\/\/medicina.udd.cl\/egresados\/exalumnos\/generaciones\/enfermeria\/generacion-2008\/","name":"Generaci\u00f3n 2008 - Red de Egresados","isPartOf":{"@id":"https:\/\/medicina.udd.cl\/egresados\/#website"},"datePublished":"2012-05-16T19:39:52+00:00","dateModified":"2012-05-17T15:33:02+00:00","breadcrumb":{"@id":"https:\/\/medicina.udd.cl\/egresados\/exalumnos\/generaciones\/enfermeria\/generacion-2008\/#breadcrumb"},"inLanguage":"es","potentialAction":[{"@type":"ReadAction","target":["https:\/\/medicina.udd.cl\/egresados\/exalumnos\/generaciones\/enfermeria\/generacion-2008\/"]}]},{"@type":"BreadcrumbList","@id":"https:\/\/medicina.udd.cl\/egresados\/exalumnos\/generaciones\/enfermeria\/generacion-2008\/#breadcrumb","itemListElement":[{"@type":"ListItem","position":1,"name":"Home","item":"https:\/\/medicina.udd.cl\/egresados\/"},{"@type":"ListItem","position":2,"name":"Ex Alumnos","item":"https:\/\/medicina.udd.cl\/egresados\/exalumnos\/"},{"@type":"ListItem","position":3,"name":"Generaciones","item":"https:\/\/medicina.udd.cl\/egresados\/exalumnos\/generaciones\/"},{"@type":"ListItem","position":4,"name":"Enfermer\u00eda","item":"https:\/\/medicina.udd.cl\/egresados\/exalumnos\/generaciones\/enfermeria\/"},{"@type":"ListItem","position":5,"name":"Generaci\u00f3n 2008"}]},{"@type":"WebSite","@id":"https:\/\/medicina.udd.cl\/egresados\/#website","url":"https:\/\/medicina.udd.cl\/egresados\/","name":"Red de Egresados","description":"Just another Medicina site","potentialAction":[{"@type":"SearchAction","target":{"@type":"EntryPoint","urlTemplate":"https:\/\/medicina.udd.cl\/egresados\/?s={search_term_string}"},"query-input":{"@type":"PropertyValueSpecification","valueRequired":true,"valueName":"search_term_string"}}],"inLanguage":"es"}]}},"_links":{"self":[{"href":"https:\/\/medicina.udd.cl\/egresados\/wp-json\/wp\/v2\/pages\/269","targetHints":{"allow":["GET"]}}],"collection":[{"href":"https:\/\/medicina.udd.cl\/egresados\/wp-json\/wp\/v2\/pages"}],"about":[{"href":"https:\/\/medicina.udd.cl\/egresados\/wp-json\/wp\/v2\/types\/page"}],"author":[{"embeddable":true,"href":"https:\/\/medicina.udd.cl\/egresados\/wp-json\/wp\/v2\/users\/9192219"}],"replies":[{"embeddable":true,"href":"https:\/\/medicina.udd.cl\/egresados\/wp-json\/wp\/v2\/comments?post=269"}],"version-history":[{"count":5,"href":"https:\/\/medicina.udd.cl\/egresados\/wp-json\/wp\/v2\/pages\/269\/revisions"}],"predecessor-version":[{"id":423,"href":"https:\/\/medicina.udd.cl\/egresados\/wp-json\/wp\/v2\/pages\/269\/revisions\/423"}],"up":[{"embeddable":true,"href":"https:\/\/medicina.udd.cl\/egresados\/wp-json\/wp\/v2\/pages\/263"}],"wp:attachment":[{"href":"https:\/\/medicina.udd.cl\/egresados\/wp-json\/wp\/v2\/media?parent=269"}],"curies":[{"name":"wp","href":"https:\/\/api.w.org\/{rel}","templated":true}]}}