{"id":279,"date":"2012-05-16T15:43:30","date_gmt":"2012-05-16T19:43:30","guid":{"rendered":"http:\/\/medicina.udd.cl\/egresados\/"},"modified":"2012-05-17T12:21:32","modified_gmt":"2012-05-17T16:21:32","slug":"generacion-2011","status":"publish","type":"page","link":"https:\/\/medicina.udd.cl\/egresados\/exalumnos\/generaciones\/odontologia\/generacion-2011\/","title":{"rendered":"Generaci\u00f3n 2011"},"content":{"rendered":"<p style=\"text-align: center;\"><a href=\"http:\/\/medicina.udd.cl\/egresados\/files\/2012\/05\/Generaci\u00f3n-2011.jpg\" class=\"thickbox\"><img loading=\"lazy\" decoding=\"async\" class=\"size-large wp-image-355  aligncenter\" title=\"Generaci\u00f3n UDD\" src=\"http:\/\/medicina.udd.cl\/egresados\/files\/2012\/05\/Generaci\u00f3n-2011-1024x645.jpg\" alt=\"\" width=\"581\" height=\"365\" srcset=\"https:\/\/medicina.udd.cl\/egresados\/files\/2012\/05\/Generaci\u00f3n-2011-1024x645.jpg 1024w, https:\/\/medicina.udd.cl\/egresados\/files\/2012\/05\/Generaci\u00f3n-2011-300x189.jpg 300w, https:\/\/medicina.udd.cl\/egresados\/files\/2012\/05\/Generaci\u00f3n-2011-768x484.jpg 768w\" sizes=\"auto, (max-width: 581px) 100vw, 581px\" \/><\/a><\/p>\n<table style=\"width: 324px;\" border=\"0\" cellspacing=\"0\" cellpadding=\"0\">\n<colgroup>\n<col width=\"324\"><\/col>\n<\/colgroup>\n<tbody>\n<tr height=\"20\">\n<td width=\"324\" height=\"20\"><strong>Generaci\u00f3n   2011<\/strong><\/td>\n<\/tr>\n<tr height=\"20\">\n<td height=\"20\">Rodrigo Andr\u00e9s   Valenzuela Orellana<\/td>\n<\/tr>\n<tr height=\"20\">\n<td height=\"20\">Dominique Nicole Tijoux Oliveros<\/td>\n<\/tr>\n<tr height=\"20\">\n<td height=\"20\">Carolina Gantz O\u00f1ate<\/td>\n<\/tr>\n<tr height=\"20\">\n<td height=\"20\">Constanza Mar\u00eda Vald\u00e9s Donoso<\/td>\n<\/tr>\n<tr height=\"20\">\n<td height=\"20\">Crist\u00f3bal Andr\u00e9s Rueda Lama<\/td>\n<\/tr>\n<tr height=\"20\">\n<td height=\"20\">Natalia Edita San Mart\u00edn Danitz<\/td>\n<\/tr>\n<tr height=\"20\">\n<td height=\"20\">Constanza de Los \u00c1ngeles Carvajal Gavil\u00e1n<\/td>\n<\/tr>\n<tr height=\"20\">\n<td height=\"20\">Bernardita P\u00e9rez Aguirre<\/td>\n<\/tr>\n<tr height=\"20\">\n<td height=\"20\">Constanza Arellano Argando\u00f1a<\/td>\n<\/tr>\n<tr height=\"20\">\n<td height=\"20\">Roc\u00edo Tamara Vidal Olea<\/td>\n<\/tr>\n<tr height=\"20\">\n<td height=\"20\">Tamara Andrea Utman Quinteros<\/td>\n<\/tr>\n<tr height=\"20\">\n<td height=\"20\">Irene Daniela del Carmen Muro Arena<\/td>\n<\/tr>\n<tr height=\"20\">\n<td height=\"20\">Claudia Andrea Torres Mar\u00edn<\/td>\n<\/tr>\n<\/tbody>\n<\/table>\n","protected":false},"excerpt":{"rendered":"<p>Conoce a los titulados de la primera generaci\u00f3n de Odontolog\u00eda. <\/p>\n","protected":false},"author":9192219,"featured_media":0,"parent":277,"menu_order":0,"comment_status":"open","ping_status":"open","template":"wide-default.php","meta":{"footnotes":""},"class_list":["post-279","page","type-page","status-publish","hentry"],"yoast_head":"<!-- This site is optimized with the Yoast SEO plugin v26.9 - https:\/\/yoast.com\/product\/yoast-seo-wordpress\/ -->\n<title>Generaci\u00f3n 2011 - Red de Egresados<\/title>\n<meta name=\"robots\" content=\"index, follow, max-snippet:-1, max-image-preview:large, max-video-preview:-1\" \/>\n<link rel=\"canonical\" href=\"https:\/\/medicina.udd.cl\/egresados\/exalumnos\/generaciones\/odontologia\/generacion-2011\/\" \/>\n<meta property=\"og:locale\" content=\"es_ES\" \/>\n<meta property=\"og:type\" content=\"article\" \/>\n<meta property=\"og:title\" content=\"Generaci\u00f3n 2011 - Red de Egresados\" \/>\n<meta property=\"og:description\" content=\"Conoce a los titulados de la primera generaci\u00f3n de Odontolog\u00eda.\" \/>\n<meta property=\"og:url\" content=\"https:\/\/medicina.udd.cl\/egresados\/exalumnos\/generaciones\/odontologia\/generacion-2011\/\" \/>\n<meta property=\"og:site_name\" content=\"Red de Egresados\" \/>\n<meta property=\"article:modified_time\" content=\"2012-05-17T16:21:32+00:00\" \/>\n<script type=\"application\/ld+json\" class=\"yoast-schema-graph\">{\"@context\":\"https:\/\/schema.org\",\"@graph\":[{\"@type\":\"WebPage\",\"@id\":\"https:\/\/medicina.udd.cl\/egresados\/exalumnos\/generaciones\/odontologia\/generacion-2011\/\",\"url\":\"https:\/\/medicina.udd.cl\/egresados\/exalumnos\/generaciones\/odontologia\/generacion-2011\/\",\"name\":\"Generaci\u00f3n 2011 - Red de Egresados\",\"isPartOf\":{\"@id\":\"https:\/\/medicina.udd.cl\/egresados\/#website\"},\"datePublished\":\"2012-05-16T19:43:30+00:00\",\"dateModified\":\"2012-05-17T16:21:32+00:00\",\"breadcrumb\":{\"@id\":\"https:\/\/medicina.udd.cl\/egresados\/exalumnos\/generaciones\/odontologia\/generacion-2011\/#breadcrumb\"},\"inLanguage\":\"es\",\"potentialAction\":[{\"@type\":\"ReadAction\",\"target\":[\"https:\/\/medicina.udd.cl\/egresados\/exalumnos\/generaciones\/odontologia\/generacion-2011\/\"]}]},{\"@type\":\"BreadcrumbList\",\"@id\":\"https:\/\/medicina.udd.cl\/egresados\/exalumnos\/generaciones\/odontologia\/generacion-2011\/#breadcrumb\",\"itemListElement\":[{\"@type\":\"ListItem\",\"position\":1,\"name\":\"Home\",\"item\":\"https:\/\/medicina.udd.cl\/egresados\/\"},{\"@type\":\"ListItem\",\"position\":2,\"name\":\"Ex Alumnos\",\"item\":\"https:\/\/medicina.udd.cl\/egresados\/exalumnos\/\"},{\"@type\":\"ListItem\",\"position\":3,\"name\":\"Generaciones\",\"item\":\"https:\/\/medicina.udd.cl\/egresados\/exalumnos\/generaciones\/\"},{\"@type\":\"ListItem\",\"position\":4,\"name\":\"Odontolog\u00eda\",\"item\":\"https:\/\/medicina.udd.cl\/egresados\/exalumnos\/generaciones\/odontologia\/\"},{\"@type\":\"ListItem\",\"position\":5,\"name\":\"Generaci\u00f3n 2011\"}]},{\"@type\":\"WebSite\",\"@id\":\"https:\/\/medicina.udd.cl\/egresados\/#website\",\"url\":\"https:\/\/medicina.udd.cl\/egresados\/\",\"name\":\"Red de Egresados\",\"description\":\"Just another Medicina site\",\"potentialAction\":[{\"@type\":\"SearchAction\",\"target\":{\"@type\":\"EntryPoint\",\"urlTemplate\":\"https:\/\/medicina.udd.cl\/egresados\/?s={search_term_string}\"},\"query-input\":{\"@type\":\"PropertyValueSpecification\",\"valueRequired\":true,\"valueName\":\"search_term_string\"}}],\"inLanguage\":\"es\"}]}<\/script>\n<!-- \/ Yoast SEO plugin. -->","yoast_head_json":{"title":"Generaci\u00f3n 2011 - Red de Egresados","robots":{"index":"index","follow":"follow","max-snippet":"max-snippet:-1","max-image-preview":"max-image-preview:large","max-video-preview":"max-video-preview:-1"},"canonical":"https:\/\/medicina.udd.cl\/egresados\/exalumnos\/generaciones\/odontologia\/generacion-2011\/","og_locale":"es_ES","og_type":"article","og_title":"Generaci\u00f3n 2011 - Red de Egresados","og_description":"Conoce a los titulados de la primera generaci\u00f3n de Odontolog\u00eda.","og_url":"https:\/\/medicina.udd.cl\/egresados\/exalumnos\/generaciones\/odontologia\/generacion-2011\/","og_site_name":"Red de Egresados","article_modified_time":"2012-05-17T16:21:32+00:00","schema":{"@context":"https:\/\/schema.org","@graph":[{"@type":"WebPage","@id":"https:\/\/medicina.udd.cl\/egresados\/exalumnos\/generaciones\/odontologia\/generacion-2011\/","url":"https:\/\/medicina.udd.cl\/egresados\/exalumnos\/generaciones\/odontologia\/generacion-2011\/","name":"Generaci\u00f3n 2011 - Red de Egresados","isPartOf":{"@id":"https:\/\/medicina.udd.cl\/egresados\/#website"},"datePublished":"2012-05-16T19:43:30+00:00","dateModified":"2012-05-17T16:21:32+00:00","breadcrumb":{"@id":"https:\/\/medicina.udd.cl\/egresados\/exalumnos\/generaciones\/odontologia\/generacion-2011\/#breadcrumb"},"inLanguage":"es","potentialAction":[{"@type":"ReadAction","target":["https:\/\/medicina.udd.cl\/egresados\/exalumnos\/generaciones\/odontologia\/generacion-2011\/"]}]},{"@type":"BreadcrumbList","@id":"https:\/\/medicina.udd.cl\/egresados\/exalumnos\/generaciones\/odontologia\/generacion-2011\/#breadcrumb","itemListElement":[{"@type":"ListItem","position":1,"name":"Home","item":"https:\/\/medicina.udd.cl\/egresados\/"},{"@type":"ListItem","position":2,"name":"Ex Alumnos","item":"https:\/\/medicina.udd.cl\/egresados\/exalumnos\/"},{"@type":"ListItem","position":3,"name":"Generaciones","item":"https:\/\/medicina.udd.cl\/egresados\/exalumnos\/generaciones\/"},{"@type":"ListItem","position":4,"name":"Odontolog\u00eda","item":"https:\/\/medicina.udd.cl\/egresados\/exalumnos\/generaciones\/odontologia\/"},{"@type":"ListItem","position":5,"name":"Generaci\u00f3n 2011"}]},{"@type":"WebSite","@id":"https:\/\/medicina.udd.cl\/egresados\/#website","url":"https:\/\/medicina.udd.cl\/egresados\/","name":"Red de Egresados","description":"Just another Medicina site","potentialAction":[{"@type":"SearchAction","target":{"@type":"EntryPoint","urlTemplate":"https:\/\/medicina.udd.cl\/egresados\/?s={search_term_string}"},"query-input":{"@type":"PropertyValueSpecification","valueRequired":true,"valueName":"search_term_string"}}],"inLanguage":"es"}]}},"_links":{"self":[{"href":"https:\/\/medicina.udd.cl\/egresados\/wp-json\/wp\/v2\/pages\/279","targetHints":{"allow":["GET"]}}],"collection":[{"href":"https:\/\/medicina.udd.cl\/egresados\/wp-json\/wp\/v2\/pages"}],"about":[{"href":"https:\/\/medicina.udd.cl\/egresados\/wp-json\/wp\/v2\/types\/page"}],"author":[{"embeddable":true,"href":"https:\/\/medicina.udd.cl\/egresados\/wp-json\/wp\/v2\/users\/9192219"}],"replies":[{"embeddable":true,"href":"https:\/\/medicina.udd.cl\/egresados\/wp-json\/wp\/v2\/comments?post=279"}],"version-history":[{"count":10,"href":"https:\/\/medicina.udd.cl\/egresados\/wp-json\/wp\/v2\/pages\/279\/revisions"}],"predecessor-version":[{"id":431,"href":"https:\/\/medicina.udd.cl\/egresados\/wp-json\/wp\/v2\/pages\/279\/revisions\/431"}],"up":[{"embeddable":true,"href":"https:\/\/medicina.udd.cl\/egresados\/wp-json\/wp\/v2\/pages\/277"}],"wp:attachment":[{"href":"https:\/\/medicina.udd.cl\/egresados\/wp-json\/wp\/v2\/media?parent=279"}],"curies":[{"name":"wp","href":"https:\/\/api.w.org\/{rel}","templated":true}]}}