{"id":290,"date":"2012-05-16T15:50:58","date_gmt":"2012-05-16T19:50:58","guid":{"rendered":"http:\/\/medicina.udd.cl\/egresados\/"},"modified":"2012-05-17T14:34:22","modified_gmt":"2012-05-17T18:34:22","slug":"generacion-2011","status":"publish","type":"page","link":"https:\/\/medicina.udd.cl\/egresados\/exalumnos\/generaciones\/tecnologia-medica\/generacion-2011\/","title":{"rendered":"Generaci\u00f3n 2011"},"content":{"rendered":"<p style=\"text-align: center;\"><a href=\"http:\/\/medicina.udd.cl\/egresados\/files\/2012\/05\/Tecnolog\u00eda-M\u00e9dica.jpg\" class=\"thickbox\"><img loading=\"lazy\" decoding=\"async\" class=\"size-large wp-image-361    aligncenter\" title=\"Tecnolog\u00eda M\u00e9dica UDD\" src=\"http:\/\/medicina.udd.cl\/egresados\/files\/2012\/05\/Tecnolog\u00eda-M\u00e9dica-1024x682.jpg\" alt=\"\" width=\"614\" height=\"409\" \/><\/a><\/p>\n<table style=\"width: 445px;\" border=\"0\" cellspacing=\"0\" cellpadding=\"0\">\n<colgroup>\n<col width=\"445\"><\/col>\n<\/colgroup>\n<tbody>\n<tr height=\"20\">\n<td width=\"445\" height=\"20\"><strong>Egresados   Generaci\u00f3n 2011<\/strong><\/td>\n<\/tr>\n<tr height=\"20\">\n<td width=\"445\" height=\"20\">Nicole Stephanie Chiessa Ortiz<\/td>\n<\/tr>\n<tr height=\"20\">\n<td width=\"445\" height=\"20\">Reiner Diego Cid Guti\u00e9rrez<\/td>\n<\/tr>\n<tr height=\"20\">\n<td width=\"445\" height=\"20\">Gino Sebasti\u00e1n Figueroa Ormaz\u00e1bal<\/td>\n<\/tr>\n<tr height=\"20\">\n<td width=\"445\" height=\"20\">Heidi Yazm\u00edn Gidi Del Solar<\/td>\n<\/tr>\n<tr height=\"20\">\n<td width=\"445\" height=\"20\">Ana Andrea Luisa Hurtado De Mendoza \u00c1vila<\/td>\n<\/tr>\n<tr height=\"20\">\n<td height=\"20\">Yasna   Alejandra Jorquera Leiva<\/td>\n<\/tr>\n<tr height=\"20\">\n<td width=\"445\" height=\"20\">Rodrigo Andr\u00e9s Mois\u00e9s Marchant Alzamora<\/td>\n<\/tr>\n<tr height=\"20\">\n<td width=\"445\" height=\"20\">Daniela Patricia Meininghaus Vivanco<\/td>\n<\/tr>\n<tr height=\"20\">\n<td width=\"445\" height=\"20\">Karla Jeymy Morales Madriaga<\/td>\n<\/tr>\n<tr height=\"20\">\n<td width=\"445\" height=\"20\">Mar\u00eda Victoria Olivares Castro<\/td>\n<\/tr>\n<tr height=\"20\">\n<td width=\"445\" height=\"20\">Viviana Paulina Orellana Villena<\/td>\n<\/tr>\n<tr height=\"20\">\n<td width=\"445\" height=\"20\">Cintia Estefan\u00eda Quiroga Garc\u00eda<\/td>\n<\/tr>\n<tr height=\"20\">\n<td width=\"445\" height=\"20\">Ra\u00fal Alejandro Torrej\u00f3n Araneda<\/td>\n<\/tr>\n<\/tbody>\n<\/table>\n","protected":false},"excerpt":{"rendered":"<p>Conoce a los titulados de la primera generaci\u00f3n de Tecnolog\u00eda M\u00e9dica. <\/p>\n","protected":false},"author":9192219,"featured_media":0,"parent":288,"menu_order":0,"comment_status":"open","ping_status":"open","template":"wide-default.php","meta":{"footnotes":""},"class_list":["post-290","page","type-page","status-publish","hentry"],"yoast_head":"<!-- This site is optimized with the Yoast SEO plugin v26.9 - https:\/\/yoast.com\/product\/yoast-seo-wordpress\/ -->\n<title>Generaci\u00f3n 2011 - Red de Egresados<\/title>\n<meta name=\"robots\" content=\"index, follow, max-snippet:-1, max-image-preview:large, max-video-preview:-1\" \/>\n<link rel=\"canonical\" href=\"https:\/\/medicina.udd.cl\/egresados\/exalumnos\/generaciones\/tecnologia-medica\/generacion-2011\/\" \/>\n<meta property=\"og:locale\" content=\"es_ES\" \/>\n<meta property=\"og:type\" content=\"article\" \/>\n<meta property=\"og:title\" content=\"Generaci\u00f3n 2011 - Red de Egresados\" \/>\n<meta property=\"og:description\" content=\"Conoce a los titulados de la primera generaci\u00f3n de Tecnolog\u00eda M\u00e9dica.\" \/>\n<meta property=\"og:url\" content=\"https:\/\/medicina.udd.cl\/egresados\/exalumnos\/generaciones\/tecnologia-medica\/generacion-2011\/\" \/>\n<meta property=\"og:site_name\" content=\"Red de Egresados\" \/>\n<meta property=\"article:modified_time\" content=\"2012-05-17T18:34:22+00:00\" \/>\n<script type=\"application\/ld+json\" class=\"yoast-schema-graph\">{\"@context\":\"https:\/\/schema.org\",\"@graph\":[{\"@type\":\"WebPage\",\"@id\":\"https:\/\/medicina.udd.cl\/egresados\/exalumnos\/generaciones\/tecnologia-medica\/generacion-2011\/\",\"url\":\"https:\/\/medicina.udd.cl\/egresados\/exalumnos\/generaciones\/tecnologia-medica\/generacion-2011\/\",\"name\":\"Generaci\u00f3n 2011 - Red de Egresados\",\"isPartOf\":{\"@id\":\"https:\/\/medicina.udd.cl\/egresados\/#website\"},\"datePublished\":\"2012-05-16T19:50:58+00:00\",\"dateModified\":\"2012-05-17T18:34:22+00:00\",\"breadcrumb\":{\"@id\":\"https:\/\/medicina.udd.cl\/egresados\/exalumnos\/generaciones\/tecnologia-medica\/generacion-2011\/#breadcrumb\"},\"inLanguage\":\"es\",\"potentialAction\":[{\"@type\":\"ReadAction\",\"target\":[\"https:\/\/medicina.udd.cl\/egresados\/exalumnos\/generaciones\/tecnologia-medica\/generacion-2011\/\"]}]},{\"@type\":\"BreadcrumbList\",\"@id\":\"https:\/\/medicina.udd.cl\/egresados\/exalumnos\/generaciones\/tecnologia-medica\/generacion-2011\/#breadcrumb\",\"itemListElement\":[{\"@type\":\"ListItem\",\"position\":1,\"name\":\"Home\",\"item\":\"https:\/\/medicina.udd.cl\/egresados\/\"},{\"@type\":\"ListItem\",\"position\":2,\"name\":\"Ex Alumnos\",\"item\":\"https:\/\/medicina.udd.cl\/egresados\/exalumnos\/\"},{\"@type\":\"ListItem\",\"position\":3,\"name\":\"Generaciones\",\"item\":\"https:\/\/medicina.udd.cl\/egresados\/exalumnos\/generaciones\/\"},{\"@type\":\"ListItem\",\"position\":4,\"name\":\"Tecnolog\u00eda M\u00e9dica\",\"item\":\"https:\/\/medicina.udd.cl\/egresados\/exalumnos\/generaciones\/tecnologia-medica\/\"},{\"@type\":\"ListItem\",\"position\":5,\"name\":\"Generaci\u00f3n 2011\"}]},{\"@type\":\"WebSite\",\"@id\":\"https:\/\/medicina.udd.cl\/egresados\/#website\",\"url\":\"https:\/\/medicina.udd.cl\/egresados\/\",\"name\":\"Red de Egresados\",\"description\":\"Just another Medicina site\",\"potentialAction\":[{\"@type\":\"SearchAction\",\"target\":{\"@type\":\"EntryPoint\",\"urlTemplate\":\"https:\/\/medicina.udd.cl\/egresados\/?s={search_term_string}\"},\"query-input\":{\"@type\":\"PropertyValueSpecification\",\"valueRequired\":true,\"valueName\":\"search_term_string\"}}],\"inLanguage\":\"es\"}]}<\/script>\n<!-- \/ Yoast SEO plugin. -->","yoast_head_json":{"title":"Generaci\u00f3n 2011 - Red de Egresados","robots":{"index":"index","follow":"follow","max-snippet":"max-snippet:-1","max-image-preview":"max-image-preview:large","max-video-preview":"max-video-preview:-1"},"canonical":"https:\/\/medicina.udd.cl\/egresados\/exalumnos\/generaciones\/tecnologia-medica\/generacion-2011\/","og_locale":"es_ES","og_type":"article","og_title":"Generaci\u00f3n 2011 - Red de Egresados","og_description":"Conoce a los titulados de la primera generaci\u00f3n de Tecnolog\u00eda M\u00e9dica.","og_url":"https:\/\/medicina.udd.cl\/egresados\/exalumnos\/generaciones\/tecnologia-medica\/generacion-2011\/","og_site_name":"Red de Egresados","article_modified_time":"2012-05-17T18:34:22+00:00","schema":{"@context":"https:\/\/schema.org","@graph":[{"@type":"WebPage","@id":"https:\/\/medicina.udd.cl\/egresados\/exalumnos\/generaciones\/tecnologia-medica\/generacion-2011\/","url":"https:\/\/medicina.udd.cl\/egresados\/exalumnos\/generaciones\/tecnologia-medica\/generacion-2011\/","name":"Generaci\u00f3n 2011 - Red de Egresados","isPartOf":{"@id":"https:\/\/medicina.udd.cl\/egresados\/#website"},"datePublished":"2012-05-16T19:50:58+00:00","dateModified":"2012-05-17T18:34:22+00:00","breadcrumb":{"@id":"https:\/\/medicina.udd.cl\/egresados\/exalumnos\/generaciones\/tecnologia-medica\/generacion-2011\/#breadcrumb"},"inLanguage":"es","potentialAction":[{"@type":"ReadAction","target":["https:\/\/medicina.udd.cl\/egresados\/exalumnos\/generaciones\/tecnologia-medica\/generacion-2011\/"]}]},{"@type":"BreadcrumbList","@id":"https:\/\/medicina.udd.cl\/egresados\/exalumnos\/generaciones\/tecnologia-medica\/generacion-2011\/#breadcrumb","itemListElement":[{"@type":"ListItem","position":1,"name":"Home","item":"https:\/\/medicina.udd.cl\/egresados\/"},{"@type":"ListItem","position":2,"name":"Ex Alumnos","item":"https:\/\/medicina.udd.cl\/egresados\/exalumnos\/"},{"@type":"ListItem","position":3,"name":"Generaciones","item":"https:\/\/medicina.udd.cl\/egresados\/exalumnos\/generaciones\/"},{"@type":"ListItem","position":4,"name":"Tecnolog\u00eda M\u00e9dica","item":"https:\/\/medicina.udd.cl\/egresados\/exalumnos\/generaciones\/tecnologia-medica\/"},{"@type":"ListItem","position":5,"name":"Generaci\u00f3n 2011"}]},{"@type":"WebSite","@id":"https:\/\/medicina.udd.cl\/egresados\/#website","url":"https:\/\/medicina.udd.cl\/egresados\/","name":"Red de Egresados","description":"Just another Medicina site","potentialAction":[{"@type":"SearchAction","target":{"@type":"EntryPoint","urlTemplate":"https:\/\/medicina.udd.cl\/egresados\/?s={search_term_string}"},"query-input":{"@type":"PropertyValueSpecification","valueRequired":true,"valueName":"search_term_string"}}],"inLanguage":"es"}]}},"_links":{"self":[{"href":"https:\/\/medicina.udd.cl\/egresados\/wp-json\/wp\/v2\/pages\/290","targetHints":{"allow":["GET"]}}],"collection":[{"href":"https:\/\/medicina.udd.cl\/egresados\/wp-json\/wp\/v2\/pages"}],"about":[{"href":"https:\/\/medicina.udd.cl\/egresados\/wp-json\/wp\/v2\/types\/page"}],"author":[{"embeddable":true,"href":"https:\/\/medicina.udd.cl\/egresados\/wp-json\/wp\/v2\/users\/9192219"}],"replies":[{"embeddable":true,"href":"https:\/\/medicina.udd.cl\/egresados\/wp-json\/wp\/v2\/comments?post=290"}],"version-history":[{"count":14,"href":"https:\/\/medicina.udd.cl\/egresados\/wp-json\/wp\/v2\/pages\/290\/revisions"}],"predecessor-version":[{"id":433,"href":"https:\/\/medicina.udd.cl\/egresados\/wp-json\/wp\/v2\/pages\/290\/revisions\/433"}],"up":[{"embeddable":true,"href":"https:\/\/medicina.udd.cl\/egresados\/wp-json\/wp\/v2\/pages\/288"}],"wp:attachment":[{"href":"https:\/\/medicina.udd.cl\/egresados\/wp-json\/wp\/v2\/media?parent=290"}],"curies":[{"name":"wp","href":"https:\/\/api.w.org\/{rel}","templated":true}]}}