{"id":367,"date":"2012-05-16T16:17:45","date_gmt":"2012-05-16T20:17:45","guid":{"rendered":"http:\/\/medicina.udd.cl\/egresados\/"},"modified":"2012-05-17T11:23:48","modified_gmt":"2012-05-17T15:23:48","slug":"generacion-2011","status":"publish","type":"page","link":"https:\/\/medicina.udd.cl\/egresados\/exalumnos\/generaciones\/nutricion-y-dietetica\/generacion-2011\/","title":{"rendered":"Generaci\u00f3n 2011"},"content":{"rendered":"<p style=\"text-align: center;\"><a href=\"http:\/\/medicina.udd.cl\/egresados\/files\/2012\/05\/Nutrici\u00f3n-y-Diet\u00e9tica.jpg\" class=\"thickbox\"><img loading=\"lazy\" decoding=\"async\" class=\"aligncenter size-full wp-image-369\" title=\"Nutrici\u00f3n y Diet\u00e9tica UDD\" src=\"http:\/\/medicina.udd.cl\/egresados\/files\/2012\/05\/Nutrici\u00f3n-y-Diet\u00e9tica.jpg\" alt=\"\" width=\"613\" height=\"408\" srcset=\"https:\/\/medicina.udd.cl\/egresados\/files\/2012\/05\/Nutrici\u00f3n-y-Diet\u00e9tica.jpg 1021w, https:\/\/medicina.udd.cl\/egresados\/files\/2012\/05\/Nutrici\u00f3n-y-Diet\u00e9tica-300x200.jpg 300w, https:\/\/medicina.udd.cl\/egresados\/files\/2012\/05\/Nutrici\u00f3n-y-Diet\u00e9tica-768x511.jpg 768w\" sizes=\"auto, (max-width: 613px) 100vw, 613px\" \/><\/a><\/p>\n<table style=\"width: 248px;\" border=\"0\" cellspacing=\"0\" cellpadding=\"0\">\n<colgroup>\n<col width=\"248\"><\/col>\n<\/colgroup>\n<tbody>\n<tr height=\"20\">\n<td width=\"248\" height=\"20\"><strong>Generaci\u00f3n   2011<\/strong><\/td>\n<\/tr>\n<tr height=\"20\">\n<td height=\"20\">Ana Gonz\u00e1lez   Valenzuela<\/td>\n<\/tr>\n<tr height=\"20\">\n<td height=\"20\">Camila Quevedo   Tru\u00e1n<\/td>\n<\/tr>\n<tr height=\"20\">\n<td height=\"20\">Camila Sembler   Bustos<\/td>\n<\/tr>\n<tr height=\"20\">\n<td height=\"20\">Constanza   Astorga Aguirre<\/td>\n<\/tr>\n<tr height=\"20\">\n<td height=\"20\">Denisse   Carrizo Antoine<\/td>\n<\/tr>\n<tr height=\"20\">\n<td height=\"20\">Estefan\u00eda Soto   Voisier<\/td>\n<\/tr>\n<tr height=\"20\">\n<td height=\"20\">Fernanda   Rowlands Rojas<\/td>\n<\/tr>\n<tr height=\"20\">\n<td height=\"20\">Marianne   Maillet Cousi\u00f1o<\/td>\n<\/tr>\n<tr height=\"20\">\n<td height=\"20\">Nicole Hidalgo   Liberona<\/td>\n<\/tr>\n<tr height=\"20\">\n<td height=\"20\">Paula N\u00fa\u00f1ez   Arrau<\/td>\n<\/tr>\n<tr height=\"20\">\n<td height=\"20\">P\u00eda Ramos   Castro<\/td>\n<\/tr>\n<tr height=\"20\">\n<td height=\"20\">Piera   Baldessari Bortolotti<\/td>\n<\/tr>\n<tr height=\"22\">\n<td height=\"22\">Valentina Cruz   Mac &#8211; Kellar<\/td>\n<\/tr>\n<tr height=\"20\">\n<td height=\"20\">Valentina De   Carcer Hott<\/td>\n<\/tr>\n<tr height=\"20\">\n<td height=\"20\">Valeria Hasb\u00fan   Nazar<\/td>\n<\/tr>\n<\/tbody>\n<\/table>\n","protected":false},"excerpt":{"rendered":"<p>Generaci\u00f3n 2011 Ana Gonz\u00e1lez Valenzuela Camila Quevedo Tru\u00e1n Camila Sembler Bustos Constanza Astorga Aguirre Denisse Carrizo Antoine Estefan\u00eda Soto Voisier Fernanda Rowlands Rojas Marianne Maillet Cousi\u00f1o Nicole Hidalgo Liberona Paula N\u00fa\u00f1ez Arrau P\u00eda Ramos Castro Piera Baldessari Bortolotti Valentina Cruz Mac &#8211; Kellar Valentina De Carcer Hott Valeria Hasb\u00fan Nazar<\/p>\n","protected":false},"author":9192219,"featured_media":0,"parent":286,"menu_order":0,"comment_status":"open","ping_status":"open","template":"wide-default.php","meta":{"footnotes":""},"class_list":["post-367","page","type-page","status-publish","hentry"],"yoast_head":"<!-- This site is optimized with the Yoast SEO plugin v26.9 - https:\/\/yoast.com\/product\/yoast-seo-wordpress\/ -->\n<title>Generaci\u00f3n 2011 - Red de Egresados<\/title>\n<meta name=\"robots\" content=\"index, follow, max-snippet:-1, max-image-preview:large, max-video-preview:-1\" \/>\n<link rel=\"canonical\" href=\"https:\/\/medicina.udd.cl\/egresados\/exalumnos\/generaciones\/nutricion-y-dietetica\/generacion-2011\/\" \/>\n<meta property=\"og:locale\" content=\"es_ES\" \/>\n<meta property=\"og:type\" content=\"article\" \/>\n<meta property=\"og:title\" content=\"Generaci\u00f3n 2011 - Red de Egresados\" \/>\n<meta property=\"og:description\" content=\"Generaci\u00f3n 2011 Ana Gonz\u00e1lez Valenzuela Camila Quevedo Tru\u00e1n Camila Sembler Bustos Constanza Astorga Aguirre Denisse Carrizo Antoine Estefan\u00eda Soto Voisier Fernanda Rowlands Rojas Marianne Maillet Cousi\u00f1o Nicole Hidalgo Liberona Paula N\u00fa\u00f1ez Arrau P\u00eda Ramos Castro Piera Baldessari Bortolotti Valentina Cruz Mac &#8211; Kellar Valentina De Carcer Hott Valeria Hasb\u00fan Nazar\" \/>\n<meta property=\"og:url\" content=\"https:\/\/medicina.udd.cl\/egresados\/exalumnos\/generaciones\/nutricion-y-dietetica\/generacion-2011\/\" \/>\n<meta property=\"og:site_name\" content=\"Red de Egresados\" \/>\n<meta property=\"article:modified_time\" content=\"2012-05-17T15:23:48+00:00\" \/>\n<script type=\"application\/ld+json\" class=\"yoast-schema-graph\">{\"@context\":\"https:\/\/schema.org\",\"@graph\":[{\"@type\":\"WebPage\",\"@id\":\"https:\/\/medicina.udd.cl\/egresados\/exalumnos\/generaciones\/nutricion-y-dietetica\/generacion-2011\/\",\"url\":\"https:\/\/medicina.udd.cl\/egresados\/exalumnos\/generaciones\/nutricion-y-dietetica\/generacion-2011\/\",\"name\":\"Generaci\u00f3n 2011 - Red de Egresados\",\"isPartOf\":{\"@id\":\"https:\/\/medicina.udd.cl\/egresados\/#website\"},\"datePublished\":\"2012-05-16T20:17:45+00:00\",\"dateModified\":\"2012-05-17T15:23:48+00:00\",\"breadcrumb\":{\"@id\":\"https:\/\/medicina.udd.cl\/egresados\/exalumnos\/generaciones\/nutricion-y-dietetica\/generacion-2011\/#breadcrumb\"},\"inLanguage\":\"es\",\"potentialAction\":[{\"@type\":\"ReadAction\",\"target\":[\"https:\/\/medicina.udd.cl\/egresados\/exalumnos\/generaciones\/nutricion-y-dietetica\/generacion-2011\/\"]}]},{\"@type\":\"BreadcrumbList\",\"@id\":\"https:\/\/medicina.udd.cl\/egresados\/exalumnos\/generaciones\/nutricion-y-dietetica\/generacion-2011\/#breadcrumb\",\"itemListElement\":[{\"@type\":\"ListItem\",\"position\":1,\"name\":\"Home\",\"item\":\"https:\/\/medicina.udd.cl\/egresados\/\"},{\"@type\":\"ListItem\",\"position\":2,\"name\":\"Ex Alumnos\",\"item\":\"https:\/\/medicina.udd.cl\/egresados\/exalumnos\/\"},{\"@type\":\"ListItem\",\"position\":3,\"name\":\"Generaciones\",\"item\":\"https:\/\/medicina.udd.cl\/egresados\/exalumnos\/generaciones\/\"},{\"@type\":\"ListItem\",\"position\":4,\"name\":\"Nutrici\u00f3n y Diet\u00e9tica\",\"item\":\"https:\/\/medicina.udd.cl\/egresados\/exalumnos\/generaciones\/nutricion-y-dietetica\/\"},{\"@type\":\"ListItem\",\"position\":5,\"name\":\"Generaci\u00f3n 2011\"}]},{\"@type\":\"WebSite\",\"@id\":\"https:\/\/medicina.udd.cl\/egresados\/#website\",\"url\":\"https:\/\/medicina.udd.cl\/egresados\/\",\"name\":\"Red de Egresados\",\"description\":\"Just another Medicina site\",\"potentialAction\":[{\"@type\":\"SearchAction\",\"target\":{\"@type\":\"EntryPoint\",\"urlTemplate\":\"https:\/\/medicina.udd.cl\/egresados\/?s={search_term_string}\"},\"query-input\":{\"@type\":\"PropertyValueSpecification\",\"valueRequired\":true,\"valueName\":\"search_term_string\"}}],\"inLanguage\":\"es\"}]}<\/script>\n<!-- \/ Yoast SEO plugin. -->","yoast_head_json":{"title":"Generaci\u00f3n 2011 - Red de Egresados","robots":{"index":"index","follow":"follow","max-snippet":"max-snippet:-1","max-image-preview":"max-image-preview:large","max-video-preview":"max-video-preview:-1"},"canonical":"https:\/\/medicina.udd.cl\/egresados\/exalumnos\/generaciones\/nutricion-y-dietetica\/generacion-2011\/","og_locale":"es_ES","og_type":"article","og_title":"Generaci\u00f3n 2011 - Red de Egresados","og_description":"Generaci\u00f3n 2011 Ana Gonz\u00e1lez Valenzuela Camila Quevedo Tru\u00e1n Camila Sembler Bustos Constanza Astorga Aguirre Denisse Carrizo Antoine Estefan\u00eda Soto Voisier Fernanda Rowlands Rojas Marianne Maillet Cousi\u00f1o Nicole Hidalgo Liberona Paula N\u00fa\u00f1ez Arrau P\u00eda Ramos Castro Piera Baldessari Bortolotti Valentina Cruz Mac &#8211; Kellar Valentina De Carcer Hott Valeria Hasb\u00fan Nazar","og_url":"https:\/\/medicina.udd.cl\/egresados\/exalumnos\/generaciones\/nutricion-y-dietetica\/generacion-2011\/","og_site_name":"Red de Egresados","article_modified_time":"2012-05-17T15:23:48+00:00","schema":{"@context":"https:\/\/schema.org","@graph":[{"@type":"WebPage","@id":"https:\/\/medicina.udd.cl\/egresados\/exalumnos\/generaciones\/nutricion-y-dietetica\/generacion-2011\/","url":"https:\/\/medicina.udd.cl\/egresados\/exalumnos\/generaciones\/nutricion-y-dietetica\/generacion-2011\/","name":"Generaci\u00f3n 2011 - Red de Egresados","isPartOf":{"@id":"https:\/\/medicina.udd.cl\/egresados\/#website"},"datePublished":"2012-05-16T20:17:45+00:00","dateModified":"2012-05-17T15:23:48+00:00","breadcrumb":{"@id":"https:\/\/medicina.udd.cl\/egresados\/exalumnos\/generaciones\/nutricion-y-dietetica\/generacion-2011\/#breadcrumb"},"inLanguage":"es","potentialAction":[{"@type":"ReadAction","target":["https:\/\/medicina.udd.cl\/egresados\/exalumnos\/generaciones\/nutricion-y-dietetica\/generacion-2011\/"]}]},{"@type":"BreadcrumbList","@id":"https:\/\/medicina.udd.cl\/egresados\/exalumnos\/generaciones\/nutricion-y-dietetica\/generacion-2011\/#breadcrumb","itemListElement":[{"@type":"ListItem","position":1,"name":"Home","item":"https:\/\/medicina.udd.cl\/egresados\/"},{"@type":"ListItem","position":2,"name":"Ex Alumnos","item":"https:\/\/medicina.udd.cl\/egresados\/exalumnos\/"},{"@type":"ListItem","position":3,"name":"Generaciones","item":"https:\/\/medicina.udd.cl\/egresados\/exalumnos\/generaciones\/"},{"@type":"ListItem","position":4,"name":"Nutrici\u00f3n y Diet\u00e9tica","item":"https:\/\/medicina.udd.cl\/egresados\/exalumnos\/generaciones\/nutricion-y-dietetica\/"},{"@type":"ListItem","position":5,"name":"Generaci\u00f3n 2011"}]},{"@type":"WebSite","@id":"https:\/\/medicina.udd.cl\/egresados\/#website","url":"https:\/\/medicina.udd.cl\/egresados\/","name":"Red de Egresados","description":"Just another Medicina site","potentialAction":[{"@type":"SearchAction","target":{"@type":"EntryPoint","urlTemplate":"https:\/\/medicina.udd.cl\/egresados\/?s={search_term_string}"},"query-input":{"@type":"PropertyValueSpecification","valueRequired":true,"valueName":"search_term_string"}}],"inLanguage":"es"}]}},"_links":{"self":[{"href":"https:\/\/medicina.udd.cl\/egresados\/wp-json\/wp\/v2\/pages\/367","targetHints":{"allow":["GET"]}}],"collection":[{"href":"https:\/\/medicina.udd.cl\/egresados\/wp-json\/wp\/v2\/pages"}],"about":[{"href":"https:\/\/medicina.udd.cl\/egresados\/wp-json\/wp\/v2\/types\/page"}],"author":[{"embeddable":true,"href":"https:\/\/medicina.udd.cl\/egresados\/wp-json\/wp\/v2\/users\/9192219"}],"replies":[{"embeddable":true,"href":"https:\/\/medicina.udd.cl\/egresados\/wp-json\/wp\/v2\/comments?post=367"}],"version-history":[{"count":4,"href":"https:\/\/medicina.udd.cl\/egresados\/wp-json\/wp\/v2\/pages\/367\/revisions"}],"predecessor-version":[{"id":414,"href":"https:\/\/medicina.udd.cl\/egresados\/wp-json\/wp\/v2\/pages\/367\/revisions\/414"}],"up":[{"embeddable":true,"href":"https:\/\/medicina.udd.cl\/egresados\/wp-json\/wp\/v2\/pages\/286"}],"wp:attachment":[{"href":"https:\/\/medicina.udd.cl\/egresados\/wp-json\/wp\/v2\/media?parent=367"}],"curies":[{"name":"wp","href":"https:\/\/api.w.org\/{rel}","templated":true}]}}