{"id":4,"date":"2011-10-04T13:44:14","date_gmt":"2011-10-04T13:44:14","guid":{"rendered":"http:\/\/medicina.udd.cl\/egresados\/pagina-2\/"},"modified":"2011-10-12T15:19:53","modified_gmt":"2011-10-12T18:19:53","slug":"perfi","status":"publish","type":"page","link":"https:\/\/medicina.udd.cl\/egresados\/perfi\/","title":{"rendered":"Perfil"},"content":{"rendered":"<p style=\"text-align: justify;\"><strong>1. Aplica fundamentos cient\u00edficos en la pr\u00e1ctica m\u00e9dica<\/strong><\/p>\n<p style=\"text-align: justify;\">Aplica a la pr\u00e1ctica m\u00e9dica el conocimiento de la estructura del cuerpo humano, su funci\u00f3n, su disfunci\u00f3n, su desarrollo y los principios psicosociales que los caracterizan.<\/p>\n<p style=\"text-align: justify;\"><strong>2. Sabe formular preguntas y generar conocimiento<\/strong><\/p>\n<p style=\"text-align: justify;\">Tiene conocimientos y un pensamiento cr\u00edtico que le permite, inspirado en su pr\u00e1ctica cl\u00ednica, formular preguntas y participar activamente en proyectos de investigaci\u00f3n, incorporando siempre los aspectos \u00e9ticos, legales y profesionales asociados.<\/p>\n<p style=\"text-align: justify;\"><strong>3. Tiene habilidades comunicacionales<\/strong><\/p>\n<p style=\"text-align: justify;\">Demuestra habilidades eficaces de comunicaci\u00f3n verbal, no verbal y escrita, valorando la importancia de la relaci\u00f3n m\u00e9dico-paciente, combinando las habilidades cl\u00ednicas con empat\u00eda y compasi\u00f3n.<\/p>\n<p style=\"text-align: justify;\"><strong>4. Demuestra h\u00e1bitos de autoevaluaci\u00f3n y educaci\u00f3n continua<\/strong><\/p>\n<p style=\"text-align: justify;\">Demuestra h\u00e1bitos de an\u00e1lisis de la experiencia obtenida, identificando las necesidades de aprendizaje y trabaja permanentemente por adquirir los conocimientos necesarios.<\/p>\n<p style=\"text-align: justify;\"><strong>5. Act\u00faa con profesionalismo<\/strong><\/p>\n<p style=\"text-align: justify;\">Tiene un comportamiento \u00e9tico y responsable en la pr\u00e1ctica cl\u00ednica incluyendo conocimientos, experiencia, habilidades, humanismo, capacidad de trabajo en equipo, rigurosidad, consecuencia entre los valores expresados y la conducta, sentido del deber, altruismo y respeto a la dignidad de las personas.<\/p>\n<p style=\"text-align: justify;\"><strong>6. Siente responsabilidad por la salud de la poblaci\u00f3n<\/strong><\/p>\n<p style=\"text-align: justify;\">Tiene la capacidad de trabajar e integrarse de manera eficaz en los distintos niveles de complejidad y sistemas de salud, conoce los determinantes sociales de la salud y responde a los objetivos sanitarios del pa\u00eds.<\/p>\n<p style=\"text-align: justify;\"><strong>7. Tiene actitud emprendedora<\/strong><\/p>\n<p style=\"text-align: justify;\">Demuestra la capacidad de iniciar nuevas actividades en beneficio de personas o comunidades, propone y emprende proyectos con soluciones innovadoras para resolver problemas de salud y para promover el desarrollo de las instituciones.<\/p>\n<p style=\"text-align: justify;\"><strong>8. Utiliza un pensamiento cr\u00edtico, organizado y sistem\u00e1tico<\/strong><\/p>\n<p style=\"text-align: justify;\">Utiliza un pensamiento cr\u00edtico, organizado y sistem\u00e1tico para el enfrentamiento del diagn\u00f3stico, tratamiento y prevenci\u00f3n de los problemas de salud del individuo, la familia y la comunidad, con capacidad anal\u00edtica y sistem\u00e1tica.<\/p>\n<p style=\"text-align: justify;\"><strong>9. Tiene habilidades cl\u00ednicas<\/strong><\/p>\n<p style=\"text-align: justify;\">Realiza una historia cl\u00ednica y un examen f\u00edsico apropiados a cada paciente y en diferentes circunstancias, utilizando de manera eficaz los procedimientos cl\u00ednicos y ex\u00e1menes de laboratorio para formular un diagn\u00f3stico y un plan terap\u00e9utico.<\/p>\n","protected":false},"excerpt":{"rendered":"<p>\u00bfCu\u00e1l es tu fortaleza luego de egresar de tu Facultad de Medicina CAS-UDD? \u00bfReconoces en ti algunas de estas caracter\u00edsticas?<\/p>\n","protected":false},"author":9192219,"featured_media":0,"parent":0,"menu_order":10,"comment_status":"open","ping_status":"open","template":"wide-default.php","meta":{"footnotes":""},"class_list":["post-4","page","type-page","status-publish","hentry"],"yoast_head":"<!-- This site is optimized with the Yoast SEO plugin v26.9 - https:\/\/yoast.com\/product\/yoast-seo-wordpress\/ -->\n<title>Perfil - Red de Egresados<\/title>\n<meta name=\"robots\" content=\"index, follow, max-snippet:-1, max-image-preview:large, max-video-preview:-1\" \/>\n<link rel=\"canonical\" href=\"https:\/\/medicina.udd.cl\/egresados\/perfi\/\" \/>\n<meta property=\"og:locale\" content=\"es_ES\" \/>\n<meta property=\"og:type\" content=\"article\" \/>\n<meta property=\"og:title\" content=\"Perfil - Red de Egresados\" \/>\n<meta property=\"og:description\" content=\"\u00bfCu\u00e1l es tu fortaleza luego de egresar de tu Facultad de Medicina CAS-UDD? \u00bfReconoces en ti algunas de estas caracter\u00edsticas?\" \/>\n<meta property=\"og:url\" content=\"https:\/\/medicina.udd.cl\/egresados\/perfi\/\" \/>\n<meta property=\"og:site_name\" content=\"Red de Egresados\" \/>\n<meta property=\"article:modified_time\" content=\"2011-10-12T18:19:53+00:00\" \/>\n<meta name=\"twitter:label1\" content=\"Tiempo de lectura\" \/>\n\t<meta name=\"twitter:data1\" content=\"2 minutos\" \/>\n<script type=\"application\/ld+json\" class=\"yoast-schema-graph\">{\"@context\":\"https:\/\/schema.org\",\"@graph\":[{\"@type\":\"WebPage\",\"@id\":\"https:\/\/medicina.udd.cl\/egresados\/perfi\/\",\"url\":\"https:\/\/medicina.udd.cl\/egresados\/perfi\/\",\"name\":\"Perfil - Red de Egresados\",\"isPartOf\":{\"@id\":\"https:\/\/medicina.udd.cl\/egresados\/#website\"},\"datePublished\":\"2011-10-04T13:44:14+00:00\",\"dateModified\":\"2011-10-12T18:19:53+00:00\",\"breadcrumb\":{\"@id\":\"https:\/\/medicina.udd.cl\/egresados\/perfi\/#breadcrumb\"},\"inLanguage\":\"es\",\"potentialAction\":[{\"@type\":\"ReadAction\",\"target\":[\"https:\/\/medicina.udd.cl\/egresados\/perfi\/\"]}]},{\"@type\":\"BreadcrumbList\",\"@id\":\"https:\/\/medicina.udd.cl\/egresados\/perfi\/#breadcrumb\",\"itemListElement\":[{\"@type\":\"ListItem\",\"position\":1,\"name\":\"Home\",\"item\":\"https:\/\/medicina.udd.cl\/egresados\/\"},{\"@type\":\"ListItem\",\"position\":2,\"name\":\"Perfil\"}]},{\"@type\":\"WebSite\",\"@id\":\"https:\/\/medicina.udd.cl\/egresados\/#website\",\"url\":\"https:\/\/medicina.udd.cl\/egresados\/\",\"name\":\"Red de Egresados\",\"description\":\"Just another Medicina site\",\"potentialAction\":[{\"@type\":\"SearchAction\",\"target\":{\"@type\":\"EntryPoint\",\"urlTemplate\":\"https:\/\/medicina.udd.cl\/egresados\/?s={search_term_string}\"},\"query-input\":{\"@type\":\"PropertyValueSpecification\",\"valueRequired\":true,\"valueName\":\"search_term_string\"}}],\"inLanguage\":\"es\"}]}<\/script>\n<!-- \/ Yoast SEO plugin. -->","yoast_head_json":{"title":"Perfil - Red de Egresados","robots":{"index":"index","follow":"follow","max-snippet":"max-snippet:-1","max-image-preview":"max-image-preview:large","max-video-preview":"max-video-preview:-1"},"canonical":"https:\/\/medicina.udd.cl\/egresados\/perfi\/","og_locale":"es_ES","og_type":"article","og_title":"Perfil - Red de Egresados","og_description":"\u00bfCu\u00e1l es tu fortaleza luego de egresar de tu Facultad de Medicina CAS-UDD? \u00bfReconoces en ti algunas de estas caracter\u00edsticas?","og_url":"https:\/\/medicina.udd.cl\/egresados\/perfi\/","og_site_name":"Red de Egresados","article_modified_time":"2011-10-12T18:19:53+00:00","twitter_misc":{"Tiempo de lectura":"2 minutos"},"schema":{"@context":"https:\/\/schema.org","@graph":[{"@type":"WebPage","@id":"https:\/\/medicina.udd.cl\/egresados\/perfi\/","url":"https:\/\/medicina.udd.cl\/egresados\/perfi\/","name":"Perfil - Red de Egresados","isPartOf":{"@id":"https:\/\/medicina.udd.cl\/egresados\/#website"},"datePublished":"2011-10-04T13:44:14+00:00","dateModified":"2011-10-12T18:19:53+00:00","breadcrumb":{"@id":"https:\/\/medicina.udd.cl\/egresados\/perfi\/#breadcrumb"},"inLanguage":"es","potentialAction":[{"@type":"ReadAction","target":["https:\/\/medicina.udd.cl\/egresados\/perfi\/"]}]},{"@type":"BreadcrumbList","@id":"https:\/\/medicina.udd.cl\/egresados\/perfi\/#breadcrumb","itemListElement":[{"@type":"ListItem","position":1,"name":"Home","item":"https:\/\/medicina.udd.cl\/egresados\/"},{"@type":"ListItem","position":2,"name":"Perfil"}]},{"@type":"WebSite","@id":"https:\/\/medicina.udd.cl\/egresados\/#website","url":"https:\/\/medicina.udd.cl\/egresados\/","name":"Red de Egresados","description":"Just another Medicina site","potentialAction":[{"@type":"SearchAction","target":{"@type":"EntryPoint","urlTemplate":"https:\/\/medicina.udd.cl\/egresados\/?s={search_term_string}"},"query-input":{"@type":"PropertyValueSpecification","valueRequired":true,"valueName":"search_term_string"}}],"inLanguage":"es"}]}},"_links":{"self":[{"href":"https:\/\/medicina.udd.cl\/egresados\/wp-json\/wp\/v2\/pages\/4","targetHints":{"allow":["GET"]}}],"collection":[{"href":"https:\/\/medicina.udd.cl\/egresados\/wp-json\/wp\/v2\/pages"}],"about":[{"href":"https:\/\/medicina.udd.cl\/egresados\/wp-json\/wp\/v2\/types\/page"}],"author":[{"embeddable":true,"href":"https:\/\/medicina.udd.cl\/egresados\/wp-json\/wp\/v2\/users\/9192219"}],"replies":[{"embeddable":true,"href":"https:\/\/medicina.udd.cl\/egresados\/wp-json\/wp\/v2\/comments?post=4"}],"version-history":[{"count":6,"href":"https:\/\/medicina.udd.cl\/egresados\/wp-json\/wp\/v2\/pages\/4\/revisions"}],"predecessor-version":[{"id":112,"href":"https:\/\/medicina.udd.cl\/egresados\/wp-json\/wp\/v2\/pages\/4\/revisions\/112"}],"wp:attachment":[{"href":"https:\/\/medicina.udd.cl\/egresados\/wp-json\/wp\/v2\/media?parent=4"}],"curies":[{"name":"wp","href":"https:\/\/api.w.org\/{rel}","templated":true}]}}