{"id":455,"date":"2012-05-18T14:39:18","date_gmt":"2012-05-18T18:39:18","guid":{"rendered":"http:\/\/medicina.udd.cl\/egresados\/"},"modified":"2012-05-18T14:40:30","modified_gmt":"2012-05-18T18:40:30","slug":"medico-general","status":"publish","type":"page","link":"https:\/\/medicina.udd.cl\/egresados\/medico-general\/","title":{"rendered":"M\u00e9dico general"},"content":{"rendered":"<p style=\"text-align: justify;\"><strong>ACHS<\/strong> Busca M\u00e9dico General para la ciudad de Santiago, quien deber\u00e1 entregar atenci\u00f3n integral de salud con plena satisfacci\u00f3n de los clientes, calificar y manejar patolog\u00edas relacionadas con la Ley de accidentes de trabajo y enfermedades profesionales, y aplicar esta en la gesti\u00f3n cl\u00ednica.<\/p>\n<p><strong>Beneficios:<\/strong><\/p>\n<ul>\n<li>Renta acorde al mercado<\/li>\n<li>Contrato indefinido<\/li>\n<li>Formar parte de una empresa que invierte en la capacitaci\u00f3n y el desarrollo de sus colaboradores<\/li>\n<li>Plan de beneficios ACHS<\/li>\n<li>Convenios de formaci\u00f3n en \u00e1reas de prevenci\u00f3n y salud<\/li>\n<li>Ser parte de una compa\u00f1\u00eda que compatibiliza tiempo de trabajo y tiempo en familia<\/li>\n<\/ul>\n<p style=\"text-align: justify;\"><span style=\"font-weight: bold;\">Requisitos:<\/span><\/p>\n<ul>\n<li>Estudios m\u00ednimos\tUniversitaria<\/li>\n<li>Situaci\u00f3n de Estudios\tGraduado<\/li>\n<li>Carrera\t : Medicina<\/li>\n<li>Experiencia m\u00ednima\tAl menos 3 a\u00f1os<\/li>\n<li>Conocimientos en computaci\u00f3n\tNivel Usuario<\/li>\n<li>Requisitos m\u00ednimos\t&#8211; T\u00edtulo Universitario de M\u00e9dico Cirujano, Medicina o af\u00edn.<\/li>\n<li>Experiencia m\u00ednima de 3 a\u00f1os en la especialidad.<\/li>\n<li>Manejo de Office \u0096 Nivel Intermedio.<\/li>\n<\/ul>\n<p><span style=\"font-weight: bold;\"> <\/span><\/p>\n<div><strong>Contrato:<\/strong><\/div>\n<div>\n<ul>\n<li>Duraci\u00f3n\tIndefinido<\/li>\n<li>Jornada\tJornada Completa<\/li>\n<\/ul>\n<\/div>\n","protected":false},"excerpt":{"rendered":"<p>ACHS Busca M\u00e9dico General para la ciudad de Santiago, quien deber\u00e1 entregar atenci\u00f3n integral de salud con plena satisfacci\u00f3n de los clientes, calificar y manejar patolog\u00edas relacionadas con la Ley de accidentes de trabajo y enfermedades profesionales, y aplicar esta en la gesti\u00f3n cl\u00ednica. Beneficios: Renta acorde al mercado Contrato indefinido Formar parte de una [&hellip;]<\/p>\n","protected":false},"author":9192219,"featured_media":0,"parent":0,"menu_order":0,"comment_status":"open","ping_status":"open","template":"","meta":{"footnotes":""},"class_list":["post-455","page","type-page","status-publish","hentry"],"yoast_head":"<!-- This site is optimized with the Yoast SEO plugin v26.9 - https:\/\/yoast.com\/product\/yoast-seo-wordpress\/ -->\n<title>M\u00e9dico general - Red de Egresados<\/title>\n<meta name=\"robots\" content=\"index, follow, max-snippet:-1, max-image-preview:large, max-video-preview:-1\" \/>\n<link rel=\"canonical\" href=\"https:\/\/medicina.udd.cl\/egresados\/medico-general\/\" \/>\n<meta property=\"og:locale\" content=\"es_ES\" \/>\n<meta property=\"og:type\" content=\"article\" \/>\n<meta property=\"og:title\" content=\"M\u00e9dico general - Red de Egresados\" \/>\n<meta property=\"og:description\" content=\"ACHS Busca M\u00e9dico General para la ciudad de Santiago, quien deber\u00e1 entregar atenci\u00f3n integral de salud con plena satisfacci\u00f3n de los clientes, calificar y manejar patolog\u00edas relacionadas con la Ley de accidentes de trabajo y enfermedades profesionales, y aplicar esta en la gesti\u00f3n cl\u00ednica. Beneficios: Renta acorde al mercado Contrato indefinido Formar parte de una [&hellip;]\" \/>\n<meta property=\"og:url\" content=\"https:\/\/medicina.udd.cl\/egresados\/medico-general\/\" \/>\n<meta property=\"og:site_name\" content=\"Red de Egresados\" \/>\n<meta property=\"article:modified_time\" content=\"2012-05-18T18:40:30+00:00\" \/>\n<meta name=\"twitter:label1\" content=\"Tiempo de lectura\" \/>\n\t<meta name=\"twitter:data1\" content=\"1 minuto\" \/>\n<script type=\"application\/ld+json\" class=\"yoast-schema-graph\">{\"@context\":\"https:\/\/schema.org\",\"@graph\":[{\"@type\":\"WebPage\",\"@id\":\"https:\/\/medicina.udd.cl\/egresados\/medico-general\/\",\"url\":\"https:\/\/medicina.udd.cl\/egresados\/medico-general\/\",\"name\":\"M\u00e9dico general - Red de Egresados\",\"isPartOf\":{\"@id\":\"https:\/\/medicina.udd.cl\/egresados\/#website\"},\"datePublished\":\"2012-05-18T18:39:18+00:00\",\"dateModified\":\"2012-05-18T18:40:30+00:00\",\"breadcrumb\":{\"@id\":\"https:\/\/medicina.udd.cl\/egresados\/medico-general\/#breadcrumb\"},\"inLanguage\":\"es\",\"potentialAction\":[{\"@type\":\"ReadAction\",\"target\":[\"https:\/\/medicina.udd.cl\/egresados\/medico-general\/\"]}]},{\"@type\":\"BreadcrumbList\",\"@id\":\"https:\/\/medicina.udd.cl\/egresados\/medico-general\/#breadcrumb\",\"itemListElement\":[{\"@type\":\"ListItem\",\"position\":1,\"name\":\"Home\",\"item\":\"https:\/\/medicina.udd.cl\/egresados\/\"},{\"@type\":\"ListItem\",\"position\":2,\"name\":\"M\u00e9dico general\"}]},{\"@type\":\"WebSite\",\"@id\":\"https:\/\/medicina.udd.cl\/egresados\/#website\",\"url\":\"https:\/\/medicina.udd.cl\/egresados\/\",\"name\":\"Red de Egresados\",\"description\":\"Just another Medicina site\",\"potentialAction\":[{\"@type\":\"SearchAction\",\"target\":{\"@type\":\"EntryPoint\",\"urlTemplate\":\"https:\/\/medicina.udd.cl\/egresados\/?s={search_term_string}\"},\"query-input\":{\"@type\":\"PropertyValueSpecification\",\"valueRequired\":true,\"valueName\":\"search_term_string\"}}],\"inLanguage\":\"es\"}]}<\/script>\n<!-- \/ Yoast SEO plugin. -->","yoast_head_json":{"title":"M\u00e9dico general - Red de Egresados","robots":{"index":"index","follow":"follow","max-snippet":"max-snippet:-1","max-image-preview":"max-image-preview:large","max-video-preview":"max-video-preview:-1"},"canonical":"https:\/\/medicina.udd.cl\/egresados\/medico-general\/","og_locale":"es_ES","og_type":"article","og_title":"M\u00e9dico general - Red de Egresados","og_description":"ACHS Busca M\u00e9dico General para la ciudad de Santiago, quien deber\u00e1 entregar atenci\u00f3n integral de salud con plena satisfacci\u00f3n de los clientes, calificar y manejar patolog\u00edas relacionadas con la Ley de accidentes de trabajo y enfermedades profesionales, y aplicar esta en la gesti\u00f3n cl\u00ednica. Beneficios: Renta acorde al mercado Contrato indefinido Formar parte de una [&hellip;]","og_url":"https:\/\/medicina.udd.cl\/egresados\/medico-general\/","og_site_name":"Red de Egresados","article_modified_time":"2012-05-18T18:40:30+00:00","twitter_misc":{"Tiempo de lectura":"1 minuto"},"schema":{"@context":"https:\/\/schema.org","@graph":[{"@type":"WebPage","@id":"https:\/\/medicina.udd.cl\/egresados\/medico-general\/","url":"https:\/\/medicina.udd.cl\/egresados\/medico-general\/","name":"M\u00e9dico general - Red de Egresados","isPartOf":{"@id":"https:\/\/medicina.udd.cl\/egresados\/#website"},"datePublished":"2012-05-18T18:39:18+00:00","dateModified":"2012-05-18T18:40:30+00:00","breadcrumb":{"@id":"https:\/\/medicina.udd.cl\/egresados\/medico-general\/#breadcrumb"},"inLanguage":"es","potentialAction":[{"@type":"ReadAction","target":["https:\/\/medicina.udd.cl\/egresados\/medico-general\/"]}]},{"@type":"BreadcrumbList","@id":"https:\/\/medicina.udd.cl\/egresados\/medico-general\/#breadcrumb","itemListElement":[{"@type":"ListItem","position":1,"name":"Home","item":"https:\/\/medicina.udd.cl\/egresados\/"},{"@type":"ListItem","position":2,"name":"M\u00e9dico general"}]},{"@type":"WebSite","@id":"https:\/\/medicina.udd.cl\/egresados\/#website","url":"https:\/\/medicina.udd.cl\/egresados\/","name":"Red de Egresados","description":"Just another Medicina site","potentialAction":[{"@type":"SearchAction","target":{"@type":"EntryPoint","urlTemplate":"https:\/\/medicina.udd.cl\/egresados\/?s={search_term_string}"},"query-input":{"@type":"PropertyValueSpecification","valueRequired":true,"valueName":"search_term_string"}}],"inLanguage":"es"}]}},"_links":{"self":[{"href":"https:\/\/medicina.udd.cl\/egresados\/wp-json\/wp\/v2\/pages\/455","targetHints":{"allow":["GET"]}}],"collection":[{"href":"https:\/\/medicina.udd.cl\/egresados\/wp-json\/wp\/v2\/pages"}],"about":[{"href":"https:\/\/medicina.udd.cl\/egresados\/wp-json\/wp\/v2\/types\/page"}],"author":[{"embeddable":true,"href":"https:\/\/medicina.udd.cl\/egresados\/wp-json\/wp\/v2\/users\/9192219"}],"replies":[{"embeddable":true,"href":"https:\/\/medicina.udd.cl\/egresados\/wp-json\/wp\/v2\/comments?post=455"}],"version-history":[{"count":2,"href":"https:\/\/medicina.udd.cl\/egresados\/wp-json\/wp\/v2\/pages\/455\/revisions"}],"predecessor-version":[{"id":457,"href":"https:\/\/medicina.udd.cl\/egresados\/wp-json\/wp\/v2\/pages\/455\/revisions\/457"}],"wp:attachment":[{"href":"https:\/\/medicina.udd.cl\/egresados\/wp-json\/wp\/v2\/media?parent=455"}],"curies":[{"name":"wp","href":"https:\/\/api.w.org\/{rel}","templated":true}]}}