{"id":473,"date":"2012-07-17T12:31:59","date_gmt":"2012-07-17T16:31:59","guid":{"rendered":"http:\/\/medicina.udd.cl\/egresados\/"},"modified":"2012-07-17T12:32:12","modified_gmt":"2012-07-17T16:32:12","slug":"medicos-para-vitaclinic","status":"publish","type":"page","link":"https:\/\/medicina.udd.cl\/egresados\/medicos-para-vitaclinic\/","title":{"rendered":"M\u00e9dicos para Vitaclinic"},"content":{"rendered":"<p style=\"text-align: justify;\">Prestigiosa cl\u00ednica de Santiago, en donde se realizan tratamientos integrales en medicina est\u00e9tica, compuesta por m\u00e9dicos de distintas especialidades afines, necesita m\u00e9dicos generales interesados en desarrollarse en el \u00e1mbito de la est\u00e9tica medica, ofrecemos capacitaci\u00f3n permanente, un grato ambiente laboral con expectativas de ingreso por sobre el mercado.<\/p>\n<p style=\"text-align: justify;\">Es deseable conocimiento de ingl\u00e9s avanzado y diplomado en cualquiera de las siguientes \u00e1reas:\u00a0Nutrici\u00f3n, Medicina Est\u00e9tica, Fisiolog\u00eda del deporte.<\/p>\n<p style=\"text-align: justify;\">Interesados pueden contactarse directamente con Roxana Cerda al tel\u00e9fono 8284454,o\u00a0 enviar su curr\u00edculo al siguiente <a rel=\"External\" class=\"out\" href=\"mailto:mail%20:%20roxana.cerda@vitaclinic.cl\">mail : roxana.cerda@vitaclinic.cl<\/a><\/p>\n","protected":false},"excerpt":{"rendered":"<p>Prestigiosa cl\u00ednica de Santiago, en donde se realizan tratamientos integrales en medicina est\u00e9tica, compuesta por m\u00e9dicos de distintas especialidades afines, necesita m\u00e9dicos generales interesados en desarrollarse en el \u00e1mbito de la est\u00e9tica medica, ofrecemos capacitaci\u00f3n permanente, un grato ambiente laboral con expectativas de ingreso por sobre el mercado. Es deseable conocimiento de ingl\u00e9s avanzado y [&hellip;]<\/p>\n","protected":false},"author":9192219,"featured_media":0,"parent":0,"menu_order":0,"comment_status":"open","ping_status":"open","template":"wide-default.php","meta":{"footnotes":""},"class_list":["post-473","page","type-page","status-publish","hentry"],"yoast_head":"<!-- This site is optimized with the Yoast SEO plugin v26.9 - https:\/\/yoast.com\/product\/yoast-seo-wordpress\/ -->\n<title>M\u00e9dicos para Vitaclinic - Red de Egresados<\/title>\n<meta name=\"robots\" content=\"index, follow, max-snippet:-1, max-image-preview:large, max-video-preview:-1\" \/>\n<link rel=\"canonical\" href=\"https:\/\/medicina.udd.cl\/egresados\/medicos-para-vitaclinic\/\" \/>\n<meta property=\"og:locale\" content=\"es_ES\" \/>\n<meta property=\"og:type\" content=\"article\" \/>\n<meta property=\"og:title\" content=\"M\u00e9dicos para Vitaclinic - Red de Egresados\" \/>\n<meta property=\"og:description\" content=\"Prestigiosa cl\u00ednica de Santiago, en donde se realizan tratamientos integrales en medicina est\u00e9tica, compuesta por m\u00e9dicos de distintas especialidades afines, necesita m\u00e9dicos generales interesados en desarrollarse en el \u00e1mbito de la est\u00e9tica medica, ofrecemos capacitaci\u00f3n permanente, un grato ambiente laboral con expectativas de ingreso por sobre el mercado. Es deseable conocimiento de ingl\u00e9s avanzado y [&hellip;]\" \/>\n<meta property=\"og:url\" content=\"https:\/\/medicina.udd.cl\/egresados\/medicos-para-vitaclinic\/\" \/>\n<meta property=\"og:site_name\" content=\"Red de Egresados\" \/>\n<meta property=\"article:modified_time\" content=\"2012-07-17T16:32:12+00:00\" \/>\n<meta name=\"twitter:label1\" content=\"Tiempo de lectura\" \/>\n\t<meta name=\"twitter:data1\" content=\"1 minuto\" \/>\n<script type=\"application\/ld+json\" class=\"yoast-schema-graph\">{\"@context\":\"https:\/\/schema.org\",\"@graph\":[{\"@type\":\"WebPage\",\"@id\":\"https:\/\/medicina.udd.cl\/egresados\/medicos-para-vitaclinic\/\",\"url\":\"https:\/\/medicina.udd.cl\/egresados\/medicos-para-vitaclinic\/\",\"name\":\"M\u00e9dicos para Vitaclinic - Red de Egresados\",\"isPartOf\":{\"@id\":\"https:\/\/medicina.udd.cl\/egresados\/#website\"},\"datePublished\":\"2012-07-17T16:31:59+00:00\",\"dateModified\":\"2012-07-17T16:32:12+00:00\",\"breadcrumb\":{\"@id\":\"https:\/\/medicina.udd.cl\/egresados\/medicos-para-vitaclinic\/#breadcrumb\"},\"inLanguage\":\"es\",\"potentialAction\":[{\"@type\":\"ReadAction\",\"target\":[\"https:\/\/medicina.udd.cl\/egresados\/medicos-para-vitaclinic\/\"]}]},{\"@type\":\"BreadcrumbList\",\"@id\":\"https:\/\/medicina.udd.cl\/egresados\/medicos-para-vitaclinic\/#breadcrumb\",\"itemListElement\":[{\"@type\":\"ListItem\",\"position\":1,\"name\":\"Home\",\"item\":\"https:\/\/medicina.udd.cl\/egresados\/\"},{\"@type\":\"ListItem\",\"position\":2,\"name\":\"M\u00e9dicos para Vitaclinic\"}]},{\"@type\":\"WebSite\",\"@id\":\"https:\/\/medicina.udd.cl\/egresados\/#website\",\"url\":\"https:\/\/medicina.udd.cl\/egresados\/\",\"name\":\"Red de Egresados\",\"description\":\"Just another Medicina site\",\"potentialAction\":[{\"@type\":\"SearchAction\",\"target\":{\"@type\":\"EntryPoint\",\"urlTemplate\":\"https:\/\/medicina.udd.cl\/egresados\/?s={search_term_string}\"},\"query-input\":{\"@type\":\"PropertyValueSpecification\",\"valueRequired\":true,\"valueName\":\"search_term_string\"}}],\"inLanguage\":\"es\"}]}<\/script>\n<!-- \/ Yoast SEO plugin. -->","yoast_head_json":{"title":"M\u00e9dicos para Vitaclinic - Red de Egresados","robots":{"index":"index","follow":"follow","max-snippet":"max-snippet:-1","max-image-preview":"max-image-preview:large","max-video-preview":"max-video-preview:-1"},"canonical":"https:\/\/medicina.udd.cl\/egresados\/medicos-para-vitaclinic\/","og_locale":"es_ES","og_type":"article","og_title":"M\u00e9dicos para Vitaclinic - Red de Egresados","og_description":"Prestigiosa cl\u00ednica de Santiago, en donde se realizan tratamientos integrales en medicina est\u00e9tica, compuesta por m\u00e9dicos de distintas especialidades afines, necesita m\u00e9dicos generales interesados en desarrollarse en el \u00e1mbito de la est\u00e9tica medica, ofrecemos capacitaci\u00f3n permanente, un grato ambiente laboral con expectativas de ingreso por sobre el mercado. Es deseable conocimiento de ingl\u00e9s avanzado y [&hellip;]","og_url":"https:\/\/medicina.udd.cl\/egresados\/medicos-para-vitaclinic\/","og_site_name":"Red de Egresados","article_modified_time":"2012-07-17T16:32:12+00:00","twitter_misc":{"Tiempo de lectura":"1 minuto"},"schema":{"@context":"https:\/\/schema.org","@graph":[{"@type":"WebPage","@id":"https:\/\/medicina.udd.cl\/egresados\/medicos-para-vitaclinic\/","url":"https:\/\/medicina.udd.cl\/egresados\/medicos-para-vitaclinic\/","name":"M\u00e9dicos para Vitaclinic - Red de Egresados","isPartOf":{"@id":"https:\/\/medicina.udd.cl\/egresados\/#website"},"datePublished":"2012-07-17T16:31:59+00:00","dateModified":"2012-07-17T16:32:12+00:00","breadcrumb":{"@id":"https:\/\/medicina.udd.cl\/egresados\/medicos-para-vitaclinic\/#breadcrumb"},"inLanguage":"es","potentialAction":[{"@type":"ReadAction","target":["https:\/\/medicina.udd.cl\/egresados\/medicos-para-vitaclinic\/"]}]},{"@type":"BreadcrumbList","@id":"https:\/\/medicina.udd.cl\/egresados\/medicos-para-vitaclinic\/#breadcrumb","itemListElement":[{"@type":"ListItem","position":1,"name":"Home","item":"https:\/\/medicina.udd.cl\/egresados\/"},{"@type":"ListItem","position":2,"name":"M\u00e9dicos para Vitaclinic"}]},{"@type":"WebSite","@id":"https:\/\/medicina.udd.cl\/egresados\/#website","url":"https:\/\/medicina.udd.cl\/egresados\/","name":"Red de Egresados","description":"Just another Medicina site","potentialAction":[{"@type":"SearchAction","target":{"@type":"EntryPoint","urlTemplate":"https:\/\/medicina.udd.cl\/egresados\/?s={search_term_string}"},"query-input":{"@type":"PropertyValueSpecification","valueRequired":true,"valueName":"search_term_string"}}],"inLanguage":"es"}]}},"_links":{"self":[{"href":"https:\/\/medicina.udd.cl\/egresados\/wp-json\/wp\/v2\/pages\/473","targetHints":{"allow":["GET"]}}],"collection":[{"href":"https:\/\/medicina.udd.cl\/egresados\/wp-json\/wp\/v2\/pages"}],"about":[{"href":"https:\/\/medicina.udd.cl\/egresados\/wp-json\/wp\/v2\/types\/page"}],"author":[{"embeddable":true,"href":"https:\/\/medicina.udd.cl\/egresados\/wp-json\/wp\/v2\/users\/9192219"}],"replies":[{"embeddable":true,"href":"https:\/\/medicina.udd.cl\/egresados\/wp-json\/wp\/v2\/comments?post=473"}],"version-history":[{"count":2,"href":"https:\/\/medicina.udd.cl\/egresados\/wp-json\/wp\/v2\/pages\/473\/revisions"}],"predecessor-version":[{"id":475,"href":"https:\/\/medicina.udd.cl\/egresados\/wp-json\/wp\/v2\/pages\/473\/revisions\/475"}],"wp:attachment":[{"href":"https:\/\/medicina.udd.cl\/egresados\/wp-json\/wp\/v2\/media?parent=473"}],"curies":[{"name":"wp","href":"https:\/\/api.w.org\/{rel}","templated":true}]}}