{"id":480,"date":"2012-07-17T12:35:20","date_gmt":"2012-07-17T16:35:20","guid":{"rendered":"http:\/\/medicina.udd.cl\/egresados\/"},"modified":"2012-07-17T12:35:20","modified_gmt":"2012-07-17T16:35:20","slug":"medicos-atencion-primaria","status":"publish","type":"page","link":"https:\/\/medicina.udd.cl\/egresados\/medicos-atencion-primaria\/","title":{"rendered":"M\u00e9dicos atenci\u00f3n primaria"},"content":{"rendered":"<p style=\"text-align: justify;\">Importante Centro Privado de Atenci\u00f3n M\u00e9dica Primaria, requiere contratar a 8 vacantes M\u00e9dicos (alternativa de turnos de 11, 22, 33 y 44 hrs a la semana, seg\u00fan disponibilidad del candidato) para Santiago. Ser\u00e1 responsable de:<\/p>\n<p>&#8211; Realizar consultas m\u00e9dicas diarias a ni\u00f1os y adultos.<br \/>\n&#8211; Eval\u00faa ex\u00e1menes de laboratorios, radiograf\u00edas, tratamientos, entre otros.<br \/>\n&#8211; Derivar a los pacientes a redes de atenci\u00f3n, entro otras.<\/p>\n<p>Requisito:<br \/>\n&#8211; Titulado de Medicina<\/p>\n<p>Los interesados por favor contactarse con Constanza Figueroa al mail: <a rel=\"External\" class=\"out\" href=\"mailto:mfigueroa@mandomedio.com\">mfigueroa@mandomedio.com<\/a> adjuntando su CV.<\/p>\n","protected":false},"excerpt":{"rendered":"<p>Importante Centro Privado de Atenci\u00f3n M\u00e9dica Primaria, requiere contratar a 8 vacantes M\u00e9dicos (alternativa de turnos de 11, 22, 33 y 44 hrs a la semana, seg\u00fan disponibilidad del candidato) para Santiago. Ser\u00e1 responsable de: &#8211; Realizar consultas m\u00e9dicas diarias a ni\u00f1os y adultos. &#8211; Eval\u00faa ex\u00e1menes de laboratorios, radiograf\u00edas, tratamientos, entre otros. &#8211; Derivar [&hellip;]<\/p>\n","protected":false},"author":9192219,"featured_media":0,"parent":0,"menu_order":0,"comment_status":"open","ping_status":"open","template":"wide-default.php","meta":{"footnotes":""},"class_list":["post-480","page","type-page","status-publish","hentry"],"yoast_head":"<!-- This site is optimized with the Yoast SEO plugin v26.9 - https:\/\/yoast.com\/product\/yoast-seo-wordpress\/ -->\n<title>M\u00e9dicos atenci\u00f3n primaria - Red de Egresados<\/title>\n<meta name=\"robots\" content=\"index, follow, max-snippet:-1, max-image-preview:large, max-video-preview:-1\" \/>\n<link rel=\"canonical\" href=\"https:\/\/medicina.udd.cl\/egresados\/medicos-atencion-primaria\/\" \/>\n<meta property=\"og:locale\" content=\"es_ES\" \/>\n<meta property=\"og:type\" content=\"article\" \/>\n<meta property=\"og:title\" content=\"M\u00e9dicos atenci\u00f3n primaria - Red de Egresados\" \/>\n<meta property=\"og:description\" content=\"Importante Centro Privado de Atenci\u00f3n M\u00e9dica Primaria, requiere contratar a 8 vacantes M\u00e9dicos (alternativa de turnos de 11, 22, 33 y 44 hrs a la semana, seg\u00fan disponibilidad del candidato) para Santiago. Ser\u00e1 responsable de: &#8211; Realizar consultas m\u00e9dicas diarias a ni\u00f1os y adultos. &#8211; Eval\u00faa ex\u00e1menes de laboratorios, radiograf\u00edas, tratamientos, entre otros. &#8211; Derivar [&hellip;]\" \/>\n<meta property=\"og:url\" content=\"https:\/\/medicina.udd.cl\/egresados\/medicos-atencion-primaria\/\" \/>\n<meta property=\"og:site_name\" content=\"Red de Egresados\" \/>\n<script type=\"application\/ld+json\" class=\"yoast-schema-graph\">{\"@context\":\"https:\/\/schema.org\",\"@graph\":[{\"@type\":\"WebPage\",\"@id\":\"https:\/\/medicina.udd.cl\/egresados\/medicos-atencion-primaria\/\",\"url\":\"https:\/\/medicina.udd.cl\/egresados\/medicos-atencion-primaria\/\",\"name\":\"M\u00e9dicos atenci\u00f3n primaria - Red de Egresados\",\"isPartOf\":{\"@id\":\"https:\/\/medicina.udd.cl\/egresados\/#website\"},\"datePublished\":\"2012-07-17T16:35:20+00:00\",\"breadcrumb\":{\"@id\":\"https:\/\/medicina.udd.cl\/egresados\/medicos-atencion-primaria\/#breadcrumb\"},\"inLanguage\":\"es\",\"potentialAction\":[{\"@type\":\"ReadAction\",\"target\":[\"https:\/\/medicina.udd.cl\/egresados\/medicos-atencion-primaria\/\"]}]},{\"@type\":\"BreadcrumbList\",\"@id\":\"https:\/\/medicina.udd.cl\/egresados\/medicos-atencion-primaria\/#breadcrumb\",\"itemListElement\":[{\"@type\":\"ListItem\",\"position\":1,\"name\":\"Home\",\"item\":\"https:\/\/medicina.udd.cl\/egresados\/\"},{\"@type\":\"ListItem\",\"position\":2,\"name\":\"M\u00e9dicos atenci\u00f3n primaria\"}]},{\"@type\":\"WebSite\",\"@id\":\"https:\/\/medicina.udd.cl\/egresados\/#website\",\"url\":\"https:\/\/medicina.udd.cl\/egresados\/\",\"name\":\"Red de Egresados\",\"description\":\"Just another Medicina site\",\"potentialAction\":[{\"@type\":\"SearchAction\",\"target\":{\"@type\":\"EntryPoint\",\"urlTemplate\":\"https:\/\/medicina.udd.cl\/egresados\/?s={search_term_string}\"},\"query-input\":{\"@type\":\"PropertyValueSpecification\",\"valueRequired\":true,\"valueName\":\"search_term_string\"}}],\"inLanguage\":\"es\"}]}<\/script>\n<!-- \/ Yoast SEO plugin. -->","yoast_head_json":{"title":"M\u00e9dicos atenci\u00f3n primaria - Red de Egresados","robots":{"index":"index","follow":"follow","max-snippet":"max-snippet:-1","max-image-preview":"max-image-preview:large","max-video-preview":"max-video-preview:-1"},"canonical":"https:\/\/medicina.udd.cl\/egresados\/medicos-atencion-primaria\/","og_locale":"es_ES","og_type":"article","og_title":"M\u00e9dicos atenci\u00f3n primaria - Red de Egresados","og_description":"Importante Centro Privado de Atenci\u00f3n M\u00e9dica Primaria, requiere contratar a 8 vacantes M\u00e9dicos (alternativa de turnos de 11, 22, 33 y 44 hrs a la semana, seg\u00fan disponibilidad del candidato) para Santiago. Ser\u00e1 responsable de: &#8211; Realizar consultas m\u00e9dicas diarias a ni\u00f1os y adultos. &#8211; Eval\u00faa ex\u00e1menes de laboratorios, radiograf\u00edas, tratamientos, entre otros. &#8211; Derivar [&hellip;]","og_url":"https:\/\/medicina.udd.cl\/egresados\/medicos-atencion-primaria\/","og_site_name":"Red de Egresados","schema":{"@context":"https:\/\/schema.org","@graph":[{"@type":"WebPage","@id":"https:\/\/medicina.udd.cl\/egresados\/medicos-atencion-primaria\/","url":"https:\/\/medicina.udd.cl\/egresados\/medicos-atencion-primaria\/","name":"M\u00e9dicos atenci\u00f3n primaria - Red de Egresados","isPartOf":{"@id":"https:\/\/medicina.udd.cl\/egresados\/#website"},"datePublished":"2012-07-17T16:35:20+00:00","breadcrumb":{"@id":"https:\/\/medicina.udd.cl\/egresados\/medicos-atencion-primaria\/#breadcrumb"},"inLanguage":"es","potentialAction":[{"@type":"ReadAction","target":["https:\/\/medicina.udd.cl\/egresados\/medicos-atencion-primaria\/"]}]},{"@type":"BreadcrumbList","@id":"https:\/\/medicina.udd.cl\/egresados\/medicos-atencion-primaria\/#breadcrumb","itemListElement":[{"@type":"ListItem","position":1,"name":"Home","item":"https:\/\/medicina.udd.cl\/egresados\/"},{"@type":"ListItem","position":2,"name":"M\u00e9dicos atenci\u00f3n primaria"}]},{"@type":"WebSite","@id":"https:\/\/medicina.udd.cl\/egresados\/#website","url":"https:\/\/medicina.udd.cl\/egresados\/","name":"Red de Egresados","description":"Just another Medicina site","potentialAction":[{"@type":"SearchAction","target":{"@type":"EntryPoint","urlTemplate":"https:\/\/medicina.udd.cl\/egresados\/?s={search_term_string}"},"query-input":{"@type":"PropertyValueSpecification","valueRequired":true,"valueName":"search_term_string"}}],"inLanguage":"es"}]}},"_links":{"self":[{"href":"https:\/\/medicina.udd.cl\/egresados\/wp-json\/wp\/v2\/pages\/480","targetHints":{"allow":["GET"]}}],"collection":[{"href":"https:\/\/medicina.udd.cl\/egresados\/wp-json\/wp\/v2\/pages"}],"about":[{"href":"https:\/\/medicina.udd.cl\/egresados\/wp-json\/wp\/v2\/types\/page"}],"author":[{"embeddable":true,"href":"https:\/\/medicina.udd.cl\/egresados\/wp-json\/wp\/v2\/users\/9192219"}],"replies":[{"embeddable":true,"href":"https:\/\/medicina.udd.cl\/egresados\/wp-json\/wp\/v2\/comments?post=480"}],"version-history":[{"count":1,"href":"https:\/\/medicina.udd.cl\/egresados\/wp-json\/wp\/v2\/pages\/480\/revisions"}],"predecessor-version":[{"id":481,"href":"https:\/\/medicina.udd.cl\/egresados\/wp-json\/wp\/v2\/pages\/480\/revisions\/481"}],"wp:attachment":[{"href":"https:\/\/medicina.udd.cl\/egresados\/wp-json\/wp\/v2\/media?parent=480"}],"curies":[{"name":"wp","href":"https:\/\/api.w.org\/{rel}","templated":true}]}}