{"id":491,"date":"2012-07-17T12:42:30","date_gmt":"2012-07-17T16:42:30","guid":{"rendered":"http:\/\/medicina.udd.cl\/egresados\/"},"modified":"2012-07-17T12:42:30","modified_gmt":"2012-07-17T16:42:30","slug":"enfermera-o-reemplazo-hospital-licanten","status":"publish","type":"page","link":"https:\/\/medicina.udd.cl\/egresados\/enfermera-o-reemplazo-hospital-licanten\/","title":{"rendered":"Enfermera (o) reemplazo Hospital Licant\u00e9n"},"content":{"rendered":"<p style=\"text-align: justify;\">El hospital de Licant\u00e9n ofrece cargo de reemplazo de enfermera grado 15 para cubrir licencia de patolog\u00eda obst\u00e9trica y maternal. Tiempo aproximado 10-12 meses.<\/p>\n<p style=\"text-align: justify;\">El establecimiento es un hospital de baja complejidad con enfoque de salud familiar. La persona deber\u00e1 desempe\u00f1ar funciones en \u00e1rea de hospitalizados, atenci\u00f3n primaria y urgencia. La remuneraci\u00f3n es de aproximadamente $824.440, con la posibilidad de hacer horas extraordinarias.<\/p>\n<p style=\"text-align: justify;\">Licant\u00e9n queda a 76km a la costa de Curic\u00f3. 3:30 horas de Santiago. Los profesionales son en su mayor\u00eda j\u00f3venes reci\u00e9n egresados.<\/p>\n<p style=\"text-align: justify;\">Interesadas contactarse con <a rel=\"External\" class=\"out\" href=\"mailto:lnunezl@ssmaule.cl\">lnunezl@ssmaule.cl<\/a> o <a rel=\"External\" class=\"out\" href=\"mailto:ignaciocastroa@gmail.com\">ignaciocastroa@gmail.com<\/a><\/p>\n","protected":false},"excerpt":{"rendered":"<p>El hospital de Licant\u00e9n ofrece cargo de reemplazo de enfermera grado 15 para cubrir licencia de patolog\u00eda obst\u00e9trica y maternal. Tiempo aproximado 10-12 meses. El establecimiento es un hospital de baja complejidad con enfoque de salud familiar. La persona deber\u00e1 desempe\u00f1ar funciones en \u00e1rea de hospitalizados, atenci\u00f3n primaria y urgencia. La remuneraci\u00f3n es de aproximadamente [&hellip;]<\/p>\n","protected":false},"author":9192219,"featured_media":0,"parent":0,"menu_order":0,"comment_status":"open","ping_status":"open","template":"wide-default.php","meta":{"footnotes":""},"class_list":["post-491","page","type-page","status-publish","hentry"],"yoast_head":"<!-- This site is optimized with the Yoast SEO plugin v26.9 - https:\/\/yoast.com\/product\/yoast-seo-wordpress\/ -->\n<title>Enfermera (o) reemplazo Hospital Licant\u00e9n - Red de Egresados<\/title>\n<meta name=\"robots\" content=\"index, follow, max-snippet:-1, max-image-preview:large, max-video-preview:-1\" \/>\n<link rel=\"canonical\" href=\"https:\/\/medicina.udd.cl\/egresados\/enfermera-o-reemplazo-hospital-licanten\/\" \/>\n<meta property=\"og:locale\" content=\"es_ES\" \/>\n<meta property=\"og:type\" content=\"article\" \/>\n<meta property=\"og:title\" content=\"Enfermera (o) reemplazo Hospital Licant\u00e9n - Red de Egresados\" \/>\n<meta property=\"og:description\" content=\"El hospital de Licant\u00e9n ofrece cargo de reemplazo de enfermera grado 15 para cubrir licencia de patolog\u00eda obst\u00e9trica y maternal. Tiempo aproximado 10-12 meses. El establecimiento es un hospital de baja complejidad con enfoque de salud familiar. La persona deber\u00e1 desempe\u00f1ar funciones en \u00e1rea de hospitalizados, atenci\u00f3n primaria y urgencia. La remuneraci\u00f3n es de aproximadamente [&hellip;]\" \/>\n<meta property=\"og:url\" content=\"https:\/\/medicina.udd.cl\/egresados\/enfermera-o-reemplazo-hospital-licanten\/\" \/>\n<meta property=\"og:site_name\" content=\"Red de Egresados\" \/>\n<meta name=\"twitter:label1\" content=\"Tiempo de lectura\" \/>\n\t<meta name=\"twitter:data1\" content=\"1 minuto\" \/>\n<script type=\"application\/ld+json\" class=\"yoast-schema-graph\">{\"@context\":\"https:\/\/schema.org\",\"@graph\":[{\"@type\":\"WebPage\",\"@id\":\"https:\/\/medicina.udd.cl\/egresados\/enfermera-o-reemplazo-hospital-licanten\/\",\"url\":\"https:\/\/medicina.udd.cl\/egresados\/enfermera-o-reemplazo-hospital-licanten\/\",\"name\":\"Enfermera (o) reemplazo Hospital Licant\u00e9n - Red de Egresados\",\"isPartOf\":{\"@id\":\"https:\/\/medicina.udd.cl\/egresados\/#website\"},\"datePublished\":\"2012-07-17T16:42:30+00:00\",\"breadcrumb\":{\"@id\":\"https:\/\/medicina.udd.cl\/egresados\/enfermera-o-reemplazo-hospital-licanten\/#breadcrumb\"},\"inLanguage\":\"es\",\"potentialAction\":[{\"@type\":\"ReadAction\",\"target\":[\"https:\/\/medicina.udd.cl\/egresados\/enfermera-o-reemplazo-hospital-licanten\/\"]}]},{\"@type\":\"BreadcrumbList\",\"@id\":\"https:\/\/medicina.udd.cl\/egresados\/enfermera-o-reemplazo-hospital-licanten\/#breadcrumb\",\"itemListElement\":[{\"@type\":\"ListItem\",\"position\":1,\"name\":\"Home\",\"item\":\"https:\/\/medicina.udd.cl\/egresados\/\"},{\"@type\":\"ListItem\",\"position\":2,\"name\":\"Enfermera (o) reemplazo Hospital Licant\u00e9n\"}]},{\"@type\":\"WebSite\",\"@id\":\"https:\/\/medicina.udd.cl\/egresados\/#website\",\"url\":\"https:\/\/medicina.udd.cl\/egresados\/\",\"name\":\"Red de Egresados\",\"description\":\"Just another Medicina site\",\"potentialAction\":[{\"@type\":\"SearchAction\",\"target\":{\"@type\":\"EntryPoint\",\"urlTemplate\":\"https:\/\/medicina.udd.cl\/egresados\/?s={search_term_string}\"},\"query-input\":{\"@type\":\"PropertyValueSpecification\",\"valueRequired\":true,\"valueName\":\"search_term_string\"}}],\"inLanguage\":\"es\"}]}<\/script>\n<!-- \/ Yoast SEO plugin. -->","yoast_head_json":{"title":"Enfermera (o) reemplazo Hospital Licant\u00e9n - Red de Egresados","robots":{"index":"index","follow":"follow","max-snippet":"max-snippet:-1","max-image-preview":"max-image-preview:large","max-video-preview":"max-video-preview:-1"},"canonical":"https:\/\/medicina.udd.cl\/egresados\/enfermera-o-reemplazo-hospital-licanten\/","og_locale":"es_ES","og_type":"article","og_title":"Enfermera (o) reemplazo Hospital Licant\u00e9n - Red de Egresados","og_description":"El hospital de Licant\u00e9n ofrece cargo de reemplazo de enfermera grado 15 para cubrir licencia de patolog\u00eda obst\u00e9trica y maternal. Tiempo aproximado 10-12 meses. El establecimiento es un hospital de baja complejidad con enfoque de salud familiar. La persona deber\u00e1 desempe\u00f1ar funciones en \u00e1rea de hospitalizados, atenci\u00f3n primaria y urgencia. La remuneraci\u00f3n es de aproximadamente [&hellip;]","og_url":"https:\/\/medicina.udd.cl\/egresados\/enfermera-o-reemplazo-hospital-licanten\/","og_site_name":"Red de Egresados","twitter_misc":{"Tiempo de lectura":"1 minuto"},"schema":{"@context":"https:\/\/schema.org","@graph":[{"@type":"WebPage","@id":"https:\/\/medicina.udd.cl\/egresados\/enfermera-o-reemplazo-hospital-licanten\/","url":"https:\/\/medicina.udd.cl\/egresados\/enfermera-o-reemplazo-hospital-licanten\/","name":"Enfermera (o) reemplazo Hospital Licant\u00e9n - Red de Egresados","isPartOf":{"@id":"https:\/\/medicina.udd.cl\/egresados\/#website"},"datePublished":"2012-07-17T16:42:30+00:00","breadcrumb":{"@id":"https:\/\/medicina.udd.cl\/egresados\/enfermera-o-reemplazo-hospital-licanten\/#breadcrumb"},"inLanguage":"es","potentialAction":[{"@type":"ReadAction","target":["https:\/\/medicina.udd.cl\/egresados\/enfermera-o-reemplazo-hospital-licanten\/"]}]},{"@type":"BreadcrumbList","@id":"https:\/\/medicina.udd.cl\/egresados\/enfermera-o-reemplazo-hospital-licanten\/#breadcrumb","itemListElement":[{"@type":"ListItem","position":1,"name":"Home","item":"https:\/\/medicina.udd.cl\/egresados\/"},{"@type":"ListItem","position":2,"name":"Enfermera (o) reemplazo Hospital Licant\u00e9n"}]},{"@type":"WebSite","@id":"https:\/\/medicina.udd.cl\/egresados\/#website","url":"https:\/\/medicina.udd.cl\/egresados\/","name":"Red de Egresados","description":"Just another Medicina site","potentialAction":[{"@type":"SearchAction","target":{"@type":"EntryPoint","urlTemplate":"https:\/\/medicina.udd.cl\/egresados\/?s={search_term_string}"},"query-input":{"@type":"PropertyValueSpecification","valueRequired":true,"valueName":"search_term_string"}}],"inLanguage":"es"}]}},"_links":{"self":[{"href":"https:\/\/medicina.udd.cl\/egresados\/wp-json\/wp\/v2\/pages\/491","targetHints":{"allow":["GET"]}}],"collection":[{"href":"https:\/\/medicina.udd.cl\/egresados\/wp-json\/wp\/v2\/pages"}],"about":[{"href":"https:\/\/medicina.udd.cl\/egresados\/wp-json\/wp\/v2\/types\/page"}],"author":[{"embeddable":true,"href":"https:\/\/medicina.udd.cl\/egresados\/wp-json\/wp\/v2\/users\/9192219"}],"replies":[{"embeddable":true,"href":"https:\/\/medicina.udd.cl\/egresados\/wp-json\/wp\/v2\/comments?post=491"}],"version-history":[{"count":1,"href":"https:\/\/medicina.udd.cl\/egresados\/wp-json\/wp\/v2\/pages\/491\/revisions"}],"predecessor-version":[{"id":492,"href":"https:\/\/medicina.udd.cl\/egresados\/wp-json\/wp\/v2\/pages\/491\/revisions\/492"}],"wp:attachment":[{"href":"https:\/\/medicina.udd.cl\/egresados\/wp-json\/wp\/v2\/media?parent=491"}],"curies":[{"name":"wp","href":"https:\/\/api.w.org\/{rel}","templated":true}]}}