{"id":5,"date":"2011-10-04T13:44:14","date_gmt":"2011-10-04T13:44:14","guid":{"rendered":"http:\/\/medicina.udd.cl\/egresados\/pagina-3\/"},"modified":"2011-10-12T15:07:26","modified_gmt":"2011-10-12T18:07:26","slug":"carreras","status":"publish","type":"page","link":"https:\/\/medicina.udd.cl\/egresados\/carreras\/","title":{"rendered":"Carreras"},"content":{"rendered":"<p style=\"text-align: justify;\"><a rel=\"External\" class=\"out\" href=\"http:\/\/medicina.udd.cl\/egresados\/files\/2011\/10\/Grupo-lanza-delantales2.jpg\" class=\"thickbox\"><\/a><a href=\"http:\/\/medicina.udd.cl\/egresados\/files\/2011\/10\/Grupo-lanza-delantales.jpg\" class=\"thickbox\"><img loading=\"lazy\" decoding=\"async\" class=\"alignright size-medium wp-image-105\" title=\"Grupo lanza delantales\" src=\"http:\/\/medicina.udd.cl\/egresados\/files\/2011\/10\/Grupo-lanza-delantales-300x200.jpg\" alt=\"\" width=\"300\" height=\"200\" \/><\/a>La Facultad de Medicina Cl\u00ednica Alemana Universidad del Desarrollo\u00a0tiene a la fecha 3 generaciones de egresados de <a rel=\"External\" class=\"out\" href=\"http:\/\/medicina.udd.cl\/medicina-santiago\/\">Medicina<\/a>\u00a0(173 titulados) y 5 de\u00a0<a rel=\"External\" class=\"out\" href=\"http:\/\/medicina.udd.cl\/enfermeria-santiago\/\">Enfermer\u00eda<\/a> (119).<\/p>\n<p style=\"text-align: justify;\">Durante el presente a\u00f1o (2011) se titular\u00e1n 217 estudiantes de las carreras de\u00a0\u00a0<a rel=\"External\" class=\"out\" href=\"http:\/\/medicina.udd.cl\/kinesiologia-santiago\/\">Kinesiolog\u00eda<\/a>, <a rel=\"External\" class=\"out\" href=\"http:\/\/medicina.udd.cl\/nutricion-dietetica-santiago\/\">Nutrici\u00f3n y Diet\u00e9tica<\/a>, <a rel=\"External\" class=\"out\" href=\"http:\/\/medicina.udd.cl\/fonoaudiologia-santiago\/\">Fonoaudiolog\u00eda<\/a> y <a rel=\"External\" class=\"out\" href=\"http:\/\/medicina.udd.cl\/tecnologia-medica-santiago\/\">Tecnolog\u00eda M\u00e9dica<\/a>, mientras que <a rel=\"External\" class=\"out\" href=\"http:\/\/medicina.udd.cl\/odontologia-santiago\/\">Odontolog\u00eda<\/a> tendr\u00e1 su primera titulaci\u00f3n el 14 de diciembre de 2011.<\/p>\n<p style=\"text-align: justify;\"><strong>Egresados de Medicina y situaci\u00f3n laboral o acad\u00e9mica<\/strong><\/p>\n<p style=\"text-align: justify;\">Los egresados de la carrera de Medicina han tenido una buena inserci\u00f3n laboral y acad\u00e9mica, luego de\u00a0obtener por tres a\u00f1os consecutivos un excelente resultado en el\u00a0EUNACOM. Por ello, la Facultad ha sido reconocida como una de las m\u00e1s destacadas, dado que su rendimiento estuvo en promedio, desde la primera generaci\u00f3n, en el segundo lugar dentro de las 10 facultades con mejor puntaje.<\/p>\n","protected":false},"excerpt":{"rendered":"<p>La Facultad de Medicina Cl\u00ednica Alemana Universidad del Desarrollo\u00a0tiene a la fecha 3 generaciones de egresados de Medicina\u00a0(173 titulados) y 5 de\u00a0Enfermer\u00eda (119). Durante el presente a\u00f1o (2011) se titular\u00e1n 217 estudiantes de las carreras de\u00a0\u00a0Kinesiolog\u00eda, Nutrici\u00f3n y Diet\u00e9tica, Fonoaudiolog\u00eda y Tecnolog\u00eda M\u00e9dica, mientras que Odontolog\u00eda tendr\u00e1 su primera titulaci\u00f3n el 14 de diciembre de [&hellip;]<\/p>\n","protected":false},"author":9192219,"featured_media":0,"parent":0,"menu_order":20,"comment_status":"open","ping_status":"open","template":"wide-default.php","meta":{"footnotes":""},"class_list":["post-5","page","type-page","status-publish","hentry"],"yoast_head":"<!-- This site is optimized with the Yoast SEO plugin v26.9 - https:\/\/yoast.com\/product\/yoast-seo-wordpress\/ -->\n<title>Carreras - Red de Egresados<\/title>\n<meta name=\"robots\" content=\"index, follow, max-snippet:-1, max-image-preview:large, max-video-preview:-1\" \/>\n<link rel=\"canonical\" href=\"https:\/\/medicina.udd.cl\/egresados\/carreras\/\" \/>\n<meta property=\"og:locale\" content=\"es_ES\" \/>\n<meta property=\"og:type\" content=\"article\" \/>\n<meta property=\"og:title\" content=\"Carreras - Red de Egresados\" \/>\n<meta property=\"og:description\" content=\"La Facultad de Medicina Cl\u00ednica Alemana Universidad del Desarrollo\u00a0tiene a la fecha 3 generaciones de egresados de Medicina\u00a0(173 titulados) y 5 de\u00a0Enfermer\u00eda (119). Durante el presente a\u00f1o (2011) se titular\u00e1n 217 estudiantes de las carreras de\u00a0\u00a0Kinesiolog\u00eda, Nutrici\u00f3n y Diet\u00e9tica, Fonoaudiolog\u00eda y Tecnolog\u00eda M\u00e9dica, mientras que Odontolog\u00eda tendr\u00e1 su primera titulaci\u00f3n el 14 de diciembre de [&hellip;]\" \/>\n<meta property=\"og:url\" content=\"https:\/\/medicina.udd.cl\/egresados\/carreras\/\" \/>\n<meta property=\"og:site_name\" content=\"Red de Egresados\" \/>\n<meta property=\"article:modified_time\" content=\"2011-10-12T18:07:26+00:00\" \/>\n<meta property=\"og:image\" content=\"http:\/\/medicina.udd.cl\/egresados\/files\/2011\/10\/Grupo-lanza-delantales-300x200.jpg\" \/>\n<meta name=\"twitter:label1\" content=\"Tiempo de lectura\" \/>\n\t<meta name=\"twitter:data1\" content=\"1 minuto\" \/>\n<script type=\"application\/ld+json\" class=\"yoast-schema-graph\">{\"@context\":\"https:\/\/schema.org\",\"@graph\":[{\"@type\":\"WebPage\",\"@id\":\"https:\/\/medicina.udd.cl\/egresados\/carreras\/\",\"url\":\"https:\/\/medicina.udd.cl\/egresados\/carreras\/\",\"name\":\"Carreras - Red de Egresados\",\"isPartOf\":{\"@id\":\"https:\/\/medicina.udd.cl\/egresados\/#website\"},\"primaryImageOfPage\":{\"@id\":\"https:\/\/medicina.udd.cl\/egresados\/carreras\/#primaryimage\"},\"image\":{\"@id\":\"https:\/\/medicina.udd.cl\/egresados\/carreras\/#primaryimage\"},\"thumbnailUrl\":\"http:\/\/medicina.udd.cl\/egresados\/files\/2011\/10\/Grupo-lanza-delantales-300x200.jpg\",\"datePublished\":\"2011-10-04T13:44:14+00:00\",\"dateModified\":\"2011-10-12T18:07:26+00:00\",\"breadcrumb\":{\"@id\":\"https:\/\/medicina.udd.cl\/egresados\/carreras\/#breadcrumb\"},\"inLanguage\":\"es\",\"potentialAction\":[{\"@type\":\"ReadAction\",\"target\":[\"https:\/\/medicina.udd.cl\/egresados\/carreras\/\"]}]},{\"@type\":\"ImageObject\",\"inLanguage\":\"es\",\"@id\":\"https:\/\/medicina.udd.cl\/egresados\/carreras\/#primaryimage\",\"url\":\"https:\/\/medicina.udd.cl\/egresados\/files\/2011\/10\/Grupo-lanza-delantales.jpg\",\"contentUrl\":\"https:\/\/medicina.udd.cl\/egresados\/files\/2011\/10\/Grupo-lanza-delantales.jpg\",\"width\":3872,\"height\":2592},{\"@type\":\"BreadcrumbList\",\"@id\":\"https:\/\/medicina.udd.cl\/egresados\/carreras\/#breadcrumb\",\"itemListElement\":[{\"@type\":\"ListItem\",\"position\":1,\"name\":\"Home\",\"item\":\"https:\/\/medicina.udd.cl\/egresados\/\"},{\"@type\":\"ListItem\",\"position\":2,\"name\":\"Carreras\"}]},{\"@type\":\"WebSite\",\"@id\":\"https:\/\/medicina.udd.cl\/egresados\/#website\",\"url\":\"https:\/\/medicina.udd.cl\/egresados\/\",\"name\":\"Red de Egresados\",\"description\":\"Just another Medicina site\",\"potentialAction\":[{\"@type\":\"SearchAction\",\"target\":{\"@type\":\"EntryPoint\",\"urlTemplate\":\"https:\/\/medicina.udd.cl\/egresados\/?s={search_term_string}\"},\"query-input\":{\"@type\":\"PropertyValueSpecification\",\"valueRequired\":true,\"valueName\":\"search_term_string\"}}],\"inLanguage\":\"es\"}]}<\/script>\n<!-- \/ Yoast SEO plugin. -->","yoast_head_json":{"title":"Carreras - Red de Egresados","robots":{"index":"index","follow":"follow","max-snippet":"max-snippet:-1","max-image-preview":"max-image-preview:large","max-video-preview":"max-video-preview:-1"},"canonical":"https:\/\/medicina.udd.cl\/egresados\/carreras\/","og_locale":"es_ES","og_type":"article","og_title":"Carreras - Red de Egresados","og_description":"La Facultad de Medicina Cl\u00ednica Alemana Universidad del Desarrollo\u00a0tiene a la fecha 3 generaciones de egresados de Medicina\u00a0(173 titulados) y 5 de\u00a0Enfermer\u00eda (119). Durante el presente a\u00f1o (2011) se titular\u00e1n 217 estudiantes de las carreras de\u00a0\u00a0Kinesiolog\u00eda, Nutrici\u00f3n y Diet\u00e9tica, Fonoaudiolog\u00eda y Tecnolog\u00eda M\u00e9dica, mientras que Odontolog\u00eda tendr\u00e1 su primera titulaci\u00f3n el 14 de diciembre de [&hellip;]","og_url":"https:\/\/medicina.udd.cl\/egresados\/carreras\/","og_site_name":"Red de Egresados","article_modified_time":"2011-10-12T18:07:26+00:00","og_image":[{"url":"http:\/\/medicina.udd.cl\/egresados\/files\/2011\/10\/Grupo-lanza-delantales-300x200.jpg","type":"","width":"","height":""}],"twitter_misc":{"Tiempo de lectura":"1 minuto"},"schema":{"@context":"https:\/\/schema.org","@graph":[{"@type":"WebPage","@id":"https:\/\/medicina.udd.cl\/egresados\/carreras\/","url":"https:\/\/medicina.udd.cl\/egresados\/carreras\/","name":"Carreras - Red de Egresados","isPartOf":{"@id":"https:\/\/medicina.udd.cl\/egresados\/#website"},"primaryImageOfPage":{"@id":"https:\/\/medicina.udd.cl\/egresados\/carreras\/#primaryimage"},"image":{"@id":"https:\/\/medicina.udd.cl\/egresados\/carreras\/#primaryimage"},"thumbnailUrl":"http:\/\/medicina.udd.cl\/egresados\/files\/2011\/10\/Grupo-lanza-delantales-300x200.jpg","datePublished":"2011-10-04T13:44:14+00:00","dateModified":"2011-10-12T18:07:26+00:00","breadcrumb":{"@id":"https:\/\/medicina.udd.cl\/egresados\/carreras\/#breadcrumb"},"inLanguage":"es","potentialAction":[{"@type":"ReadAction","target":["https:\/\/medicina.udd.cl\/egresados\/carreras\/"]}]},{"@type":"ImageObject","inLanguage":"es","@id":"https:\/\/medicina.udd.cl\/egresados\/carreras\/#primaryimage","url":"https:\/\/medicina.udd.cl\/egresados\/files\/2011\/10\/Grupo-lanza-delantales.jpg","contentUrl":"https:\/\/medicina.udd.cl\/egresados\/files\/2011\/10\/Grupo-lanza-delantales.jpg","width":3872,"height":2592},{"@type":"BreadcrumbList","@id":"https:\/\/medicina.udd.cl\/egresados\/carreras\/#breadcrumb","itemListElement":[{"@type":"ListItem","position":1,"name":"Home","item":"https:\/\/medicina.udd.cl\/egresados\/"},{"@type":"ListItem","position":2,"name":"Carreras"}]},{"@type":"WebSite","@id":"https:\/\/medicina.udd.cl\/egresados\/#website","url":"https:\/\/medicina.udd.cl\/egresados\/","name":"Red de Egresados","description":"Just another Medicina site","potentialAction":[{"@type":"SearchAction","target":{"@type":"EntryPoint","urlTemplate":"https:\/\/medicina.udd.cl\/egresados\/?s={search_term_string}"},"query-input":{"@type":"PropertyValueSpecification","valueRequired":true,"valueName":"search_term_string"}}],"inLanguage":"es"}]}},"_links":{"self":[{"href":"https:\/\/medicina.udd.cl\/egresados\/wp-json\/wp\/v2\/pages\/5","targetHints":{"allow":["GET"]}}],"collection":[{"href":"https:\/\/medicina.udd.cl\/egresados\/wp-json\/wp\/v2\/pages"}],"about":[{"href":"https:\/\/medicina.udd.cl\/egresados\/wp-json\/wp\/v2\/types\/page"}],"author":[{"embeddable":true,"href":"https:\/\/medicina.udd.cl\/egresados\/wp-json\/wp\/v2\/users\/9192219"}],"replies":[{"embeddable":true,"href":"https:\/\/medicina.udd.cl\/egresados\/wp-json\/wp\/v2\/comments?post=5"}],"version-history":[{"count":17,"href":"https:\/\/medicina.udd.cl\/egresados\/wp-json\/wp\/v2\/pages\/5\/revisions"}],"predecessor-version":[{"id":111,"href":"https:\/\/medicina.udd.cl\/egresados\/wp-json\/wp\/v2\/pages\/5\/revisions\/111"}],"wp:attachment":[{"href":"https:\/\/medicina.udd.cl\/egresados\/wp-json\/wp\/v2\/media?parent=5"}],"curies":[{"name":"wp","href":"https:\/\/api.w.org\/{rel}","templated":true}]}}