{"id":93,"date":"2011-10-11T14:41:43","date_gmt":"2011-10-11T17:41:43","guid":{"rendered":"http:\/\/medicina.udd.cl\/egresados\/"},"modified":"2011-10-11T14:41:43","modified_gmt":"2011-10-11T17:41:43","slug":"diplomados","status":"publish","type":"page","link":"https:\/\/medicina.udd.cl\/egresados\/diplomados-y-postgrados\/diplomados\/","title":{"rendered":"Diplomados"},"content":{"rendered":"<p><strong>Diplomados\u00a0en curso:<\/strong><\/p>\n<p><a rel=\"External\" class=\"out\" href=\"http:\/\/medicina.udd.cl\/fonoaudiologia-santiago\/diplomado-de-voz\/%c2%bfque-es-el-diplomado-de-voz\/\">Diplomado en Habilitaci\u00f3n Vocal<\/a><\/p>\n<p><a class=\"out\" title=\"Diplomado Fisiolog\u00eda Cl\u00ednica del Ejercicio\" rel=\"External bookmark\" href=\"http:\/\/medicina.udd.cl\/kinesiologia-santiago\/2011\/07\/11\/diplomado-fisiologia-clinica-del-ejercicio\/\">Diplomado Fisiolog\u00eda Cl\u00ednica del Ejercicio<\/a><\/p>\n<p><a class=\"out\" title=\"Diplomado de Fotograf\u00eda Digital, del Arte a la Ciencia\" rel=\"External bookmark\" href=\"http:\/\/medicina.udd.cl\/odontologia-santiago\/2011\/06\/09\/diplomado-de-fotografia-digital-del-arte-a-la-ciencia\/\">Diplomado de Fotograf\u00eda Digital, del Arte a la Ciencia<\/a><\/p>\n<p><a rel=\"External\" class=\"out\" title=\"Contin\u00faa leyendo 2\u00ba Diplomado Dise\u00f1o de Proyectos de Investigaci\u00f3n en Salud\" href=\"http:\/\/medicina.udd.cl\/enfermeria-santiago\/2011\/04\/11\/2%c2%ba-diplomado-diseno-de-proyectos-de-investigacion-en-salud\/\">2\u00ba Diplomado Dise\u00f1o de Proyectos de Investigaci\u00f3n en Salud<\/a><\/p>\n<p><a class=\"out\" rel=\"External\" href=\"http:\/\/www.udd.cl\/futuros-alumnos\/extension-y-capacitacion\/diplomados\/kinesiterapia-en-embarazo-y-post-parto-2\/\" target=\"_blank\">Kinesiterapia en embarazo y postparto<\/a><\/p>\n<p><a class=\"out\" rel=\"External\" href=\"http:\/\/www.udd.cl\/futuros-alumnos\/extension-y-capacitacion\/diplomados\/diplomado-fisiologia-clinica-del-ejercicio-para-kinesiologos\/\" target=\"_blank\">Diplomado Fisiolog\u00eda Cl\u00ednica del ejercicio para kinesi\u00f3logos<\/a><\/p>\n<p><a class=\"out\" rel=\"External\" href=\"http:\/\/www.udd.cl\/futuros-alumnos\/extension-y-capacitacion\/diplomados\/kinesiterapia-en-rehabilitacion-cardiovascular\/\" target=\"_blank\">Kinesiterapia en rehabilitaci\u00f3n cardiovascular<\/a><\/p>\n<p><a class=\"out\" rel=\"External\" href=\"http:\/\/www.udd.cl\/futuros-alumnos\/extension-y-capacitacion\/diplomados\/kinesiterapia-en-unidad-de-paciente-critico-del-adulto-2\/\" target=\"_blank\">Kinesiterapia en unidad de paciente cr\u00edtico del adulto<\/a><\/p>\n<p><a class=\"out\" title=\"D\u00ecplomado en carilog\u00eda\" rel=\"External\" href=\"http:\/\/www.udd.cl\/futuros-alumnos\/extension-y-capacitacion\/diplomados\/diplomado-en-cariologia-clinica-y-restauradora-estetica\/\" target=\"_blank\">Diplomado en Cariolog\u00eda Cl\u00ednica y Restauradora Est\u00e9tica<\/a><\/p>\n","protected":false},"excerpt":{"rendered":"<p>Conoce los diplomados que se est\u00e1n impartiendo en la Facultad de Medicina Cl\u00ednica Alemana Universidad del Desarrollo.<\/p>\n","protected":false},"author":9192219,"featured_media":0,"parent":14,"menu_order":1,"comment_status":"open","ping_status":"open","template":"wide-default.php","meta":{"footnotes":""},"class_list":["post-93","page","type-page","status-publish","hentry"],"yoast_head":"<!-- This site is optimized with the Yoast SEO plugin v26.9 - https:\/\/yoast.com\/product\/yoast-seo-wordpress\/ -->\n<title>Diplomados - Red de Egresados<\/title>\n<meta name=\"robots\" content=\"index, follow, max-snippet:-1, max-image-preview:large, max-video-preview:-1\" \/>\n<link rel=\"canonical\" href=\"https:\/\/medicina.udd.cl\/egresados\/diplomados-y-postgrados\/diplomados\/\" \/>\n<meta property=\"og:locale\" content=\"es_ES\" \/>\n<meta property=\"og:type\" content=\"article\" \/>\n<meta property=\"og:title\" content=\"Diplomados - Red de Egresados\" \/>\n<meta property=\"og:description\" content=\"Conoce los diplomados que se est\u00e1n impartiendo en la Facultad de Medicina Cl\u00ednica Alemana Universidad del Desarrollo.\" \/>\n<meta property=\"og:url\" content=\"https:\/\/medicina.udd.cl\/egresados\/diplomados-y-postgrados\/diplomados\/\" \/>\n<meta property=\"og:site_name\" content=\"Red de Egresados\" \/>\n<script type=\"application\/ld+json\" class=\"yoast-schema-graph\">{\"@context\":\"https:\/\/schema.org\",\"@graph\":[{\"@type\":\"WebPage\",\"@id\":\"https:\/\/medicina.udd.cl\/egresados\/diplomados-y-postgrados\/diplomados\/\",\"url\":\"https:\/\/medicina.udd.cl\/egresados\/diplomados-y-postgrados\/diplomados\/\",\"name\":\"Diplomados - Red de Egresados\",\"isPartOf\":{\"@id\":\"https:\/\/medicina.udd.cl\/egresados\/#website\"},\"datePublished\":\"2011-10-11T17:41:43+00:00\",\"breadcrumb\":{\"@id\":\"https:\/\/medicina.udd.cl\/egresados\/diplomados-y-postgrados\/diplomados\/#breadcrumb\"},\"inLanguage\":\"es\",\"potentialAction\":[{\"@type\":\"ReadAction\",\"target\":[\"https:\/\/medicina.udd.cl\/egresados\/diplomados-y-postgrados\/diplomados\/\"]}]},{\"@type\":\"BreadcrumbList\",\"@id\":\"https:\/\/medicina.udd.cl\/egresados\/diplomados-y-postgrados\/diplomados\/#breadcrumb\",\"itemListElement\":[{\"@type\":\"ListItem\",\"position\":1,\"name\":\"Home\",\"item\":\"https:\/\/medicina.udd.cl\/egresados\/\"},{\"@type\":\"ListItem\",\"position\":2,\"name\":\"Diplomados y Postgrados\",\"item\":\"https:\/\/medicina.udd.cl\/egresados\/diplomados-y-postgrados\/\"},{\"@type\":\"ListItem\",\"position\":3,\"name\":\"Diplomados\"}]},{\"@type\":\"WebSite\",\"@id\":\"https:\/\/medicina.udd.cl\/egresados\/#website\",\"url\":\"https:\/\/medicina.udd.cl\/egresados\/\",\"name\":\"Red de Egresados\",\"description\":\"Just another Medicina site\",\"potentialAction\":[{\"@type\":\"SearchAction\",\"target\":{\"@type\":\"EntryPoint\",\"urlTemplate\":\"https:\/\/medicina.udd.cl\/egresados\/?s={search_term_string}\"},\"query-input\":{\"@type\":\"PropertyValueSpecification\",\"valueRequired\":true,\"valueName\":\"search_term_string\"}}],\"inLanguage\":\"es\"}]}<\/script>\n<!-- \/ Yoast SEO plugin. -->","yoast_head_json":{"title":"Diplomados - Red de Egresados","robots":{"index":"index","follow":"follow","max-snippet":"max-snippet:-1","max-image-preview":"max-image-preview:large","max-video-preview":"max-video-preview:-1"},"canonical":"https:\/\/medicina.udd.cl\/egresados\/diplomados-y-postgrados\/diplomados\/","og_locale":"es_ES","og_type":"article","og_title":"Diplomados - Red de Egresados","og_description":"Conoce los diplomados que se est\u00e1n impartiendo en la Facultad de Medicina Cl\u00ednica Alemana Universidad del Desarrollo.","og_url":"https:\/\/medicina.udd.cl\/egresados\/diplomados-y-postgrados\/diplomados\/","og_site_name":"Red de Egresados","schema":{"@context":"https:\/\/schema.org","@graph":[{"@type":"WebPage","@id":"https:\/\/medicina.udd.cl\/egresados\/diplomados-y-postgrados\/diplomados\/","url":"https:\/\/medicina.udd.cl\/egresados\/diplomados-y-postgrados\/diplomados\/","name":"Diplomados - Red de Egresados","isPartOf":{"@id":"https:\/\/medicina.udd.cl\/egresados\/#website"},"datePublished":"2011-10-11T17:41:43+00:00","breadcrumb":{"@id":"https:\/\/medicina.udd.cl\/egresados\/diplomados-y-postgrados\/diplomados\/#breadcrumb"},"inLanguage":"es","potentialAction":[{"@type":"ReadAction","target":["https:\/\/medicina.udd.cl\/egresados\/diplomados-y-postgrados\/diplomados\/"]}]},{"@type":"BreadcrumbList","@id":"https:\/\/medicina.udd.cl\/egresados\/diplomados-y-postgrados\/diplomados\/#breadcrumb","itemListElement":[{"@type":"ListItem","position":1,"name":"Home","item":"https:\/\/medicina.udd.cl\/egresados\/"},{"@type":"ListItem","position":2,"name":"Diplomados y Postgrados","item":"https:\/\/medicina.udd.cl\/egresados\/diplomados-y-postgrados\/"},{"@type":"ListItem","position":3,"name":"Diplomados"}]},{"@type":"WebSite","@id":"https:\/\/medicina.udd.cl\/egresados\/#website","url":"https:\/\/medicina.udd.cl\/egresados\/","name":"Red de Egresados","description":"Just another Medicina site","potentialAction":[{"@type":"SearchAction","target":{"@type":"EntryPoint","urlTemplate":"https:\/\/medicina.udd.cl\/egresados\/?s={search_term_string}"},"query-input":{"@type":"PropertyValueSpecification","valueRequired":true,"valueName":"search_term_string"}}],"inLanguage":"es"}]}},"_links":{"self":[{"href":"https:\/\/medicina.udd.cl\/egresados\/wp-json\/wp\/v2\/pages\/93","targetHints":{"allow":["GET"]}}],"collection":[{"href":"https:\/\/medicina.udd.cl\/egresados\/wp-json\/wp\/v2\/pages"}],"about":[{"href":"https:\/\/medicina.udd.cl\/egresados\/wp-json\/wp\/v2\/types\/page"}],"author":[{"embeddable":true,"href":"https:\/\/medicina.udd.cl\/egresados\/wp-json\/wp\/v2\/users\/9192219"}],"replies":[{"embeddable":true,"href":"https:\/\/medicina.udd.cl\/egresados\/wp-json\/wp\/v2\/comments?post=93"}],"version-history":[{"count":1,"href":"https:\/\/medicina.udd.cl\/egresados\/wp-json\/wp\/v2\/pages\/93\/revisions"}],"predecessor-version":[{"id":94,"href":"https:\/\/medicina.udd.cl\/egresados\/wp-json\/wp\/v2\/pages\/93\/revisions\/94"}],"up":[{"embeddable":true,"href":"https:\/\/medicina.udd.cl\/egresados\/wp-json\/wp\/v2\/pages\/14"}],"wp:attachment":[{"href":"https:\/\/medicina.udd.cl\/egresados\/wp-json\/wp\/v2\/media?parent=93"}],"curies":[{"name":"wp","href":"https:\/\/api.w.org\/{rel}","templated":true}]}}