{"id":96,"date":"2011-10-11T14:43:01","date_gmt":"2011-10-11T17:43:01","guid":{"rendered":"http:\/\/medicina.udd.cl\/egresados\/"},"modified":"2011-10-11T14:45:41","modified_gmt":"2011-10-11T17:45:41","slug":"postitulos","status":"publish","type":"page","link":"https:\/\/medicina.udd.cl\/egresados\/diplomados-y-postgrados\/postitulos\/","title":{"rendered":"Post\u00edtulos"},"content":{"rendered":"<p><strong>Post\u00edtulos Medicina<\/strong><\/p>\n<p><a rel=\"External\" class=\"out\" href=\"http:\/\/medicina.udd.cl\/pediatria\/\">Especialidad en Pediatr\u00eda<\/a><br \/>\n<a rel=\"External\" class=\"out\" href=\"http:\/\/medicina.udd.cl\/medicina-interna-santiago\/\">Especialidad en Medicina Interna<\/a><br \/>\n<a rel=\"External\" class=\"out\" href=\"http:\/\/medicina.udd.cl\/radiologia\/\">Especialidad en Radiolog\u00eda<\/a><br \/>\n<a rel=\"External\" class=\"out\" href=\"http:\/\/medicina.udd.cl\/traumatologia-ortopedia\/\">Especialidad en Traumatolog\u00eda y Ortopedia<\/a><br \/>\n<a rel=\"External\" class=\"out\" href=\"http:\/\/medicina.udd.cl\/cirugia-adulto\/\">Especialidad en Cirug\u00eda Adultos<\/a><br \/>\n<a rel=\"External\" class=\"out\" href=\"http:\/\/medicina.udd.cl\/anestesia\/\">Especialidad en Anestesiolog\u00eda y Reanimaci\u00f3n<\/a><br \/>\n<a rel=\"External\" class=\"out\" href=\"http:\/\/medicina.udd.cl\/ginecologia-obstetricia\/\">Especialidad en Ginecolog\u00eda y Obstetricia<\/a><br \/>\n<a rel=\"External\" class=\"out\" href=\"http:\/\/medicina.udd.cl\/medicina-fisica-rehabilitacion\/\">Especialidad en Medicina F\u00edsica y Rehabilitaci\u00f3n<strong><\/strong><\/a><br \/>\n<a rel=\"External\" class=\"out\" href=\"http:\/\/medicina.udd.cl\/neurologia\/\">Especialidad en Neurolog\u00eda<\/a><\/p>\n<p>Post\u00edtulo en cirug\u00eda artrosc\u00f3pica de rodilla y hombro<br \/>\nPost\u00edtulo en cirug\u00eda reconstructiva de pelvis y cadera<br \/>\nPost\u00edtulo en\u00a0neurolog\u00eda vascular<br \/>\nPost\u00edtulo\u00a0en medicina reproductiva<br \/>\nPost\u00edtulo en epilepsia y medicina del sue\u00f1o<br \/>\nPost\u00edtulo en\u00a0ecocardiograf\u00eda en adulto<br \/>\nPost\u00edtulo en\u00a0imagenolog\u00eda de la mama<br \/>\nPost\u00edtulo en\u00a0neurorradiolog\u00eda<br \/>\nPost\u00edtulo en\u00a0tomograf\u00eda computada y resonancia magn\u00e9tica<\/p>\n<p>Sub especialidad\u00a0 en medicina intensiva en pediatr\u00eda<br \/>\nSub especialidad en medicina intensiva en adulto<br \/>\nSub especialidad en infectolog\u00eda pedi\u00e1trica<br \/>\nSub especialidad en infectolog\u00eda en adulto<\/p>\n<p><strong>Post\u00edtulos Enfermer\u00eda<\/strong><\/p>\n<p><a rel=\"External\" class=\"out\" href=\"http:\/\/medicina.udd.cl\/dialisis-transplante-renal\/\">Post\u00edtulo de especialidad\u00a0en di\u00e1lisis y transplante renal<\/a><br \/>\n<a rel=\"External\" class=\"out\" href=\"http:\/\/medicina.udd.cl\/uci-adulto\/\">Post\u00edtulo de especialidad en\u00a0unidad de cuidados intensivos del adulto<\/a><br \/>\n<a rel=\"External\" class=\"out\" href=\"http:\/\/medicina.udd.cl\/uci-pediatria\/\">Post\u00edtulo de especialidad\u00a0en unidad de cuidados intensivos en pediatr\u00eda<\/a><\/p>\n<p><strong>Post\u00edtulos Odontolog\u00eda<\/strong><\/p>\n<p><a rel=\"External\" class=\"out\" href=\"http:\/\/medicina.udd.cl\/implantologia-oseointegracion\/\">Post\u00edtulo en Implantolog\u00eda Oral y Oseointegraci\u00f3n<\/a><br \/>\n<a rel=\"External\" class=\"out\" href=\"http:\/\/medicina.udd.cl\/periodoncia\/\">Post\u00edtulo en Periodoncia<\/a><br \/>\n<a rel=\"External\" class=\"out\" href=\"http:\/\/medicina.udd.cl\/imagenologia-oral-maxilo-facial\">Post\u00edtulo de Imagenolog\u00eda Oral y M\u00e1xilo facial<\/a><br \/>\n<a rel=\"External\" class=\"out\" href=\"http:\/\/medicina.udd.cl\/cirugia-bucal-traumatologia-dentoalveolar\/\">Post\u00edtulo de Perfeccionamiento cl\u00ednico en Cirug\u00eda Bucal y Traumatolog\u00eda Dentoalveolar<\/a><br \/>\n<a rel=\"External\" class=\"out\" href=\"http:\/\/medicina.udd.cl\/rehabilitacion-oral\/\">Post\u00edtulo de Especializaci\u00f3n en Rehabilitaci\u00f3n Oral<\/a><\/p>\n<p><strong>Post\u00edtulos Tecnolog\u00eda M\u00e9dica<\/strong><\/p>\n<p>Post\u00edtulo de Tecnolog\u00eda M\u00e9dica en Imagenolog\u00eda de la mama<br \/>\nPost\u00edtulo de Tecnolog\u00eda M\u00e9dica en Ultrasonido<\/p>\n<p><strong>Otros post\u00edtulos<\/strong><\/p>\n<p><a rel=\"External\" class=\"out\" href=\"http:\/\/medicina.udd.cl\/centro-bioetica\/2010\/11\/15\/magister-interuniversitario-en-bioetica\/\">Mag\u00edster interuniversitario en Bio\u00e9tica<br \/>\n<\/a>Mag\u00edster en gesti\u00f3n en salud<\/p>\n","protected":false},"excerpt":{"rendered":"<p>Revisa los pot\u00edtulos que imparten las distintas carreras.<\/p>\n","protected":false},"author":9192219,"featured_media":0,"parent":14,"menu_order":2,"comment_status":"open","ping_status":"open","template":"wide-default.php","meta":{"footnotes":""},"class_list":["post-96","page","type-page","status-publish","hentry"],"yoast_head":"<!-- This site is optimized with the Yoast SEO plugin v26.9 - https:\/\/yoast.com\/product\/yoast-seo-wordpress\/ -->\n<title>Post\u00edtulos - Red de Egresados<\/title>\n<meta name=\"robots\" content=\"index, follow, max-snippet:-1, max-image-preview:large, max-video-preview:-1\" \/>\n<link rel=\"canonical\" href=\"https:\/\/medicina.udd.cl\/egresados\/diplomados-y-postgrados\/postitulos\/\" \/>\n<meta property=\"og:locale\" content=\"es_ES\" \/>\n<meta property=\"og:type\" content=\"article\" \/>\n<meta property=\"og:title\" content=\"Post\u00edtulos - Red de Egresados\" \/>\n<meta property=\"og:description\" content=\"Revisa los pot\u00edtulos que imparten las distintas carreras.\" \/>\n<meta property=\"og:url\" content=\"https:\/\/medicina.udd.cl\/egresados\/diplomados-y-postgrados\/postitulos\/\" \/>\n<meta property=\"og:site_name\" content=\"Red de Egresados\" \/>\n<meta property=\"article:modified_time\" content=\"2011-10-11T17:45:41+00:00\" \/>\n<meta name=\"twitter:label1\" content=\"Tiempo de lectura\" \/>\n\t<meta name=\"twitter:data1\" content=\"1 minuto\" \/>\n<script type=\"application\/ld+json\" class=\"yoast-schema-graph\">{\"@context\":\"https:\/\/schema.org\",\"@graph\":[{\"@type\":\"WebPage\",\"@id\":\"https:\/\/medicina.udd.cl\/egresados\/diplomados-y-postgrados\/postitulos\/\",\"url\":\"https:\/\/medicina.udd.cl\/egresados\/diplomados-y-postgrados\/postitulos\/\",\"name\":\"Post\u00edtulos - Red de Egresados\",\"isPartOf\":{\"@id\":\"https:\/\/medicina.udd.cl\/egresados\/#website\"},\"datePublished\":\"2011-10-11T17:43:01+00:00\",\"dateModified\":\"2011-10-11T17:45:41+00:00\",\"breadcrumb\":{\"@id\":\"https:\/\/medicina.udd.cl\/egresados\/diplomados-y-postgrados\/postitulos\/#breadcrumb\"},\"inLanguage\":\"es\",\"potentialAction\":[{\"@type\":\"ReadAction\",\"target\":[\"https:\/\/medicina.udd.cl\/egresados\/diplomados-y-postgrados\/postitulos\/\"]}]},{\"@type\":\"BreadcrumbList\",\"@id\":\"https:\/\/medicina.udd.cl\/egresados\/diplomados-y-postgrados\/postitulos\/#breadcrumb\",\"itemListElement\":[{\"@type\":\"ListItem\",\"position\":1,\"name\":\"Home\",\"item\":\"https:\/\/medicina.udd.cl\/egresados\/\"},{\"@type\":\"ListItem\",\"position\":2,\"name\":\"Diplomados y Postgrados\",\"item\":\"https:\/\/medicina.udd.cl\/egresados\/diplomados-y-postgrados\/\"},{\"@type\":\"ListItem\",\"position\":3,\"name\":\"Post\u00edtulos\"}]},{\"@type\":\"WebSite\",\"@id\":\"https:\/\/medicina.udd.cl\/egresados\/#website\",\"url\":\"https:\/\/medicina.udd.cl\/egresados\/\",\"name\":\"Red de Egresados\",\"description\":\"Just another Medicina site\",\"potentialAction\":[{\"@type\":\"SearchAction\",\"target\":{\"@type\":\"EntryPoint\",\"urlTemplate\":\"https:\/\/medicina.udd.cl\/egresados\/?s={search_term_string}\"},\"query-input\":{\"@type\":\"PropertyValueSpecification\",\"valueRequired\":true,\"valueName\":\"search_term_string\"}}],\"inLanguage\":\"es\"}]}<\/script>\n<!-- \/ Yoast SEO plugin. -->","yoast_head_json":{"title":"Post\u00edtulos - Red de Egresados","robots":{"index":"index","follow":"follow","max-snippet":"max-snippet:-1","max-image-preview":"max-image-preview:large","max-video-preview":"max-video-preview:-1"},"canonical":"https:\/\/medicina.udd.cl\/egresados\/diplomados-y-postgrados\/postitulos\/","og_locale":"es_ES","og_type":"article","og_title":"Post\u00edtulos - Red de Egresados","og_description":"Revisa los pot\u00edtulos que imparten las distintas carreras.","og_url":"https:\/\/medicina.udd.cl\/egresados\/diplomados-y-postgrados\/postitulos\/","og_site_name":"Red de Egresados","article_modified_time":"2011-10-11T17:45:41+00:00","twitter_misc":{"Tiempo de lectura":"1 minuto"},"schema":{"@context":"https:\/\/schema.org","@graph":[{"@type":"WebPage","@id":"https:\/\/medicina.udd.cl\/egresados\/diplomados-y-postgrados\/postitulos\/","url":"https:\/\/medicina.udd.cl\/egresados\/diplomados-y-postgrados\/postitulos\/","name":"Post\u00edtulos - Red de Egresados","isPartOf":{"@id":"https:\/\/medicina.udd.cl\/egresados\/#website"},"datePublished":"2011-10-11T17:43:01+00:00","dateModified":"2011-10-11T17:45:41+00:00","breadcrumb":{"@id":"https:\/\/medicina.udd.cl\/egresados\/diplomados-y-postgrados\/postitulos\/#breadcrumb"},"inLanguage":"es","potentialAction":[{"@type":"ReadAction","target":["https:\/\/medicina.udd.cl\/egresados\/diplomados-y-postgrados\/postitulos\/"]}]},{"@type":"BreadcrumbList","@id":"https:\/\/medicina.udd.cl\/egresados\/diplomados-y-postgrados\/postitulos\/#breadcrumb","itemListElement":[{"@type":"ListItem","position":1,"name":"Home","item":"https:\/\/medicina.udd.cl\/egresados\/"},{"@type":"ListItem","position":2,"name":"Diplomados y Postgrados","item":"https:\/\/medicina.udd.cl\/egresados\/diplomados-y-postgrados\/"},{"@type":"ListItem","position":3,"name":"Post\u00edtulos"}]},{"@type":"WebSite","@id":"https:\/\/medicina.udd.cl\/egresados\/#website","url":"https:\/\/medicina.udd.cl\/egresados\/","name":"Red de Egresados","description":"Just another Medicina site","potentialAction":[{"@type":"SearchAction","target":{"@type":"EntryPoint","urlTemplate":"https:\/\/medicina.udd.cl\/egresados\/?s={search_term_string}"},"query-input":{"@type":"PropertyValueSpecification","valueRequired":true,"valueName":"search_term_string"}}],"inLanguage":"es"}]}},"_links":{"self":[{"href":"https:\/\/medicina.udd.cl\/egresados\/wp-json\/wp\/v2\/pages\/96","targetHints":{"allow":["GET"]}}],"collection":[{"href":"https:\/\/medicina.udd.cl\/egresados\/wp-json\/wp\/v2\/pages"}],"about":[{"href":"https:\/\/medicina.udd.cl\/egresados\/wp-json\/wp\/v2\/types\/page"}],"author":[{"embeddable":true,"href":"https:\/\/medicina.udd.cl\/egresados\/wp-json\/wp\/v2\/users\/9192219"}],"replies":[{"embeddable":true,"href":"https:\/\/medicina.udd.cl\/egresados\/wp-json\/wp\/v2\/comments?post=96"}],"version-history":[{"count":3,"href":"https:\/\/medicina.udd.cl\/egresados\/wp-json\/wp\/v2\/pages\/96\/revisions"}],"predecessor-version":[{"id":103,"href":"https:\/\/medicina.udd.cl\/egresados\/wp-json\/wp\/v2\/pages\/96\/revisions\/103"}],"up":[{"embeddable":true,"href":"https:\/\/medicina.udd.cl\/egresados\/wp-json\/wp\/v2\/pages\/14"}],"wp:attachment":[{"href":"https:\/\/medicina.udd.cl\/egresados\/wp-json\/wp\/v2\/media?parent=96"}],"curies":[{"name":"wp","href":"https:\/\/api.w.org\/{rel}","templated":true}]}}