{"id":14,"date":"2010-03-31T19:35:02","date_gmt":"2010-03-31T23:35:02","guid":{"rendered":"http:\/\/medicina.udd.cl\/enfermeria\/sobre-la-carrera\/infraestructura\/"},"modified":"2016-09-21T11:09:30","modified_gmt":"2016-09-21T14:09:30","slug":"palabras-de-la-directora","status":"publish","type":"page","link":"https:\/\/medicina.udd.cl\/enfermeria-santiago\/descripcion\/palabras-de-la-directora\/","title":{"rendered":"Palabras de la directora"},"content":{"rendered":"<p style=\"text-align: justify\"><a href=\"http:\/\/medicina.udd.cl\/enfermeria-santiago\/files\/2013\/07\/96.-Claudia.-P\u00e9rez.jpg\"><img loading=\"lazy\" decoding=\"async\" class=\"alignleft wp-image-1442\" src=\"http:\/\/medicina.udd.cl\/enfermeria-santiago\/files\/2013\/07\/96.-Claudia.-P\u00e9rez-225x300.jpg\" alt=\"Claudia P\u00e9rez\" width=\"202\" height=\"270\" srcset=\"https:\/\/medicina.udd.cl\/enfermeria-santiago\/files\/2013\/07\/96.-Claudia.-P\u00e9rez-225x300.jpg 225w, https:\/\/medicina.udd.cl\/enfermeria-santiago\/files\/2013\/07\/96.-Claudia.-P\u00e9rez-768x1023.jpg 768w, https:\/\/medicina.udd.cl\/enfermeria-santiago\/files\/2013\/07\/96.-Claudia.-P\u00e9rez-769x1024.jpg 769w, https:\/\/medicina.udd.cl\/enfermeria-santiago\/files\/2013\/07\/96.-Claudia.-P\u00e9rez-721x960.jpg 721w\" sizes=\"auto, (max-width: 202px) 100vw, 202px\" \/><\/a>Te invito a estudiar Enfermer\u00eda con nosotros, una carrera que te brindar\u00e1 enormes satisfacciones profesionales y personales, en la que tendr\u00e1s la oportunidad de crecer en forma integral, sentirte \u00fatil y capaz de aportar a la sociedad a trav\u00e9s del mejoramiento de la salud y el bienestar de las personas.<\/p>\n<p style=\"text-align: justify\">Estudiar con nosotros es una gran oportunidad, sobre todo para los egresados, ya que actualmente el campo laboral para Enfermer\u00eda es muy grande, y por el d\u00e9ficit nacional y mundial de profesionales los titulados encuentra de inmediato trabajo.<\/p>\n<p style=\"text-align: justify\">Realizar\u00e1s atenci\u00f3n directa a partir del segundo semestre del primer a\u00f1o, desarrollando las competencias b\u00e1sicas de un profesional de pregrado y aprendiendo a trabajar desde la posici\u00f3n del usuario sano o enfermo, realizando un cuidado humanizado.<\/p>\n<p style=\"text-align: justify\">Como directora, espero que nuestros titulados sean profesionales de excelencia, reconocidos en el medio por estar comprometidos con el trabajo, l\u00edderes de los equipos de salud, posicion\u00e1ndose con un fundamento de su actuar, capaces de trabajar en equipo, que visualicen la importancia de la capacitaci\u00f3n continua para tener herramientas que le permitan desarrollarse como un profesional de excelencia.<\/p>\n<p style=\"text-align: justify\">Para cumplir con todos estos conceptos, \u00a1te invito a ser parte del equipo de Enfermer\u00eda de la Facultad de Medicina Cl\u00ednica Alemana Universidad del Desarrollo!<\/p>\n<p style=\"text-align: right\"><strong>Claudia P\u00e9rez Acu\u00f1a<\/strong><strong><br \/>\nDirectora de Enfermer\u00eda<\/strong><\/p>\n","protected":false},"excerpt":{"rendered":"<p>Te invito a estudiar Enfermer\u00eda con nosotros, una carrera que te brindar\u00e1 enormes satisfacciones profesionales y personales, en la que tendr\u00e1s la oportunidad de crecer en forma integral, sentirte \u00fatil y capaz de aportar a la sociedad a trav\u00e9s del mejoramiento de la salud y el bienestar de las personas. Estudiar con nosotros es una [&hellip;]<\/p>\n","protected":false},"author":1,"featured_media":0,"parent":9,"menu_order":40,"comment_status":"open","ping_status":"open","template":"","meta":{"footnotes":""},"class_list":["post-14","page","type-page","status-publish","hentry"],"yoast_head":"<!-- This site is optimized with the Yoast SEO plugin v26.9 - https:\/\/yoast.com\/product\/yoast-seo-wordpress\/ -->\n<title>Palabras de la directora | Carrera de Enfermer\u00eda (Santiago) | UDD<\/title>\n<meta name=\"description\" content=\"Estudia Enfermer\u00eda en la UDD, carrera que te brindar\u00e1 enormes satisfacciones profesionales y personales.\" \/>\n<meta name=\"robots\" content=\"index, follow, max-snippet:-1, max-image-preview:large, max-video-preview:-1\" \/>\n<link rel=\"canonical\" href=\"https:\/\/medicina.udd.cl\/enfermeria-santiago\/descripcion\/palabras-de-la-directora\/\" \/>\n<meta property=\"og:locale\" content=\"es_ES\" \/>\n<meta property=\"og:type\" content=\"article\" \/>\n<meta property=\"og:title\" content=\"Palabras de la directora | Carrera de Enfermer\u00eda (Santiago) | UDD\" \/>\n<meta property=\"og:description\" content=\"Estudia Enfermer\u00eda en la UDD, carrera que te brindar\u00e1 enormes satisfacciones profesionales y personales.\" \/>\n<meta property=\"og:url\" content=\"https:\/\/medicina.udd.cl\/enfermeria-santiago\/descripcion\/palabras-de-la-directora\/\" \/>\n<meta property=\"og:site_name\" content=\"Enfermer\u00eda UDD\" \/>\n<meta property=\"article:modified_time\" content=\"2016-09-21T14:09:30+00:00\" \/>\n<meta name=\"twitter:label1\" content=\"Tiempo de lectura\" \/>\n\t<meta name=\"twitter:data1\" content=\"1 minuto\" \/>\n<script type=\"application\/ld+json\" class=\"yoast-schema-graph\">{\"@context\":\"https:\/\/schema.org\",\"@graph\":[{\"@type\":\"WebPage\",\"@id\":\"https:\/\/medicina.udd.cl\/enfermeria-santiago\/descripcion\/palabras-de-la-directora\/\",\"url\":\"https:\/\/medicina.udd.cl\/enfermeria-santiago\/descripcion\/palabras-de-la-directora\/\",\"name\":\"Palabras de la directora | Carrera de Enfermer\u00eda (Santiago) | UDD\",\"isPartOf\":{\"@id\":\"https:\/\/medicina.udd.cl\/enfermeria-santiago\/#website\"},\"datePublished\":\"2010-03-31T23:35:02+00:00\",\"dateModified\":\"2016-09-21T14:09:30+00:00\",\"description\":\"Estudia Enfermer\u00eda en la UDD, carrera que te brindar\u00e1 enormes satisfacciones profesionales y personales.\",\"breadcrumb\":{\"@id\":\"https:\/\/medicina.udd.cl\/enfermeria-santiago\/descripcion\/palabras-de-la-directora\/#breadcrumb\"},\"inLanguage\":\"es\",\"potentialAction\":[{\"@type\":\"ReadAction\",\"target\":[\"https:\/\/medicina.udd.cl\/enfermeria-santiago\/descripcion\/palabras-de-la-directora\/\"]}]},{\"@type\":\"BreadcrumbList\",\"@id\":\"https:\/\/medicina.udd.cl\/enfermeria-santiago\/descripcion\/palabras-de-la-directora\/#breadcrumb\",\"itemListElement\":[{\"@type\":\"ListItem\",\"position\":1,\"name\":\"Home\",\"item\":\"https:\/\/medicina.udd.cl\/enfermeria-santiago\/\"},{\"@type\":\"ListItem\",\"position\":2,\"name\":\"Descripci\u00f3n\",\"item\":\"https:\/\/medicina.udd.cl\/enfermeria-santiago\/descripcion\/\"},{\"@type\":\"ListItem\",\"position\":3,\"name\":\"Palabras de la directora\"}]},{\"@type\":\"WebSite\",\"@id\":\"https:\/\/medicina.udd.cl\/enfermeria-santiago\/#website\",\"url\":\"https:\/\/medicina.udd.cl\/enfermeria-santiago\/\",\"name\":\"Enfermer\u00eda UDD\",\"description\":\"Facultad de Medicina Cl\u00ednica Alemana Universidad del Desarrollo\",\"inLanguage\":\"es\"}]}<\/script>\n<!-- \/ Yoast SEO plugin. -->","yoast_head_json":{"title":"Palabras de la directora | Carrera de Enfermer\u00eda (Santiago) | UDD","description":"Estudia Enfermer\u00eda en la UDD, carrera que te brindar\u00e1 enormes satisfacciones profesionales y personales.","robots":{"index":"index","follow":"follow","max-snippet":"max-snippet:-1","max-image-preview":"max-image-preview:large","max-video-preview":"max-video-preview:-1"},"canonical":"https:\/\/medicina.udd.cl\/enfermeria-santiago\/descripcion\/palabras-de-la-directora\/","og_locale":"es_ES","og_type":"article","og_title":"Palabras de la directora | Carrera de Enfermer\u00eda (Santiago) | UDD","og_description":"Estudia Enfermer\u00eda en la UDD, carrera que te brindar\u00e1 enormes satisfacciones profesionales y personales.","og_url":"https:\/\/medicina.udd.cl\/enfermeria-santiago\/descripcion\/palabras-de-la-directora\/","og_site_name":"Enfermer\u00eda UDD","article_modified_time":"2016-09-21T14:09:30+00:00","twitter_misc":{"Tiempo de lectura":"1 minuto"},"schema":{"@context":"https:\/\/schema.org","@graph":[{"@type":"WebPage","@id":"https:\/\/medicina.udd.cl\/enfermeria-santiago\/descripcion\/palabras-de-la-directora\/","url":"https:\/\/medicina.udd.cl\/enfermeria-santiago\/descripcion\/palabras-de-la-directora\/","name":"Palabras de la directora | Carrera de Enfermer\u00eda (Santiago) | UDD","isPartOf":{"@id":"https:\/\/medicina.udd.cl\/enfermeria-santiago\/#website"},"datePublished":"2010-03-31T23:35:02+00:00","dateModified":"2016-09-21T14:09:30+00:00","description":"Estudia Enfermer\u00eda en la UDD, carrera que te brindar\u00e1 enormes satisfacciones profesionales y personales.","breadcrumb":{"@id":"https:\/\/medicina.udd.cl\/enfermeria-santiago\/descripcion\/palabras-de-la-directora\/#breadcrumb"},"inLanguage":"es","potentialAction":[{"@type":"ReadAction","target":["https:\/\/medicina.udd.cl\/enfermeria-santiago\/descripcion\/palabras-de-la-directora\/"]}]},{"@type":"BreadcrumbList","@id":"https:\/\/medicina.udd.cl\/enfermeria-santiago\/descripcion\/palabras-de-la-directora\/#breadcrumb","itemListElement":[{"@type":"ListItem","position":1,"name":"Home","item":"https:\/\/medicina.udd.cl\/enfermeria-santiago\/"},{"@type":"ListItem","position":2,"name":"Descripci\u00f3n","item":"https:\/\/medicina.udd.cl\/enfermeria-santiago\/descripcion\/"},{"@type":"ListItem","position":3,"name":"Palabras de la directora"}]},{"@type":"WebSite","@id":"https:\/\/medicina.udd.cl\/enfermeria-santiago\/#website","url":"https:\/\/medicina.udd.cl\/enfermeria-santiago\/","name":"Enfermer\u00eda UDD","description":"Facultad de Medicina Cl\u00ednica Alemana Universidad del Desarrollo","inLanguage":"es"}]}},"_links":{"self":[{"href":"https:\/\/medicina.udd.cl\/enfermeria-santiago\/wp-json\/wp\/v2\/pages\/14","targetHints":{"allow":["GET"]}}],"collection":[{"href":"https:\/\/medicina.udd.cl\/enfermeria-santiago\/wp-json\/wp\/v2\/pages"}],"about":[{"href":"https:\/\/medicina.udd.cl\/enfermeria-santiago\/wp-json\/wp\/v2\/types\/page"}],"author":[{"embeddable":true,"href":"https:\/\/medicina.udd.cl\/enfermeria-santiago\/wp-json\/wp\/v2\/users\/1"}],"replies":[{"embeddable":true,"href":"https:\/\/medicina.udd.cl\/enfermeria-santiago\/wp-json\/wp\/v2\/comments?post=14"}],"version-history":[{"count":23,"href":"https:\/\/medicina.udd.cl\/enfermeria-santiago\/wp-json\/wp\/v2\/pages\/14\/revisions"}],"predecessor-version":[{"id":4239,"href":"https:\/\/medicina.udd.cl\/enfermeria-santiago\/wp-json\/wp\/v2\/pages\/14\/revisions\/4239"}],"up":[{"embeddable":true,"href":"https:\/\/medicina.udd.cl\/enfermeria-santiago\/wp-json\/wp\/v2\/pages\/9"}],"wp:attachment":[{"href":"https:\/\/medicina.udd.cl\/enfermeria-santiago\/wp-json\/wp\/v2\/media?parent=14"}],"curies":[{"name":"wp","href":"https:\/\/api.w.org\/{rel}","templated":true}]}}