{"id":1684,"date":"2013-08-08T12:07:09","date_gmt":"2013-08-08T16:07:09","guid":{"rendered":"http:\/\/medicina.udd.cl\/enfermeria-santiago\/?page_id=1684"},"modified":"2016-09-21T11:07:12","modified_gmt":"2016-09-21T14:07:12","slug":"perfil-del-docente","status":"publish","type":"page","link":"https:\/\/medicina.udd.cl\/enfermeria-santiago\/nuestros-docentes\/perfil-del-docente\/","title":{"rendered":"Perfil del Docente"},"content":{"rendered":"<p style=\"text-align: justify\"><a href=\"http:\/\/medicina.udd.cl\/enfermeria-santiago\/files\/2013\/08\/perfil-docente.jpg\" rel=\"attachment wp-att-3616\"><img loading=\"lazy\" decoding=\"async\" class=\"alignnone wp-image-3616\" src=\"http:\/\/medicina.udd.cl\/enfermeria-santiago\/files\/2013\/08\/perfil-docente-300x100.jpg\" alt=\"perfil docente\" width=\"429\" height=\"143\" srcset=\"https:\/\/medicina.udd.cl\/enfermeria-santiago\/files\/2013\/08\/perfil-docente-300x100.jpg 300w, https:\/\/medicina.udd.cl\/enfermeria-santiago\/files\/2013\/08\/perfil-docente-768x256.jpg 768w, https:\/\/medicina.udd.cl\/enfermeria-santiago\/files\/2013\/08\/perfil-docente-1024x341.jpg 1024w, https:\/\/medicina.udd.cl\/enfermeria-santiago\/files\/2013\/08\/perfil-docente-960x320.jpg 960w\" sizes=\"auto, (max-width: 429px) 100vw, 429px\" \/><\/a><\/p>\n<p style=\"text-align: justify\">El docente debe ser un profesional que debe estar convencido sobre el papel clave que le corresponde desempe\u00f1ar en la formaci\u00f3n de los futuros profesionales. La carrera de Enfermer\u00eda cuenta con un Perfil Docente que es com\u00fan para todas las carreras de la salud de la Instituci\u00f3n, que orienta y gu\u00eda las pr\u00e1cticas de ense\u00f1anza.<\/p>\n<p style=\"text-align: justify\">Es por esto que en el marco del Perfil Docente UDD y a trav\u00e9s de un estudio cualitativo, se elabor\u00f3 el siguiente Perfil del Docente para la carrera de Enfermer\u00eda:<\/p>\n<ol>\n<li style=\"text-align: justify\"><strong>Dominio de su disciplina:<\/strong> El docente se caracteriza por poseer una trayectoria profesional fortalecida por educaci\u00f3n continua y\/o especializaci\u00f3n que avala la disciplina que imparte.<\/li>\n<li style=\"text-align: justify\"><strong>Modelo:<\/strong> Act\u00faa de manera \u00e9tica al realizar su labor docente y asistencial, mostrando dominio de su disciplina, respeto por el estudiante, paciente y equipo de salud, manteniendo coherencia entre su discurso y su acci\u00f3n, por lo que es un referente para sus estudiantes.<\/li>\n<li style=\"text-align: justify\"><strong>Motivaci\u00f3n:<\/strong> Estimula a los estudiantes a aprender, vinculando los contenidos tratados con la pr\u00e1ctica profesional, y mostrando una actitud positiva hacia su labor docente y asistencial.<\/li>\n<li style=\"text-align: justify\"><strong>Compromiso:<\/strong> Establece como objetivo principal de su labor docente el aprendizaje de sus estudiantes, adaptando estrategias a los distintos tipos, mostrando tolerancia y desarrollando una relaci\u00f3n positiva con ellos.<\/li>\n<li style=\"text-align: justify\"><strong>Habilidades pedag\u00f3gicas:<\/strong> Aplica herramientas pedag\u00f3gicas de planificaci\u00f3n, metodol\u00f3gicas, evaluaci\u00f3n y retroalimentaci\u00f3n centradas en el estudiante, que favorecen el logro del Perfil de Egreso, empleando la habilidad de transposici\u00f3n pedag\u00f3gica para entregar sus conocimientos.<\/li>\n<li style=\"text-align: justify\"><strong>Responsabilidad curricular:<\/strong> Participa activamente en el logro del Perfil de Egreso profesional por parte de sus alumnos al dise\u00f1ar y\/o aplicar el Programa de Asignatura en la cual participa. Adem\u00e1s, realiza una evaluaci\u00f3n permanente de \u00e9ste.<\/li>\n<li style=\"text-align: justify\"><strong>Pr\u00e1ctica reflexiva:<\/strong> Identifica debilidades y fortalezas del proceso de ense\u00ad\u00f1anza-aprendizaje, que le permiten proponer mejoras a su labor, a trav\u00e9s de un an\u00e1lisis cr\u00edtico y reflexivo.<\/li>\n<\/ol>\n<p style=\"text-align: justify\">Se suma a estas caracter\u00edsticas del Perfil Docente la siguiente competencia definida por la UDD en su Proyecto Educativo 2010:<\/p>\n<p style=\"text-align: justify\"><strong>Compromiso con la Misi\u00f3n Institucional:<\/strong> Relacionado con la valoraci\u00f3n, aplicaci\u00f3n y difusi\u00f3n en el contexto universitario de los principios b\u00e1sicos que la UDD ha definido en su misi\u00f3n. Implica compartir el sello de nuestra Universidad, desarrollando un sentido de pertenencia y cooperaci\u00f3n. Los docentes de la UDD demuestran excelencia profesional, acad\u00e9mica y personal y un compromiso activo con el desarrollo de la sociedad. Al interior de las aulas promueven actitudes de respeto y responsabilidad a partir de una relaci\u00f3n personalizada y cercana, con un sentido \u00e9tico del trabajo y la orientaci\u00f3n hacia el desarrollo del emprendimiento y el liderazgo. Este Perfil Docente en base a competencias es el que orienta y gu\u00eda las pr\u00e1cticas de ense\u00f1anza en la carrera de Enfermer\u00eda UDD.<\/p>\n","protected":false},"excerpt":{"rendered":"<p>El docente debe ser un profesional que debe estar convencido sobre el papel clave que le corresponde desempe\u00f1ar en la formaci\u00f3n de los futuros profesionales. La carrera de Enfermer\u00eda cuenta con un Perfil Docente que es com\u00fan para todas las carreras de la salud de la Instituci\u00f3n, que orienta y gu\u00eda las pr\u00e1cticas de ense\u00f1anza. [&hellip;]<\/p>\n","protected":false},"author":40,"featured_media":0,"parent":11,"menu_order":0,"comment_status":"open","ping_status":"open","template":"","meta":{"footnotes":""},"class_list":["post-1684","page","type-page","status-publish","hentry"],"yoast_head":"<!-- This site is optimized with the Yoast SEO plugin v26.9 - https:\/\/yoast.com\/product\/yoast-seo-wordpress\/ -->\n<title>Perfil del Docente - Enfermer\u00eda UDD<\/title>\n<meta name=\"robots\" content=\"index, follow, max-snippet:-1, max-image-preview:large, max-video-preview:-1\" \/>\n<link rel=\"canonical\" href=\"https:\/\/medicina.udd.cl\/enfermeria-santiago\/nuestros-docentes\/perfil-del-docente\/\" \/>\n<meta property=\"og:locale\" content=\"es_ES\" \/>\n<meta property=\"og:type\" content=\"article\" \/>\n<meta property=\"og:title\" content=\"Perfil del Docente - Enfermer\u00eda UDD\" \/>\n<meta property=\"og:description\" content=\"El docente debe ser un profesional que debe estar convencido sobre el papel clave que le corresponde desempe\u00f1ar en la formaci\u00f3n de los futuros profesionales. La carrera de Enfermer\u00eda cuenta con un Perfil Docente que es com\u00fan para todas las carreras de la salud de la Instituci\u00f3n, que orienta y gu\u00eda las pr\u00e1cticas de ense\u00f1anza. [&hellip;]\" \/>\n<meta property=\"og:url\" content=\"https:\/\/medicina.udd.cl\/enfermeria-santiago\/nuestros-docentes\/perfil-del-docente\/\" \/>\n<meta property=\"og:site_name\" content=\"Enfermer\u00eda UDD\" \/>\n<meta property=\"article:modified_time\" content=\"2016-09-21T14:07:12+00:00\" \/>\n<meta property=\"og:image\" content=\"http:\/\/medicina.udd.cl\/enfermeria-santiago\/files\/2013\/08\/perfil-docente-300x100.jpg\" \/>\n<meta name=\"twitter:label1\" content=\"Tiempo de lectura\" \/>\n\t<meta name=\"twitter:data1\" content=\"2 minutos\" \/>\n<script type=\"application\/ld+json\" class=\"yoast-schema-graph\">{\"@context\":\"https:\/\/schema.org\",\"@graph\":[{\"@type\":\"WebPage\",\"@id\":\"https:\/\/medicina.udd.cl\/enfermeria-santiago\/nuestros-docentes\/perfil-del-docente\/\",\"url\":\"https:\/\/medicina.udd.cl\/enfermeria-santiago\/nuestros-docentes\/perfil-del-docente\/\",\"name\":\"Perfil del Docente - Enfermer\u00eda UDD\",\"isPartOf\":{\"@id\":\"https:\/\/medicina.udd.cl\/enfermeria-santiago\/#website\"},\"primaryImageOfPage\":{\"@id\":\"https:\/\/medicina.udd.cl\/enfermeria-santiago\/nuestros-docentes\/perfil-del-docente\/#primaryimage\"},\"image\":{\"@id\":\"https:\/\/medicina.udd.cl\/enfermeria-santiago\/nuestros-docentes\/perfil-del-docente\/#primaryimage\"},\"thumbnailUrl\":\"http:\/\/medicina.udd.cl\/enfermeria-santiago\/files\/2013\/08\/perfil-docente-300x100.jpg\",\"datePublished\":\"2013-08-08T16:07:09+00:00\",\"dateModified\":\"2016-09-21T14:07:12+00:00\",\"breadcrumb\":{\"@id\":\"https:\/\/medicina.udd.cl\/enfermeria-santiago\/nuestros-docentes\/perfil-del-docente\/#breadcrumb\"},\"inLanguage\":\"es\",\"potentialAction\":[{\"@type\":\"ReadAction\",\"target\":[\"https:\/\/medicina.udd.cl\/enfermeria-santiago\/nuestros-docentes\/perfil-del-docente\/\"]}]},{\"@type\":\"ImageObject\",\"inLanguage\":\"es\",\"@id\":\"https:\/\/medicina.udd.cl\/enfermeria-santiago\/nuestros-docentes\/perfil-del-docente\/#primaryimage\",\"url\":\"http:\/\/medicina.udd.cl\/enfermeria-santiago\/files\/2013\/08\/perfil-docente-300x100.jpg\",\"contentUrl\":\"http:\/\/medicina.udd.cl\/enfermeria-santiago\/files\/2013\/08\/perfil-docente-300x100.jpg\"},{\"@type\":\"BreadcrumbList\",\"@id\":\"https:\/\/medicina.udd.cl\/enfermeria-santiago\/nuestros-docentes\/perfil-del-docente\/#breadcrumb\",\"itemListElement\":[{\"@type\":\"ListItem\",\"position\":1,\"name\":\"Home\",\"item\":\"https:\/\/medicina.udd.cl\/enfermeria-santiago\/\"},{\"@type\":\"ListItem\",\"position\":2,\"name\":\"Nuestros docentes\",\"item\":\"https:\/\/medicina.udd.cl\/enfermeria-santiago\/nuestros-docentes\/\"},{\"@type\":\"ListItem\",\"position\":3,\"name\":\"Perfil del Docente\"}]},{\"@type\":\"WebSite\",\"@id\":\"https:\/\/medicina.udd.cl\/enfermeria-santiago\/#website\",\"url\":\"https:\/\/medicina.udd.cl\/enfermeria-santiago\/\",\"name\":\"Enfermer\u00eda UDD\",\"description\":\"Facultad de Medicina Cl\u00ednica Alemana Universidad del Desarrollo\",\"inLanguage\":\"es\"}]}<\/script>\n<!-- \/ Yoast SEO plugin. -->","yoast_head_json":{"title":"Perfil del Docente - Enfermer\u00eda UDD","robots":{"index":"index","follow":"follow","max-snippet":"max-snippet:-1","max-image-preview":"max-image-preview:large","max-video-preview":"max-video-preview:-1"},"canonical":"https:\/\/medicina.udd.cl\/enfermeria-santiago\/nuestros-docentes\/perfil-del-docente\/","og_locale":"es_ES","og_type":"article","og_title":"Perfil del Docente - Enfermer\u00eda UDD","og_description":"El docente debe ser un profesional que debe estar convencido sobre el papel clave que le corresponde desempe\u00f1ar en la formaci\u00f3n de los futuros profesionales. La carrera de Enfermer\u00eda cuenta con un Perfil Docente que es com\u00fan para todas las carreras de la salud de la Instituci\u00f3n, que orienta y gu\u00eda las pr\u00e1cticas de ense\u00f1anza. [&hellip;]","og_url":"https:\/\/medicina.udd.cl\/enfermeria-santiago\/nuestros-docentes\/perfil-del-docente\/","og_site_name":"Enfermer\u00eda UDD","article_modified_time":"2016-09-21T14:07:12+00:00","og_image":[{"url":"http:\/\/medicina.udd.cl\/enfermeria-santiago\/files\/2013\/08\/perfil-docente-300x100.jpg","type":"","width":"","height":""}],"twitter_misc":{"Tiempo de lectura":"2 minutos"},"schema":{"@context":"https:\/\/schema.org","@graph":[{"@type":"WebPage","@id":"https:\/\/medicina.udd.cl\/enfermeria-santiago\/nuestros-docentes\/perfil-del-docente\/","url":"https:\/\/medicina.udd.cl\/enfermeria-santiago\/nuestros-docentes\/perfil-del-docente\/","name":"Perfil del Docente - Enfermer\u00eda UDD","isPartOf":{"@id":"https:\/\/medicina.udd.cl\/enfermeria-santiago\/#website"},"primaryImageOfPage":{"@id":"https:\/\/medicina.udd.cl\/enfermeria-santiago\/nuestros-docentes\/perfil-del-docente\/#primaryimage"},"image":{"@id":"https:\/\/medicina.udd.cl\/enfermeria-santiago\/nuestros-docentes\/perfil-del-docente\/#primaryimage"},"thumbnailUrl":"http:\/\/medicina.udd.cl\/enfermeria-santiago\/files\/2013\/08\/perfil-docente-300x100.jpg","datePublished":"2013-08-08T16:07:09+00:00","dateModified":"2016-09-21T14:07:12+00:00","breadcrumb":{"@id":"https:\/\/medicina.udd.cl\/enfermeria-santiago\/nuestros-docentes\/perfil-del-docente\/#breadcrumb"},"inLanguage":"es","potentialAction":[{"@type":"ReadAction","target":["https:\/\/medicina.udd.cl\/enfermeria-santiago\/nuestros-docentes\/perfil-del-docente\/"]}]},{"@type":"ImageObject","inLanguage":"es","@id":"https:\/\/medicina.udd.cl\/enfermeria-santiago\/nuestros-docentes\/perfil-del-docente\/#primaryimage","url":"http:\/\/medicina.udd.cl\/enfermeria-santiago\/files\/2013\/08\/perfil-docente-300x100.jpg","contentUrl":"http:\/\/medicina.udd.cl\/enfermeria-santiago\/files\/2013\/08\/perfil-docente-300x100.jpg"},{"@type":"BreadcrumbList","@id":"https:\/\/medicina.udd.cl\/enfermeria-santiago\/nuestros-docentes\/perfil-del-docente\/#breadcrumb","itemListElement":[{"@type":"ListItem","position":1,"name":"Home","item":"https:\/\/medicina.udd.cl\/enfermeria-santiago\/"},{"@type":"ListItem","position":2,"name":"Nuestros docentes","item":"https:\/\/medicina.udd.cl\/enfermeria-santiago\/nuestros-docentes\/"},{"@type":"ListItem","position":3,"name":"Perfil del Docente"}]},{"@type":"WebSite","@id":"https:\/\/medicina.udd.cl\/enfermeria-santiago\/#website","url":"https:\/\/medicina.udd.cl\/enfermeria-santiago\/","name":"Enfermer\u00eda UDD","description":"Facultad de Medicina Cl\u00ednica Alemana Universidad del Desarrollo","inLanguage":"es"}]}},"_links":{"self":[{"href":"https:\/\/medicina.udd.cl\/enfermeria-santiago\/wp-json\/wp\/v2\/pages\/1684","targetHints":{"allow":["GET"]}}],"collection":[{"href":"https:\/\/medicina.udd.cl\/enfermeria-santiago\/wp-json\/wp\/v2\/pages"}],"about":[{"href":"https:\/\/medicina.udd.cl\/enfermeria-santiago\/wp-json\/wp\/v2\/types\/page"}],"author":[{"embeddable":true,"href":"https:\/\/medicina.udd.cl\/enfermeria-santiago\/wp-json\/wp\/v2\/users\/40"}],"replies":[{"embeddable":true,"href":"https:\/\/medicina.udd.cl\/enfermeria-santiago\/wp-json\/wp\/v2\/comments?post=1684"}],"version-history":[{"count":8,"href":"https:\/\/medicina.udd.cl\/enfermeria-santiago\/wp-json\/wp\/v2\/pages\/1684\/revisions"}],"predecessor-version":[{"id":3617,"href":"https:\/\/medicina.udd.cl\/enfermeria-santiago\/wp-json\/wp\/v2\/pages\/1684\/revisions\/3617"}],"up":[{"embeddable":true,"href":"https:\/\/medicina.udd.cl\/enfermeria-santiago\/wp-json\/wp\/v2\/pages\/11"}],"wp:attachment":[{"href":"https:\/\/medicina.udd.cl\/enfermeria-santiago\/wp-json\/wp\/v2\/media?parent=1684"}],"curies":[{"name":"wp","href":"https:\/\/api.w.org\/{rel}","templated":true}]}}