{"id":19,"date":"2010-03-31T19:35:03","date_gmt":"2010-03-31T23:35:03","guid":{"rendered":"http:\/\/medicina.udd.cl\/enfermeria\/admision\/coordinador-de-admision\/"},"modified":"2024-12-11T17:22:02","modified_gmt":"2024-12-11T20:22:02","slug":"coordinador-de-admision","status":"publish","type":"page","link":"https:\/\/medicina.udd.cl\/enfermeria-santiago\/admision\/coordinador-de-admision\/","title":{"rendered":"Solicitar Informaci\u00f3n"},"content":{"rendered":"<p>Para consultas dirigirse a:<\/p>\n<p>Marcia Carolina Aragay Rodr\u00edguez<br \/>Coordinadora de Admisi\u00f3n<br \/><a href=\"mailto:maragay@udd.cl\">maragay@udd.cl<\/a><br \/>Fono: +569 3610 1867<\/p>\n\n<iframe src=\"https:\/\/crmadmision.udd.cl\/formulario_alumno_web_carrera\/index.php?cod_carrera=1801&#038;cod_sede=1\" width=\"100%\" height=\"3000\" loading=\"lazy\" frameborder=\"0\" scrolling=\"no\"><\/iframe>\n","protected":false},"excerpt":{"rendered":"<p>Para consultas dirigirse a: Marcia Carolina Aragay Rodr\u00edguezCoordinadora de Admisi\u00f3nmaragay@udd.clFono: +569 3610 1867<\/p>\n","protected":false},"author":1,"featured_media":0,"parent":5834,"menu_order":50,"comment_status":"open","ping_status":"open","template":"","meta":{"footnotes":""},"class_list":["post-19","page","type-page","status-publish","hentry"],"yoast_head":"<!-- This site is optimized with the Yoast SEO plugin v26.9 - https:\/\/yoast.com\/product\/yoast-seo-wordpress\/ -->\n<title>Coordinadora de Admisi\u00f3n |Carrera de Enfermer\u00eda (Santiago)| Admisi\u00f3n 2025 UDD<\/title>\n<meta name=\"description\" content=\"\u00bfTienes dudas respecto a la carrera de Enfermer\u00eda en la UDD?, cont\u00e1ctanos y te responderemos a la brevedad.\" \/>\n<meta name=\"robots\" content=\"index, follow, max-snippet:-1, max-image-preview:large, max-video-preview:-1\" \/>\n<link rel=\"canonical\" href=\"https:\/\/medicina.udd.cl\/enfermeria-santiago\/admision\/coordinador-de-admision\/\" \/>\n<meta property=\"og:locale\" content=\"es_ES\" \/>\n<meta property=\"og:type\" content=\"article\" \/>\n<meta property=\"og:title\" content=\"Coordinadora de Admisi\u00f3n |Carrera de Enfermer\u00eda (Santiago)| Admisi\u00f3n 2025 UDD\" \/>\n<meta property=\"og:description\" content=\"\u00bfTienes dudas respecto a la carrera de Enfermer\u00eda en la UDD?, cont\u00e1ctanos y te responderemos a la brevedad.\" \/>\n<meta property=\"og:url\" content=\"https:\/\/medicina.udd.cl\/enfermeria-santiago\/admision\/coordinador-de-admision\/\" \/>\n<meta property=\"og:site_name\" content=\"Enfermer\u00eda UDD\" \/>\n<meta property=\"article:modified_time\" content=\"2024-12-11T20:22:02+00:00\" \/>\n<meta name=\"twitter:label1\" content=\"Tiempo de lectura\" \/>\n\t<meta name=\"twitter:data1\" content=\"1 minuto\" \/>\n<script type=\"application\/ld+json\" class=\"yoast-schema-graph\">{\"@context\":\"https:\/\/schema.org\",\"@graph\":[{\"@type\":\"WebPage\",\"@id\":\"https:\/\/medicina.udd.cl\/enfermeria-santiago\/admision\/coordinador-de-admision\/\",\"url\":\"https:\/\/medicina.udd.cl\/enfermeria-santiago\/admision\/coordinador-de-admision\/\",\"name\":\"Coordinadora de Admisi\u00f3n |Carrera de Enfermer\u00eda (Santiago)| Admisi\u00f3n 2025 UDD\",\"isPartOf\":{\"@id\":\"https:\/\/medicina.udd.cl\/enfermeria-santiago\/#website\"},\"datePublished\":\"2010-03-31T23:35:03+00:00\",\"dateModified\":\"2024-12-11T20:22:02+00:00\",\"description\":\"\u00bfTienes dudas respecto a la carrera de Enfermer\u00eda en la UDD?, cont\u00e1ctanos y te responderemos a la brevedad.\",\"breadcrumb\":{\"@id\":\"https:\/\/medicina.udd.cl\/enfermeria-santiago\/admision\/coordinador-de-admision\/#breadcrumb\"},\"inLanguage\":\"es\",\"potentialAction\":[{\"@type\":\"ReadAction\",\"target\":[\"https:\/\/medicina.udd.cl\/enfermeria-santiago\/admision\/coordinador-de-admision\/\"]}]},{\"@type\":\"BreadcrumbList\",\"@id\":\"https:\/\/medicina.udd.cl\/enfermeria-santiago\/admision\/coordinador-de-admision\/#breadcrumb\",\"itemListElement\":[{\"@type\":\"ListItem\",\"position\":1,\"name\":\"Home\",\"item\":\"https:\/\/medicina.udd.cl\/enfermeria-santiago\/\"},{\"@type\":\"ListItem\",\"position\":2,\"name\":\"Admisi\u00f3n\",\"item\":\"https:\/\/medicina.udd.cl\/enfermeria-santiago\/admision\/\"},{\"@type\":\"ListItem\",\"position\":3,\"name\":\"Solicitar Informaci\u00f3n\"}]},{\"@type\":\"WebSite\",\"@id\":\"https:\/\/medicina.udd.cl\/enfermeria-santiago\/#website\",\"url\":\"https:\/\/medicina.udd.cl\/enfermeria-santiago\/\",\"name\":\"Enfermer\u00eda UDD\",\"description\":\"Facultad de Medicina Cl\u00ednica Alemana Universidad del Desarrollo\",\"inLanguage\":\"es\"}]}<\/script>\n<!-- \/ Yoast SEO plugin. -->","yoast_head_json":{"title":"Coordinadora de Admisi\u00f3n |Carrera de Enfermer\u00eda (Santiago)| Admisi\u00f3n 2025 UDD","description":"\u00bfTienes dudas respecto a la carrera de Enfermer\u00eda en la UDD?, cont\u00e1ctanos y te responderemos a la brevedad.","robots":{"index":"index","follow":"follow","max-snippet":"max-snippet:-1","max-image-preview":"max-image-preview:large","max-video-preview":"max-video-preview:-1"},"canonical":"https:\/\/medicina.udd.cl\/enfermeria-santiago\/admision\/coordinador-de-admision\/","og_locale":"es_ES","og_type":"article","og_title":"Coordinadora de Admisi\u00f3n |Carrera de Enfermer\u00eda (Santiago)| Admisi\u00f3n 2025 UDD","og_description":"\u00bfTienes dudas respecto a la carrera de Enfermer\u00eda en la UDD?, cont\u00e1ctanos y te responderemos a la brevedad.","og_url":"https:\/\/medicina.udd.cl\/enfermeria-santiago\/admision\/coordinador-de-admision\/","og_site_name":"Enfermer\u00eda UDD","article_modified_time":"2024-12-11T20:22:02+00:00","twitter_misc":{"Tiempo de lectura":"1 minuto"},"schema":{"@context":"https:\/\/schema.org","@graph":[{"@type":"WebPage","@id":"https:\/\/medicina.udd.cl\/enfermeria-santiago\/admision\/coordinador-de-admision\/","url":"https:\/\/medicina.udd.cl\/enfermeria-santiago\/admision\/coordinador-de-admision\/","name":"Coordinadora de Admisi\u00f3n |Carrera de Enfermer\u00eda (Santiago)| Admisi\u00f3n 2025 UDD","isPartOf":{"@id":"https:\/\/medicina.udd.cl\/enfermeria-santiago\/#website"},"datePublished":"2010-03-31T23:35:03+00:00","dateModified":"2024-12-11T20:22:02+00:00","description":"\u00bfTienes dudas respecto a la carrera de Enfermer\u00eda en la UDD?, cont\u00e1ctanos y te responderemos a la brevedad.","breadcrumb":{"@id":"https:\/\/medicina.udd.cl\/enfermeria-santiago\/admision\/coordinador-de-admision\/#breadcrumb"},"inLanguage":"es","potentialAction":[{"@type":"ReadAction","target":["https:\/\/medicina.udd.cl\/enfermeria-santiago\/admision\/coordinador-de-admision\/"]}]},{"@type":"BreadcrumbList","@id":"https:\/\/medicina.udd.cl\/enfermeria-santiago\/admision\/coordinador-de-admision\/#breadcrumb","itemListElement":[{"@type":"ListItem","position":1,"name":"Home","item":"https:\/\/medicina.udd.cl\/enfermeria-santiago\/"},{"@type":"ListItem","position":2,"name":"Admisi\u00f3n","item":"https:\/\/medicina.udd.cl\/enfermeria-santiago\/admision\/"},{"@type":"ListItem","position":3,"name":"Solicitar Informaci\u00f3n"}]},{"@type":"WebSite","@id":"https:\/\/medicina.udd.cl\/enfermeria-santiago\/#website","url":"https:\/\/medicina.udd.cl\/enfermeria-santiago\/","name":"Enfermer\u00eda UDD","description":"Facultad de Medicina Cl\u00ednica Alemana Universidad del Desarrollo","inLanguage":"es"}]}},"_links":{"self":[{"href":"https:\/\/medicina.udd.cl\/enfermeria-santiago\/wp-json\/wp\/v2\/pages\/19","targetHints":{"allow":["GET"]}}],"collection":[{"href":"https:\/\/medicina.udd.cl\/enfermeria-santiago\/wp-json\/wp\/v2\/pages"}],"about":[{"href":"https:\/\/medicina.udd.cl\/enfermeria-santiago\/wp-json\/wp\/v2\/types\/page"}],"author":[{"embeddable":true,"href":"https:\/\/medicina.udd.cl\/enfermeria-santiago\/wp-json\/wp\/v2\/users\/1"}],"replies":[{"embeddable":true,"href":"https:\/\/medicina.udd.cl\/enfermeria-santiago\/wp-json\/wp\/v2\/comments?post=19"}],"version-history":[{"count":50,"href":"https:\/\/medicina.udd.cl\/enfermeria-santiago\/wp-json\/wp\/v2\/pages\/19\/revisions"}],"predecessor-version":[{"id":9345,"href":"https:\/\/medicina.udd.cl\/enfermeria-santiago\/wp-json\/wp\/v2\/pages\/19\/revisions\/9345"}],"up":[{"embeddable":true,"href":"https:\/\/medicina.udd.cl\/enfermeria-santiago\/wp-json\/wp\/v2\/pages\/5834"}],"wp:attachment":[{"href":"https:\/\/medicina.udd.cl\/enfermeria-santiago\/wp-json\/wp\/v2\/media?parent=19"}],"curies":[{"name":"wp","href":"https:\/\/api.w.org\/{rel}","templated":true}]}}