{"id":2402,"date":"2014-07-29T10:24:58","date_gmt":"2014-07-29T14:24:58","guid":{"rendered":"http:\/\/medicina.udd.cl\/enfermeria-santiago\/?page_id=2402"},"modified":"2017-08-21T17:48:46","modified_gmt":"2017-08-21T20:48:46","slug":"laboratorio-de-simulacion","status":"publish","type":"page","link":"https:\/\/medicina.udd.cl\/enfermeria-santiago\/laboratorio-de-simulacion\/","title":{"rendered":"Laboratorio de Simulaci\u00f3n"},"content":{"rendered":"<div id=\"gallery-1\" class=\"carousel slide carousel-gallery\" data-ride=\"false\" data-interval=\"false\"><div class=\"carousel-inner\" role=\"listbox\"><figure class=\"carousel-item active\"><img loading=\"lazy\" decoding=\"async\" width=\"810\" height=\"534\" src=\"https:\/\/medicina.udd.cl\/enfermeria-santiago\/files\/2014\/07\/Capacitaci\u00f3n-en-Simulaci\u00f3n-para-profesores-de-Enfermer\u00eda.-Simulaci\u00f3n-de-un-parto.jpg\" class=\"attachment-landscape_952 size-landscape_952\" alt=\"\" srcset=\"https:\/\/medicina.udd.cl\/enfermeria-santiago\/files\/2014\/07\/Capacitaci\u00f3n-en-Simulaci\u00f3n-para-profesores-de-Enfermer\u00eda.-Simulaci\u00f3n-de-un-parto.jpg 2279w, https:\/\/medicina.udd.cl\/enfermeria-santiago\/files\/2014\/07\/Capacitaci\u00f3n-en-Simulaci\u00f3n-para-profesores-de-Enfermer\u00eda.-Simulaci\u00f3n-de-un-parto-300x198.jpg 300w, https:\/\/medicina.udd.cl\/enfermeria-santiago\/files\/2014\/07\/Capacitaci\u00f3n-en-Simulaci\u00f3n-para-profesores-de-Enfermer\u00eda.-Simulaci\u00f3n-de-un-parto-768x506.jpg 768w, https:\/\/medicina.udd.cl\/enfermeria-santiago\/files\/2014\/07\/Capacitaci\u00f3n-en-Simulaci\u00f3n-para-profesores-de-Enfermer\u00eda.-Simulaci\u00f3n-de-un-parto-1024x675.jpg 1024w, https:\/\/medicina.udd.cl\/enfermeria-santiago\/files\/2014\/07\/Capacitaci\u00f3n-en-Simulaci\u00f3n-para-profesores-de-Enfermer\u00eda.-Simulaci\u00f3n-de-un-parto-960x633.jpg 960w\" sizes=\"auto, (max-width: 810px) 100vw, 810px\" \/><\/figure><figure class=\"carousel-item\"><img loading=\"lazy\" decoding=\"async\" width=\"952\" height=\"484\" src=\"https:\/\/medicina.udd.cl\/enfermeria-santiago\/files\/2014\/07\/Sala-de-Simulaci\u00f3n-M\u00f3dulo-3-HPH.jpg\" class=\"attachment-landscape_952 size-landscape_952\" alt=\"\" srcset=\"https:\/\/medicina.udd.cl\/enfermeria-santiago\/files\/2014\/07\/Sala-de-Simulaci\u00f3n-M\u00f3dulo-3-HPH.jpg 2505w, https:\/\/medicina.udd.cl\/enfermeria-santiago\/files\/2014\/07\/Sala-de-Simulaci\u00f3n-M\u00f3dulo-3-HPH-300x152.jpg 300w, https:\/\/medicina.udd.cl\/enfermeria-santiago\/files\/2014\/07\/Sala-de-Simulaci\u00f3n-M\u00f3dulo-3-HPH-768x390.jpg 768w, https:\/\/medicina.udd.cl\/enfermeria-santiago\/files\/2014\/07\/Sala-de-Simulaci\u00f3n-M\u00f3dulo-3-HPH-1024x520.jpg 1024w, https:\/\/medicina.udd.cl\/enfermeria-santiago\/files\/2014\/07\/Sala-de-Simulaci\u00f3n-M\u00f3dulo-3-HPH-960x488.jpg 960w\" sizes=\"auto, (max-width: 952px) 100vw, 952px\" \/><\/figure><figure class=\"carousel-item\"><img loading=\"lazy\" decoding=\"async\" width=\"801\" height=\"534\" src=\"https:\/\/medicina.udd.cl\/enfermeria-santiago\/files\/2014\/07\/IMG_6152.jpg\" class=\"attachment-landscape_952 size-landscape_952\" alt=\"\" srcset=\"https:\/\/medicina.udd.cl\/enfermeria-santiago\/files\/2014\/07\/IMG_6152.jpg 3456w, https:\/\/medicina.udd.cl\/enfermeria-santiago\/files\/2014\/07\/IMG_6152-300x200.jpg 300w, https:\/\/medicina.udd.cl\/enfermeria-santiago\/files\/2014\/07\/IMG_6152-768x512.jpg 768w, https:\/\/medicina.udd.cl\/enfermeria-santiago\/files\/2014\/07\/IMG_6152-1024x683.jpg 1024w, https:\/\/medicina.udd.cl\/enfermeria-santiago\/files\/2014\/07\/IMG_6152-960x640.jpg 960w\" sizes=\"auto, (max-width: 801px) 100vw, 801px\" \/><\/figure><figure class=\"carousel-item\"><img loading=\"lazy\" decoding=\"async\" width=\"747\" height=\"534\" src=\"https:\/\/medicina.udd.cl\/enfermeria-santiago\/files\/2014\/07\/T\u00e9cnico-en-Simulaci\u00f3n-Harem-Y\u00e1\u00f1ez-y-encargada-de-la-Sala-de-Simulaci\u00f3n-Viviana-Acevedo1.jpg\" class=\"attachment-landscape_952 size-landscape_952\" alt=\"\" srcset=\"https:\/\/medicina.udd.cl\/enfermeria-santiago\/files\/2014\/07\/T\u00e9cnico-en-Simulaci\u00f3n-Harem-Y\u00e1\u00f1ez-y-encargada-de-la-Sala-de-Simulaci\u00f3n-Viviana-Acevedo1.jpg 1485w, https:\/\/medicina.udd.cl\/enfermeria-santiago\/files\/2014\/07\/T\u00e9cnico-en-Simulaci\u00f3n-Harem-Y\u00e1\u00f1ez-y-encargada-de-la-Sala-de-Simulaci\u00f3n-Viviana-Acevedo1-300x215.jpg 300w, https:\/\/medicina.udd.cl\/enfermeria-santiago\/files\/2014\/07\/T\u00e9cnico-en-Simulaci\u00f3n-Harem-Y\u00e1\u00f1ez-y-encargada-de-la-Sala-de-Simulaci\u00f3n-Viviana-Acevedo1-768x549.jpg 768w, https:\/\/medicina.udd.cl\/enfermeria-santiago\/files\/2014\/07\/T\u00e9cnico-en-Simulaci\u00f3n-Harem-Y\u00e1\u00f1ez-y-encargada-de-la-Sala-de-Simulaci\u00f3n-Viviana-Acevedo1-1024x732.jpg 1024w, https:\/\/medicina.udd.cl\/enfermeria-santiago\/files\/2014\/07\/T\u00e9cnico-en-Simulaci\u00f3n-Harem-Y\u00e1\u00f1ez-y-encargada-de-la-Sala-de-Simulaci\u00f3n-Viviana-Acevedo1-286x205.jpg 286w, https:\/\/medicina.udd.cl\/enfermeria-santiago\/files\/2014\/07\/T\u00e9cnico-en-Simulaci\u00f3n-Harem-Y\u00e1\u00f1ez-y-encargada-de-la-Sala-de-Simulaci\u00f3n-Viviana-Acevedo1-87x62.jpg 87w, https:\/\/medicina.udd.cl\/enfermeria-santiago\/files\/2014\/07\/T\u00e9cnico-en-Simulaci\u00f3n-Harem-Y\u00e1\u00f1ez-y-encargada-de-la-Sala-de-Simulaci\u00f3n-Viviana-Acevedo1-960x687.jpg 960w\" sizes=\"auto, (max-width: 747px) 100vw, 747px\" \/><\/figure><figure class=\"carousel-item\"><img loading=\"lazy\" decoding=\"async\" width=\"895\" height=\"534\" src=\"https:\/\/medicina.udd.cl\/enfermeria-santiago\/files\/2014\/07\/Sala-de-Simulaci\u00f3n.jpg\" class=\"attachment-landscape_952 size-landscape_952\" alt=\"\" srcset=\"https:\/\/medicina.udd.cl\/enfermeria-santiago\/files\/2014\/07\/Sala-de-Simulaci\u00f3n.jpg 3348w, https:\/\/medicina.udd.cl\/enfermeria-santiago\/files\/2014\/07\/Sala-de-Simulaci\u00f3n-300x179.jpg 300w, https:\/\/medicina.udd.cl\/enfermeria-santiago\/files\/2014\/07\/Sala-de-Simulaci\u00f3n-768x458.jpg 768w, https:\/\/medicina.udd.cl\/enfermeria-santiago\/files\/2014\/07\/Sala-de-Simulaci\u00f3n-1024x611.jpg 1024w, https:\/\/medicina.udd.cl\/enfermeria-santiago\/files\/2014\/07\/Sala-de-Simulaci\u00f3n-960x573.jpg 960w\" sizes=\"auto, (max-width: 895px) 100vw, 895px\" \/><\/figure><\/div><footer class=\"carousel-footer\"><div class=\"carousel-counter\"><span class=\"carousel-counter-current\"><\/span> \/ <span class=\"carousel-counter-total\"><\/span><\/div><a class=\"carousel-control-prev\" href=\"#gallery-1\" role=\"button\" data-slide=\"prev\"><svg aria-hidden=\"true\" class=\"svg-chevron-left-dims\"><use xlink:href='https:\/\/medicina.udd.cl\/enfermeria-santiago\/wp-content\/themes\/facultades-2018\/assets\/img\/svg\/dist\/main.svg?version=1695853099#chevron-left'><\/use><\/svg><span class=\"sr-only\">Anterior<\/span><\/a><a class=\"carousel-control-next\" href=\"#gallery-1\" role=\"button\" data-slide=\"next\"><svg aria-hidden=\"true\" class=\"svg-chevron-right-dims\"><use xlink:href='https:\/\/medicina.udd.cl\/enfermeria-santiago\/wp-content\/themes\/facultades-2018\/assets\/img\/svg\/dist\/main.svg?version=1695853099#chevron-right'><\/use><\/svg><span class=\"sr-only\">Siguiente<\/span><\/a><\/footer><\/div>\n<p style=\"text-align: justify;\">El Laboratorio de Simulaci\u00f3n de la carrera de Enfermer\u00eda se construy\u00f3 en 2012 con el objetivo darle a los estudiantes un <strong>espacio protegido para aprender pr\u00e1cticas de atenci\u00f3n en salud mediante el ensayo y el error<\/strong>.<\/p>\n<p style=\"text-align: justify;\">El Laboratorio simula un espacio cl\u00ednico, con camas, camillas, salidas de aire, ox\u00edgeno y aspiraci\u00f3n, cunas de procedimientos, escabel y lavamanos de sangre artificial, entre un sinf\u00edn de detalles que otorgan realismo y familiarizaci\u00f3n del alumno con los insumos hospitalarios.<\/p>\n<p style=\"text-align: justify;\">En ese escenario se encuentran los <strong>modelos tecnol\u00f3gicos y fantomas<\/strong> capaces de reproducir sonidos normales y patol\u00f3gicos, que permiten desarrollar las habilidades y competencias cl\u00ednicas de los estudiantes.<\/p>\n<p style=\"text-align: justify;\">El laboratorio cuenta con once fantomas pedi\u00e1tricos para intubaci\u00f3n, ventilaci\u00f3n y alimentaci\u00f3n por sondas; Noelle Vitalsim, un maniqu\u00ed de tama\u00f1o natural que a trav\u00e9s de un sistema aut\u00f3nomo simula un parto normal, que cuenta con un feto y una placenta, adem\u00e1s de \u00f3rganos genitales, \u00fatero y trompas lo que permite maniobras obst\u00e9tricas y ginecol\u00f3gicas; y el Simulador de Soporte Vital Avanzado (ALS), un monitor de paciente cr\u00edtico que finge atenciones de emergencia y que incluye un c\u00e1mara para grabar videos.<\/p>\n<p style=\"text-align: justify;\">El Laboratorio de Simulaci\u00f3n se encuentra en el <strong>M\u00f3dulo Docente III del Hospital Padre Hurtado <\/strong>y en el<strong> Campus Rector Ernesto Silva Bafalluy<\/strong> est\u00e1 la Sala de Habilidades, que cuenta con modelos de baja fidelidad para entrenar t\u00e9cnicas psicomotoras como punzaci\u00f3n, instalaci\u00f3n de v\u00edas venosas y control de signos vitales.<\/p>\n<p style=\"text-align: justify;\">Ambos espacios pueden ser utilizados por todas las carreras de la Facultad de Medicina CAS-UDD.<\/p>\n<h4 style=\"text-align: justify;\"><span style=\"color: #008080;\">Beneficios de la Simulaci\u00f3n<\/span><\/h4>\n<ul style=\"text-align: justify;\">\n<li>Entrenamiento de habilidades blandas como el trabajo en equipo y la comunicaci\u00f3n con los compa\u00f1eros y pacientes<\/li>\n<li>Repite sistem\u00e1ticamente procedimientos cl\u00ednicos, lo que genera mayor confianza en los estudiantes y mejora el manejo de habilidades psicomotoras<\/li>\n<li>Entrega un acabado entendimiento del curso, al traspasar desde la teor\u00eda a la pr\u00e1ctica los contenidos que se quieren entregar<\/li>\n<li>Es una \u00f3ptima herramienta de evaluaci\u00f3n y certificaci\u00f3n de competencias y habilidades, tanto para estudiantes de pregrado como profesionales<\/li>\n<li>Permite el posterior an\u00e1lisis y evaluaci\u00f3n del desempe\u00f1o de una actividad por parte de los mismos estudiantes, conocido como debriefing<\/li>\n<li>Minimiza los errores en una posterior atenci\u00f3n en salud<\/li>\n<\/ul>\n<h4 style=\"text-align: justify;\"><span style=\"color: #008080;\">Equipo a cargo<\/span><\/h4>\n<ul>\n<li style=\"text-align: justify;\"><a href=\"http:\/\/medicina.udd.cl\/enfermeria-santiago\/persona\/viviana-acevedo\/\"><strong>Viviana Acevedo<\/strong>,<\/a> coordinadora\u00a0del Laboratorio de Simulaci\u00f3n<\/li>\n<li style=\"text-align: justify;\"><strong><a href=\"http:\/\/medicina.udd.cl\/enfermeria-santiago\/persona\/claudia-guzman\/\">Claudia Guzm\u00e1n<\/a><\/strong>, auxiliar del Laboratorio de Simulaci\u00f3n<\/li>\n<\/ul>\n","protected":false},"excerpt":{"rendered":"<p>El Laboratorio de Simulaci\u00f3n de la carrera de Enfermer\u00eda se construy\u00f3 en 2012 con el objetivo darle a los estudiantes un espacio protegido para aprender pr\u00e1cticas de atenci\u00f3n en salud mediante el ensayo y el error. El Laboratorio simula un espacio cl\u00ednico, con camas, camillas, salidas de aire, ox\u00edgeno y aspiraci\u00f3n, cunas de procedimientos, escabel [&hellip;]<\/p>\n","protected":false},"author":40,"featured_media":0,"parent":0,"menu_order":0,"comment_status":"open","ping_status":"open","template":"","meta":{"footnotes":""},"class_list":["post-2402","page","type-page","status-publish","hentry"],"yoast_head":"<!-- This site is optimized with the Yoast SEO plugin v26.9 - https:\/\/yoast.com\/product\/yoast-seo-wordpress\/ -->\n<title>Laboratorio de Simulaci\u00f3n | Enfermer\u00eda Facultad de Medicina CAS UDD<\/title>\n<meta name=\"description\" content=\"Es un espacio protegido en donde nuestros estudiantes aprenden pr\u00e1cticas de atenci\u00f3n en salud mediante el ensayo y el error. Conoce nuestras instalaciones.\" \/>\n<meta name=\"robots\" content=\"index, follow, max-snippet:-1, max-image-preview:large, max-video-preview:-1\" \/>\n<link rel=\"canonical\" href=\"https:\/\/medicina.udd.cl\/enfermeria-santiago\/laboratorio-de-simulacion\/\" \/>\n<meta property=\"og:locale\" content=\"es_ES\" \/>\n<meta property=\"og:type\" content=\"article\" \/>\n<meta property=\"og:title\" content=\"Laboratorio de Simulaci\u00f3n | Enfermer\u00eda Facultad de Medicina CAS UDD\" \/>\n<meta property=\"og:description\" content=\"Es un espacio protegido en donde nuestros estudiantes aprenden pr\u00e1cticas de atenci\u00f3n en salud mediante el ensayo y el error. Conoce nuestras instalaciones.\" \/>\n<meta property=\"og:url\" content=\"https:\/\/medicina.udd.cl\/enfermeria-santiago\/laboratorio-de-simulacion\/\" \/>\n<meta property=\"og:site_name\" content=\"Enfermer\u00eda UDD\" \/>\n<meta property=\"article:modified_time\" content=\"2017-08-21T20:48:46+00:00\" \/>\n<meta property=\"og:image\" content=\"https:\/\/medicina.udd.cl\/enfermeria-santiago\/files\/2014\/07\/Capacitaci\u00f3n-en-Simulaci\u00f3n-para-profesores-de-Enfermer\u00eda.-Simulaci\u00f3n-de-un-parto.jpg\" \/>\n<meta name=\"twitter:label1\" content=\"Tiempo de lectura\" \/>\n\t<meta name=\"twitter:data1\" content=\"2 minutos\" \/>\n<script type=\"application\/ld+json\" class=\"yoast-schema-graph\">{\"@context\":\"https:\/\/schema.org\",\"@graph\":[{\"@type\":\"WebPage\",\"@id\":\"https:\/\/medicina.udd.cl\/enfermeria-santiago\/laboratorio-de-simulacion\/\",\"url\":\"https:\/\/medicina.udd.cl\/enfermeria-santiago\/laboratorio-de-simulacion\/\",\"name\":\"Laboratorio de Simulaci\u00f3n | Enfermer\u00eda Facultad de Medicina CAS UDD\",\"isPartOf\":{\"@id\":\"https:\/\/medicina.udd.cl\/enfermeria-santiago\/#website\"},\"datePublished\":\"2014-07-29T14:24:58+00:00\",\"dateModified\":\"2017-08-21T20:48:46+00:00\",\"description\":\"Es un espacio protegido en donde nuestros estudiantes aprenden pr\u00e1cticas de atenci\u00f3n en salud mediante el ensayo y el error. Conoce nuestras instalaciones.\",\"breadcrumb\":{\"@id\":\"https:\/\/medicina.udd.cl\/enfermeria-santiago\/laboratorio-de-simulacion\/#breadcrumb\"},\"inLanguage\":\"es\",\"potentialAction\":[{\"@type\":\"ReadAction\",\"target\":[\"https:\/\/medicina.udd.cl\/enfermeria-santiago\/laboratorio-de-simulacion\/\"]}]},{\"@type\":\"BreadcrumbList\",\"@id\":\"https:\/\/medicina.udd.cl\/enfermeria-santiago\/laboratorio-de-simulacion\/#breadcrumb\",\"itemListElement\":[{\"@type\":\"ListItem\",\"position\":1,\"name\":\"Home\",\"item\":\"https:\/\/medicina.udd.cl\/enfermeria-santiago\/\"},{\"@type\":\"ListItem\",\"position\":2,\"name\":\"Laboratorio de Simulaci\u00f3n\"}]},{\"@type\":\"WebSite\",\"@id\":\"https:\/\/medicina.udd.cl\/enfermeria-santiago\/#website\",\"url\":\"https:\/\/medicina.udd.cl\/enfermeria-santiago\/\",\"name\":\"Enfermer\u00eda UDD\",\"description\":\"Facultad de Medicina Cl\u00ednica Alemana Universidad del Desarrollo\",\"inLanguage\":\"es\"}]}<\/script>\n<!-- \/ Yoast SEO plugin. -->","yoast_head_json":{"title":"Laboratorio de Simulaci\u00f3n | Enfermer\u00eda Facultad de Medicina CAS UDD","description":"Es un espacio protegido en donde nuestros estudiantes aprenden pr\u00e1cticas de atenci\u00f3n en salud mediante el ensayo y el error. Conoce nuestras instalaciones.","robots":{"index":"index","follow":"follow","max-snippet":"max-snippet:-1","max-image-preview":"max-image-preview:large","max-video-preview":"max-video-preview:-1"},"canonical":"https:\/\/medicina.udd.cl\/enfermeria-santiago\/laboratorio-de-simulacion\/","og_locale":"es_ES","og_type":"article","og_title":"Laboratorio de Simulaci\u00f3n | Enfermer\u00eda Facultad de Medicina CAS UDD","og_description":"Es un espacio protegido en donde nuestros estudiantes aprenden pr\u00e1cticas de atenci\u00f3n en salud mediante el ensayo y el error. Conoce nuestras instalaciones.","og_url":"https:\/\/medicina.udd.cl\/enfermeria-santiago\/laboratorio-de-simulacion\/","og_site_name":"Enfermer\u00eda UDD","article_modified_time":"2017-08-21T20:48:46+00:00","og_image":[{"url":"https:\/\/medicina.udd.cl\/enfermeria-santiago\/files\/2014\/07\/Capacitaci\u00f3n-en-Simulaci\u00f3n-para-profesores-de-Enfermer\u00eda.-Simulaci\u00f3n-de-un-parto.jpg","type":"","width":"","height":""}],"twitter_misc":{"Tiempo de lectura":"2 minutos"},"schema":{"@context":"https:\/\/schema.org","@graph":[{"@type":"WebPage","@id":"https:\/\/medicina.udd.cl\/enfermeria-santiago\/laboratorio-de-simulacion\/","url":"https:\/\/medicina.udd.cl\/enfermeria-santiago\/laboratorio-de-simulacion\/","name":"Laboratorio de Simulaci\u00f3n | Enfermer\u00eda Facultad de Medicina CAS UDD","isPartOf":{"@id":"https:\/\/medicina.udd.cl\/enfermeria-santiago\/#website"},"datePublished":"2014-07-29T14:24:58+00:00","dateModified":"2017-08-21T20:48:46+00:00","description":"Es un espacio protegido en donde nuestros estudiantes aprenden pr\u00e1cticas de atenci\u00f3n en salud mediante el ensayo y el error. Conoce nuestras instalaciones.","breadcrumb":{"@id":"https:\/\/medicina.udd.cl\/enfermeria-santiago\/laboratorio-de-simulacion\/#breadcrumb"},"inLanguage":"es","potentialAction":[{"@type":"ReadAction","target":["https:\/\/medicina.udd.cl\/enfermeria-santiago\/laboratorio-de-simulacion\/"]}]},{"@type":"BreadcrumbList","@id":"https:\/\/medicina.udd.cl\/enfermeria-santiago\/laboratorio-de-simulacion\/#breadcrumb","itemListElement":[{"@type":"ListItem","position":1,"name":"Home","item":"https:\/\/medicina.udd.cl\/enfermeria-santiago\/"},{"@type":"ListItem","position":2,"name":"Laboratorio de Simulaci\u00f3n"}]},{"@type":"WebSite","@id":"https:\/\/medicina.udd.cl\/enfermeria-santiago\/#website","url":"https:\/\/medicina.udd.cl\/enfermeria-santiago\/","name":"Enfermer\u00eda UDD","description":"Facultad de Medicina Cl\u00ednica Alemana Universidad del Desarrollo","inLanguage":"es"}]}},"_links":{"self":[{"href":"https:\/\/medicina.udd.cl\/enfermeria-santiago\/wp-json\/wp\/v2\/pages\/2402","targetHints":{"allow":["GET"]}}],"collection":[{"href":"https:\/\/medicina.udd.cl\/enfermeria-santiago\/wp-json\/wp\/v2\/pages"}],"about":[{"href":"https:\/\/medicina.udd.cl\/enfermeria-santiago\/wp-json\/wp\/v2\/types\/page"}],"author":[{"embeddable":true,"href":"https:\/\/medicina.udd.cl\/enfermeria-santiago\/wp-json\/wp\/v2\/users\/40"}],"replies":[{"embeddable":true,"href":"https:\/\/medicina.udd.cl\/enfermeria-santiago\/wp-json\/wp\/v2\/comments?post=2402"}],"version-history":[{"count":13,"href":"https:\/\/medicina.udd.cl\/enfermeria-santiago\/wp-json\/wp\/v2\/pages\/2402\/revisions"}],"predecessor-version":[{"id":5042,"href":"https:\/\/medicina.udd.cl\/enfermeria-santiago\/wp-json\/wp\/v2\/pages\/2402\/revisions\/5042"}],"wp:attachment":[{"href":"https:\/\/medicina.udd.cl\/enfermeria-santiago\/wp-json\/wp\/v2\/media?parent=2402"}],"curies":[{"name":"wp","href":"https:\/\/api.w.org\/{rel}","templated":true}]}}