{"id":2594,"date":"2014-12-22T17:25:00","date_gmt":"2014-12-22T20:25:00","guid":{"rendered":"http:\/\/medicina.udd.cl\/enfermeria-santiago\/?page_id=2594"},"modified":"2016-09-22T11:08:43","modified_gmt":"2016-09-22T14:08:43","slug":"equipo-de-investigacion","status":"publish","type":"page","link":"https:\/\/medicina.udd.cl\/enfermeria-santiago\/equipo-de-investigacion\/","title":{"rendered":"Investigaci\u00f3n"},"content":{"rendered":"<p style=\"text-align: justify;\"><a href=\"http:\/\/medicina.udd.cl\/enfermeria-santiago\/files\/2014\/12\/Logo-color.jpg\" rel=\"attachment wp-att-4104\"><img loading=\"lazy\" decoding=\"async\" class=\"size-medium wp-image-4104 aligncenter\" src=\"http:\/\/medicina.udd.cl\/enfermeria-santiago\/files\/2014\/12\/Logo-color-300x109.jpg\" alt=\"Logo color\" width=\"300\" height=\"109\" srcset=\"https:\/\/medicina.udd.cl\/enfermeria-santiago\/files\/2014\/12\/Logo-color-300x109.jpg 300w, https:\/\/medicina.udd.cl\/enfermeria-santiago\/files\/2014\/12\/Logo-color-768x279.jpg 768w, https:\/\/medicina.udd.cl\/enfermeria-santiago\/files\/2014\/12\/Logo-color-1024x372.jpg 1024w, https:\/\/medicina.udd.cl\/enfermeria-santiago\/files\/2014\/12\/Logo-color-940x345.jpg 940w, https:\/\/medicina.udd.cl\/enfermeria-santiago\/files\/2014\/12\/Logo-color-960x349.jpg 960w, https:\/\/medicina.udd.cl\/enfermeria-santiago\/files\/2014\/12\/Logo-color.jpg 1181w\" sizes=\"auto, (max-width: 300px) 100vw, 300px\" \/><\/a>El <strong>Programa Estudios Sociales en Salud <\/strong>promueve el desarrollo de la investigaci\u00f3n de pre y postgrado en la carrera de Enfermer\u00eda y\u00a0disciplinas afines en la UDD, al mismo tiempo que\u00a0contribuye a la transferencia del\u00a0conocimiento de investigaci\u00f3n en productos cient\u00edficos, sociales y\/o de apoyo a procesos\u00a0de toma de decisi\u00f3n pol\u00edtica en salud, centrados en responder a problem\u00e1ticas asociadas a\u00a0desigualdad social en salud.<\/p>\n<ul>\n<li style=\"text-align: justify;\">\n<h4><a href=\"http:\/\/medicina.udd.cl\/enfermeria-santiago\/equipo-de-investigacion\/acerca-del-equipo-de-estudios-sociales-en-salud\/\" target=\"_blank\">Acerca del Equipo de Estudios Sociales en Salud<\/a><\/h4>\n<\/li>\n<li>\n<h4><a href=\"http:\/\/medicina.udd.cl\/enfermeria-santiago\/equipo\/\">Integrantes del equipo<\/a><\/h4>\n<\/li>\n<li>\n<h4><a href=\"http:\/\/medicina.udd.cl\/enfermeria-santiago\/equipo-de-investigacion\/ideas-fuerza-del-equipo-de-trabajo\/\" target=\"_blank\">Ideas fuerza del equipo de trabajo<\/a><\/h4>\n<\/li>\n<li>\n<h4><a href=\"http:\/\/medicina.udd.cl\/enfermeria-santiago\/area-de-investigacion\/\" target=\"_blank\">\u00c1rea de Investigaci\u00f3n<\/a><\/h4>\n<\/li>\n<li>\n<h4><a href=\"http:\/\/medicina.udd.cl\/enfermeria-santiago\/equipo-de-investigacion\/area-de-extension-2\/\" target=\"_blank\">\u00c1rea Extensi\u00f3n<\/a><\/h4>\n<\/li>\n<li>\n<h4><span style=\"color: #009b76;\">\u00c1rea de Pregrado<\/span><\/h4>\n<ul>\n<li><strong><a href=\"http:\/\/medicina.udd.cl\/enfermeria-santiago\/equipo-de-investigacion\/area-de-pregrado-2015\/\" target=\"_blank\">2015<\/a><\/strong><\/li>\n<li><strong><a href=\"http:\/\/medicina.udd.cl\/enfermeria-santiago\/area-de-pregrado\/\" target=\"_blank\">2014<\/a><\/strong><\/li>\n<\/ul>\n<\/li>\n<li>\n<h4><span style=\"color: #009b76;\">\u00c1rea de Postgrado<\/span><\/h4>\n<ul>\n<li><strong><a href=\"http:\/\/medicina.udd.cl\/enfermeria-santiago\/equipo-de-investigacion\/area-de-postgrado-2015\/\" target=\"_blank\">2015<\/a><\/strong><\/li>\n<li><strong><a href=\"http:\/\/medicina.udd.cl\/enfermeria-santiago\/area-de-postgrado\/\" target=\"_blank\">2014<\/a><\/strong><\/li>\n<\/ul>\n<\/li>\n<li>\n<h4><a href=\"http:\/\/medicina.udd.cl\/enfermeria-santiago\/internacionalizacion\/\">\u00c1rea de Internacionalizaci\u00f3n<\/a><\/h4>\n<\/li>\n<li>\n<h4><a href=\"http:\/\/medicina.udd.cl\/enfermeria-santiago\/?page_id=4270&amp;preview=true\" target=\"_blank\">Apariciones en prensa<\/a><\/h4>\n<\/li>\n<\/ul>\n","protected":false},"excerpt":{"rendered":"<p>El Programa Estudios Sociales en Salud promueve el desarrollo de la investigaci\u00f3n de pre y postgrado en la carrera de Enfermer\u00eda y\u00a0disciplinas afines en la UDD, al mismo tiempo que\u00a0contribuye a la transferencia del\u00a0conocimiento de investigaci\u00f3n en productos cient\u00edficos, sociales y\/o de apoyo a procesos\u00a0de toma de decisi\u00f3n pol\u00edtica en salud, centrados en responder a [&hellip;]<\/p>\n","protected":false},"author":40,"featured_media":0,"parent":0,"menu_order":0,"comment_status":"open","ping_status":"open","template":"template-wide-no-sidebar.php","meta":{"footnotes":""},"class_list":["post-2594","page","type-page","status-publish","hentry"],"yoast_head":"<!-- This site is optimized with the Yoast SEO plugin v26.9 - https:\/\/yoast.com\/product\/yoast-seo-wordpress\/ -->\n<title>Investigaci\u00f3n - Enfermer\u00eda UDD<\/title>\n<meta name=\"robots\" content=\"index, follow, max-snippet:-1, max-image-preview:large, max-video-preview:-1\" \/>\n<link rel=\"canonical\" href=\"https:\/\/medicina.udd.cl\/enfermeria-santiago\/equipo-de-investigacion\/\" \/>\n<meta property=\"og:locale\" content=\"es_ES\" \/>\n<meta property=\"og:type\" content=\"article\" \/>\n<meta property=\"og:title\" content=\"Investigaci\u00f3n - Enfermer\u00eda UDD\" \/>\n<meta property=\"og:description\" content=\"El Programa Estudios Sociales en Salud promueve el desarrollo de la investigaci\u00f3n de pre y postgrado en la carrera de Enfermer\u00eda y\u00a0disciplinas afines en la UDD, al mismo tiempo que\u00a0contribuye a la transferencia del\u00a0conocimiento de investigaci\u00f3n en productos cient\u00edficos, sociales y\/o de apoyo a procesos\u00a0de toma de decisi\u00f3n pol\u00edtica en salud, centrados en responder a [&hellip;]\" \/>\n<meta property=\"og:url\" content=\"https:\/\/medicina.udd.cl\/enfermeria-santiago\/equipo-de-investigacion\/\" \/>\n<meta property=\"og:site_name\" content=\"Enfermer\u00eda UDD\" \/>\n<meta property=\"article:modified_time\" content=\"2016-09-22T14:08:43+00:00\" \/>\n<meta property=\"og:image\" content=\"http:\/\/medicina.udd.cl\/enfermeria-santiago\/files\/2014\/12\/Logo-color-300x109.jpg\" \/>\n<meta name=\"twitter:label1\" content=\"Tiempo de lectura\" \/>\n\t<meta name=\"twitter:data1\" content=\"1 minuto\" \/>\n<script type=\"application\/ld+json\" class=\"yoast-schema-graph\">{\"@context\":\"https:\/\/schema.org\",\"@graph\":[{\"@type\":\"WebPage\",\"@id\":\"https:\/\/medicina.udd.cl\/enfermeria-santiago\/equipo-de-investigacion\/\",\"url\":\"https:\/\/medicina.udd.cl\/enfermeria-santiago\/equipo-de-investigacion\/\",\"name\":\"Investigaci\u00f3n - Enfermer\u00eda UDD\",\"isPartOf\":{\"@id\":\"https:\/\/medicina.udd.cl\/enfermeria-santiago\/#website\"},\"primaryImageOfPage\":{\"@id\":\"https:\/\/medicina.udd.cl\/enfermeria-santiago\/equipo-de-investigacion\/#primaryimage\"},\"image\":{\"@id\":\"https:\/\/medicina.udd.cl\/enfermeria-santiago\/equipo-de-investigacion\/#primaryimage\"},\"thumbnailUrl\":\"http:\/\/medicina.udd.cl\/enfermeria-santiago\/files\/2014\/12\/Logo-color-300x109.jpg\",\"datePublished\":\"2014-12-22T20:25:00+00:00\",\"dateModified\":\"2016-09-22T14:08:43+00:00\",\"breadcrumb\":{\"@id\":\"https:\/\/medicina.udd.cl\/enfermeria-santiago\/equipo-de-investigacion\/#breadcrumb\"},\"inLanguage\":\"es\",\"potentialAction\":[{\"@type\":\"ReadAction\",\"target\":[\"https:\/\/medicina.udd.cl\/enfermeria-santiago\/equipo-de-investigacion\/\"]}]},{\"@type\":\"ImageObject\",\"inLanguage\":\"es\",\"@id\":\"https:\/\/medicina.udd.cl\/enfermeria-santiago\/equipo-de-investigacion\/#primaryimage\",\"url\":\"http:\/\/medicina.udd.cl\/enfermeria-santiago\/files\/2014\/12\/Logo-color-300x109.jpg\",\"contentUrl\":\"http:\/\/medicina.udd.cl\/enfermeria-santiago\/files\/2014\/12\/Logo-color-300x109.jpg\"},{\"@type\":\"BreadcrumbList\",\"@id\":\"https:\/\/medicina.udd.cl\/enfermeria-santiago\/equipo-de-investigacion\/#breadcrumb\",\"itemListElement\":[{\"@type\":\"ListItem\",\"position\":1,\"name\":\"Home\",\"item\":\"https:\/\/medicina.udd.cl\/enfermeria-santiago\/\"},{\"@type\":\"ListItem\",\"position\":2,\"name\":\"Investigaci\u00f3n\"}]},{\"@type\":\"WebSite\",\"@id\":\"https:\/\/medicina.udd.cl\/enfermeria-santiago\/#website\",\"url\":\"https:\/\/medicina.udd.cl\/enfermeria-santiago\/\",\"name\":\"Enfermer\u00eda UDD\",\"description\":\"Facultad de Medicina Cl\u00ednica Alemana Universidad del Desarrollo\",\"inLanguage\":\"es\"}]}<\/script>\n<!-- \/ Yoast SEO plugin. -->","yoast_head_json":{"title":"Investigaci\u00f3n - Enfermer\u00eda UDD","robots":{"index":"index","follow":"follow","max-snippet":"max-snippet:-1","max-image-preview":"max-image-preview:large","max-video-preview":"max-video-preview:-1"},"canonical":"https:\/\/medicina.udd.cl\/enfermeria-santiago\/equipo-de-investigacion\/","og_locale":"es_ES","og_type":"article","og_title":"Investigaci\u00f3n - Enfermer\u00eda UDD","og_description":"El Programa Estudios Sociales en Salud promueve el desarrollo de la investigaci\u00f3n de pre y postgrado en la carrera de Enfermer\u00eda y\u00a0disciplinas afines en la UDD, al mismo tiempo que\u00a0contribuye a la transferencia del\u00a0conocimiento de investigaci\u00f3n en productos cient\u00edficos, sociales y\/o de apoyo a procesos\u00a0de toma de decisi\u00f3n pol\u00edtica en salud, centrados en responder a [&hellip;]","og_url":"https:\/\/medicina.udd.cl\/enfermeria-santiago\/equipo-de-investigacion\/","og_site_name":"Enfermer\u00eda UDD","article_modified_time":"2016-09-22T14:08:43+00:00","og_image":[{"url":"http:\/\/medicina.udd.cl\/enfermeria-santiago\/files\/2014\/12\/Logo-color-300x109.jpg","type":"","width":"","height":""}],"twitter_misc":{"Tiempo de lectura":"1 minuto"},"schema":{"@context":"https:\/\/schema.org","@graph":[{"@type":"WebPage","@id":"https:\/\/medicina.udd.cl\/enfermeria-santiago\/equipo-de-investigacion\/","url":"https:\/\/medicina.udd.cl\/enfermeria-santiago\/equipo-de-investigacion\/","name":"Investigaci\u00f3n - Enfermer\u00eda UDD","isPartOf":{"@id":"https:\/\/medicina.udd.cl\/enfermeria-santiago\/#website"},"primaryImageOfPage":{"@id":"https:\/\/medicina.udd.cl\/enfermeria-santiago\/equipo-de-investigacion\/#primaryimage"},"image":{"@id":"https:\/\/medicina.udd.cl\/enfermeria-santiago\/equipo-de-investigacion\/#primaryimage"},"thumbnailUrl":"http:\/\/medicina.udd.cl\/enfermeria-santiago\/files\/2014\/12\/Logo-color-300x109.jpg","datePublished":"2014-12-22T20:25:00+00:00","dateModified":"2016-09-22T14:08:43+00:00","breadcrumb":{"@id":"https:\/\/medicina.udd.cl\/enfermeria-santiago\/equipo-de-investigacion\/#breadcrumb"},"inLanguage":"es","potentialAction":[{"@type":"ReadAction","target":["https:\/\/medicina.udd.cl\/enfermeria-santiago\/equipo-de-investigacion\/"]}]},{"@type":"ImageObject","inLanguage":"es","@id":"https:\/\/medicina.udd.cl\/enfermeria-santiago\/equipo-de-investigacion\/#primaryimage","url":"http:\/\/medicina.udd.cl\/enfermeria-santiago\/files\/2014\/12\/Logo-color-300x109.jpg","contentUrl":"http:\/\/medicina.udd.cl\/enfermeria-santiago\/files\/2014\/12\/Logo-color-300x109.jpg"},{"@type":"BreadcrumbList","@id":"https:\/\/medicina.udd.cl\/enfermeria-santiago\/equipo-de-investigacion\/#breadcrumb","itemListElement":[{"@type":"ListItem","position":1,"name":"Home","item":"https:\/\/medicina.udd.cl\/enfermeria-santiago\/"},{"@type":"ListItem","position":2,"name":"Investigaci\u00f3n"}]},{"@type":"WebSite","@id":"https:\/\/medicina.udd.cl\/enfermeria-santiago\/#website","url":"https:\/\/medicina.udd.cl\/enfermeria-santiago\/","name":"Enfermer\u00eda UDD","description":"Facultad de Medicina Cl\u00ednica Alemana Universidad del Desarrollo","inLanguage":"es"}]}},"_links":{"self":[{"href":"https:\/\/medicina.udd.cl\/enfermeria-santiago\/wp-json\/wp\/v2\/pages\/2594","targetHints":{"allow":["GET"]}}],"collection":[{"href":"https:\/\/medicina.udd.cl\/enfermeria-santiago\/wp-json\/wp\/v2\/pages"}],"about":[{"href":"https:\/\/medicina.udd.cl\/enfermeria-santiago\/wp-json\/wp\/v2\/types\/page"}],"author":[{"embeddable":true,"href":"https:\/\/medicina.udd.cl\/enfermeria-santiago\/wp-json\/wp\/v2\/users\/40"}],"replies":[{"embeddable":true,"href":"https:\/\/medicina.udd.cl\/enfermeria-santiago\/wp-json\/wp\/v2\/comments?post=2594"}],"version-history":[{"count":48,"href":"https:\/\/medicina.udd.cl\/enfermeria-santiago\/wp-json\/wp\/v2\/pages\/2594\/revisions"}],"predecessor-version":[{"id":4271,"href":"https:\/\/medicina.udd.cl\/enfermeria-santiago\/wp-json\/wp\/v2\/pages\/2594\/revisions\/4271"}],"wp:attachment":[{"href":"https:\/\/medicina.udd.cl\/enfermeria-santiago\/wp-json\/wp\/v2\/media?parent=2594"}],"curies":[{"name":"wp","href":"https:\/\/api.w.org\/{rel}","templated":true}]}}