{"id":2650,"date":"2014-12-22T15:53:37","date_gmt":"2014-12-22T18:53:37","guid":{"rendered":"http:\/\/medicina.udd.cl\/enfermeria-santiago\/?page_id=2650"},"modified":"2016-08-11T12:09:47","modified_gmt":"2016-08-11T16:09:47","slug":"internacionalizacion","status":"publish","type":"page","link":"https:\/\/medicina.udd.cl\/enfermeria-santiago\/equipo-de-investigacion\/internacionalizacion\/","title":{"rendered":"\u00c1rea de Internacionalizaci\u00f3n"},"content":{"rendered":"<p><strong>Colaboraci\u00f3n con University of York y Bradford Institute for Health Research<\/strong><\/p>\n<p style=\"text-align: justify;\">Miembros del equipo de Estudios Sociales de la Salud CAS-UDD realizaron visitas a pares ingleses para catalizar la colaboraci\u00f3n internacional, en el marco de este proyecto de investigaci\u00f3n en el cual participan. En concreto dos investigadores visitaron UK<strong>: <\/strong><\/p>\n<ul>\n<li style=\"text-align: justify;\">Andrea V\u00e1squez, MSc visit\u00f3 la Universidad de York y el Bradford Institute for Health Research. Ella expuso acerca de an\u00e1lisis espacial de Censos 1992, 2002, 2012 al equipo internacional de investigaci\u00f3n, y tambi\u00e9n desarroll\u00f3 reuniones estrat\u00e9gicas para posible realizaci\u00f3n de doctorado en dicho pa\u00eds.<\/li>\n<li style=\"text-align: justify;\">V\u00edctor Pedrero, MSc, visit\u00f3 la Universidad de York y el Bradford Institute for Health Research. Expuso acerca de an\u00e1lisis psicom\u00e9trico realizado sobre rendimiento acad\u00e9mico en escolares de 4-6 a\u00f1os en Bradford, a prop\u00f3sito de la colaboraci\u00f3n en investigaci\u00f3n con nuestros pares ingleses. Esta visita le permiti\u00f3 explorar nuevos y m\u00e1s estrechos v\u00ednculos de colaboraci\u00f3n entre Chile y UK en an\u00e1lisis psicom\u00e9trico y de variable latente para ambos pa\u00edses.<\/li>\n<\/ul>\n<p style=\"text-align: justify;\"><strong>Visita de Profesor John Wright, Bradford Institute for Health Research\u00a0<\/strong><\/p>\n<p style=\"text-align: justify;\">En enero de 2015, se recibi\u00f3 en Chile la visita de Prof. John Wright, del Bradford\u00a0Institute for Health Research. En su estad\u00eda, Prof. Wright realiz\u00f3 charlas\u00a0magistrales, seminarios, y particip\u00f3 en varias reuniones de trabajo con el equipo de\u00a0Estudios Sociales en Salud, apoyando el desarrollo exitoso del proyecto\u00a0\u00abDesarrollando inteligencia en salud p\u00fablica primaria para inmigrantes en Chile: un\u00a0estudio multi-m\u00e9todos\u00bb.<\/p>\n<p style=\"text-align: justify;\"><strong>Visita internacional profesores Richard Wilkinson y\u00a0Kate Pickett<\/strong><\/p>\n<p style=\"text-align: justify;\">Richard Wilkinson es experto en historia de la econom\u00eda y epidemi\u00f3logo social, profesor em\u00e9rito de Epidemiolog\u00eda Social de la Universidad de Nottingham, profesor honorario de Epidemiolog\u00eda y Salud P\u00fablica de la Universidad College de Londres y profesor visitante en la Universidad de York.<\/p>\n<p style=\"text-align: justify;\">Kate Pickett es profesora titular de Epidemiolog\u00eda en el Departamento de Ciencias de la Salud de la Universidad de York. Ella es miembro del Consejo Cient\u00edfico The Inequality Watch, del Consejo Cient\u00edfico de Econom\u00eda Progresiva y del Instituto de Nuevo Pensamiento Econ\u00f3mico. Participa adem\u00e1s en el Comit\u00e9 Directivo de la Alianza para la Sostenibilidad y la Prosperidad.<\/p>\n<p style=\"text-align: justify;\">Ambos, durante una semana (enero de 2016) realizaron\u00a0una serie de seminarios, reuniones cient\u00edficas y vinculaci\u00f3n pol\u00edtica estrat\u00e9gica para la equidad en salud en Chile. Las actividades se llevar\u00e1n a cabo en la Facultad de Econom\u00eda y Negocios de la Universidad del Chile, junto a representantes de partidos pol\u00edticos; en el Ministerio de Salud; en la Universidad del Desarrollo, y en el Instituto de Salud P\u00fablica de Chile, en colaboraci\u00f3n con la Sociedad Chilena de Epidemiolog\u00eda.<\/p>\n<p>&nbsp;<\/p>\n","protected":false},"excerpt":{"rendered":"<p>Colaboraci\u00f3n con University of York y Bradford Institute for Health Research Miembros del equipo de Estudios Sociales de la Salud CAS-UDD realizaron visitas a pares ingleses para catalizar la colaboraci\u00f3n internacional, en el marco de este proyecto de investigaci\u00f3n en el cual participan. En concreto dos investigadores visitaron UK: Andrea V\u00e1squez, MSc visit\u00f3 la Universidad [&hellip;]<\/p>\n","protected":false},"author":40,"featured_media":0,"parent":2594,"menu_order":0,"comment_status":"open","ping_status":"open","template":"template-wide-content.php","meta":{"footnotes":""},"class_list":["post-2650","page","type-page","status-publish","hentry"],"yoast_head":"<!-- This site is optimized with the Yoast SEO plugin v26.9 - https:\/\/yoast.com\/product\/yoast-seo-wordpress\/ -->\n<title>\u00c1rea de Internacionalizaci\u00f3n - Enfermer\u00eda UDD<\/title>\n<meta name=\"robots\" content=\"index, follow, max-snippet:-1, max-image-preview:large, max-video-preview:-1\" \/>\n<link rel=\"canonical\" href=\"https:\/\/medicina.udd.cl\/enfermeria-santiago\/equipo-de-investigacion\/internacionalizacion\/\" \/>\n<meta property=\"og:locale\" content=\"es_ES\" \/>\n<meta property=\"og:type\" content=\"article\" \/>\n<meta property=\"og:title\" content=\"\u00c1rea de Internacionalizaci\u00f3n - Enfermer\u00eda UDD\" \/>\n<meta property=\"og:description\" content=\"Colaboraci\u00f3n con University of York y Bradford Institute for Health Research Miembros del equipo de Estudios Sociales de la Salud CAS-UDD realizaron visitas a pares ingleses para catalizar la colaboraci\u00f3n internacional, en el marco de este proyecto de investigaci\u00f3n en el cual participan. En concreto dos investigadores visitaron UK: Andrea V\u00e1squez, MSc visit\u00f3 la Universidad [&hellip;]\" \/>\n<meta property=\"og:url\" content=\"https:\/\/medicina.udd.cl\/enfermeria-santiago\/equipo-de-investigacion\/internacionalizacion\/\" \/>\n<meta property=\"og:site_name\" content=\"Enfermer\u00eda UDD\" \/>\n<meta property=\"article:modified_time\" content=\"2016-08-11T16:09:47+00:00\" \/>\n<meta name=\"twitter:label1\" content=\"Tiempo de lectura\" \/>\n\t<meta name=\"twitter:data1\" content=\"2 minutos\" \/>\n<script type=\"application\/ld+json\" class=\"yoast-schema-graph\">{\"@context\":\"https:\/\/schema.org\",\"@graph\":[{\"@type\":\"WebPage\",\"@id\":\"https:\/\/medicina.udd.cl\/enfermeria-santiago\/equipo-de-investigacion\/internacionalizacion\/\",\"url\":\"https:\/\/medicina.udd.cl\/enfermeria-santiago\/equipo-de-investigacion\/internacionalizacion\/\",\"name\":\"\u00c1rea de Internacionalizaci\u00f3n - Enfermer\u00eda UDD\",\"isPartOf\":{\"@id\":\"https:\/\/medicina.udd.cl\/enfermeria-santiago\/#website\"},\"datePublished\":\"2014-12-22T18:53:37+00:00\",\"dateModified\":\"2016-08-11T16:09:47+00:00\",\"breadcrumb\":{\"@id\":\"https:\/\/medicina.udd.cl\/enfermeria-santiago\/equipo-de-investigacion\/internacionalizacion\/#breadcrumb\"},\"inLanguage\":\"es\",\"potentialAction\":[{\"@type\":\"ReadAction\",\"target\":[\"https:\/\/medicina.udd.cl\/enfermeria-santiago\/equipo-de-investigacion\/internacionalizacion\/\"]}]},{\"@type\":\"BreadcrumbList\",\"@id\":\"https:\/\/medicina.udd.cl\/enfermeria-santiago\/equipo-de-investigacion\/internacionalizacion\/#breadcrumb\",\"itemListElement\":[{\"@type\":\"ListItem\",\"position\":1,\"name\":\"Home\",\"item\":\"https:\/\/medicina.udd.cl\/enfermeria-santiago\/\"},{\"@type\":\"ListItem\",\"position\":2,\"name\":\"Investigaci\u00f3n\",\"item\":\"https:\/\/medicina.udd.cl\/enfermeria-santiago\/equipo-de-investigacion\/\"},{\"@type\":\"ListItem\",\"position\":3,\"name\":\"\u00c1rea de Internacionalizaci\u00f3n\"}]},{\"@type\":\"WebSite\",\"@id\":\"https:\/\/medicina.udd.cl\/enfermeria-santiago\/#website\",\"url\":\"https:\/\/medicina.udd.cl\/enfermeria-santiago\/\",\"name\":\"Enfermer\u00eda UDD\",\"description\":\"Facultad de Medicina Cl\u00ednica Alemana Universidad del Desarrollo\",\"inLanguage\":\"es\"}]}<\/script>\n<!-- \/ Yoast SEO plugin. -->","yoast_head_json":{"title":"\u00c1rea de Internacionalizaci\u00f3n - Enfermer\u00eda UDD","robots":{"index":"index","follow":"follow","max-snippet":"max-snippet:-1","max-image-preview":"max-image-preview:large","max-video-preview":"max-video-preview:-1"},"canonical":"https:\/\/medicina.udd.cl\/enfermeria-santiago\/equipo-de-investigacion\/internacionalizacion\/","og_locale":"es_ES","og_type":"article","og_title":"\u00c1rea de Internacionalizaci\u00f3n - Enfermer\u00eda UDD","og_description":"Colaboraci\u00f3n con University of York y Bradford Institute for Health Research Miembros del equipo de Estudios Sociales de la Salud CAS-UDD realizaron visitas a pares ingleses para catalizar la colaboraci\u00f3n internacional, en el marco de este proyecto de investigaci\u00f3n en el cual participan. En concreto dos investigadores visitaron UK: Andrea V\u00e1squez, MSc visit\u00f3 la Universidad [&hellip;]","og_url":"https:\/\/medicina.udd.cl\/enfermeria-santiago\/equipo-de-investigacion\/internacionalizacion\/","og_site_name":"Enfermer\u00eda UDD","article_modified_time":"2016-08-11T16:09:47+00:00","twitter_misc":{"Tiempo de lectura":"2 minutos"},"schema":{"@context":"https:\/\/schema.org","@graph":[{"@type":"WebPage","@id":"https:\/\/medicina.udd.cl\/enfermeria-santiago\/equipo-de-investigacion\/internacionalizacion\/","url":"https:\/\/medicina.udd.cl\/enfermeria-santiago\/equipo-de-investigacion\/internacionalizacion\/","name":"\u00c1rea de Internacionalizaci\u00f3n - Enfermer\u00eda UDD","isPartOf":{"@id":"https:\/\/medicina.udd.cl\/enfermeria-santiago\/#website"},"datePublished":"2014-12-22T18:53:37+00:00","dateModified":"2016-08-11T16:09:47+00:00","breadcrumb":{"@id":"https:\/\/medicina.udd.cl\/enfermeria-santiago\/equipo-de-investigacion\/internacionalizacion\/#breadcrumb"},"inLanguage":"es","potentialAction":[{"@type":"ReadAction","target":["https:\/\/medicina.udd.cl\/enfermeria-santiago\/equipo-de-investigacion\/internacionalizacion\/"]}]},{"@type":"BreadcrumbList","@id":"https:\/\/medicina.udd.cl\/enfermeria-santiago\/equipo-de-investigacion\/internacionalizacion\/#breadcrumb","itemListElement":[{"@type":"ListItem","position":1,"name":"Home","item":"https:\/\/medicina.udd.cl\/enfermeria-santiago\/"},{"@type":"ListItem","position":2,"name":"Investigaci\u00f3n","item":"https:\/\/medicina.udd.cl\/enfermeria-santiago\/equipo-de-investigacion\/"},{"@type":"ListItem","position":3,"name":"\u00c1rea de Internacionalizaci\u00f3n"}]},{"@type":"WebSite","@id":"https:\/\/medicina.udd.cl\/enfermeria-santiago\/#website","url":"https:\/\/medicina.udd.cl\/enfermeria-santiago\/","name":"Enfermer\u00eda UDD","description":"Facultad de Medicina Cl\u00ednica Alemana Universidad del Desarrollo","inLanguage":"es"}]}},"_links":{"self":[{"href":"https:\/\/medicina.udd.cl\/enfermeria-santiago\/wp-json\/wp\/v2\/pages\/2650","targetHints":{"allow":["GET"]}}],"collection":[{"href":"https:\/\/medicina.udd.cl\/enfermeria-santiago\/wp-json\/wp\/v2\/pages"}],"about":[{"href":"https:\/\/medicina.udd.cl\/enfermeria-santiago\/wp-json\/wp\/v2\/types\/page"}],"author":[{"embeddable":true,"href":"https:\/\/medicina.udd.cl\/enfermeria-santiago\/wp-json\/wp\/v2\/users\/40"}],"replies":[{"embeddable":true,"href":"https:\/\/medicina.udd.cl\/enfermeria-santiago\/wp-json\/wp\/v2\/comments?post=2650"}],"version-history":[{"count":20,"href":"https:\/\/medicina.udd.cl\/enfermeria-santiago\/wp-json\/wp\/v2\/pages\/2650\/revisions"}],"predecessor-version":[{"id":3998,"href":"https:\/\/medicina.udd.cl\/enfermeria-santiago\/wp-json\/wp\/v2\/pages\/2650\/revisions\/3998"}],"up":[{"embeddable":true,"href":"https:\/\/medicina.udd.cl\/enfermeria-santiago\/wp-json\/wp\/v2\/pages\/2594"}],"wp:attachment":[{"href":"https:\/\/medicina.udd.cl\/enfermeria-santiago\/wp-json\/wp\/v2\/media?parent=2650"}],"curies":[{"name":"wp","href":"https:\/\/api.w.org\/{rel}","templated":true}]}}