{"id":2657,"date":"2014-12-22T16:22:45","date_gmt":"2014-12-22T19:22:45","guid":{"rendered":"http:\/\/medicina.udd.cl\/enfermeria-santiago\/?page_id=2657"},"modified":"2016-08-11T12:09:01","modified_gmt":"2016-08-11T16:09:01","slug":"area-de-postgrado","status":"publish","type":"page","link":"https:\/\/medicina.udd.cl\/enfermeria-santiago\/equipo-de-investigacion\/area-de-postgrado\/","title":{"rendered":"\u00c1rea de Postgrado 2014"},"content":{"rendered":"<h3><strong>Diplomado en Investigaci\u00f3n en Salud con Enfoque Traslacional<\/strong><\/h3>\n<p>En 2014 se realiz\u00f3 la primera versi\u00f3n de in\u00e9dito programa acad\u00e9mico en Chile,\u00a0cuyo prop\u00f3sito fue formar a diferentes profesionales en la investigaci\u00f3n en\u00a0salud con competencias en: la formulaci\u00f3n, implementaci\u00f3n, an\u00e1lisis, comunicaci\u00f3n de un\u00a0proyecto de investigaci\u00f3n de tipo cualitativo o cuantitativo, y que adem\u00e1s pueda\u00a0determinar en la etapa de la investigaci\u00f3n traslacional que impacta la generaci\u00f3n del\u00a0conocimiento. El diplomado tiene un fuerte apoyo tutorial interdisciplinario, cuyo equipo est\u00e1 conformado por investigadores del Equipo de DesIGUALDAD, de\u00a0 las carreras de Kinesiolog\u00eda y Medicina, adem\u00e1s de miembros de la Oficina de Transferencia Tecnol\u00f3gica e iCubo.<\/p>\n<p><a href=\"http:\/\/medicina.udd.cl\/enfermeria-santiago\/files\/2014\/12\/Logo-Diplomado-en-Investigaci\u00f3n-Aplicada-en-Salud-con-Enfoque-Traslacional.jpg\"><img loading=\"lazy\" decoding=\"async\" class=\"aligncenter size-medium wp-image-2658\" src=\"http:\/\/medicina.udd.cl\/enfermeria-santiago\/files\/2014\/12\/Logo-Diplomado-en-Investigaci\u00f3n-Aplicada-en-Salud-con-Enfoque-Traslacional-300x225.jpg\" alt=\"Logo Diplomado en Investigaci\u00f3n Aplicada en Salud con Enfoque Traslacional\" width=\"300\" height=\"225\" srcset=\"https:\/\/medicina.udd.cl\/enfermeria-santiago\/files\/2014\/12\/Logo-Diplomado-en-Investigaci\u00f3n-Aplicada-en-Salud-con-Enfoque-Traslacional-300x225.jpg 300w, https:\/\/medicina.udd.cl\/enfermeria-santiago\/files\/2014\/12\/Logo-Diplomado-en-Investigaci\u00f3n-Aplicada-en-Salud-con-Enfoque-Traslacional.jpg 720w\" sizes=\"auto, (max-width: 300px) 100vw, 300px\" \/><\/a><\/p>\n<h3><a href=\"http:\/\/medicina.udd.cl\/postgrado\/magister-en-cuidados-avanzados-en-enfermeria-innovadora\/informacion-general\/\">Mag\u00edster en Cuidados Avanzados en Enfermer\u00eda Innovadora<\/a><\/h3>\n<p>Este programa es de modalidad profesionalizante, cuyo prop\u00f3sito es formar enfermeras y enfermeros innovadores y calificados para prestar cuidados avanzados de calidad a las personas, familia o comunidad, demostrando habilidades para trabajar en equipo, actuando como un agente de cambio y liderando la realizaci\u00f3n de proyectos eficaces en su quehacer profesional.<\/p>\n<p><a href=\"http:\/\/medicina.udd.cl\/enfermeria-santiago\/files\/2014\/12\/Mag\u00edster-en-Enfermer\u00eda.jpg\"><img loading=\"lazy\" decoding=\"async\" class=\"aligncenter size-medium wp-image-2659\" src=\"http:\/\/medicina.udd.cl\/enfermeria-santiago\/files\/2014\/12\/Mag\u00edster-en-Enfermer\u00eda-300x197.jpg\" alt=\"Mag\u00edster en Enfermer\u00eda\" width=\"300\" height=\"197\" srcset=\"https:\/\/medicina.udd.cl\/enfermeria-santiago\/files\/2014\/12\/Mag\u00edster-en-Enfermer\u00eda-300x197.jpg 300w, https:\/\/medicina.udd.cl\/enfermeria-santiago\/files\/2014\/12\/Mag\u00edster-en-Enfermer\u00eda.jpg 611w\" sizes=\"auto, (max-width: 300px) 100vw, 300px\" \/><\/a><\/p>\n<h3><a href=\"http:\/\/medicina.udd.cl\/postgrado\/doctorado-en-ciencias-medicas\/\">Doctorado en Ciencias M\u00e9dicas<\/a><\/h3>\n<p>Es un programa de tiempo completo y dedicaci\u00f3n exclusiva, que tiene por objetivo capacitar a profesionales de la salud entreg\u00e1ndoles los conocimientos, habilidades y aptitudes necesarias para efectuar investigaci\u00f3n cient\u00edfica de alto nivel en forma aut\u00f3noma, incluyendo la presentaci\u00f3n y publicaci\u00f3n de sus resultados. Tiene su foco en la salud y enfermedad de las personas, sin excluir la investigaci\u00f3n b\u00e1sica que identifique los mecanismos fundamentales que subyacen a las patolog\u00edas.\u00a0Parte del cuerpo directivo y docente del programa est\u00e1 conformado por investigadoras de DesIGUALDAD.<\/p>\n<p>&nbsp;<\/p>\n<p>&nbsp;<\/p>\n","protected":false},"excerpt":{"rendered":"<p>Diplomado en Investigaci\u00f3n en Salud con Enfoque Traslacional En 2014 se realiz\u00f3 la primera versi\u00f3n de in\u00e9dito programa acad\u00e9mico en Chile,\u00a0cuyo prop\u00f3sito fue formar a diferentes profesionales en la investigaci\u00f3n en\u00a0salud con competencias en: la formulaci\u00f3n, implementaci\u00f3n, an\u00e1lisis, comunicaci\u00f3n de un\u00a0proyecto de investigaci\u00f3n de tipo cualitativo o cuantitativo, y que adem\u00e1s pueda\u00a0determinar en la etapa [&hellip;]<\/p>\n","protected":false},"author":40,"featured_media":0,"parent":2594,"menu_order":0,"comment_status":"open","ping_status":"open","template":"template-wide-content.php","meta":{"footnotes":""},"class_list":["post-2657","page","type-page","status-publish","hentry"],"yoast_head":"<!-- This site is optimized with the Yoast SEO plugin v26.9 - https:\/\/yoast.com\/product\/yoast-seo-wordpress\/ -->\n<title>\u00c1rea de Postgrado 2014 - Enfermer\u00eda UDD<\/title>\n<meta name=\"robots\" content=\"index, follow, max-snippet:-1, max-image-preview:large, max-video-preview:-1\" \/>\n<link rel=\"canonical\" href=\"https:\/\/medicina.udd.cl\/enfermeria-santiago\/equipo-de-investigacion\/area-de-postgrado\/\" \/>\n<meta property=\"og:locale\" content=\"es_ES\" \/>\n<meta property=\"og:type\" content=\"article\" \/>\n<meta property=\"og:title\" content=\"\u00c1rea de Postgrado 2014 - Enfermer\u00eda UDD\" \/>\n<meta property=\"og:description\" content=\"Diplomado en Investigaci\u00f3n en Salud con Enfoque Traslacional En 2014 se realiz\u00f3 la primera versi\u00f3n de in\u00e9dito programa acad\u00e9mico en Chile,\u00a0cuyo prop\u00f3sito fue formar a diferentes profesionales en la investigaci\u00f3n en\u00a0salud con competencias en: la formulaci\u00f3n, implementaci\u00f3n, an\u00e1lisis, comunicaci\u00f3n de un\u00a0proyecto de investigaci\u00f3n de tipo cualitativo o cuantitativo, y que adem\u00e1s pueda\u00a0determinar en la etapa [&hellip;]\" \/>\n<meta property=\"og:url\" content=\"https:\/\/medicina.udd.cl\/enfermeria-santiago\/equipo-de-investigacion\/area-de-postgrado\/\" \/>\n<meta property=\"og:site_name\" content=\"Enfermer\u00eda UDD\" \/>\n<meta property=\"article:modified_time\" content=\"2016-08-11T16:09:01+00:00\" \/>\n<meta name=\"twitter:label1\" content=\"Tiempo de lectura\" \/>\n\t<meta name=\"twitter:data1\" content=\"1 minuto\" \/>\n<script type=\"application\/ld+json\" class=\"yoast-schema-graph\">{\"@context\":\"https:\/\/schema.org\",\"@graph\":[{\"@type\":\"WebPage\",\"@id\":\"https:\/\/medicina.udd.cl\/enfermeria-santiago\/equipo-de-investigacion\/area-de-postgrado\/\",\"url\":\"https:\/\/medicina.udd.cl\/enfermeria-santiago\/equipo-de-investigacion\/area-de-postgrado\/\",\"name\":\"\u00c1rea de Postgrado 2014 - Enfermer\u00eda UDD\",\"isPartOf\":{\"@id\":\"https:\/\/medicina.udd.cl\/enfermeria-santiago\/#website\"},\"datePublished\":\"2014-12-22T19:22:45+00:00\",\"dateModified\":\"2016-08-11T16:09:01+00:00\",\"breadcrumb\":{\"@id\":\"https:\/\/medicina.udd.cl\/enfermeria-santiago\/equipo-de-investigacion\/area-de-postgrado\/#breadcrumb\"},\"inLanguage\":\"es\",\"potentialAction\":[{\"@type\":\"ReadAction\",\"target\":[\"https:\/\/medicina.udd.cl\/enfermeria-santiago\/equipo-de-investigacion\/area-de-postgrado\/\"]}]},{\"@type\":\"BreadcrumbList\",\"@id\":\"https:\/\/medicina.udd.cl\/enfermeria-santiago\/equipo-de-investigacion\/area-de-postgrado\/#breadcrumb\",\"itemListElement\":[{\"@type\":\"ListItem\",\"position\":1,\"name\":\"Home\",\"item\":\"https:\/\/medicina.udd.cl\/enfermeria-santiago\/\"},{\"@type\":\"ListItem\",\"position\":2,\"name\":\"Investigaci\u00f3n\",\"item\":\"https:\/\/medicina.udd.cl\/enfermeria-santiago\/equipo-de-investigacion\/\"},{\"@type\":\"ListItem\",\"position\":3,\"name\":\"\u00c1rea de Postgrado 2014\"}]},{\"@type\":\"WebSite\",\"@id\":\"https:\/\/medicina.udd.cl\/enfermeria-santiago\/#website\",\"url\":\"https:\/\/medicina.udd.cl\/enfermeria-santiago\/\",\"name\":\"Enfermer\u00eda UDD\",\"description\":\"Facultad de Medicina Cl\u00ednica Alemana Universidad del Desarrollo\",\"inLanguage\":\"es\"}]}<\/script>\n<!-- \/ Yoast SEO plugin. -->","yoast_head_json":{"title":"\u00c1rea de Postgrado 2014 - Enfermer\u00eda UDD","robots":{"index":"index","follow":"follow","max-snippet":"max-snippet:-1","max-image-preview":"max-image-preview:large","max-video-preview":"max-video-preview:-1"},"canonical":"https:\/\/medicina.udd.cl\/enfermeria-santiago\/equipo-de-investigacion\/area-de-postgrado\/","og_locale":"es_ES","og_type":"article","og_title":"\u00c1rea de Postgrado 2014 - Enfermer\u00eda UDD","og_description":"Diplomado en Investigaci\u00f3n en Salud con Enfoque Traslacional En 2014 se realiz\u00f3 la primera versi\u00f3n de in\u00e9dito programa acad\u00e9mico en Chile,\u00a0cuyo prop\u00f3sito fue formar a diferentes profesionales en la investigaci\u00f3n en\u00a0salud con competencias en: la formulaci\u00f3n, implementaci\u00f3n, an\u00e1lisis, comunicaci\u00f3n de un\u00a0proyecto de investigaci\u00f3n de tipo cualitativo o cuantitativo, y que adem\u00e1s pueda\u00a0determinar en la etapa [&hellip;]","og_url":"https:\/\/medicina.udd.cl\/enfermeria-santiago\/equipo-de-investigacion\/area-de-postgrado\/","og_site_name":"Enfermer\u00eda UDD","article_modified_time":"2016-08-11T16:09:01+00:00","twitter_misc":{"Tiempo de lectura":"1 minuto"},"schema":{"@context":"https:\/\/schema.org","@graph":[{"@type":"WebPage","@id":"https:\/\/medicina.udd.cl\/enfermeria-santiago\/equipo-de-investigacion\/area-de-postgrado\/","url":"https:\/\/medicina.udd.cl\/enfermeria-santiago\/equipo-de-investigacion\/area-de-postgrado\/","name":"\u00c1rea de Postgrado 2014 - Enfermer\u00eda UDD","isPartOf":{"@id":"https:\/\/medicina.udd.cl\/enfermeria-santiago\/#website"},"datePublished":"2014-12-22T19:22:45+00:00","dateModified":"2016-08-11T16:09:01+00:00","breadcrumb":{"@id":"https:\/\/medicina.udd.cl\/enfermeria-santiago\/equipo-de-investigacion\/area-de-postgrado\/#breadcrumb"},"inLanguage":"es","potentialAction":[{"@type":"ReadAction","target":["https:\/\/medicina.udd.cl\/enfermeria-santiago\/equipo-de-investigacion\/area-de-postgrado\/"]}]},{"@type":"BreadcrumbList","@id":"https:\/\/medicina.udd.cl\/enfermeria-santiago\/equipo-de-investigacion\/area-de-postgrado\/#breadcrumb","itemListElement":[{"@type":"ListItem","position":1,"name":"Home","item":"https:\/\/medicina.udd.cl\/enfermeria-santiago\/"},{"@type":"ListItem","position":2,"name":"Investigaci\u00f3n","item":"https:\/\/medicina.udd.cl\/enfermeria-santiago\/equipo-de-investigacion\/"},{"@type":"ListItem","position":3,"name":"\u00c1rea de Postgrado 2014"}]},{"@type":"WebSite","@id":"https:\/\/medicina.udd.cl\/enfermeria-santiago\/#website","url":"https:\/\/medicina.udd.cl\/enfermeria-santiago\/","name":"Enfermer\u00eda UDD","description":"Facultad de Medicina Cl\u00ednica Alemana Universidad del Desarrollo","inLanguage":"es"}]}},"_links":{"self":[{"href":"https:\/\/medicina.udd.cl\/enfermeria-santiago\/wp-json\/wp\/v2\/pages\/2657","targetHints":{"allow":["GET"]}}],"collection":[{"href":"https:\/\/medicina.udd.cl\/enfermeria-santiago\/wp-json\/wp\/v2\/pages"}],"about":[{"href":"https:\/\/medicina.udd.cl\/enfermeria-santiago\/wp-json\/wp\/v2\/types\/page"}],"author":[{"embeddable":true,"href":"https:\/\/medicina.udd.cl\/enfermeria-santiago\/wp-json\/wp\/v2\/users\/40"}],"replies":[{"embeddable":true,"href":"https:\/\/medicina.udd.cl\/enfermeria-santiago\/wp-json\/wp\/v2\/comments?post=2657"}],"version-history":[{"count":11,"href":"https:\/\/medicina.udd.cl\/enfermeria-santiago\/wp-json\/wp\/v2\/pages\/2657\/revisions"}],"predecessor-version":[{"id":4014,"href":"https:\/\/medicina.udd.cl\/enfermeria-santiago\/wp-json\/wp\/v2\/pages\/2657\/revisions\/4014"}],"up":[{"embeddable":true,"href":"https:\/\/medicina.udd.cl\/enfermeria-santiago\/wp-json\/wp\/v2\/pages\/2594"}],"wp:attachment":[{"href":"https:\/\/medicina.udd.cl\/enfermeria-santiago\/wp-json\/wp\/v2\/media?parent=2657"}],"curies":[{"name":"wp","href":"https:\/\/api.w.org\/{rel}","templated":true}]}}