{"id":2809,"date":"2015-03-16T17:49:52","date_gmt":"2015-03-16T20:49:52","guid":{"rendered":"http:\/\/medicina.udd.cl\/enfermeria-santiago\/?page_id=2809"},"modified":"2015-03-16T17:49:52","modified_gmt":"2015-03-16T20:49:52","slug":"gracias-magister-enfermeria","status":"publish","type":"page","link":"https:\/\/medicina.udd.cl\/enfermeria-santiago\/gracias-magister-enfermeria\/","title":{"rendered":"Gracias por Contactarnos"},"content":{"rendered":"<h3>Mag\u00edster en Cuidados Avanzados en Enfermer\u00eda Innovadora<\/h3>\n<h4><span style=\"font-size: 1.17em;\">Su mensaje ha sido enviado con \u00e9xito.<\/span><\/h4>\n<div>\n<h4>Muchas gracias.<\/h4>\n<\/div>\n","protected":false},"excerpt":{"rendered":"<p>Mag\u00edster en Cuidados Avanzados en Enfermer\u00eda Innovadora Su mensaje ha sido enviado con \u00e9xito. Muchas gracias.<\/p>\n","protected":false},"author":1,"featured_media":0,"parent":0,"menu_order":0,"comment_status":"open","ping_status":"open","template":"","meta":{"footnotes":""},"class_list":["post-2809","page","type-page","status-publish","hentry"],"yoast_head":"<!-- This site is optimized with the Yoast SEO plugin v26.9 - https:\/\/yoast.com\/product\/yoast-seo-wordpress\/ -->\n<title>Gracias por Contactarnos - Enfermer\u00eda UDD<\/title>\n<meta name=\"robots\" content=\"index, follow, max-snippet:-1, max-image-preview:large, max-video-preview:-1\" \/>\n<link rel=\"canonical\" href=\"https:\/\/medicina.udd.cl\/enfermeria-santiago\/gracias-magister-enfermeria\/\" \/>\n<meta property=\"og:locale\" content=\"es_ES\" \/>\n<meta property=\"og:type\" content=\"article\" \/>\n<meta property=\"og:title\" content=\"Gracias por Contactarnos - Enfermer\u00eda UDD\" \/>\n<meta property=\"og:description\" content=\"Mag\u00edster en Cuidados Avanzados en Enfermer\u00eda Innovadora Su mensaje ha sido enviado con \u00e9xito. Muchas gracias.\" \/>\n<meta property=\"og:url\" content=\"https:\/\/medicina.udd.cl\/enfermeria-santiago\/gracias-magister-enfermeria\/\" \/>\n<meta property=\"og:site_name\" content=\"Enfermer\u00eda UDD\" \/>\n<script type=\"application\/ld+json\" class=\"yoast-schema-graph\">{\"@context\":\"https:\/\/schema.org\",\"@graph\":[{\"@type\":\"WebPage\",\"@id\":\"https:\/\/medicina.udd.cl\/enfermeria-santiago\/gracias-magister-enfermeria\/\",\"url\":\"https:\/\/medicina.udd.cl\/enfermeria-santiago\/gracias-magister-enfermeria\/\",\"name\":\"Gracias por Contactarnos - Enfermer\u00eda UDD\",\"isPartOf\":{\"@id\":\"https:\/\/medicina.udd.cl\/enfermeria-santiago\/#website\"},\"datePublished\":\"2015-03-16T20:49:52+00:00\",\"breadcrumb\":{\"@id\":\"https:\/\/medicina.udd.cl\/enfermeria-santiago\/gracias-magister-enfermeria\/#breadcrumb\"},\"inLanguage\":\"es\",\"potentialAction\":[{\"@type\":\"ReadAction\",\"target\":[\"https:\/\/medicina.udd.cl\/enfermeria-santiago\/gracias-magister-enfermeria\/\"]}]},{\"@type\":\"BreadcrumbList\",\"@id\":\"https:\/\/medicina.udd.cl\/enfermeria-santiago\/gracias-magister-enfermeria\/#breadcrumb\",\"itemListElement\":[{\"@type\":\"ListItem\",\"position\":1,\"name\":\"Home\",\"item\":\"https:\/\/medicina.udd.cl\/enfermeria-santiago\/\"},{\"@type\":\"ListItem\",\"position\":2,\"name\":\"Gracias por Contactarnos\"}]},{\"@type\":\"WebSite\",\"@id\":\"https:\/\/medicina.udd.cl\/enfermeria-santiago\/#website\",\"url\":\"https:\/\/medicina.udd.cl\/enfermeria-santiago\/\",\"name\":\"Enfermer\u00eda UDD\",\"description\":\"Facultad de Medicina Cl\u00ednica Alemana Universidad del Desarrollo\",\"inLanguage\":\"es\"}]}<\/script>\n<!-- \/ Yoast SEO plugin. -->","yoast_head_json":{"title":"Gracias por Contactarnos - Enfermer\u00eda UDD","robots":{"index":"index","follow":"follow","max-snippet":"max-snippet:-1","max-image-preview":"max-image-preview:large","max-video-preview":"max-video-preview:-1"},"canonical":"https:\/\/medicina.udd.cl\/enfermeria-santiago\/gracias-magister-enfermeria\/","og_locale":"es_ES","og_type":"article","og_title":"Gracias por Contactarnos - Enfermer\u00eda UDD","og_description":"Mag\u00edster en Cuidados Avanzados en Enfermer\u00eda Innovadora Su mensaje ha sido enviado con \u00e9xito. Muchas gracias.","og_url":"https:\/\/medicina.udd.cl\/enfermeria-santiago\/gracias-magister-enfermeria\/","og_site_name":"Enfermer\u00eda UDD","schema":{"@context":"https:\/\/schema.org","@graph":[{"@type":"WebPage","@id":"https:\/\/medicina.udd.cl\/enfermeria-santiago\/gracias-magister-enfermeria\/","url":"https:\/\/medicina.udd.cl\/enfermeria-santiago\/gracias-magister-enfermeria\/","name":"Gracias por Contactarnos - Enfermer\u00eda UDD","isPartOf":{"@id":"https:\/\/medicina.udd.cl\/enfermeria-santiago\/#website"},"datePublished":"2015-03-16T20:49:52+00:00","breadcrumb":{"@id":"https:\/\/medicina.udd.cl\/enfermeria-santiago\/gracias-magister-enfermeria\/#breadcrumb"},"inLanguage":"es","potentialAction":[{"@type":"ReadAction","target":["https:\/\/medicina.udd.cl\/enfermeria-santiago\/gracias-magister-enfermeria\/"]}]},{"@type":"BreadcrumbList","@id":"https:\/\/medicina.udd.cl\/enfermeria-santiago\/gracias-magister-enfermeria\/#breadcrumb","itemListElement":[{"@type":"ListItem","position":1,"name":"Home","item":"https:\/\/medicina.udd.cl\/enfermeria-santiago\/"},{"@type":"ListItem","position":2,"name":"Gracias por Contactarnos"}]},{"@type":"WebSite","@id":"https:\/\/medicina.udd.cl\/enfermeria-santiago\/#website","url":"https:\/\/medicina.udd.cl\/enfermeria-santiago\/","name":"Enfermer\u00eda UDD","description":"Facultad de Medicina Cl\u00ednica Alemana Universidad del Desarrollo","inLanguage":"es"}]}},"_links":{"self":[{"href":"https:\/\/medicina.udd.cl\/enfermeria-santiago\/wp-json\/wp\/v2\/pages\/2809","targetHints":{"allow":["GET"]}}],"collection":[{"href":"https:\/\/medicina.udd.cl\/enfermeria-santiago\/wp-json\/wp\/v2\/pages"}],"about":[{"href":"https:\/\/medicina.udd.cl\/enfermeria-santiago\/wp-json\/wp\/v2\/types\/page"}],"author":[{"embeddable":true,"href":"https:\/\/medicina.udd.cl\/enfermeria-santiago\/wp-json\/wp\/v2\/users\/1"}],"replies":[{"embeddable":true,"href":"https:\/\/medicina.udd.cl\/enfermeria-santiago\/wp-json\/wp\/v2\/comments?post=2809"}],"version-history":[{"count":2,"href":"https:\/\/medicina.udd.cl\/enfermeria-santiago\/wp-json\/wp\/v2\/pages\/2809\/revisions"}],"predecessor-version":[{"id":2811,"href":"https:\/\/medicina.udd.cl\/enfermeria-santiago\/wp-json\/wp\/v2\/pages\/2809\/revisions\/2811"}],"wp:attachment":[{"href":"https:\/\/medicina.udd.cl\/enfermeria-santiago\/wp-json\/wp\/v2\/media?parent=2809"}],"curies":[{"name":"wp","href":"https:\/\/api.w.org\/{rel}","templated":true}]}}