{"id":3009,"date":"2015-09-03T09:20:32","date_gmt":"2015-09-03T12:20:32","guid":{"rendered":"http:\/\/medicina.udd.cl\/enfermeria-santiago\/?page_id=3009"},"modified":"2024-03-18T23:02:09","modified_gmt":"2024-03-19T02:02:09","slug":"competencias-genericas-de-los-egresados","status":"publish","type":"page","link":"https:\/\/medicina.udd.cl\/enfermeria-santiago\/competencias-genericas-de-los-egresados\/","title":{"rendered":"Competencias Gen\u00e9ricas de los Egresados"},"content":{"rendered":"<p><a href=\"http:\/\/medicina.udd.cl\/enfermeria-santiago\/files\/2015\/09\/Enfermer\u00eda-web-Gen\u00e9ricas.jpg\"><img loading=\"lazy\" decoding=\"async\" class=\"aligncenter size-medium wp-image-3011\" src=\"http:\/\/medicina.udd.cl\/enfermeria-santiago\/files\/2015\/09\/Enfermer\u00eda-web-Gen\u00e9ricas-300x199.jpg\" alt=\"Enfermer\u00eda web Gen\u00e9ricas\" width=\"300\" height=\"199\" \/><\/a>La UDD ha definido como base general de formaci\u00f3n para el pregrado, independiente de las particularidades formativas que cada carrera impregna en sus estudiantes, ciertas competencias gen\u00e9ricas que otorgan un sello distintivo a sus profesionales. Estas competencias y sus definiciones son:<\/p>\n<p><span style=\"text-decoration: underline\"><strong>\u2022 Autonom\u00eda<\/strong><\/span><\/p>\n<p>Conjunto de conceptos, habilidades y actitudes orientadas a la formaci\u00f3n de una persona estrat\u00e9gica que escoge intencionadamente procedimientos adecuados frente a los desaf\u00edos del mundo acad\u00e9mico y del mundo del trabajo. Incluye la proactividad y la autorregulaci\u00f3n del comportamiento, traducidas en la exploraci\u00f3n de las oportunidades personales y contextuales para responder a dichos desaf\u00edos. La autonom\u00eda se expresa en la toma de decisiones sin la conducci\u00f3n o el monitoreo externo e implica asumir las consecuencias que derivan de estas decisiones.<\/p>\n<p><span style=\"text-decoration: underline\"><strong>\u2022 Comunicaci\u00f3n<\/strong><\/span><\/p>\n<p>Conjunto de conceptos, habilidades y actitudes orientadas a transmitir mensajes frente a una audiencia, expresando ideas tanto en forma oral como escrita de un modo claro, preciso y asertivo. Implica participar de procesos de di\u00e1logo, comprendiendo la riqueza de las distintas opiniones y valorando el discurso con fundamento.<\/p>\n<p><span style=\"text-decoration: underline\"><strong>\u2022 Eficiencia<\/strong><\/span><\/p>\n<p>Conjunto de conceptos, habilidades y actitudes orientadas a alcanzar los objetivos y las metas preestablecidas a trav\u00e9s del uso racional de los recursos y tiempos disponibles, logrando su optimizaci\u00f3n.<\/p>\n<p><span style=\"text-decoration: underline\"><strong>\u2022 Emprendimiento y Liderazgo<\/strong><\/span><\/p>\n<p>Conjunto de conceptos, habilidades y actitudes orientadas a la b\u00fasqueda constante de oportunidades para crear e innovar, aceptando retos y enfrent\u00e1ndose a la incertidumbre. Implica idear soluciones nuevas y diferentes para resolver problemas o situaciones complejas en un contexto cambiante, como asimismo motivarse por los logros y por las personas, siendo capaces de conducir a otros y colaborar con ellos, valorando el trabajo en equipo. Considera, por \u00faltimo, la perseverancia y resistencia al fracaso para enfrentar los retos de manera positiva, pero realista.<\/p>\n<p><span style=\"text-decoration: underline\"><strong>\u2022 \u00c9tica<\/strong><\/span><\/p>\n<p>Conjunto de conceptos, habilidades y actitudes orientadas a la constante b\u00fasqueda de la verdad y del bien, valorando una conducta moral coherente con los valores del humanismo cristiano. Implica tomar decisiones de acuerdo a lo que se espera sea un desempe\u00f1o profesional \u00e9tico, el que estar\u00e1 circunscrito por las virtudes cardinales de la prudencia, fortaleza, templanza y justicia, y por el respeto a la dignidad humana.<\/p>\n<p><span style=\"text-decoration: underline\"><strong>\u2022 Responsabilidad p\u00fablica<\/strong><\/span><\/p>\n<p>Conjunto de conceptos, habilidades y actitudes que permiten tomar conciencia sobre el rol que se ejerce en la sociedad y los aportes profesionales y personales que en ella pueden realizarse, tanto p\u00fablica como privadamente. Implica conocer y reflexionar acerca de los problemas que se presentan en el contexto social en el que se est\u00e1 inmerso, asumi\u00e9ndolos como propios, valorando el servicio p\u00fablico y el compromiso personal hacia el logro del bien com\u00fan.<\/p>\n<p><span style=\"text-decoration: underline\"><strong>\u2022 Visi\u00f3n anal\u00edtica<\/strong><\/span><\/p>\n<p>Conjunto de conceptos, habilidades y actitudes orientadas a diferenciar las partes la realidad y de la teor\u00eda. Asimismo, implica identificar problemas, reconocer informaci\u00f3n significativa, buscar, sintetizar y relacionar los datos importantes. Se puede incluir, adem\u00e1s, la habilidad para organizar y presentar la informaci\u00f3n, estableciendo conexiones relevantes desde diferentes perspectivas.<\/p>\n<p><span style=\"text-decoration: underline\"><strong>\u2022 Visi\u00f3n global<\/strong><\/span><\/p>\n<p>Conjunto de conceptos, habilidades y actitudes orientadas a observar y comprender eficazmente el entorno en un contexto global, para desenvolverse e interactuar considerando dimensiones hist\u00f3ricas, pol\u00edticas, econ\u00f3micas, sociales y culturales, posibilitando con esto la capacidad de adaptarse a los cambios y de integrar diferentes perspectivas de an\u00e1lisis en concordancia con las demandas propias de la disciplina de estudio y de otras disciplinas, lo que favorece una apertura al mundo globalizado en que el estudiante debe desenvolverse profesionalmente.<\/p>\n","protected":false},"excerpt":{"rendered":"<p>La UDD ha definido como base general de formaci\u00f3n para el pregrado, independiente de las particularidades formativas que cada carrera impregna en sus estudiantes, ciertas competencias gen\u00e9ricas que otorgan un sello distintivo a sus profesionales. Estas competencias y sus definiciones son: \u2022 Autonom\u00eda Conjunto de conceptos, habilidades y actitudes orientadas a la formaci\u00f3n de una [&hellip;]<\/p>\n","protected":false},"author":47,"featured_media":0,"parent":0,"menu_order":0,"comment_status":"open","ping_status":"open","template":"","meta":{"footnotes":""},"class_list":["post-3009","page","type-page","status-publish","hentry"],"yoast_head":"<!-- This site is optimized with the Yoast SEO plugin v26.9 - https:\/\/yoast.com\/product\/yoast-seo-wordpress\/ -->\n<title>Competencias Gen\u00e9ricas de los Egresados - Enfermer\u00eda UDD<\/title>\n<meta name=\"robots\" content=\"index, follow, max-snippet:-1, max-image-preview:large, max-video-preview:-1\" \/>\n<link rel=\"canonical\" href=\"https:\/\/medicina.udd.cl\/enfermeria-santiago\/competencias-genericas-de-los-egresados\/\" \/>\n<meta property=\"og:locale\" content=\"es_ES\" \/>\n<meta property=\"og:type\" content=\"article\" \/>\n<meta property=\"og:title\" content=\"Competencias Gen\u00e9ricas de los Egresados - Enfermer\u00eda UDD\" \/>\n<meta property=\"og:description\" content=\"La UDD ha definido como base general de formaci\u00f3n para el pregrado, independiente de las particularidades formativas que cada carrera impregna en sus estudiantes, ciertas competencias gen\u00e9ricas que otorgan un sello distintivo a sus profesionales. Estas competencias y sus definiciones son: \u2022 Autonom\u00eda Conjunto de conceptos, habilidades y actitudes orientadas a la formaci\u00f3n de una [&hellip;]\" \/>\n<meta property=\"og:url\" content=\"https:\/\/medicina.udd.cl\/enfermeria-santiago\/competencias-genericas-de-los-egresados\/\" \/>\n<meta property=\"og:site_name\" content=\"Enfermer\u00eda UDD\" \/>\n<meta property=\"article:modified_time\" content=\"2024-03-19T02:02:09+00:00\" \/>\n<meta name=\"twitter:label1\" content=\"Tiempo de lectura\" \/>\n\t<meta name=\"twitter:data1\" content=\"3 minutos\" \/>\n<script type=\"application\/ld+json\" class=\"yoast-schema-graph\">{\"@context\":\"https:\/\/schema.org\",\"@graph\":[{\"@type\":\"WebPage\",\"@id\":\"https:\/\/medicina.udd.cl\/enfermeria-santiago\/competencias-genericas-de-los-egresados\/\",\"url\":\"https:\/\/medicina.udd.cl\/enfermeria-santiago\/competencias-genericas-de-los-egresados\/\",\"name\":\"Competencias Gen\u00e9ricas de los Egresados - Enfermer\u00eda UDD\",\"isPartOf\":{\"@id\":\"https:\/\/medicina.udd.cl\/enfermeria-santiago\/#website\"},\"datePublished\":\"2015-09-03T12:20:32+00:00\",\"dateModified\":\"2024-03-19T02:02:09+00:00\",\"breadcrumb\":{\"@id\":\"https:\/\/medicina.udd.cl\/enfermeria-santiago\/competencias-genericas-de-los-egresados\/#breadcrumb\"},\"inLanguage\":\"es\",\"potentialAction\":[{\"@type\":\"ReadAction\",\"target\":[\"https:\/\/medicina.udd.cl\/enfermeria-santiago\/competencias-genericas-de-los-egresados\/\"]}]},{\"@type\":\"BreadcrumbList\",\"@id\":\"https:\/\/medicina.udd.cl\/enfermeria-santiago\/competencias-genericas-de-los-egresados\/#breadcrumb\",\"itemListElement\":[{\"@type\":\"ListItem\",\"position\":1,\"name\":\"Home\",\"item\":\"https:\/\/medicina.udd.cl\/enfermeria-santiago\/\"},{\"@type\":\"ListItem\",\"position\":2,\"name\":\"Competencias Gen\u00e9ricas de los Egresados\"}]},{\"@type\":\"WebSite\",\"@id\":\"https:\/\/medicina.udd.cl\/enfermeria-santiago\/#website\",\"url\":\"https:\/\/medicina.udd.cl\/enfermeria-santiago\/\",\"name\":\"Enfermer\u00eda UDD\",\"description\":\"Facultad de Medicina Cl\u00ednica Alemana Universidad del Desarrollo\",\"inLanguage\":\"es\"}]}<\/script>\n<!-- \/ Yoast SEO plugin. -->","yoast_head_json":{"title":"Competencias Gen\u00e9ricas de los Egresados - Enfermer\u00eda UDD","robots":{"index":"index","follow":"follow","max-snippet":"max-snippet:-1","max-image-preview":"max-image-preview:large","max-video-preview":"max-video-preview:-1"},"canonical":"https:\/\/medicina.udd.cl\/enfermeria-santiago\/competencias-genericas-de-los-egresados\/","og_locale":"es_ES","og_type":"article","og_title":"Competencias Gen\u00e9ricas de los Egresados - Enfermer\u00eda UDD","og_description":"La UDD ha definido como base general de formaci\u00f3n para el pregrado, independiente de las particularidades formativas que cada carrera impregna en sus estudiantes, ciertas competencias gen\u00e9ricas que otorgan un sello distintivo a sus profesionales. Estas competencias y sus definiciones son: \u2022 Autonom\u00eda Conjunto de conceptos, habilidades y actitudes orientadas a la formaci\u00f3n de una [&hellip;]","og_url":"https:\/\/medicina.udd.cl\/enfermeria-santiago\/competencias-genericas-de-los-egresados\/","og_site_name":"Enfermer\u00eda UDD","article_modified_time":"2024-03-19T02:02:09+00:00","twitter_misc":{"Tiempo de lectura":"3 minutos"},"schema":{"@context":"https:\/\/schema.org","@graph":[{"@type":"WebPage","@id":"https:\/\/medicina.udd.cl\/enfermeria-santiago\/competencias-genericas-de-los-egresados\/","url":"https:\/\/medicina.udd.cl\/enfermeria-santiago\/competencias-genericas-de-los-egresados\/","name":"Competencias Gen\u00e9ricas de los Egresados - Enfermer\u00eda UDD","isPartOf":{"@id":"https:\/\/medicina.udd.cl\/enfermeria-santiago\/#website"},"datePublished":"2015-09-03T12:20:32+00:00","dateModified":"2024-03-19T02:02:09+00:00","breadcrumb":{"@id":"https:\/\/medicina.udd.cl\/enfermeria-santiago\/competencias-genericas-de-los-egresados\/#breadcrumb"},"inLanguage":"es","potentialAction":[{"@type":"ReadAction","target":["https:\/\/medicina.udd.cl\/enfermeria-santiago\/competencias-genericas-de-los-egresados\/"]}]},{"@type":"BreadcrumbList","@id":"https:\/\/medicina.udd.cl\/enfermeria-santiago\/competencias-genericas-de-los-egresados\/#breadcrumb","itemListElement":[{"@type":"ListItem","position":1,"name":"Home","item":"https:\/\/medicina.udd.cl\/enfermeria-santiago\/"},{"@type":"ListItem","position":2,"name":"Competencias Gen\u00e9ricas de los Egresados"}]},{"@type":"WebSite","@id":"https:\/\/medicina.udd.cl\/enfermeria-santiago\/#website","url":"https:\/\/medicina.udd.cl\/enfermeria-santiago\/","name":"Enfermer\u00eda UDD","description":"Facultad de Medicina Cl\u00ednica Alemana Universidad del Desarrollo","inLanguage":"es"}]}},"_links":{"self":[{"href":"https:\/\/medicina.udd.cl\/enfermeria-santiago\/wp-json\/wp\/v2\/pages\/3009","targetHints":{"allow":["GET"]}}],"collection":[{"href":"https:\/\/medicina.udd.cl\/enfermeria-santiago\/wp-json\/wp\/v2\/pages"}],"about":[{"href":"https:\/\/medicina.udd.cl\/enfermeria-santiago\/wp-json\/wp\/v2\/types\/page"}],"author":[{"embeddable":true,"href":"https:\/\/medicina.udd.cl\/enfermeria-santiago\/wp-json\/wp\/v2\/users\/47"}],"replies":[{"embeddable":true,"href":"https:\/\/medicina.udd.cl\/enfermeria-santiago\/wp-json\/wp\/v2\/comments?post=3009"}],"version-history":[{"count":5,"href":"https:\/\/medicina.udd.cl\/enfermeria-santiago\/wp-json\/wp\/v2\/pages\/3009\/revisions"}],"predecessor-version":[{"id":8838,"href":"https:\/\/medicina.udd.cl\/enfermeria-santiago\/wp-json\/wp\/v2\/pages\/3009\/revisions\/8838"}],"wp:attachment":[{"href":"https:\/\/medicina.udd.cl\/enfermeria-santiago\/wp-json\/wp\/v2\/media?parent=3009"}],"curies":[{"name":"wp","href":"https:\/\/api.w.org\/{rel}","templated":true}]}}