{"id":3946,"date":"2016-08-10T10:08:37","date_gmt":"2016-08-10T14:08:37","guid":{"rendered":"http:\/\/medicina.udd.cl\/enfermeria-santiago\/?page_id=3946"},"modified":"2016-08-11T12:01:53","modified_gmt":"2016-08-11T16:01:53","slug":"acerca-del-equipo-de-estudios-sociales-en-salud","status":"publish","type":"page","link":"https:\/\/medicina.udd.cl\/enfermeria-santiago\/equipo-de-investigacion\/acerca-del-equipo-de-estudios-sociales-en-salud\/","title":{"rendered":"Acerca del Equipo de Estudios Sociales en Salud"},"content":{"rendered":"<h4><span style=\"color: #00877c;\"><strong>Visi\u00f3n <\/strong><\/span><\/h4>\n<p style=\"text-align: justify;\"><strong>Desde la carrera de Enfermer\u00eda: <\/strong><\/p>\n<p style=\"text-align: justify;\">La carrera de Enfermer\u00eda de la Facultad de Medicina CAS-UDD se destaca en Chile y la regi\u00f3n de Latinoam\u00e9rica por ser l\u00edder en el desarrollo de la investigaci\u00f3n en salud de excelencia con enfoque traslacional, interdisciplinario y con perspectiva de equidad y de responsabilidad p\u00fablica, para la mejor\u00eda de la salud de la poblaci\u00f3n chilena y otras similares.<\/p>\n<p style=\"text-align: justify;\"><strong>Desde el trabajo de investigaci\u00f3n <\/strong><\/p>\n<p style=\"text-align: justify;\">Este equipo de investigaci\u00f3n de la Facultad de Medicina CAS-UDD ser\u00e1 l\u00edder en Chile y Latinoam\u00e9rica en la generaci\u00f3n de conocimiento acerca de los mecanismos sociales causales de desigualdad en salud, y acerca de formas efectivas de transformar dicho conocimiento en acciones que aumenten el bienestar y la equidad en salud.<\/p>\n<h4><span style=\"color: #00877c;\"><strong>Misi\u00f3n<\/strong><\/span><\/h4>\n<p style=\"text-align: justify;\"><a href=\"http:\/\/medicina.udd.cl\/enfermeria-santiago\/files\/2014\/12\/INmigrantes.jpg\" rel=\"attachment wp-att-2616\"><img loading=\"lazy\" decoding=\"async\" class=\"alignright wp-image-2616\" src=\"http:\/\/medicina.udd.cl\/enfermeria-santiago\/files\/2014\/12\/INmigrantes-300x225.jpg\" alt=\"INmigrantes\" width=\"283\" height=\"212\" srcset=\"https:\/\/medicina.udd.cl\/enfermeria-santiago\/files\/2014\/12\/INmigrantes-300x225.jpg 300w, https:\/\/medicina.udd.cl\/enfermeria-santiago\/files\/2014\/12\/INmigrantes-768x576.jpg 768w, https:\/\/medicina.udd.cl\/enfermeria-santiago\/files\/2014\/12\/INmigrantes-1024x768.jpg 1024w, https:\/\/medicina.udd.cl\/enfermeria-santiago\/files\/2014\/12\/INmigrantes-960x720.jpg 960w, https:\/\/medicina.udd.cl\/enfermeria-santiago\/files\/2014\/12\/INmigrantes.jpg 1173w\" sizes=\"auto, (max-width: 283px) 100vw, 283px\" \/><\/a>Contribuir a comprender los mecanismos sociales involucrados en procesos de salud y a transformar dicho conocimiento en acciones que aumenten el bienestar y la equidad en salud a nivel local en Chile y Latinoam\u00e9rica.<\/p>\n<h4 style=\"text-align: justify;\"><strong><span style=\"color: #00877c;\">\u00c1reas de investigaci\u00f3n<\/span><\/strong><\/h4>\n<p>Desigualdades sociales en salud<\/p>\n<p>Salud de migrantes internacionales<\/p>\n<p>Competencia cultural en salud: g\u00e9nero y salud, estudios interculturales en salud<\/p>\n<p>&nbsp;<\/p>\n<p>&nbsp;<\/p>\n<p>&nbsp;<\/p>\n<p>&nbsp;<\/p>\n<p>&nbsp;<\/p>\n<p>&nbsp;<\/p>\n<p style=\"text-align: justify;\">\n","protected":false},"excerpt":{"rendered":"<p>Visi\u00f3n Desde la carrera de Enfermer\u00eda: La carrera de Enfermer\u00eda de la Facultad de Medicina CAS-UDD se destaca en Chile y la regi\u00f3n de Latinoam\u00e9rica por ser l\u00edder en el desarrollo de la investigaci\u00f3n en salud de excelencia con enfoque traslacional, interdisciplinario y con perspectiva de equidad y de responsabilidad p\u00fablica, para la mejor\u00eda de [&hellip;]<\/p>\n","protected":false},"author":42,"featured_media":0,"parent":2594,"menu_order":0,"comment_status":"closed","ping_status":"closed","template":"template-wide-content.php","meta":{"footnotes":""},"class_list":["post-3946","page","type-page","status-publish","hentry"],"yoast_head":"<!-- This site is optimized with the Yoast SEO plugin v26.9 - https:\/\/yoast.com\/product\/yoast-seo-wordpress\/ -->\n<title>Acerca del Equipo de Estudios Sociales en Salud - Enfermer\u00eda UDD<\/title>\n<meta name=\"robots\" content=\"index, follow, max-snippet:-1, max-image-preview:large, max-video-preview:-1\" \/>\n<link rel=\"canonical\" href=\"https:\/\/medicina.udd.cl\/enfermeria-santiago\/equipo-de-investigacion\/acerca-del-equipo-de-estudios-sociales-en-salud\/\" \/>\n<meta property=\"og:locale\" content=\"es_ES\" \/>\n<meta property=\"og:type\" content=\"article\" \/>\n<meta property=\"og:title\" content=\"Acerca del Equipo de Estudios Sociales en Salud - Enfermer\u00eda UDD\" \/>\n<meta property=\"og:description\" content=\"Visi\u00f3n Desde la carrera de Enfermer\u00eda: La carrera de Enfermer\u00eda de la Facultad de Medicina CAS-UDD se destaca en Chile y la regi\u00f3n de Latinoam\u00e9rica por ser l\u00edder en el desarrollo de la investigaci\u00f3n en salud de excelencia con enfoque traslacional, interdisciplinario y con perspectiva de equidad y de responsabilidad p\u00fablica, para la mejor\u00eda de [&hellip;]\" \/>\n<meta property=\"og:url\" content=\"https:\/\/medicina.udd.cl\/enfermeria-santiago\/equipo-de-investigacion\/acerca-del-equipo-de-estudios-sociales-en-salud\/\" \/>\n<meta property=\"og:site_name\" content=\"Enfermer\u00eda UDD\" \/>\n<meta property=\"article:modified_time\" content=\"2016-08-11T16:01:53+00:00\" \/>\n<meta property=\"og:image\" content=\"http:\/\/medicina.udd.cl\/enfermeria-santiago\/files\/2014\/12\/INmigrantes-300x225.jpg\" \/>\n<meta name=\"twitter:label1\" content=\"Tiempo de lectura\" \/>\n\t<meta name=\"twitter:data1\" content=\"1 minuto\" \/>\n<script type=\"application\/ld+json\" class=\"yoast-schema-graph\">{\"@context\":\"https:\/\/schema.org\",\"@graph\":[{\"@type\":\"WebPage\",\"@id\":\"https:\/\/medicina.udd.cl\/enfermeria-santiago\/equipo-de-investigacion\/acerca-del-equipo-de-estudios-sociales-en-salud\/\",\"url\":\"https:\/\/medicina.udd.cl\/enfermeria-santiago\/equipo-de-investigacion\/acerca-del-equipo-de-estudios-sociales-en-salud\/\",\"name\":\"Acerca del Equipo de Estudios Sociales en Salud - Enfermer\u00eda UDD\",\"isPartOf\":{\"@id\":\"https:\/\/medicina.udd.cl\/enfermeria-santiago\/#website\"},\"primaryImageOfPage\":{\"@id\":\"https:\/\/medicina.udd.cl\/enfermeria-santiago\/equipo-de-investigacion\/acerca-del-equipo-de-estudios-sociales-en-salud\/#primaryimage\"},\"image\":{\"@id\":\"https:\/\/medicina.udd.cl\/enfermeria-santiago\/equipo-de-investigacion\/acerca-del-equipo-de-estudios-sociales-en-salud\/#primaryimage\"},\"thumbnailUrl\":\"http:\/\/medicina.udd.cl\/enfermeria-santiago\/files\/2014\/12\/INmigrantes-300x225.jpg\",\"datePublished\":\"2016-08-10T14:08:37+00:00\",\"dateModified\":\"2016-08-11T16:01:53+00:00\",\"breadcrumb\":{\"@id\":\"https:\/\/medicina.udd.cl\/enfermeria-santiago\/equipo-de-investigacion\/acerca-del-equipo-de-estudios-sociales-en-salud\/#breadcrumb\"},\"inLanguage\":\"es\",\"potentialAction\":[{\"@type\":\"ReadAction\",\"target\":[\"https:\/\/medicina.udd.cl\/enfermeria-santiago\/equipo-de-investigacion\/acerca-del-equipo-de-estudios-sociales-en-salud\/\"]}]},{\"@type\":\"ImageObject\",\"inLanguage\":\"es\",\"@id\":\"https:\/\/medicina.udd.cl\/enfermeria-santiago\/equipo-de-investigacion\/acerca-del-equipo-de-estudios-sociales-en-salud\/#primaryimage\",\"url\":\"http:\/\/medicina.udd.cl\/enfermeria-santiago\/files\/2014\/12\/INmigrantes-300x225.jpg\",\"contentUrl\":\"http:\/\/medicina.udd.cl\/enfermeria-santiago\/files\/2014\/12\/INmigrantes-300x225.jpg\"},{\"@type\":\"BreadcrumbList\",\"@id\":\"https:\/\/medicina.udd.cl\/enfermeria-santiago\/equipo-de-investigacion\/acerca-del-equipo-de-estudios-sociales-en-salud\/#breadcrumb\",\"itemListElement\":[{\"@type\":\"ListItem\",\"position\":1,\"name\":\"Home\",\"item\":\"https:\/\/medicina.udd.cl\/enfermeria-santiago\/\"},{\"@type\":\"ListItem\",\"position\":2,\"name\":\"Investigaci\u00f3n\",\"item\":\"https:\/\/medicina.udd.cl\/enfermeria-santiago\/equipo-de-investigacion\/\"},{\"@type\":\"ListItem\",\"position\":3,\"name\":\"Acerca del Equipo de Estudios Sociales en Salud\"}]},{\"@type\":\"WebSite\",\"@id\":\"https:\/\/medicina.udd.cl\/enfermeria-santiago\/#website\",\"url\":\"https:\/\/medicina.udd.cl\/enfermeria-santiago\/\",\"name\":\"Enfermer\u00eda UDD\",\"description\":\"Facultad de Medicina Cl\u00ednica Alemana Universidad del Desarrollo\",\"inLanguage\":\"es\"}]}<\/script>\n<!-- \/ Yoast SEO plugin. -->","yoast_head_json":{"title":"Acerca del Equipo de Estudios Sociales en Salud - Enfermer\u00eda UDD","robots":{"index":"index","follow":"follow","max-snippet":"max-snippet:-1","max-image-preview":"max-image-preview:large","max-video-preview":"max-video-preview:-1"},"canonical":"https:\/\/medicina.udd.cl\/enfermeria-santiago\/equipo-de-investigacion\/acerca-del-equipo-de-estudios-sociales-en-salud\/","og_locale":"es_ES","og_type":"article","og_title":"Acerca del Equipo de Estudios Sociales en Salud - Enfermer\u00eda UDD","og_description":"Visi\u00f3n Desde la carrera de Enfermer\u00eda: La carrera de Enfermer\u00eda de la Facultad de Medicina CAS-UDD se destaca en Chile y la regi\u00f3n de Latinoam\u00e9rica por ser l\u00edder en el desarrollo de la investigaci\u00f3n en salud de excelencia con enfoque traslacional, interdisciplinario y con perspectiva de equidad y de responsabilidad p\u00fablica, para la mejor\u00eda de [&hellip;]","og_url":"https:\/\/medicina.udd.cl\/enfermeria-santiago\/equipo-de-investigacion\/acerca-del-equipo-de-estudios-sociales-en-salud\/","og_site_name":"Enfermer\u00eda UDD","article_modified_time":"2016-08-11T16:01:53+00:00","og_image":[{"url":"http:\/\/medicina.udd.cl\/enfermeria-santiago\/files\/2014\/12\/INmigrantes-300x225.jpg","type":"","width":"","height":""}],"twitter_misc":{"Tiempo de lectura":"1 minuto"},"schema":{"@context":"https:\/\/schema.org","@graph":[{"@type":"WebPage","@id":"https:\/\/medicina.udd.cl\/enfermeria-santiago\/equipo-de-investigacion\/acerca-del-equipo-de-estudios-sociales-en-salud\/","url":"https:\/\/medicina.udd.cl\/enfermeria-santiago\/equipo-de-investigacion\/acerca-del-equipo-de-estudios-sociales-en-salud\/","name":"Acerca del Equipo de Estudios Sociales en Salud - Enfermer\u00eda UDD","isPartOf":{"@id":"https:\/\/medicina.udd.cl\/enfermeria-santiago\/#website"},"primaryImageOfPage":{"@id":"https:\/\/medicina.udd.cl\/enfermeria-santiago\/equipo-de-investigacion\/acerca-del-equipo-de-estudios-sociales-en-salud\/#primaryimage"},"image":{"@id":"https:\/\/medicina.udd.cl\/enfermeria-santiago\/equipo-de-investigacion\/acerca-del-equipo-de-estudios-sociales-en-salud\/#primaryimage"},"thumbnailUrl":"http:\/\/medicina.udd.cl\/enfermeria-santiago\/files\/2014\/12\/INmigrantes-300x225.jpg","datePublished":"2016-08-10T14:08:37+00:00","dateModified":"2016-08-11T16:01:53+00:00","breadcrumb":{"@id":"https:\/\/medicina.udd.cl\/enfermeria-santiago\/equipo-de-investigacion\/acerca-del-equipo-de-estudios-sociales-en-salud\/#breadcrumb"},"inLanguage":"es","potentialAction":[{"@type":"ReadAction","target":["https:\/\/medicina.udd.cl\/enfermeria-santiago\/equipo-de-investigacion\/acerca-del-equipo-de-estudios-sociales-en-salud\/"]}]},{"@type":"ImageObject","inLanguage":"es","@id":"https:\/\/medicina.udd.cl\/enfermeria-santiago\/equipo-de-investigacion\/acerca-del-equipo-de-estudios-sociales-en-salud\/#primaryimage","url":"http:\/\/medicina.udd.cl\/enfermeria-santiago\/files\/2014\/12\/INmigrantes-300x225.jpg","contentUrl":"http:\/\/medicina.udd.cl\/enfermeria-santiago\/files\/2014\/12\/INmigrantes-300x225.jpg"},{"@type":"BreadcrumbList","@id":"https:\/\/medicina.udd.cl\/enfermeria-santiago\/equipo-de-investigacion\/acerca-del-equipo-de-estudios-sociales-en-salud\/#breadcrumb","itemListElement":[{"@type":"ListItem","position":1,"name":"Home","item":"https:\/\/medicina.udd.cl\/enfermeria-santiago\/"},{"@type":"ListItem","position":2,"name":"Investigaci\u00f3n","item":"https:\/\/medicina.udd.cl\/enfermeria-santiago\/equipo-de-investigacion\/"},{"@type":"ListItem","position":3,"name":"Acerca del Equipo de Estudios Sociales en Salud"}]},{"@type":"WebSite","@id":"https:\/\/medicina.udd.cl\/enfermeria-santiago\/#website","url":"https:\/\/medicina.udd.cl\/enfermeria-santiago\/","name":"Enfermer\u00eda UDD","description":"Facultad de Medicina Cl\u00ednica Alemana Universidad del Desarrollo","inLanguage":"es"}]}},"_links":{"self":[{"href":"https:\/\/medicina.udd.cl\/enfermeria-santiago\/wp-json\/wp\/v2\/pages\/3946","targetHints":{"allow":["GET"]}}],"collection":[{"href":"https:\/\/medicina.udd.cl\/enfermeria-santiago\/wp-json\/wp\/v2\/pages"}],"about":[{"href":"https:\/\/medicina.udd.cl\/enfermeria-santiago\/wp-json\/wp\/v2\/types\/page"}],"author":[{"embeddable":true,"href":"https:\/\/medicina.udd.cl\/enfermeria-santiago\/wp-json\/wp\/v2\/users\/42"}],"replies":[{"embeddable":true,"href":"https:\/\/medicina.udd.cl\/enfermeria-santiago\/wp-json\/wp\/v2\/comments?post=3946"}],"version-history":[{"count":20,"href":"https:\/\/medicina.udd.cl\/enfermeria-santiago\/wp-json\/wp\/v2\/pages\/3946\/revisions"}],"predecessor-version":[{"id":4035,"href":"https:\/\/medicina.udd.cl\/enfermeria-santiago\/wp-json\/wp\/v2\/pages\/3946\/revisions\/4035"}],"up":[{"embeddable":true,"href":"https:\/\/medicina.udd.cl\/enfermeria-santiago\/wp-json\/wp\/v2\/pages\/2594"}],"wp:attachment":[{"href":"https:\/\/medicina.udd.cl\/enfermeria-santiago\/wp-json\/wp\/v2\/media?parent=3946"}],"curies":[{"name":"wp","href":"https:\/\/api.w.org\/{rel}","templated":true}]}}