{"id":3954,"date":"2016-08-10T10:46:58","date_gmt":"2016-08-10T14:46:58","guid":{"rendered":"http:\/\/medicina.udd.cl\/enfermeria-santiago\/?page_id=3954"},"modified":"2016-08-11T12:02:46","modified_gmt":"2016-08-11T16:02:46","slug":"ideas-fuerza-del-equipo-de-trabajo","status":"publish","type":"page","link":"https:\/\/medicina.udd.cl\/enfermeria-santiago\/equipo-de-investigacion\/ideas-fuerza-del-equipo-de-trabajo\/","title":{"rendered":"Ideas fuerza del equipo de trabajo"},"content":{"rendered":"<ul>\n<li style=\"text-align: justify;\"><strong>Salud poblacional<\/strong> (dentro y fuera del sistema de salud; epidemiolog\u00eda social): El estudio de aspectos sociales y culturales involucrados en los procesos de salud\/enfermedad\/atenci\u00f3n de la poblaci\u00f3n, tanto dentro como fuera del sistema de salud, incorporando un enfoque de pertinencia cultural.<\/li>\n<li style=\"text-align: justify;\"><strong>Desigualdad socioecon\u00f3mica en salud<\/strong>: Diferencias en la distribuci\u00f3n de resultados de salud en una poblaci\u00f3n seg\u00fan grupos socioecon\u00f3micos. Se consideran dos dimensiones clave: la brecha (diferencias en grupos extremos) y la gradiente (distribuci\u00f3n de salud en toda la poblaci\u00f3n).<\/li>\n<li style=\"text-align: justify;\"><strong>Cultura y competencia cultural:<\/strong> Reconocer la existencia de grupos sociales diversos, con necesidades particulares en salud, dentro de una sociedad. Sensibilizar a los profesionales de la salud en las creencias, pr\u00e1cticas y expectativas de los diferentes grupos sociales en torno al cuidado de la salud.<\/li>\n<li style=\"text-align: justify;\"><strong>Enfoque pragm\u00e1tico:<\/strong> Concepto complejo, multidimensional y din\u00e1mico y que refiere a la situaci\u00f3n de privaci\u00f3n o exclusi\u00f3n social en que se encuentran diferentes grupos tanto por posici\u00f3n socioecon\u00f3mica como por marcadores culturales (pobreza, minor\u00edas \u00e9tnicas, sexuales, grupos marginados, entre otros).<\/li>\n<li style=\"text-align: justify;\"><strong>Enfoque traslacional:<\/strong> El modelo de investigaci\u00f3n traslacional, surge como una alternativa de acci\u00f3n efectiva y duradera a la compleja relaci\u00f3n existente entre la investigaci\u00f3n y la toma de decisiones en salud. El enfoque traslacional pretende traducir el conocimiento cient\u00edfico disponible para hacerlo \u00fatil a la poblaci\u00f3n, preocup\u00e1ndose de institucionalizar intervenciones de salud p\u00fablica que han probado ser eficaces en base a la evidencia cient\u00edfica, pretendiendo maximizar los beneficios en la salud asociados a la intervenci\u00f3n realizada en investigaci\u00f3n, traduci\u00e9ndola en una entrega efectiva de cuidados de salud a toda la poblaci\u00f3n.<\/li>\n<\/ul>\n<p>&nbsp;<\/p>\n<p>&nbsp;<\/p>\n<p>&nbsp;<\/p>\n","protected":false},"excerpt":{"rendered":"<p>Salud poblacional (dentro y fuera del sistema de salud; epidemiolog\u00eda social): El estudio de aspectos sociales y culturales involucrados en los procesos de salud\/enfermedad\/atenci\u00f3n de la poblaci\u00f3n, tanto dentro como fuera del sistema de salud, incorporando un enfoque de pertinencia cultural. Desigualdad socioecon\u00f3mica en salud: Diferencias en la distribuci\u00f3n de resultados de salud en una [&hellip;]<\/p>\n","protected":false},"author":42,"featured_media":0,"parent":2594,"menu_order":0,"comment_status":"closed","ping_status":"closed","template":"template-wide-content.php","meta":{"footnotes":""},"class_list":["post-3954","page","type-page","status-publish","hentry"],"yoast_head":"<!-- This site is optimized with the Yoast SEO plugin v26.9 - https:\/\/yoast.com\/product\/yoast-seo-wordpress\/ -->\n<title>Ideas fuerza del equipo de trabajo - Enfermer\u00eda UDD<\/title>\n<meta name=\"robots\" content=\"index, follow, max-snippet:-1, max-image-preview:large, max-video-preview:-1\" \/>\n<link rel=\"canonical\" href=\"https:\/\/medicina.udd.cl\/enfermeria-santiago\/equipo-de-investigacion\/ideas-fuerza-del-equipo-de-trabajo\/\" \/>\n<meta property=\"og:locale\" content=\"es_ES\" \/>\n<meta property=\"og:type\" content=\"article\" \/>\n<meta property=\"og:title\" content=\"Ideas fuerza del equipo de trabajo - Enfermer\u00eda UDD\" \/>\n<meta property=\"og:description\" content=\"Salud poblacional (dentro y fuera del sistema de salud; epidemiolog\u00eda social): El estudio de aspectos sociales y culturales involucrados en los procesos de salud\/enfermedad\/atenci\u00f3n de la poblaci\u00f3n, tanto dentro como fuera del sistema de salud, incorporando un enfoque de pertinencia cultural. Desigualdad socioecon\u00f3mica en salud: Diferencias en la distribuci\u00f3n de resultados de salud en una [&hellip;]\" \/>\n<meta property=\"og:url\" content=\"https:\/\/medicina.udd.cl\/enfermeria-santiago\/equipo-de-investigacion\/ideas-fuerza-del-equipo-de-trabajo\/\" \/>\n<meta property=\"og:site_name\" content=\"Enfermer\u00eda UDD\" \/>\n<meta property=\"article:modified_time\" content=\"2016-08-11T16:02:46+00:00\" \/>\n<meta name=\"twitter:label1\" content=\"Tiempo de lectura\" \/>\n\t<meta name=\"twitter:data1\" content=\"1 minuto\" \/>\n<script type=\"application\/ld+json\" class=\"yoast-schema-graph\">{\"@context\":\"https:\/\/schema.org\",\"@graph\":[{\"@type\":\"WebPage\",\"@id\":\"https:\/\/medicina.udd.cl\/enfermeria-santiago\/equipo-de-investigacion\/ideas-fuerza-del-equipo-de-trabajo\/\",\"url\":\"https:\/\/medicina.udd.cl\/enfermeria-santiago\/equipo-de-investigacion\/ideas-fuerza-del-equipo-de-trabajo\/\",\"name\":\"Ideas fuerza del equipo de trabajo - Enfermer\u00eda UDD\",\"isPartOf\":{\"@id\":\"https:\/\/medicina.udd.cl\/enfermeria-santiago\/#website\"},\"datePublished\":\"2016-08-10T14:46:58+00:00\",\"dateModified\":\"2016-08-11T16:02:46+00:00\",\"breadcrumb\":{\"@id\":\"https:\/\/medicina.udd.cl\/enfermeria-santiago\/equipo-de-investigacion\/ideas-fuerza-del-equipo-de-trabajo\/#breadcrumb\"},\"inLanguage\":\"es\",\"potentialAction\":[{\"@type\":\"ReadAction\",\"target\":[\"https:\/\/medicina.udd.cl\/enfermeria-santiago\/equipo-de-investigacion\/ideas-fuerza-del-equipo-de-trabajo\/\"]}]},{\"@type\":\"BreadcrumbList\",\"@id\":\"https:\/\/medicina.udd.cl\/enfermeria-santiago\/equipo-de-investigacion\/ideas-fuerza-del-equipo-de-trabajo\/#breadcrumb\",\"itemListElement\":[{\"@type\":\"ListItem\",\"position\":1,\"name\":\"Home\",\"item\":\"https:\/\/medicina.udd.cl\/enfermeria-santiago\/\"},{\"@type\":\"ListItem\",\"position\":2,\"name\":\"Investigaci\u00f3n\",\"item\":\"https:\/\/medicina.udd.cl\/enfermeria-santiago\/equipo-de-investigacion\/\"},{\"@type\":\"ListItem\",\"position\":3,\"name\":\"Ideas fuerza del equipo de trabajo\"}]},{\"@type\":\"WebSite\",\"@id\":\"https:\/\/medicina.udd.cl\/enfermeria-santiago\/#website\",\"url\":\"https:\/\/medicina.udd.cl\/enfermeria-santiago\/\",\"name\":\"Enfermer\u00eda UDD\",\"description\":\"Facultad de Medicina Cl\u00ednica Alemana Universidad del Desarrollo\",\"inLanguage\":\"es\"}]}<\/script>\n<!-- \/ Yoast SEO plugin. -->","yoast_head_json":{"title":"Ideas fuerza del equipo de trabajo - Enfermer\u00eda UDD","robots":{"index":"index","follow":"follow","max-snippet":"max-snippet:-1","max-image-preview":"max-image-preview:large","max-video-preview":"max-video-preview:-1"},"canonical":"https:\/\/medicina.udd.cl\/enfermeria-santiago\/equipo-de-investigacion\/ideas-fuerza-del-equipo-de-trabajo\/","og_locale":"es_ES","og_type":"article","og_title":"Ideas fuerza del equipo de trabajo - Enfermer\u00eda UDD","og_description":"Salud poblacional (dentro y fuera del sistema de salud; epidemiolog\u00eda social): El estudio de aspectos sociales y culturales involucrados en los procesos de salud\/enfermedad\/atenci\u00f3n de la poblaci\u00f3n, tanto dentro como fuera del sistema de salud, incorporando un enfoque de pertinencia cultural. Desigualdad socioecon\u00f3mica en salud: Diferencias en la distribuci\u00f3n de resultados de salud en una [&hellip;]","og_url":"https:\/\/medicina.udd.cl\/enfermeria-santiago\/equipo-de-investigacion\/ideas-fuerza-del-equipo-de-trabajo\/","og_site_name":"Enfermer\u00eda UDD","article_modified_time":"2016-08-11T16:02:46+00:00","twitter_misc":{"Tiempo de lectura":"1 minuto"},"schema":{"@context":"https:\/\/schema.org","@graph":[{"@type":"WebPage","@id":"https:\/\/medicina.udd.cl\/enfermeria-santiago\/equipo-de-investigacion\/ideas-fuerza-del-equipo-de-trabajo\/","url":"https:\/\/medicina.udd.cl\/enfermeria-santiago\/equipo-de-investigacion\/ideas-fuerza-del-equipo-de-trabajo\/","name":"Ideas fuerza del equipo de trabajo - Enfermer\u00eda UDD","isPartOf":{"@id":"https:\/\/medicina.udd.cl\/enfermeria-santiago\/#website"},"datePublished":"2016-08-10T14:46:58+00:00","dateModified":"2016-08-11T16:02:46+00:00","breadcrumb":{"@id":"https:\/\/medicina.udd.cl\/enfermeria-santiago\/equipo-de-investigacion\/ideas-fuerza-del-equipo-de-trabajo\/#breadcrumb"},"inLanguage":"es","potentialAction":[{"@type":"ReadAction","target":["https:\/\/medicina.udd.cl\/enfermeria-santiago\/equipo-de-investigacion\/ideas-fuerza-del-equipo-de-trabajo\/"]}]},{"@type":"BreadcrumbList","@id":"https:\/\/medicina.udd.cl\/enfermeria-santiago\/equipo-de-investigacion\/ideas-fuerza-del-equipo-de-trabajo\/#breadcrumb","itemListElement":[{"@type":"ListItem","position":1,"name":"Home","item":"https:\/\/medicina.udd.cl\/enfermeria-santiago\/"},{"@type":"ListItem","position":2,"name":"Investigaci\u00f3n","item":"https:\/\/medicina.udd.cl\/enfermeria-santiago\/equipo-de-investigacion\/"},{"@type":"ListItem","position":3,"name":"Ideas fuerza del equipo de trabajo"}]},{"@type":"WebSite","@id":"https:\/\/medicina.udd.cl\/enfermeria-santiago\/#website","url":"https:\/\/medicina.udd.cl\/enfermeria-santiago\/","name":"Enfermer\u00eda UDD","description":"Facultad de Medicina Cl\u00ednica Alemana Universidad del Desarrollo","inLanguage":"es"}]}},"_links":{"self":[{"href":"https:\/\/medicina.udd.cl\/enfermeria-santiago\/wp-json\/wp\/v2\/pages\/3954","targetHints":{"allow":["GET"]}}],"collection":[{"href":"https:\/\/medicina.udd.cl\/enfermeria-santiago\/wp-json\/wp\/v2\/pages"}],"about":[{"href":"https:\/\/medicina.udd.cl\/enfermeria-santiago\/wp-json\/wp\/v2\/types\/page"}],"author":[{"embeddable":true,"href":"https:\/\/medicina.udd.cl\/enfermeria-santiago\/wp-json\/wp\/v2\/users\/42"}],"replies":[{"embeddable":true,"href":"https:\/\/medicina.udd.cl\/enfermeria-santiago\/wp-json\/wp\/v2\/comments?post=3954"}],"version-history":[{"count":2,"href":"https:\/\/medicina.udd.cl\/enfermeria-santiago\/wp-json\/wp\/v2\/pages\/3954\/revisions"}],"predecessor-version":[{"id":4041,"href":"https:\/\/medicina.udd.cl\/enfermeria-santiago\/wp-json\/wp\/v2\/pages\/3954\/revisions\/4041"}],"up":[{"embeddable":true,"href":"https:\/\/medicina.udd.cl\/enfermeria-santiago\/wp-json\/wp\/v2\/pages\/2594"}],"wp:attachment":[{"href":"https:\/\/medicina.udd.cl\/enfermeria-santiago\/wp-json\/wp\/v2\/media?parent=3954"}],"curies":[{"name":"wp","href":"https:\/\/api.w.org\/{rel}","templated":true}]}}