{"id":4015,"date":"2016-08-10T16:50:44","date_gmt":"2016-08-10T20:50:44","guid":{"rendered":"http:\/\/medicina.udd.cl\/enfermeria-santiago\/?page_id=4015"},"modified":"2016-08-11T12:08:58","modified_gmt":"2016-08-11T16:08:58","slug":"area-de-postgrado-2015","status":"publish","type":"page","link":"https:\/\/medicina.udd.cl\/enfermeria-santiago\/equipo-de-investigacion\/area-de-postgrado-2015\/","title":{"rendered":"\u00c1rea de Postgrado 2015"},"content":{"rendered":"<p><strong>Diplomado de Investigaci\u00f3n Aplicada en Salud con Enfoque Traslacional\u00a0<\/strong><\/p>\n<p style=\"text-align: justify;\"><a href=\"http:\/\/medicina.udd.cl\/enfermeria-santiago\/files\/2016\/08\/diplomado-investigaci\u00f3n-en-salud-con-enfoque-traslacional.jpg\" rel=\"attachment wp-att-4016\"><img loading=\"lazy\" decoding=\"async\" class=\"size-medium wp-image-4016 alignright\" src=\"http:\/\/medicina.udd.cl\/enfermeria-santiago\/files\/2016\/08\/diplomado-investigaci\u00f3n-en-salud-con-enfoque-traslacional-300x231.jpg\" alt=\"diplomado investigaci\u00f3n en salud con enfoque traslacional\" width=\"300\" height=\"231\" srcset=\"https:\/\/medicina.udd.cl\/enfermeria-santiago\/files\/2016\/08\/diplomado-investigaci\u00f3n-en-salud-con-enfoque-traslacional-300x231.jpg 300w, https:\/\/medicina.udd.cl\/enfermeria-santiago\/files\/2016\/08\/diplomado-investigaci\u00f3n-en-salud-con-enfoque-traslacional-182x140.jpg 182w, https:\/\/medicina.udd.cl\/enfermeria-santiago\/files\/2016\/08\/diplomado-investigaci\u00f3n-en-salud-con-enfoque-traslacional.jpg 498w\" sizes=\"auto, (max-width: 300px) 100vw, 300px\" \/><\/a>Actualmente, la Universidad del Desarrollo, a trav\u00e9s de su Facultad de Medicina\u00a0Cl\u00ednica Alemana, se ha adjudicado un Proyecto de Mejoramiento Institucional (PMI)\u00a0con fondos del Ministerio de Educaci\u00f3n de Chile. Este proyecto tiene como una de\u00a0sus metas la formaci\u00f3n de capital humano que promueva el desarrollo de\u00a0investigaci\u00f3n que persiga la adopci\u00f3n de sus resultados en el mejoramiento\u00a0efectivo de la salud y bienestar de la sociedad. En este marco, el Diplomado de\u00a0Investigaci\u00f3n Aplicada en Salud con Enfoque Traslacional es pionero en el medio\u00a0nacional, diferenci\u00e1ndose de otros programas de formaci\u00f3n de postgrado en el \u00e1rea\u00a0de investigaci\u00f3n en salud por su naturaleza pragm\u00e1tica, que incorpora\u00a0investigaci\u00f3n cuantitativa y cualitativa; su eje en el modelo traslacional para\u00a0resolver problemas prioritarios de salud de manera efectiva; y su metodolog\u00eda\u00a0educativa que conduce a los estudiantes hacia un pensamiento cr\u00edtico y creativo\u00a0multi-direccional durante la elaboraci\u00f3n de un proyecto de investigaci\u00f3n en salud.<\/p>\n<p style=\"text-align: justify;\">El Diplomado de Investigaci\u00f3n Aplicada en Salud con Enfoque Traslacional tiene\u00a0como prop\u00f3sito formar a diversos profesionales interesados en problemas de salud\u00a0en la investigaci\u00f3n en salud. El Objetivo general de este diploma es generar en un\u00a0equipo interdisciplinario un proyecto de investigaci\u00f3n cuantitativo o cualitativo,\u00a0riguroso y factible, con enfoque traslacional y de innovaci\u00f3n aplicada en salud.<\/p>\n<p style=\"text-align: justify;\"><strong>Principales logros<\/strong><\/p>\n<p style=\"text-align: justify;\">Es sobresaliente la adjudicaci\u00f3n del Fondo Nacional de Investigaci\u00f3n y Desarrollo\u00a0en Salud 2015, del proyecto \u00bb Barreras y\/o facilitadores del equipo de salud\u00a0neonatal sobre la implementaci\u00f3n de un M\u00e9todo de Screening para<br \/>\ndetectar cardiopat\u00edas cong\u00e9nitas, desde una mirada traslacional\u00bb, postulado\u00a0por ex alumnos de Diploma de Investigaci\u00f3n Traslacional versi\u00f3n 2014. La\u00a0Investigadora Principal es la Dra. Christina Lindeman del Hospital La Florida, Ana\u00a0Mar\u00eda McIntyre, Estudios Sociales en Salud, es la investigadora altera; Margarita\u00a0Bernales, PhD, Estudios Sociales en Salud, es co-investigadora y fue la tutora de\u00a0este proyecto en el diploma.<\/p>\n","protected":false},"excerpt":{"rendered":"<p>Diplomado de Investigaci\u00f3n Aplicada en Salud con Enfoque Traslacional\u00a0 Actualmente, la Universidad del Desarrollo, a trav\u00e9s de su Facultad de Medicina\u00a0Cl\u00ednica Alemana, se ha adjudicado un Proyecto de Mejoramiento Institucional (PMI)\u00a0con fondos del Ministerio de Educaci\u00f3n de Chile. Este proyecto tiene como una de\u00a0sus metas la formaci\u00f3n de capital humano que promueva el desarrollo de\u00a0investigaci\u00f3n [&hellip;]<\/p>\n","protected":false},"author":42,"featured_media":0,"parent":2594,"menu_order":0,"comment_status":"closed","ping_status":"closed","template":"template-wide-content.php","meta":{"footnotes":""},"class_list":["post-4015","page","type-page","status-publish","hentry"],"yoast_head":"<!-- This site is optimized with the Yoast SEO plugin v26.9 - https:\/\/yoast.com\/product\/yoast-seo-wordpress\/ -->\n<title>\u00c1rea de Postgrado 2015 - Enfermer\u00eda UDD<\/title>\n<meta name=\"robots\" content=\"index, follow, max-snippet:-1, max-image-preview:large, max-video-preview:-1\" \/>\n<link rel=\"canonical\" href=\"https:\/\/medicina.udd.cl\/enfermeria-santiago\/equipo-de-investigacion\/area-de-postgrado-2015\/\" \/>\n<meta property=\"og:locale\" content=\"es_ES\" \/>\n<meta property=\"og:type\" content=\"article\" \/>\n<meta property=\"og:title\" content=\"\u00c1rea de Postgrado 2015 - Enfermer\u00eda UDD\" \/>\n<meta property=\"og:description\" content=\"Diplomado de Investigaci\u00f3n Aplicada en Salud con Enfoque Traslacional\u00a0 Actualmente, la Universidad del Desarrollo, a trav\u00e9s de su Facultad de Medicina\u00a0Cl\u00ednica Alemana, se ha adjudicado un Proyecto de Mejoramiento Institucional (PMI)\u00a0con fondos del Ministerio de Educaci\u00f3n de Chile. Este proyecto tiene como una de\u00a0sus metas la formaci\u00f3n de capital humano que promueva el desarrollo de\u00a0investigaci\u00f3n [&hellip;]\" \/>\n<meta property=\"og:url\" content=\"https:\/\/medicina.udd.cl\/enfermeria-santiago\/equipo-de-investigacion\/area-de-postgrado-2015\/\" \/>\n<meta property=\"og:site_name\" content=\"Enfermer\u00eda UDD\" \/>\n<meta property=\"article:modified_time\" content=\"2016-08-11T16:08:58+00:00\" \/>\n<meta name=\"twitter:label1\" content=\"Tiempo de lectura\" \/>\n\t<meta name=\"twitter:data1\" content=\"2 minutos\" \/>\n<script type=\"application\/ld+json\" class=\"yoast-schema-graph\">{\"@context\":\"https:\/\/schema.org\",\"@graph\":[{\"@type\":\"WebPage\",\"@id\":\"https:\/\/medicina.udd.cl\/enfermeria-santiago\/equipo-de-investigacion\/area-de-postgrado-2015\/\",\"url\":\"https:\/\/medicina.udd.cl\/enfermeria-santiago\/equipo-de-investigacion\/area-de-postgrado-2015\/\",\"name\":\"\u00c1rea de Postgrado 2015 - Enfermer\u00eda UDD\",\"isPartOf\":{\"@id\":\"https:\/\/medicina.udd.cl\/enfermeria-santiago\/#website\"},\"datePublished\":\"2016-08-10T20:50:44+00:00\",\"dateModified\":\"2016-08-11T16:08:58+00:00\",\"breadcrumb\":{\"@id\":\"https:\/\/medicina.udd.cl\/enfermeria-santiago\/equipo-de-investigacion\/area-de-postgrado-2015\/#breadcrumb\"},\"inLanguage\":\"es\",\"potentialAction\":[{\"@type\":\"ReadAction\",\"target\":[\"https:\/\/medicina.udd.cl\/enfermeria-santiago\/equipo-de-investigacion\/area-de-postgrado-2015\/\"]}]},{\"@type\":\"BreadcrumbList\",\"@id\":\"https:\/\/medicina.udd.cl\/enfermeria-santiago\/equipo-de-investigacion\/area-de-postgrado-2015\/#breadcrumb\",\"itemListElement\":[{\"@type\":\"ListItem\",\"position\":1,\"name\":\"Home\",\"item\":\"https:\/\/medicina.udd.cl\/enfermeria-santiago\/\"},{\"@type\":\"ListItem\",\"position\":2,\"name\":\"Investigaci\u00f3n\",\"item\":\"https:\/\/medicina.udd.cl\/enfermeria-santiago\/equipo-de-investigacion\/\"},{\"@type\":\"ListItem\",\"position\":3,\"name\":\"\u00c1rea de Postgrado 2015\"}]},{\"@type\":\"WebSite\",\"@id\":\"https:\/\/medicina.udd.cl\/enfermeria-santiago\/#website\",\"url\":\"https:\/\/medicina.udd.cl\/enfermeria-santiago\/\",\"name\":\"Enfermer\u00eda UDD\",\"description\":\"Facultad de Medicina Cl\u00ednica Alemana Universidad del Desarrollo\",\"inLanguage\":\"es\"}]}<\/script>\n<!-- \/ Yoast SEO plugin. -->","yoast_head_json":{"title":"\u00c1rea de Postgrado 2015 - Enfermer\u00eda UDD","robots":{"index":"index","follow":"follow","max-snippet":"max-snippet:-1","max-image-preview":"max-image-preview:large","max-video-preview":"max-video-preview:-1"},"canonical":"https:\/\/medicina.udd.cl\/enfermeria-santiago\/equipo-de-investigacion\/area-de-postgrado-2015\/","og_locale":"es_ES","og_type":"article","og_title":"\u00c1rea de Postgrado 2015 - Enfermer\u00eda UDD","og_description":"Diplomado de Investigaci\u00f3n Aplicada en Salud con Enfoque Traslacional\u00a0 Actualmente, la Universidad del Desarrollo, a trav\u00e9s de su Facultad de Medicina\u00a0Cl\u00ednica Alemana, se ha adjudicado un Proyecto de Mejoramiento Institucional (PMI)\u00a0con fondos del Ministerio de Educaci\u00f3n de Chile. Este proyecto tiene como una de\u00a0sus metas la formaci\u00f3n de capital humano que promueva el desarrollo de\u00a0investigaci\u00f3n [&hellip;]","og_url":"https:\/\/medicina.udd.cl\/enfermeria-santiago\/equipo-de-investigacion\/area-de-postgrado-2015\/","og_site_name":"Enfermer\u00eda UDD","article_modified_time":"2016-08-11T16:08:58+00:00","twitter_misc":{"Tiempo de lectura":"2 minutos"},"schema":{"@context":"https:\/\/schema.org","@graph":[{"@type":"WebPage","@id":"https:\/\/medicina.udd.cl\/enfermeria-santiago\/equipo-de-investigacion\/area-de-postgrado-2015\/","url":"https:\/\/medicina.udd.cl\/enfermeria-santiago\/equipo-de-investigacion\/area-de-postgrado-2015\/","name":"\u00c1rea de Postgrado 2015 - Enfermer\u00eda UDD","isPartOf":{"@id":"https:\/\/medicina.udd.cl\/enfermeria-santiago\/#website"},"datePublished":"2016-08-10T20:50:44+00:00","dateModified":"2016-08-11T16:08:58+00:00","breadcrumb":{"@id":"https:\/\/medicina.udd.cl\/enfermeria-santiago\/equipo-de-investigacion\/area-de-postgrado-2015\/#breadcrumb"},"inLanguage":"es","potentialAction":[{"@type":"ReadAction","target":["https:\/\/medicina.udd.cl\/enfermeria-santiago\/equipo-de-investigacion\/area-de-postgrado-2015\/"]}]},{"@type":"BreadcrumbList","@id":"https:\/\/medicina.udd.cl\/enfermeria-santiago\/equipo-de-investigacion\/area-de-postgrado-2015\/#breadcrumb","itemListElement":[{"@type":"ListItem","position":1,"name":"Home","item":"https:\/\/medicina.udd.cl\/enfermeria-santiago\/"},{"@type":"ListItem","position":2,"name":"Investigaci\u00f3n","item":"https:\/\/medicina.udd.cl\/enfermeria-santiago\/equipo-de-investigacion\/"},{"@type":"ListItem","position":3,"name":"\u00c1rea de Postgrado 2015"}]},{"@type":"WebSite","@id":"https:\/\/medicina.udd.cl\/enfermeria-santiago\/#website","url":"https:\/\/medicina.udd.cl\/enfermeria-santiago\/","name":"Enfermer\u00eda UDD","description":"Facultad de Medicina Cl\u00ednica Alemana Universidad del Desarrollo","inLanguage":"es"}]}},"_links":{"self":[{"href":"https:\/\/medicina.udd.cl\/enfermeria-santiago\/wp-json\/wp\/v2\/pages\/4015","targetHints":{"allow":["GET"]}}],"collection":[{"href":"https:\/\/medicina.udd.cl\/enfermeria-santiago\/wp-json\/wp\/v2\/pages"}],"about":[{"href":"https:\/\/medicina.udd.cl\/enfermeria-santiago\/wp-json\/wp\/v2\/types\/page"}],"author":[{"embeddable":true,"href":"https:\/\/medicina.udd.cl\/enfermeria-santiago\/wp-json\/wp\/v2\/users\/42"}],"replies":[{"embeddable":true,"href":"https:\/\/medicina.udd.cl\/enfermeria-santiago\/wp-json\/wp\/v2\/comments?post=4015"}],"version-history":[{"count":2,"href":"https:\/\/medicina.udd.cl\/enfermeria-santiago\/wp-json\/wp\/v2\/pages\/4015\/revisions"}],"predecessor-version":[{"id":4018,"href":"https:\/\/medicina.udd.cl\/enfermeria-santiago\/wp-json\/wp\/v2\/pages\/4015\/revisions\/4018"}],"up":[{"embeddable":true,"href":"https:\/\/medicina.udd.cl\/enfermeria-santiago\/wp-json\/wp\/v2\/pages\/2594"}],"wp:attachment":[{"href":"https:\/\/medicina.udd.cl\/enfermeria-santiago\/wp-json\/wp\/v2\/media?parent=4015"}],"curies":[{"name":"wp","href":"https:\/\/api.w.org\/{rel}","templated":true}]}}