{"id":4270,"date":"2016-09-22T11:13:32","date_gmt":"2016-09-22T14:13:32","guid":{"rendered":"http:\/\/medicina.udd.cl\/enfermeria-santiago\/?page_id=4270"},"modified":"2017-04-26T16:45:00","modified_gmt":"2017-04-26T19:45:00","slug":"apariciones-en-prensa-2","status":"publish","type":"page","link":"https:\/\/medicina.udd.cl\/enfermeria-santiago\/equipo-de-investigacion\/apariciones-en-prensa-2\/","title":{"rendered":"Apariciones en prensa"},"content":{"rendered":"<p>&nbsp;<\/p>\n<p><a href=\"http:\/\/medicina.udd.cl\/enfermeria-santiago\/files\/2016\/09\/B\u00e1ltica-Radio-U.-de-Chile.jpg\" rel=\"attachment wp-att-4690\"><img loading=\"lazy\" decoding=\"async\" class=\"wp-image-4690 alignleft\" src=\"http:\/\/medicina.udd.cl\/enfermeria-santiago\/files\/2016\/09\/B\u00e1ltica-Radio-U.-de-Chile-300x235.jpg\" alt=\"B\u00e1ltica Radio U. de Chile\" width=\"249\" height=\"195\" srcset=\"https:\/\/medicina.udd.cl\/enfermeria-santiago\/files\/2016\/09\/B\u00e1ltica-Radio-U.-de-Chile-300x235.jpg 300w, https:\/\/medicina.udd.cl\/enfermeria-santiago\/files\/2016\/09\/B\u00e1ltica-Radio-U.-de-Chile.jpg 720w\" sizes=\"auto, (max-width: 249px) 100vw, 249px\" \/><\/a>B\u00e1ltica Cabieses<\/p>\n<p>Programa \u00abA\u00a0tu Salud\u00bb Radio Universidad de Chile<\/p>\n<p>13 de abril de 2017<\/p>\n<p><a href=\"http:\/\/radio.uchile.cl\/programas\/a-tu-salud\/412566\/\" target=\"_blank\">Escuchar programa<\/a><\/p>\n<p>&nbsp;<\/p>\n<p>&nbsp;<\/p>\n<p><strong><a href=\"http:\/\/medicina.udd.cl\/enfermeria-santiago\/files\/2016\/09\/IMG_9666-copia.jpg\" rel=\"attachment wp-att-4651\"><img loading=\"lazy\" decoding=\"async\" class=\"alignleft wp-image-4651\" src=\"http:\/\/medicina.udd.cl\/enfermeria-santiago\/files\/2016\/09\/IMG_9666-copia-300x276.jpg\" alt=\"IMG_9666 - copia\" width=\"240\" height=\"221\" srcset=\"https:\/\/medicina.udd.cl\/enfermeria-santiago\/files\/2016\/09\/IMG_9666-copia-300x276.jpg 300w, https:\/\/medicina.udd.cl\/enfermeria-santiago\/files\/2016\/09\/IMG_9666-copia-768x708.jpg 768w, https:\/\/medicina.udd.cl\/enfermeria-santiago\/files\/2016\/09\/IMG_9666-copia-1024x944.jpg 1024w, https:\/\/medicina.udd.cl\/enfermeria-santiago\/files\/2016\/09\/IMG_9666-copia-960x885.jpg 960w\" sizes=\"auto, (max-width: 240px) 100vw, 240px\" \/><\/a>B\u00e1ltica Cabieses<\/strong><\/p>\n<p>Radio Universidad de Chile<\/p>\n<p>Marzo de 2017<\/p>\n<p><a href=\"http:\/\/www.udd.cl\/dircom\/adjuntos\/etica-salud-inmigrantes.mp3\" target=\"_blank\">Escuchar programa<\/a><\/p>\n<p>&nbsp;<\/p>\n<p>&nbsp;<\/p>\n<p>&nbsp;<\/p>\n<p><a href=\"http:\/\/medicina.udd.cl\/enfermeria-santiago\/files\/2016\/09\/B\u00e1ltica-La-Segunda.jpg\" rel=\"attachment wp-att-4648\"><img loading=\"lazy\" decoding=\"async\" class=\"alignleft wp-image-4648\" src=\"http:\/\/medicina.udd.cl\/enfermeria-santiago\/files\/2016\/09\/B\u00e1ltica-La-Segunda-300x192.jpg\" alt=\"B\u00e1ltica La Segunda\" width=\"260\" height=\"166\" srcset=\"https:\/\/medicina.udd.cl\/enfermeria-santiago\/files\/2016\/09\/B\u00e1ltica-La-Segunda-300x192.jpg 300w, https:\/\/medicina.udd.cl\/enfermeria-santiago\/files\/2016\/09\/B\u00e1ltica-La-Segunda-768x491.jpg 768w, https:\/\/medicina.udd.cl\/enfermeria-santiago\/files\/2016\/09\/B\u00e1ltica-La-Segunda-125x80.jpg 125w, https:\/\/medicina.udd.cl\/enfermeria-santiago\/files\/2016\/09\/B\u00e1ltica-La-Segunda-960x614.jpg 960w, https:\/\/medicina.udd.cl\/enfermeria-santiago\/files\/2016\/09\/B\u00e1ltica-La-Segunda.jpg 990w\" sizes=\"auto, (max-width: 260px) 100vw, 260px\" \/><\/a><\/p>\n<p><strong>B\u00e1ltica Cabieses<\/strong><\/p>\n<p>La Segunda<\/p>\n<p>21 de marzo de 2017<\/p>\n<p>Tema: Acceso de los migrantes al sistema p\u00fablico de salud<\/p>\n<p><a href=\"http:\/\/medicina.udd.cl\/files\/2017\/03\/%E2%80%9CNecesitamos-actualizar-el-ingreso-de-los-migrantes-desde-la-inclusi%C3%B3n%E2%80%9D.pdf\" target=\"_blank\">Leer noticia<\/a><\/p>\n<p>&nbsp;<\/p>\n<p>&nbsp;<\/p>\n<p><strong><a href=\"http:\/\/medicina.udd.cl\/enfermeria-santiago\/files\/2016\/09\/libro-en-universia.jpg\" rel=\"attachment wp-att-4559\"><img loading=\"lazy\" decoding=\"async\" class=\"wp-image-4559 alignleft\" src=\"http:\/\/medicina.udd.cl\/enfermeria-santiago\/files\/2016\/09\/libro-en-universia-300x254.jpg\" alt=\"libro en universia\" width=\"255\" height=\"216\" srcset=\"https:\/\/medicina.udd.cl\/enfermeria-santiago\/files\/2016\/09\/libro-en-universia-300x254.jpg 300w, https:\/\/medicina.udd.cl\/enfermeria-santiago\/files\/2016\/09\/libro-en-universia.jpg 736w\" sizes=\"auto, (max-width: 255px) 100vw, 255px\" \/><\/a>Programa de Estudios Sociales en Salud<\/strong><\/p>\n<p>Universia<\/p>\n<p>10 de enero de 2017<\/p>\n<p>Tema: Lanzamiento libro<\/p>\n<p><a href=\"https:\/\/cl.universianews.net\/2017\/01\/09\/la-migracion-internacional-como-determinante-social-de-la-salud-en-chile-evidencia-y-propuestas-para-politicas-publicas\/\">Ver noticia<\/a><\/p>\n<p>&nbsp;<\/p>\n<p>&nbsp;<\/p>\n<p><a href=\"http:\/\/medicina.udd.cl\/enfermeria-santiago\/files\/2016\/09\/B\u00e1ltica-24horas.jpg\" rel=\"attachment wp-att-4512\"><img loading=\"lazy\" decoding=\"async\" class=\"alignleft wp-image-4512\" src=\"http:\/\/medicina.udd.cl\/enfermeria-santiago\/files\/2016\/09\/B\u00e1ltica-24horas-300x213.jpg\" alt=\"B\u00e1ltica 24horas\" width=\"270\" height=\"192\" srcset=\"https:\/\/medicina.udd.cl\/enfermeria-santiago\/files\/2016\/09\/B\u00e1ltica-24horas-300x213.jpg 300w, https:\/\/medicina.udd.cl\/enfermeria-santiago\/files\/2016\/09\/B\u00e1ltica-24horas-316x224.jpg 316w, https:\/\/medicina.udd.cl\/enfermeria-santiago\/files\/2016\/09\/B\u00e1ltica-24horas-87x62.jpg 87w, https:\/\/medicina.udd.cl\/enfermeria-santiago\/files\/2016\/09\/B\u00e1ltica-24horas.jpg 610w\" sizes=\"auto, (max-width: 270px) 100vw, 270px\" \/><\/a><strong>B\u00e1ltica Cabieses<\/strong><\/p>\n<p>24 Horas<\/p>\n<p>16 de diciembre de 2016<\/p>\n<p>Tema: D\u00eda Internacional del Migrante<\/p>\n<p><a href=\"http:\/\/map.conectamedia.cl\/index.php\/clippingNews\/view?id=1499658&amp;email=21072&amp;fromemail=1\" target=\"_blank\">Ver entrevista<\/a><\/p>\n<p>&nbsp;<\/p>\n<p>&nbsp;<\/p>\n<p><strong><a href=\"http:\/\/medicina.udd.cl\/enfermeria-santiago\/files\/2016\/09\/C\u00f3mo-mantener-productivo-a-un-Chile-envejecido-Expertos-apuntan-a-la-inmigraci\u00f3n.jpg\" rel=\"attachment wp-att-4509\"><img loading=\"lazy\" decoding=\"async\" class=\"alignleft wp-image-4509\" src=\"http:\/\/medicina.udd.cl\/enfermeria-santiago\/files\/2016\/09\/C\u00f3mo-mantener-productivo-a-un-Chile-envejecido-Expertos-apuntan-a-la-inmigraci\u00f3n-300x196.jpg\" alt=\"C\u00f3mo mantener productivo a un Chile envejecido Expertos apuntan a la inmigraci\u00f3n\" width=\"270\" height=\"176\" srcset=\"https:\/\/medicina.udd.cl\/enfermeria-santiago\/files\/2016\/09\/C\u00f3mo-mantener-productivo-a-un-Chile-envejecido-Expertos-apuntan-a-la-inmigraci\u00f3n-300x196.jpg 300w, https:\/\/medicina.udd.cl\/enfermeria-santiago\/files\/2016\/09\/C\u00f3mo-mantener-productivo-a-un-Chile-envejecido-Expertos-apuntan-a-la-inmigraci\u00f3n-768x501.jpg 768w, https:\/\/medicina.udd.cl\/enfermeria-santiago\/files\/2016\/09\/C\u00f3mo-mantener-productivo-a-un-Chile-envejecido-Expertos-apuntan-a-la-inmigraci\u00f3n-660x430.jpg 660w, https:\/\/medicina.udd.cl\/enfermeria-santiago\/files\/2016\/09\/C\u00f3mo-mantener-productivo-a-un-Chile-envejecido-Expertos-apuntan-a-la-inmigraci\u00f3n-125x80.jpg 125w, https:\/\/medicina.udd.cl\/enfermeria-santiago\/files\/2016\/09\/C\u00f3mo-mantener-productivo-a-un-Chile-envejecido-Expertos-apuntan-a-la-inmigraci\u00f3n-340x220.jpg 340w, https:\/\/medicina.udd.cl\/enfermeria-santiago\/files\/2016\/09\/C\u00f3mo-mantener-productivo-a-un-Chile-envejecido-Expertos-apuntan-a-la-inmigraci\u00f3n.jpg 943w\" sizes=\"auto, (max-width: 270px) 100vw, 270px\" \/><\/a>B\u00e1ltica Cabieses<\/strong><\/p>\n<p>Emol<\/p>\n<p>7 de diciembre de 2016<\/p>\n<p>Tema:\u00a0\u00bfC\u00f3mo mantener productivo a un Chile \u00abenvejecido\u00bb? Expertos apuntan a la inmigraci\u00f3n<\/p>\n<p><a href=\"http:\/\/www.emol.com\/noticias\/Economia\/2016\/12\/07\/834425\/Como-mantener-productivo-a-un-Chile-envejecido-Fomentando-la-llegada-de-inmigrantes.html\" target=\"_blank\">Ver noticia<\/a><\/p>\n<p>&nbsp;<\/p>\n<p><a href=\"http:\/\/medicina.udd.cl\/enfermeria-santiago\/files\/2016\/04\/B\u00e1ltica-Cabieses.jpg\" rel=\"attachment wp-att-3610\"><img loading=\"lazy\" decoding=\"async\" class=\"alignleft wp-image-3610\" src=\"http:\/\/medicina.udd.cl\/enfermeria-santiago\/files\/2016\/04\/B\u00e1ltica-Cabieses-300x276.jpg\" alt=\"*\" width=\"269\" height=\"247\" srcset=\"https:\/\/medicina.udd.cl\/enfermeria-santiago\/files\/2016\/04\/B\u00e1ltica-Cabieses-300x276.jpg 300w, https:\/\/medicina.udd.cl\/enfermeria-santiago\/files\/2016\/04\/B\u00e1ltica-Cabieses.jpg 720w\" sizes=\"auto, (max-width: 269px) 100vw, 269px\" \/><\/a><\/p>\n<p><strong>B\u00e1ltica Cabieses<\/strong><\/p>\n<p>Programa Viceversa, Radio Universidad de Chile<\/p>\n<p>31 de Octubre de 2016<\/p>\n<p>Tema: salud en migrantes (embarazos y partos)<\/p>\n<p><a href=\"http:\/\/radio.uchile.cl\/programas\/viceversa\/391033\/\" target=\"_blank\">Escuchar programa<\/a><\/p>\n<p>&nbsp;<\/p>\n<p>&nbsp;<\/p>\n<p>&nbsp;<\/p>\n<p><strong><a href=\"http:\/\/medicina.udd.cl\/enfermeria-santiago\/files\/2016\/09\/Margarita-Bernales-Teletrece.jpg\" rel=\"attachment wp-att-4287\"><img loading=\"lazy\" decoding=\"async\" class=\"alignleft wp-image-4287\" src=\"http:\/\/medicina.udd.cl\/enfermeria-santiago\/files\/2016\/09\/Margarita-Bernales-Teletrece-300x222.jpg\" alt=\"Margarita Bernales Teletrece\" width=\"280\" height=\"207\" srcset=\"https:\/\/medicina.udd.cl\/enfermeria-santiago\/files\/2016\/09\/Margarita-Bernales-Teletrece-300x222.jpg 300w, https:\/\/medicina.udd.cl\/enfermeria-santiago\/files\/2016\/09\/Margarita-Bernales-Teletrece.jpg 697w\" sizes=\"auto, (max-width: 280px) 100vw, 280px\" \/><\/a>Margarita Bernales<\/strong><\/p>\n<p>Teletrece<\/p>\n<p>14 de septiembre de 2016<\/p>\n<p>Tema:\u00a0Menores podr\u00e1n pedir cambio de sexo legal<\/p>\n<p><a href=\"http:\/\/map.conectamedia.cl\/index.php\/clippingNews\/view?id=1030391&amp;email=15020&amp;fromemail=1\">Ver noticia<\/a><\/p>\n<p>&nbsp;<\/p>\n<p><strong><br \/>\n<a href=\"http:\/\/medicina.udd.cl\/enfermeria-santiago\/files\/2016\/09\/Migrantes-300x222.jpg\" rel=\"attachment wp-att-4278\"><img loading=\"lazy\" decoding=\"async\" class=\"alignleft wp-image-4278\" src=\"http:\/\/medicina.udd.cl\/enfermeria-santiago\/files\/2016\/09\/Migrantes-300x222-300x222.jpg\" alt=\"Migrantes-300x222\" width=\"280\" height=\"207\" \/><\/a>B\u00e1ltica Cabieses<\/strong><\/p>\n<p>TVN-24 horas<\/p>\n<p>12 de octubre de 2015<\/p>\n<p>Tema: Migrantes: los nuevos ni\u00f1os de Chile<\/p>\n<p><a href=\"http:\/\/www.litoralpress.cl\/design3\/lpi\/video.asp?id=6620039\">Ver reportaje<\/a><\/p>\n<p>&nbsp;<\/p>\n<p>&nbsp;<\/p>\n<p><strong><a href=\"http:\/\/medicina.udd.cl\/enfermeria-santiago\/files\/2016\/09\/mapa-migrante.jpg\" rel=\"attachment wp-att-4285\"><img loading=\"lazy\" decoding=\"async\" class=\"size-medium wp-image-4285 alignleft\" src=\"http:\/\/medicina.udd.cl\/enfermeria-santiago\/files\/2016\/09\/mapa-migrante-300x180.jpg\" alt=\"mapa migrante\" width=\"300\" height=\"180\" srcset=\"https:\/\/medicina.udd.cl\/enfermeria-santiago\/files\/2016\/09\/mapa-migrante-300x180.jpg 300w, https:\/\/medicina.udd.cl\/enfermeria-santiago\/files\/2016\/09\/mapa-migrante.jpg 732w\" sizes=\"auto, (max-width: 300px) 100vw, 300px\" \/><\/a>B\u00e1ltica Cabieses<\/strong><\/p>\n<p>Radio U. de Chile<\/p>\n<p>31 de agosto de 2015<\/p>\n<p>Programa: Mapa Migrante<\/p>\n<p><a href=\"http:\/\/radio.uchile.cl\/programas\/mapa-migrante\/en-este-capitulo-tratamos-el-tema-de-la-vulnerabilidad-social-en-que-viven-algunos-grupos-de-migrantes-y-la-repercusion-en-su-salud-la-doctora-en-epidemiologia-social-baltica-cabieses-nos-entrega\">Audio<\/a><\/p>\n<p>&nbsp;<\/p>\n<p><strong><a href=\"http:\/\/medicina.udd.cl\/enfermeria-santiago\/files\/2016\/09\/D\u00eda-Internacional-del-Inmigrante-CNN-Chile-18-de-diciembre-2014-300x180.jpg\" rel=\"attachment wp-att-4275\"><img loading=\"lazy\" decoding=\"async\" class=\"size-medium wp-image-4275 alignleft\" src=\"http:\/\/medicina.udd.cl\/enfermeria-santiago\/files\/2016\/09\/D\u00eda-Internacional-del-Inmigrante-CNN-Chile-18-de-diciembre-2014-300x180-300x180.jpg\" alt=\"D\u00eda-Internacional-del-Inmigrante-CNN-Chile-18-de-diciembre-2014-300x180\" width=\"300\" height=\"180\" \/><\/a>B\u00e1ltica Cabieses<\/strong><\/p>\n<p>CNN Chile<\/p>\n<p>18 de diciembre de 2014<\/p>\n<p>Tema: Calidad de\u00a0la salud que recibe un inmigrante en Chile<\/p>\n<p><a href=\"http:\/\/cnnchile.com\/noticia\/2014\/12\/18\/baltica-cabieses-detallo-la-calidad-de-salud-que-recibe-un-inmigrante-en-chile\" target=\"_blank\">Ver entrevista<\/a><\/p>\n<p>&nbsp;<\/p>\n<p><strong><a href=\"http:\/\/medicina.udd.cl\/enfermeria-santiago\/files\/2016\/09\/La-salud-de-los-inmigrantes-suele-ser-mejor-que-de-los-chilenos.jpg\" rel=\"attachment wp-att-4272\"><img loading=\"lazy\" decoding=\"async\" class=\"size-medium wp-image-4272 alignleft\" src=\"http:\/\/medicina.udd.cl\/enfermeria-santiago\/files\/2016\/09\/La-salud-de-los-inmigrantes-suele-ser-mejor-que-de-los-chilenos-300x182.jpg\" alt=\"La-salud-de-los-inmigrantes-suele-ser-mejor-que-de-los-chilenos\" width=\"300\" height=\"182\" \/><\/a>B\u00e1ltica Cabieses<\/strong><\/p>\n<p>El Mercurio<\/p>\n<p>5 de septiembre de 2014<\/p>\n<p>Tema: La salud de los inmigrantes tiende a ser mejor que la de los chilenos<\/p>\n<p><a href=\"http:\/\/medicina.udd.cl\/files\/2014\/12\/La-salud-de-los-inmigrantes-suele-ser-mejor-que-de-los-chilenos-Cuerpo-C-de-El-Mercurio-5-de-marzo-2014.pdf\" target=\"_blank\">Leer art\u00edculo<\/a><\/p>\n<p>&nbsp;<\/p>\n<p>&nbsp;<\/p>\n<p>&nbsp;<\/p>\n","protected":false},"excerpt":{"rendered":"<p>&nbsp; B\u00e1ltica Cabieses Programa \u00abA\u00a0tu Salud\u00bb Radio Universidad de Chile 13 de abril de 2017 Escuchar programa &nbsp; &nbsp; B\u00e1ltica Cabieses Radio Universidad de Chile Marzo de 2017 Escuchar programa &nbsp; &nbsp; &nbsp; B\u00e1ltica Cabieses La Segunda 21 de marzo de 2017 Tema: Acceso de los migrantes al sistema p\u00fablico de salud Leer noticia &nbsp; [&hellip;]<\/p>\n","protected":false},"author":42,"featured_media":0,"parent":2594,"menu_order":0,"comment_status":"closed","ping_status":"closed","template":"template-wide-content.php","meta":{"footnotes":""},"class_list":["post-4270","page","type-page","status-publish","hentry"],"yoast_head":"<!-- This site is optimized with the Yoast SEO plugin v26.9 - https:\/\/yoast.com\/product\/yoast-seo-wordpress\/ -->\n<title>Apariciones en prensa - Enfermer\u00eda UDD<\/title>\n<meta name=\"robots\" content=\"index, follow, max-snippet:-1, max-image-preview:large, max-video-preview:-1\" \/>\n<link rel=\"canonical\" href=\"https:\/\/medicina.udd.cl\/enfermeria-santiago\/equipo-de-investigacion\/apariciones-en-prensa-2\/\" \/>\n<meta property=\"og:locale\" content=\"es_ES\" \/>\n<meta property=\"og:type\" content=\"article\" \/>\n<meta property=\"og:title\" content=\"Apariciones en prensa - Enfermer\u00eda UDD\" \/>\n<meta property=\"og:description\" content=\"&nbsp; B\u00e1ltica Cabieses Programa \u00abA\u00a0tu Salud\u00bb Radio Universidad de Chile 13 de abril de 2017 Escuchar programa &nbsp; &nbsp; B\u00e1ltica Cabieses Radio Universidad de Chile Marzo de 2017 Escuchar programa &nbsp; &nbsp; &nbsp; B\u00e1ltica Cabieses La Segunda 21 de marzo de 2017 Tema: Acceso de los migrantes al sistema p\u00fablico de salud Leer noticia &nbsp; [&hellip;]\" \/>\n<meta property=\"og:url\" content=\"https:\/\/medicina.udd.cl\/enfermeria-santiago\/equipo-de-investigacion\/apariciones-en-prensa-2\/\" \/>\n<meta property=\"og:site_name\" content=\"Enfermer\u00eda UDD\" \/>\n<meta property=\"article:modified_time\" content=\"2017-04-26T19:45:00+00:00\" \/>\n<meta property=\"og:image\" content=\"http:\/\/medicina.udd.cl\/enfermeria-santiago\/files\/2016\/09\/IMG_9666-copia-300x276.jpg\" \/>\n<meta name=\"twitter:label1\" content=\"Tiempo de lectura\" \/>\n\t<meta name=\"twitter:data1\" content=\"1 minuto\" \/>\n<script type=\"application\/ld+json\" class=\"yoast-schema-graph\">{\"@context\":\"https:\/\/schema.org\",\"@graph\":[{\"@type\":\"WebPage\",\"@id\":\"https:\/\/medicina.udd.cl\/enfermeria-santiago\/equipo-de-investigacion\/apariciones-en-prensa-2\/\",\"url\":\"https:\/\/medicina.udd.cl\/enfermeria-santiago\/equipo-de-investigacion\/apariciones-en-prensa-2\/\",\"name\":\"Apariciones en prensa - Enfermer\u00eda UDD\",\"isPartOf\":{\"@id\":\"https:\/\/medicina.udd.cl\/enfermeria-santiago\/#website\"},\"primaryImageOfPage\":{\"@id\":\"https:\/\/medicina.udd.cl\/enfermeria-santiago\/equipo-de-investigacion\/apariciones-en-prensa-2\/#primaryimage\"},\"image\":{\"@id\":\"https:\/\/medicina.udd.cl\/enfermeria-santiago\/equipo-de-investigacion\/apariciones-en-prensa-2\/#primaryimage\"},\"thumbnailUrl\":\"http:\/\/medicina.udd.cl\/enfermeria-santiago\/files\/2016\/09\/IMG_9666-copia-300x276.jpg\",\"datePublished\":\"2016-09-22T14:13:32+00:00\",\"dateModified\":\"2017-04-26T19:45:00+00:00\",\"breadcrumb\":{\"@id\":\"https:\/\/medicina.udd.cl\/enfermeria-santiago\/equipo-de-investigacion\/apariciones-en-prensa-2\/#breadcrumb\"},\"inLanguage\":\"es\",\"potentialAction\":[{\"@type\":\"ReadAction\",\"target\":[\"https:\/\/medicina.udd.cl\/enfermeria-santiago\/equipo-de-investigacion\/apariciones-en-prensa-2\/\"]}]},{\"@type\":\"ImageObject\",\"inLanguage\":\"es\",\"@id\":\"https:\/\/medicina.udd.cl\/enfermeria-santiago\/equipo-de-investigacion\/apariciones-en-prensa-2\/#primaryimage\",\"url\":\"http:\/\/medicina.udd.cl\/enfermeria-santiago\/files\/2016\/09\/IMG_9666-copia-300x276.jpg\",\"contentUrl\":\"http:\/\/medicina.udd.cl\/enfermeria-santiago\/files\/2016\/09\/IMG_9666-copia-300x276.jpg\"},{\"@type\":\"BreadcrumbList\",\"@id\":\"https:\/\/medicina.udd.cl\/enfermeria-santiago\/equipo-de-investigacion\/apariciones-en-prensa-2\/#breadcrumb\",\"itemListElement\":[{\"@type\":\"ListItem\",\"position\":1,\"name\":\"Home\",\"item\":\"https:\/\/medicina.udd.cl\/enfermeria-santiago\/\"},{\"@type\":\"ListItem\",\"position\":2,\"name\":\"Investigaci\u00f3n\",\"item\":\"https:\/\/medicina.udd.cl\/enfermeria-santiago\/equipo-de-investigacion\/\"},{\"@type\":\"ListItem\",\"position\":3,\"name\":\"Apariciones en prensa\"}]},{\"@type\":\"WebSite\",\"@id\":\"https:\/\/medicina.udd.cl\/enfermeria-santiago\/#website\",\"url\":\"https:\/\/medicina.udd.cl\/enfermeria-santiago\/\",\"name\":\"Enfermer\u00eda UDD\",\"description\":\"Facultad de Medicina Cl\u00ednica Alemana Universidad del Desarrollo\",\"inLanguage\":\"es\"}]}<\/script>\n<!-- \/ Yoast SEO plugin. -->","yoast_head_json":{"title":"Apariciones en prensa - Enfermer\u00eda UDD","robots":{"index":"index","follow":"follow","max-snippet":"max-snippet:-1","max-image-preview":"max-image-preview:large","max-video-preview":"max-video-preview:-1"},"canonical":"https:\/\/medicina.udd.cl\/enfermeria-santiago\/equipo-de-investigacion\/apariciones-en-prensa-2\/","og_locale":"es_ES","og_type":"article","og_title":"Apariciones en prensa - Enfermer\u00eda UDD","og_description":"&nbsp; B\u00e1ltica Cabieses Programa \u00abA\u00a0tu Salud\u00bb Radio Universidad de Chile 13 de abril de 2017 Escuchar programa &nbsp; &nbsp; B\u00e1ltica Cabieses Radio Universidad de Chile Marzo de 2017 Escuchar programa &nbsp; &nbsp; &nbsp; B\u00e1ltica Cabieses La Segunda 21 de marzo de 2017 Tema: Acceso de los migrantes al sistema p\u00fablico de salud Leer noticia &nbsp; [&hellip;]","og_url":"https:\/\/medicina.udd.cl\/enfermeria-santiago\/equipo-de-investigacion\/apariciones-en-prensa-2\/","og_site_name":"Enfermer\u00eda UDD","article_modified_time":"2017-04-26T19:45:00+00:00","og_image":[{"url":"http:\/\/medicina.udd.cl\/enfermeria-santiago\/files\/2016\/09\/IMG_9666-copia-300x276.jpg","type":"","width":"","height":""}],"twitter_misc":{"Tiempo de lectura":"1 minuto"},"schema":{"@context":"https:\/\/schema.org","@graph":[{"@type":"WebPage","@id":"https:\/\/medicina.udd.cl\/enfermeria-santiago\/equipo-de-investigacion\/apariciones-en-prensa-2\/","url":"https:\/\/medicina.udd.cl\/enfermeria-santiago\/equipo-de-investigacion\/apariciones-en-prensa-2\/","name":"Apariciones en prensa - Enfermer\u00eda UDD","isPartOf":{"@id":"https:\/\/medicina.udd.cl\/enfermeria-santiago\/#website"},"primaryImageOfPage":{"@id":"https:\/\/medicina.udd.cl\/enfermeria-santiago\/equipo-de-investigacion\/apariciones-en-prensa-2\/#primaryimage"},"image":{"@id":"https:\/\/medicina.udd.cl\/enfermeria-santiago\/equipo-de-investigacion\/apariciones-en-prensa-2\/#primaryimage"},"thumbnailUrl":"http:\/\/medicina.udd.cl\/enfermeria-santiago\/files\/2016\/09\/IMG_9666-copia-300x276.jpg","datePublished":"2016-09-22T14:13:32+00:00","dateModified":"2017-04-26T19:45:00+00:00","breadcrumb":{"@id":"https:\/\/medicina.udd.cl\/enfermeria-santiago\/equipo-de-investigacion\/apariciones-en-prensa-2\/#breadcrumb"},"inLanguage":"es","potentialAction":[{"@type":"ReadAction","target":["https:\/\/medicina.udd.cl\/enfermeria-santiago\/equipo-de-investigacion\/apariciones-en-prensa-2\/"]}]},{"@type":"ImageObject","inLanguage":"es","@id":"https:\/\/medicina.udd.cl\/enfermeria-santiago\/equipo-de-investigacion\/apariciones-en-prensa-2\/#primaryimage","url":"http:\/\/medicina.udd.cl\/enfermeria-santiago\/files\/2016\/09\/IMG_9666-copia-300x276.jpg","contentUrl":"http:\/\/medicina.udd.cl\/enfermeria-santiago\/files\/2016\/09\/IMG_9666-copia-300x276.jpg"},{"@type":"BreadcrumbList","@id":"https:\/\/medicina.udd.cl\/enfermeria-santiago\/equipo-de-investigacion\/apariciones-en-prensa-2\/#breadcrumb","itemListElement":[{"@type":"ListItem","position":1,"name":"Home","item":"https:\/\/medicina.udd.cl\/enfermeria-santiago\/"},{"@type":"ListItem","position":2,"name":"Investigaci\u00f3n","item":"https:\/\/medicina.udd.cl\/enfermeria-santiago\/equipo-de-investigacion\/"},{"@type":"ListItem","position":3,"name":"Apariciones en prensa"}]},{"@type":"WebSite","@id":"https:\/\/medicina.udd.cl\/enfermeria-santiago\/#website","url":"https:\/\/medicina.udd.cl\/enfermeria-santiago\/","name":"Enfermer\u00eda UDD","description":"Facultad de Medicina Cl\u00ednica Alemana Universidad del Desarrollo","inLanguage":"es"}]}},"_links":{"self":[{"href":"https:\/\/medicina.udd.cl\/enfermeria-santiago\/wp-json\/wp\/v2\/pages\/4270","targetHints":{"allow":["GET"]}}],"collection":[{"href":"https:\/\/medicina.udd.cl\/enfermeria-santiago\/wp-json\/wp\/v2\/pages"}],"about":[{"href":"https:\/\/medicina.udd.cl\/enfermeria-santiago\/wp-json\/wp\/v2\/types\/page"}],"author":[{"embeddable":true,"href":"https:\/\/medicina.udd.cl\/enfermeria-santiago\/wp-json\/wp\/v2\/users\/42"}],"replies":[{"embeddable":true,"href":"https:\/\/medicina.udd.cl\/enfermeria-santiago\/wp-json\/wp\/v2\/comments?post=4270"}],"version-history":[{"count":27,"href":"https:\/\/medicina.udd.cl\/enfermeria-santiago\/wp-json\/wp\/v2\/pages\/4270\/revisions"}],"predecessor-version":[{"id":4693,"href":"https:\/\/medicina.udd.cl\/enfermeria-santiago\/wp-json\/wp\/v2\/pages\/4270\/revisions\/4693"}],"up":[{"embeddable":true,"href":"https:\/\/medicina.udd.cl\/enfermeria-santiago\/wp-json\/wp\/v2\/pages\/2594"}],"wp:attachment":[{"href":"https:\/\/medicina.udd.cl\/enfermeria-santiago\/wp-json\/wp\/v2\/media?parent=4270"}],"curies":[{"name":"wp","href":"https:\/\/api.w.org\/{rel}","templated":true}]}}