{"id":4863,"date":"2017-06-13T11:54:25","date_gmt":"2017-06-13T15:54:25","guid":{"rendered":"http:\/\/medicina.udd.cl\/enfermeria-santiago\/?page_id=4863"},"modified":"2017-11-21T10:22:27","modified_gmt":"2017-11-21T13:22:27","slug":"enfermeria-de-practica-avanzada","status":"publish","type":"page","link":"https:\/\/medicina.udd.cl\/enfermeria-santiago\/enfermeria-de-practica-avanzada\/","title":{"rendered":"Enfermer\u00eda de Pr\u00e1ctica Avanzada"},"content":{"rendered":"<ul>\n<li><strong><a href=\"http:\/\/medicina.udd.cl\/enfermeria-santiago\/enfermeria-de-practica-avanzada\/i-seminario-internacional\/\">Seminario Internacional I<\/a><\/strong><\/li>\n<\/ul>\n<ul>\n<li><strong><a href=\"http:\/\/medicina.udd.cl\/enfermeria-santiago\/enfermeria-de-practica-avanzada\/ii-seminario-internacional\/\">Seminario Internacional II<\/a><\/strong><\/li>\n<\/ul>\n<ul>\n<li><a href=\"http:\/\/medicina.udd.cl\/enfermeria-santiago\/iii-seminario-internacional\/\"><strong>Seminario Internacional III<\/strong><\/a><\/li>\n<\/ul>\n<ul>\n<li><strong><a href=\"http:\/\/medicina.udd.cl\/enfermeria-santiago\/enfermeria-de-practica-avanzada\/curso\/\">Curso<\/a><\/strong><\/li>\n<\/ul>\n<ul>\n<li><strong><a href=\"http:\/\/medicina.udd.cl\/enfermeria-santiago\/files\/2017\/10\/Art\u00edculo-Claudia-Swanton-Clinica-Mayo.pdf\" rel=\"\">Art\u00edculo Claudia Swanton Clinica Mayo<\/a><\/strong><\/li>\n<\/ul>\n","protected":false},"excerpt":{"rendered":"<p>Seminario Internacional I Seminario Internacional II Seminario Internacional III Curso Art\u00edculo Claudia Swanton Clinica Mayo<\/p>\n","protected":false},"author":9192192,"featured_media":0,"parent":0,"menu_order":0,"comment_status":"closed","ping_status":"closed","template":"","meta":{"footnotes":""},"class_list":["post-4863","page","type-page","status-publish","hentry"],"yoast_head":"<!-- This site is optimized with the Yoast SEO plugin v26.9 - https:\/\/yoast.com\/product\/yoast-seo-wordpress\/ -->\n<title>Enfermer\u00eda de Pr\u00e1ctica Avanzada - Enfermer\u00eda UDD<\/title>\n<meta name=\"robots\" content=\"index, follow, max-snippet:-1, max-image-preview:large, max-video-preview:-1\" \/>\n<link rel=\"canonical\" href=\"https:\/\/medicina.udd.cl\/enfermeria-santiago\/enfermeria-de-practica-avanzada\/\" \/>\n<meta property=\"og:locale\" content=\"es_ES\" \/>\n<meta property=\"og:type\" content=\"article\" \/>\n<meta property=\"og:title\" content=\"Enfermer\u00eda de Pr\u00e1ctica Avanzada - Enfermer\u00eda UDD\" \/>\n<meta property=\"og:description\" content=\"Seminario Internacional I Seminario Internacional II Seminario Internacional III Curso Art\u00edculo Claudia Swanton Clinica Mayo\" \/>\n<meta property=\"og:url\" content=\"https:\/\/medicina.udd.cl\/enfermeria-santiago\/enfermeria-de-practica-avanzada\/\" \/>\n<meta property=\"og:site_name\" content=\"Enfermer\u00eda UDD\" \/>\n<meta property=\"article:modified_time\" content=\"2017-11-21T13:22:27+00:00\" \/>\n<script type=\"application\/ld+json\" class=\"yoast-schema-graph\">{\"@context\":\"https:\/\/schema.org\",\"@graph\":[{\"@type\":\"WebPage\",\"@id\":\"https:\/\/medicina.udd.cl\/enfermeria-santiago\/enfermeria-de-practica-avanzada\/\",\"url\":\"https:\/\/medicina.udd.cl\/enfermeria-santiago\/enfermeria-de-practica-avanzada\/\",\"name\":\"Enfermer\u00eda de Pr\u00e1ctica Avanzada - Enfermer\u00eda UDD\",\"isPartOf\":{\"@id\":\"https:\/\/medicina.udd.cl\/enfermeria-santiago\/#website\"},\"datePublished\":\"2017-06-13T15:54:25+00:00\",\"dateModified\":\"2017-11-21T13:22:27+00:00\",\"breadcrumb\":{\"@id\":\"https:\/\/medicina.udd.cl\/enfermeria-santiago\/enfermeria-de-practica-avanzada\/#breadcrumb\"},\"inLanguage\":\"es\",\"potentialAction\":[{\"@type\":\"ReadAction\",\"target\":[\"https:\/\/medicina.udd.cl\/enfermeria-santiago\/enfermeria-de-practica-avanzada\/\"]}]},{\"@type\":\"BreadcrumbList\",\"@id\":\"https:\/\/medicina.udd.cl\/enfermeria-santiago\/enfermeria-de-practica-avanzada\/#breadcrumb\",\"itemListElement\":[{\"@type\":\"ListItem\",\"position\":1,\"name\":\"Home\",\"item\":\"https:\/\/medicina.udd.cl\/enfermeria-santiago\/\"},{\"@type\":\"ListItem\",\"position\":2,\"name\":\"Enfermer\u00eda de Pr\u00e1ctica Avanzada\"}]},{\"@type\":\"WebSite\",\"@id\":\"https:\/\/medicina.udd.cl\/enfermeria-santiago\/#website\",\"url\":\"https:\/\/medicina.udd.cl\/enfermeria-santiago\/\",\"name\":\"Enfermer\u00eda UDD\",\"description\":\"Facultad de Medicina Cl\u00ednica Alemana Universidad del Desarrollo\",\"inLanguage\":\"es\"}]}<\/script>\n<!-- \/ Yoast SEO plugin. -->","yoast_head_json":{"title":"Enfermer\u00eda de Pr\u00e1ctica Avanzada - Enfermer\u00eda UDD","robots":{"index":"index","follow":"follow","max-snippet":"max-snippet:-1","max-image-preview":"max-image-preview:large","max-video-preview":"max-video-preview:-1"},"canonical":"https:\/\/medicina.udd.cl\/enfermeria-santiago\/enfermeria-de-practica-avanzada\/","og_locale":"es_ES","og_type":"article","og_title":"Enfermer\u00eda de Pr\u00e1ctica Avanzada - Enfermer\u00eda UDD","og_description":"Seminario Internacional I Seminario Internacional II Seminario Internacional III Curso Art\u00edculo Claudia Swanton Clinica Mayo","og_url":"https:\/\/medicina.udd.cl\/enfermeria-santiago\/enfermeria-de-practica-avanzada\/","og_site_name":"Enfermer\u00eda UDD","article_modified_time":"2017-11-21T13:22:27+00:00","schema":{"@context":"https:\/\/schema.org","@graph":[{"@type":"WebPage","@id":"https:\/\/medicina.udd.cl\/enfermeria-santiago\/enfermeria-de-practica-avanzada\/","url":"https:\/\/medicina.udd.cl\/enfermeria-santiago\/enfermeria-de-practica-avanzada\/","name":"Enfermer\u00eda de Pr\u00e1ctica Avanzada - Enfermer\u00eda UDD","isPartOf":{"@id":"https:\/\/medicina.udd.cl\/enfermeria-santiago\/#website"},"datePublished":"2017-06-13T15:54:25+00:00","dateModified":"2017-11-21T13:22:27+00:00","breadcrumb":{"@id":"https:\/\/medicina.udd.cl\/enfermeria-santiago\/enfermeria-de-practica-avanzada\/#breadcrumb"},"inLanguage":"es","potentialAction":[{"@type":"ReadAction","target":["https:\/\/medicina.udd.cl\/enfermeria-santiago\/enfermeria-de-practica-avanzada\/"]}]},{"@type":"BreadcrumbList","@id":"https:\/\/medicina.udd.cl\/enfermeria-santiago\/enfermeria-de-practica-avanzada\/#breadcrumb","itemListElement":[{"@type":"ListItem","position":1,"name":"Home","item":"https:\/\/medicina.udd.cl\/enfermeria-santiago\/"},{"@type":"ListItem","position":2,"name":"Enfermer\u00eda de Pr\u00e1ctica Avanzada"}]},{"@type":"WebSite","@id":"https:\/\/medicina.udd.cl\/enfermeria-santiago\/#website","url":"https:\/\/medicina.udd.cl\/enfermeria-santiago\/","name":"Enfermer\u00eda UDD","description":"Facultad de Medicina Cl\u00ednica Alemana Universidad del Desarrollo","inLanguage":"es"}]}},"_links":{"self":[{"href":"https:\/\/medicina.udd.cl\/enfermeria-santiago\/wp-json\/wp\/v2\/pages\/4863","targetHints":{"allow":["GET"]}}],"collection":[{"href":"https:\/\/medicina.udd.cl\/enfermeria-santiago\/wp-json\/wp\/v2\/pages"}],"about":[{"href":"https:\/\/medicina.udd.cl\/enfermeria-santiago\/wp-json\/wp\/v2\/types\/page"}],"author":[{"embeddable":true,"href":"https:\/\/medicina.udd.cl\/enfermeria-santiago\/wp-json\/wp\/v2\/users\/9192192"}],"replies":[{"embeddable":true,"href":"https:\/\/medicina.udd.cl\/enfermeria-santiago\/wp-json\/wp\/v2\/comments?post=4863"}],"version-history":[{"count":8,"href":"https:\/\/medicina.udd.cl\/enfermeria-santiago\/wp-json\/wp\/v2\/pages\/4863\/revisions"}],"predecessor-version":[{"id":5153,"href":"https:\/\/medicina.udd.cl\/enfermeria-santiago\/wp-json\/wp\/v2\/pages\/4863\/revisions\/5153"}],"wp:attachment":[{"href":"https:\/\/medicina.udd.cl\/enfermeria-santiago\/wp-json\/wp\/v2\/media?parent=4863"}],"curies":[{"name":"wp","href":"https:\/\/api.w.org\/{rel}","templated":true}]}}