{"id":5817,"date":"2019-08-08T17:38:42","date_gmt":"2019-08-08T21:38:42","guid":{"rendered":"http:\/\/medicina.udd.cl\/enfermeria-santiago\/?page_id=5817"},"modified":"2024-03-18T23:11:01","modified_gmt":"2024-03-19T02:11:01","slug":"la-carrera-2","status":"publish","type":"page","link":"https:\/\/medicina.udd.cl\/enfermeria-santiago\/la-carrera-2\/","title":{"rendered":"La Carrera"},"content":{"rendered":"\n<p>En la carrera de Enfermer\u00eda formamos profesionales con responsabilidad social y criterios \u00e9ticos, ejerciendo el liderazgo para proporcionar cuidados al individuo, la familia y la comunidad.<\/p>\n\n\n\n<p>Dise\u00f1amos una malla curricular que fomenta el autoaprendizaje y presenta una visi\u00f3n interdisciplinaria de la salud, mientras promovemos la pr\u00e1ctica profesional desde temprano, con participaci\u00f3n activa en diferentes programas en la comunidad.<\/p>\n\n\n\n<p>Adem\u00e1s,&nbsp;cultivamos la formaci\u00f3n personalizada, que se manifiesta en una relaci\u00f3n directa y cercana entre profesores y alumnos, que contribuye al desarrollo de las potencialidades de cada estudiante.<\/p>\n\n\n<!-- WP Block: UDD - Cards Alternate -->\n<section class=\"wp-block-udd-access-cards\">\n\t<div class=\"container\">\n\t\t\t\t<div class=\"block__content\">\n\t\t\t<div class=\"access-cards\">\n\t\t\t\t\t\t\t<div class=\"access-card-wrapper\">\n\t\t\t\t\t\t\t\t\t\t<div class=\"access-card\">\n\t\t\t\t\t\t<h3 class=\"access-card__title\">Misi\u00f3n<\/h3>\n\t\t\t\t\t\t<p class=\"access-card__description\">\n\t\t\t\t\t\t\tFormar enfermeras y enfermeros para el cuidado integral y humanizado de las personas, familia y comunidad, valorando las diferencias sociales e interculturales, con una visi\u00f3n globalizada y centrada en la responsabilidad p\u00fablica. Con prestigio nacional e internacional, l\u00edderes en investigaci\u00f3n, gesti\u00f3n, educaci\u00f3n en salud y en la implementaci\u00f3n de metodolog\u00edas innovadoras, con altos est\u00e1ndares de calidad. \t\t\t\t\t\t<\/p>\n\t\t\t\t\t\t\t\t\t\t\t\t\t\t\t\t<\/div>\n\t\t\t\t<\/div>\n\t\t\t\t\t\t\t<div class=\"access-card-wrapper\">\n\t\t\t\t\t\t\t\t\t\t<div class=\"access-card\">\n\t\t\t\t\t\t<h3 class=\"access-card__title\">Visi\u00f3n<\/h3>\n\t\t\t\t\t\t<p class=\"access-card__description\">\n\t\t\t\t\t\t\tSer referente internacional en la formaci\u00f3n de profesionales de excelencia en el cuidado de la salud, con capacidad de innovar en un mundo globalizado y diverso.\t\t\t\t\t\t<\/p>\n\t\t\t\t\t\t\t\t\t\t\t\t\t\t\t\t<\/div>\n\t\t\t\t<\/div>\n\t\t\t\t\t\t\t<div class=\"access-card-wrapper\">\n\t\t\t\t\t\t\t\t\t\t<div class=\"access-card\">\n\t\t\t\t\t\t<h3 class=\"access-card__title\">Prop\u00f3sitos<\/h3>\n\t\t\t\t\t\t<p class=\"access-card__description\">\n\t\t\t\t\t\t\tLa carrera de Enfermer\u00eda se plantea los siguientes prop\u00f3sitos:<br>\u2022 Responder a las necesidades en salud del pa\u00eds a trav\u00e9s de la formaci\u00f3n, capacitaci\u00f3n y perfeccionamiento de Enfermeras(os).<br>\u2022 Contribuir a la formaci\u00f3n de enfermeras(os) a trav\u00e9s de un Modelo Educativo basado en el Proyecto Educativo de Pregrado UDD Futuro, que entrega el m\u00e1s alto nivel de cuidados en la salud de las personas, familia y comunidad, a trav\u00e9s del proceso de enfermer\u00eda en las cuatro funciones del rol profesional.<br>\u2022 Formar enfermeras(os) que, adem\u00e1s del dominio de su disciplina, se caractericen por ser innovadores, comprometidos con la sociedad y los temas p\u00fablicos, por tener una mirada global y una aproximaci\u00f3n profesional que valore el trabajo interdisciplinario.<br>\u2022 Mantener y fortalecer un cuerpo acad\u00e9mico alineado con la Carrera, facultades y Universidad que est\u00e9 comprometido con la formaci\u00f3n de las futuras enfermeras(os). Crear nuevas instancias de vinculaci\u00f3n con el medio que generen acciones de intercambio y colaboraci\u00f3n mutua.<br>\u2022 Generar nuevos programas de educaci\u00f3n continua que respondan a las necesidades del medio en un entorno din\u00e1mico y globalizado.\t\t\t\t\t\t<\/p>\n\t\t\t\t\t\t\t\t\t\t\t\t\t\t\t\t<\/div>\n\t\t\t\t<\/div>\n\t\t\t\t\t\t<\/div>\n\t\t<\/div>\n\t<\/div>\n<\/section>\n\n\n<!-- WP Block: UDD - Content Gallery -->\n<section class=\"wp-block-udd-content-gallery\">\n\t<div class=\"content-gallery\">\n\t\t<main class=\"content-gallery__content\">\n\t\t\t<div class=\"content-gallery__content-inner\">\n\t\t\t\t<h2 class=\"block__title content-gallery__title\">Perfil de Egreso <\/h2>\n\t\t\t\t<div class=\"text\">\n\t\t\t\t\t\n<p>\u201cLas(os) tituladas(os) son capaces de proporcionar cuidado integral y humanizado al individuo, familia y comunidad basado en la evidencia, aplicando el proceso de enfermer\u00eda a lo largo del ciclo vital, valorando las diferencias sociales y culturales y centrado en la responsabilidad p\u00fablica.<\/p>\n\n<p>Gestiona y educa de manera innovadora y est\u00e1 habilitada(o) para investigar a nivel inicial, con el fin de contribuir a mejorar la calidad de vida de la poblaci\u00f3n. Las(os) tituladas(os) destacan por su profesionalismo, actuar \u00e9tico y capacidad de trabajo en equipo interdisciplinario. Poseen habilidades comunicacionales y de pensamiento cr\u00edtico, que las(os) prepara para los desaf\u00edos laborales y cambios en salud presentes en el mundo actual\u201d.<\/p>\n\n<p><a href=\"https:\/\/medicina.udd.cl\/enfermeria-santiago\/perfil-de-egreso\/\">Ver perfil de egreso<\/a>.<\/p>\n\t\t\t\t<\/div>\n\t\t\t<\/div>\n\t\t<\/main>\n\t\t<aside class=\"content-gallery__media\">\n\t\t\t<div id=\"gallery-carousel-227bc489dc\" class=\"carousel slide carousel-gallery\" data-ride=\"carousel\" data-interval=\"false\">\n\t\t\t\t<div class=\"carousel-inner\" role=\"listbox\">\n\t\t\t\t\t\t\t\t\t\t\t<div class=\"carousel-item active\">\n\t\t\t\t\t\t\t<img loading=\"lazy\" decoding=\"async\" width=\"1366\" height=\"768\" src=\"https:\/\/medicina.udd.cl\/enfermeria-santiago\/files\/2019\/08\/Enfermer\u00eda-1-1366x768.jpg\" class=\"content-gallery__media-image\" alt=\"\" srcset=\"https:\/\/medicina.udd.cl\/enfermeria-santiago\/files\/2019\/08\/Enfermer\u00eda-1-1366x768.jpg 1366w, https:\/\/medicina.udd.cl\/enfermeria-santiago\/files\/2019\/08\/Enfermer\u00eda-1-1920x1080.jpg 1920w, https:\/\/medicina.udd.cl\/enfermeria-santiago\/files\/2019\/08\/Enfermer\u00eda-1-952x534.jpg 952w, https:\/\/medicina.udd.cl\/enfermeria-santiago\/files\/2019\/08\/Enfermer\u00eda-1-680x382.jpg 680w\" sizes=\"auto, (max-width: 1366px) 100vw, 1366px\" \/>\t\t\t\t\t\t\t\t\t\t\t\t\t<\/div>\n\t\t\t\t\t\t\t\t\t\t\t<div class=\"carousel-item\">\n\t\t\t\t\t\t\t<img loading=\"lazy\" decoding=\"async\" width=\"1366\" height=\"768\" src=\"https:\/\/medicina.udd.cl\/enfermeria-santiago\/files\/2019\/08\/Enfermer\u00eda-2-1366x768.jpg\" class=\"content-gallery__media-image\" alt=\"\" srcset=\"https:\/\/medicina.udd.cl\/enfermeria-santiago\/files\/2019\/08\/Enfermer\u00eda-2-1366x768.jpg 1366w, https:\/\/medicina.udd.cl\/enfermeria-santiago\/files\/2019\/08\/Enfermer\u00eda-2-1920x1080.jpg 1920w, https:\/\/medicina.udd.cl\/enfermeria-santiago\/files\/2019\/08\/Enfermer\u00eda-2-952x534.jpg 952w, https:\/\/medicina.udd.cl\/enfermeria-santiago\/files\/2019\/08\/Enfermer\u00eda-2-680x382.jpg 680w\" sizes=\"auto, (max-width: 1366px) 100vw, 1366px\" \/>\t\t\t\t\t\t\t\t\t\t\t\t\t<\/div>\n\t\t\t\t\t\t\t\t\t\t\t<div class=\"carousel-item\">\n\t\t\t\t\t\t\t<img loading=\"lazy\" decoding=\"async\" width=\"1366\" height=\"768\" src=\"https:\/\/medicina.udd.cl\/enfermeria-santiago\/files\/2019\/08\/Enfermer\u00eda-3-1366x768.jpg\" class=\"content-gallery__media-image\" alt=\"\" srcset=\"https:\/\/medicina.udd.cl\/enfermeria-santiago\/files\/2019\/08\/Enfermer\u00eda-3-1366x768.jpg 1366w, https:\/\/medicina.udd.cl\/enfermeria-santiago\/files\/2019\/08\/Enfermer\u00eda-3-1920x1080.jpg 1920w, https:\/\/medicina.udd.cl\/enfermeria-santiago\/files\/2019\/08\/Enfermer\u00eda-3-952x534.jpg 952w, https:\/\/medicina.udd.cl\/enfermeria-santiago\/files\/2019\/08\/Enfermer\u00eda-3-680x382.jpg 680w\" sizes=\"auto, (max-width: 1366px) 100vw, 1366px\" \/>\t\t\t\t\t\t\t\t\t\t\t\t\t<\/div>\n\t\t\t\t\t\t\t\t\t<\/div>\n\t\t\t\t\t\t\t<footer class=\"carousel-footer\">\n\t\t\t\t\t<div class=\"carousel-counter\">\n\t\t\t\t\t\t<span class=\"carousel-counter-current\"><\/span> \/ <span class=\"carousel-counter-total\"><\/span>\n\t\t\t\t\t<\/div>\n\t\t\t\t\t<a class=\"carousel-control-prev\" href=\"#gallery-carousel-227bc489dc\" role=\"button\" data-slide=\"prev\">\n\t\t\t\t\t\t<svg class=\"svg-chevron-left-dims\"><use xlink:href='https:\/\/medicina.udd.cl\/enfermeria-santiago\/wp-content\/themes\/facultades-2018\/assets\/img\/svg\/dist\/main.svg?version=1695853099#chevron-left'><\/use><\/svg>\t\t\t\t\t\t<span class=\"sr-only\">Anterior<\/span>\n\t\t\t\t\t<\/a>\n\t\t\t\t\t<a class=\"carousel-control-next\" href=\"#gallery-carousel-227bc489dc\" role=\"button\" data-slide=\"next\">\n\t\t\t\t\t\t<svg class=\"svg-chevron-right-dims\"><use xlink:href='https:\/\/medicina.udd.cl\/enfermeria-santiago\/wp-content\/themes\/facultades-2018\/assets\/img\/svg\/dist\/main.svg?version=1695853099#chevron-right'><\/use><\/svg>\t\t\t\t\t\t<span class=\"sr-only\">Siguiente<\/span>\n\t\t\t\t\t<\/a>\n\t\t\t\t<\/footer>\n\t\t\t\t\t\t<\/div>\n\t\t<\/aside>\n\t<\/div>\n<\/section>\n","protected":false},"excerpt":{"rendered":"<p>En la carrera de Enfermer\u00eda formamos profesionales con responsabilidad social y criterios \u00e9ticos, ejerciendo el liderazgo para proporcionar cuidados al individuo, la familia y la comunidad. Dise\u00f1amos una malla curricular que fomenta el autoaprendizaje y presenta una visi\u00f3n interdisciplinaria de la salud, mientras promovemos la pr\u00e1ctica profesional desde temprano, con participaci\u00f3n activa en diferentes programas [&hellip;]<\/p>\n","protected":false},"author":9192219,"featured_media":0,"parent":0,"menu_order":0,"comment_status":"closed","ping_status":"closed","template":"","meta":{"footnotes":""},"class_list":["post-5817","page","type-page","status-publish","hentry"],"yoast_head":"<!-- This site is optimized with the Yoast SEO plugin v26.9 - https:\/\/yoast.com\/product\/yoast-seo-wordpress\/ -->\n<title>La Carrera - Enfermer\u00eda UDD<\/title>\n<meta name=\"robots\" content=\"index, follow, max-snippet:-1, max-image-preview:large, max-video-preview:-1\" \/>\n<link rel=\"canonical\" href=\"https:\/\/medicina.udd.cl\/enfermeria-santiago\/la-carrera-2\/\" \/>\n<meta property=\"og:locale\" content=\"es_ES\" \/>\n<meta property=\"og:type\" content=\"article\" \/>\n<meta property=\"og:title\" content=\"La Carrera - Enfermer\u00eda UDD\" \/>\n<meta property=\"og:description\" content=\"En la carrera de Enfermer\u00eda formamos profesionales con responsabilidad social y criterios \u00e9ticos, ejerciendo el liderazgo para proporcionar cuidados al individuo, la familia y la comunidad. Dise\u00f1amos una malla curricular que fomenta el autoaprendizaje y presenta una visi\u00f3n interdisciplinaria de la salud, mientras promovemos la pr\u00e1ctica profesional desde temprano, con participaci\u00f3n activa en diferentes programas [&hellip;]\" \/>\n<meta property=\"og:url\" content=\"https:\/\/medicina.udd.cl\/enfermeria-santiago\/la-carrera-2\/\" \/>\n<meta property=\"og:site_name\" content=\"Enfermer\u00eda UDD\" \/>\n<meta property=\"article:modified_time\" content=\"2024-03-19T02:11:01+00:00\" \/>\n<meta name=\"twitter:label1\" content=\"Tiempo de lectura\" \/>\n\t<meta name=\"twitter:data1\" content=\"1 minuto\" \/>\n<script type=\"application\/ld+json\" class=\"yoast-schema-graph\">{\"@context\":\"https:\/\/schema.org\",\"@graph\":[{\"@type\":\"WebPage\",\"@id\":\"https:\/\/medicina.udd.cl\/enfermeria-santiago\/la-carrera-2\/\",\"url\":\"https:\/\/medicina.udd.cl\/enfermeria-santiago\/la-carrera-2\/\",\"name\":\"La Carrera - Enfermer\u00eda UDD\",\"isPartOf\":{\"@id\":\"https:\/\/medicina.udd.cl\/enfermeria-santiago\/#website\"},\"datePublished\":\"2019-08-08T21:38:42+00:00\",\"dateModified\":\"2024-03-19T02:11:01+00:00\",\"breadcrumb\":{\"@id\":\"https:\/\/medicina.udd.cl\/enfermeria-santiago\/la-carrera-2\/#breadcrumb\"},\"inLanguage\":\"es\",\"potentialAction\":[{\"@type\":\"ReadAction\",\"target\":[\"https:\/\/medicina.udd.cl\/enfermeria-santiago\/la-carrera-2\/\"]}]},{\"@type\":\"BreadcrumbList\",\"@id\":\"https:\/\/medicina.udd.cl\/enfermeria-santiago\/la-carrera-2\/#breadcrumb\",\"itemListElement\":[{\"@type\":\"ListItem\",\"position\":1,\"name\":\"Home\",\"item\":\"https:\/\/medicina.udd.cl\/enfermeria-santiago\/\"},{\"@type\":\"ListItem\",\"position\":2,\"name\":\"La Carrera\"}]},{\"@type\":\"WebSite\",\"@id\":\"https:\/\/medicina.udd.cl\/enfermeria-santiago\/#website\",\"url\":\"https:\/\/medicina.udd.cl\/enfermeria-santiago\/\",\"name\":\"Enfermer\u00eda UDD\",\"description\":\"Facultad de Medicina Cl\u00ednica Alemana Universidad del Desarrollo\",\"inLanguage\":\"es\"}]}<\/script>\n<!-- \/ Yoast SEO plugin. -->","yoast_head_json":{"title":"La Carrera - Enfermer\u00eda UDD","robots":{"index":"index","follow":"follow","max-snippet":"max-snippet:-1","max-image-preview":"max-image-preview:large","max-video-preview":"max-video-preview:-1"},"canonical":"https:\/\/medicina.udd.cl\/enfermeria-santiago\/la-carrera-2\/","og_locale":"es_ES","og_type":"article","og_title":"La Carrera - Enfermer\u00eda UDD","og_description":"En la carrera de Enfermer\u00eda formamos profesionales con responsabilidad social y criterios \u00e9ticos, ejerciendo el liderazgo para proporcionar cuidados al individuo, la familia y la comunidad. Dise\u00f1amos una malla curricular que fomenta el autoaprendizaje y presenta una visi\u00f3n interdisciplinaria de la salud, mientras promovemos la pr\u00e1ctica profesional desde temprano, con participaci\u00f3n activa en diferentes programas [&hellip;]","og_url":"https:\/\/medicina.udd.cl\/enfermeria-santiago\/la-carrera-2\/","og_site_name":"Enfermer\u00eda UDD","article_modified_time":"2024-03-19T02:11:01+00:00","twitter_misc":{"Tiempo de lectura":"1 minuto"},"schema":{"@context":"https:\/\/schema.org","@graph":[{"@type":"WebPage","@id":"https:\/\/medicina.udd.cl\/enfermeria-santiago\/la-carrera-2\/","url":"https:\/\/medicina.udd.cl\/enfermeria-santiago\/la-carrera-2\/","name":"La Carrera - Enfermer\u00eda UDD","isPartOf":{"@id":"https:\/\/medicina.udd.cl\/enfermeria-santiago\/#website"},"datePublished":"2019-08-08T21:38:42+00:00","dateModified":"2024-03-19T02:11:01+00:00","breadcrumb":{"@id":"https:\/\/medicina.udd.cl\/enfermeria-santiago\/la-carrera-2\/#breadcrumb"},"inLanguage":"es","potentialAction":[{"@type":"ReadAction","target":["https:\/\/medicina.udd.cl\/enfermeria-santiago\/la-carrera-2\/"]}]},{"@type":"BreadcrumbList","@id":"https:\/\/medicina.udd.cl\/enfermeria-santiago\/la-carrera-2\/#breadcrumb","itemListElement":[{"@type":"ListItem","position":1,"name":"Home","item":"https:\/\/medicina.udd.cl\/enfermeria-santiago\/"},{"@type":"ListItem","position":2,"name":"La Carrera"}]},{"@type":"WebSite","@id":"https:\/\/medicina.udd.cl\/enfermeria-santiago\/#website","url":"https:\/\/medicina.udd.cl\/enfermeria-santiago\/","name":"Enfermer\u00eda UDD","description":"Facultad de Medicina Cl\u00ednica Alemana Universidad del Desarrollo","inLanguage":"es"}]}},"_links":{"self":[{"href":"https:\/\/medicina.udd.cl\/enfermeria-santiago\/wp-json\/wp\/v2\/pages\/5817","targetHints":{"allow":["GET"]}}],"collection":[{"href":"https:\/\/medicina.udd.cl\/enfermeria-santiago\/wp-json\/wp\/v2\/pages"}],"about":[{"href":"https:\/\/medicina.udd.cl\/enfermeria-santiago\/wp-json\/wp\/v2\/types\/page"}],"author":[{"embeddable":true,"href":"https:\/\/medicina.udd.cl\/enfermeria-santiago\/wp-json\/wp\/v2\/users\/9192219"}],"replies":[{"embeddable":true,"href":"https:\/\/medicina.udd.cl\/enfermeria-santiago\/wp-json\/wp\/v2\/comments?post=5817"}],"version-history":[{"count":18,"href":"https:\/\/medicina.udd.cl\/enfermeria-santiago\/wp-json\/wp\/v2\/pages\/5817\/revisions"}],"predecessor-version":[{"id":8850,"href":"https:\/\/medicina.udd.cl\/enfermeria-santiago\/wp-json\/wp\/v2\/pages\/5817\/revisions\/8850"}],"wp:attachment":[{"href":"https:\/\/medicina.udd.cl\/enfermeria-santiago\/wp-json\/wp\/v2\/media?parent=5817"}],"curies":[{"name":"wp","href":"https:\/\/api.w.org\/{rel}","templated":true}]}}