{"id":5824,"date":"2019-08-08T17:36:01","date_gmt":"2019-08-08T21:36:01","guid":{"rendered":"http:\/\/medicina.udd.cl\/enfermeria-santiago\/?page_id=5824"},"modified":"2024-03-18T16:54:27","modified_gmt":"2024-03-18T19:54:27","slug":"5824-2","status":"publish","type":"page","link":"https:\/\/medicina.udd.cl\/enfermeria-santiago\/5824-2\/","title":{"rendered":"Competencias Espec\u00edficas"},"content":{"rendered":"\n<p>\u2022<strong>\u00a0Asistencial<\/strong><br>Proporcionar cuidado integral y humanizado, basado en evidencia, al individuo, en todo su ciclo vital, a la familia y la comunidad, considerando las diferencias sociales y culturales, aplicando el proceso enfermero a nivel de promoci\u00f3n, prevenci\u00f3n, recuperaci\u00f3n y rehabilitaci\u00f3n, integr\u00e1ndose a equipos interdisciplinarios.<\/p>\n\n\n\n<p><strong>\u2022 Educaci\u00f3n<\/strong><br>Realizar intervenciones educativas de acuerdo a las necesidades del individuo, familia y comunidad, contribuyendo a generar cambios de conductas favorables en salud.<\/p>\n\n\n\n<p><strong>\u2022 Gesti\u00f3n<\/strong><br>Gestionar de manera eficiente y oportuna los recursos humanos y f\u00edsicos para mantener la calidad de los cuidados de Enfermer\u00eda. Demostrar capacidad de iniciar nuevas actividades en beneficio de la salud de personas o comunidades.<\/p>\n\n\n\n<p><strong>\u2022 Investigaci\u00f3n<\/strong><br>Investigar problemas inherentes a la Enfermer\u00eda, utilizando el m\u00e9todo cient\u00edfico como herramienta fundamental, aportando al conocimiento en salud.<\/p>\n","protected":false},"excerpt":{"rendered":"<p>\u2022\u00a0AsistencialProporcionar cuidado integral y humanizado, basado en evidencia, al individuo, en todo su ciclo vital, a la familia y la comunidad, considerando las diferencias sociales y culturales, aplicando el proceso enfermero a nivel de promoci\u00f3n, prevenci\u00f3n, recuperaci\u00f3n y rehabilitaci\u00f3n, integr\u00e1ndose a equipos interdisciplinarios. \u2022 Educaci\u00f3nRealizar intervenciones educativas de acuerdo a las necesidades del individuo, familia [&hellip;]<\/p>\n","protected":false},"author":9192218,"featured_media":0,"parent":0,"menu_order":0,"comment_status":"closed","ping_status":"closed","template":"","meta":{"footnotes":""},"class_list":["post-5824","page","type-page","status-publish","hentry"],"yoast_head":"<!-- This site is optimized with the Yoast SEO plugin v26.9 - https:\/\/yoast.com\/product\/yoast-seo-wordpress\/ -->\n<title>Competencias Espec\u00edficas - Enfermer\u00eda UDD<\/title>\n<meta name=\"robots\" content=\"index, follow, max-snippet:-1, max-image-preview:large, max-video-preview:-1\" \/>\n<link rel=\"canonical\" href=\"https:\/\/medicina.udd.cl\/enfermeria-santiago\/5824-2\/\" \/>\n<meta property=\"og:locale\" content=\"es_ES\" \/>\n<meta property=\"og:type\" content=\"article\" \/>\n<meta property=\"og:title\" content=\"Competencias Espec\u00edficas - Enfermer\u00eda UDD\" \/>\n<meta property=\"og:description\" content=\"\u2022\u00a0AsistencialProporcionar cuidado integral y humanizado, basado en evidencia, al individuo, en todo su ciclo vital, a la familia y la comunidad, considerando las diferencias sociales y culturales, aplicando el proceso enfermero a nivel de promoci\u00f3n, prevenci\u00f3n, recuperaci\u00f3n y rehabilitaci\u00f3n, integr\u00e1ndose a equipos interdisciplinarios. \u2022 Educaci\u00f3nRealizar intervenciones educativas de acuerdo a las necesidades del individuo, familia [&hellip;]\" \/>\n<meta property=\"og:url\" content=\"https:\/\/medicina.udd.cl\/enfermeria-santiago\/5824-2\/\" \/>\n<meta property=\"og:site_name\" content=\"Enfermer\u00eda UDD\" \/>\n<meta property=\"article:modified_time\" content=\"2024-03-18T19:54:27+00:00\" \/>\n<meta name=\"twitter:label1\" content=\"Tiempo de lectura\" \/>\n\t<meta name=\"twitter:data1\" content=\"1 minuto\" \/>\n<script type=\"application\/ld+json\" class=\"yoast-schema-graph\">{\"@context\":\"https:\/\/schema.org\",\"@graph\":[{\"@type\":\"WebPage\",\"@id\":\"https:\/\/medicina.udd.cl\/enfermeria-santiago\/5824-2\/\",\"url\":\"https:\/\/medicina.udd.cl\/enfermeria-santiago\/5824-2\/\",\"name\":\"Competencias Espec\u00edficas - Enfermer\u00eda UDD\",\"isPartOf\":{\"@id\":\"https:\/\/medicina.udd.cl\/enfermeria-santiago\/#website\"},\"datePublished\":\"2019-08-08T21:36:01+00:00\",\"dateModified\":\"2024-03-18T19:54:27+00:00\",\"breadcrumb\":{\"@id\":\"https:\/\/medicina.udd.cl\/enfermeria-santiago\/5824-2\/#breadcrumb\"},\"inLanguage\":\"es\",\"potentialAction\":[{\"@type\":\"ReadAction\",\"target\":[\"https:\/\/medicina.udd.cl\/enfermeria-santiago\/5824-2\/\"]}]},{\"@type\":\"BreadcrumbList\",\"@id\":\"https:\/\/medicina.udd.cl\/enfermeria-santiago\/5824-2\/#breadcrumb\",\"itemListElement\":[{\"@type\":\"ListItem\",\"position\":1,\"name\":\"Home\",\"item\":\"https:\/\/medicina.udd.cl\/enfermeria-santiago\/\"},{\"@type\":\"ListItem\",\"position\":2,\"name\":\"Competencias Espec\u00edficas\"}]},{\"@type\":\"WebSite\",\"@id\":\"https:\/\/medicina.udd.cl\/enfermeria-santiago\/#website\",\"url\":\"https:\/\/medicina.udd.cl\/enfermeria-santiago\/\",\"name\":\"Enfermer\u00eda UDD\",\"description\":\"Facultad de Medicina Cl\u00ednica Alemana Universidad del Desarrollo\",\"inLanguage\":\"es\"}]}<\/script>\n<!-- \/ Yoast SEO plugin. -->","yoast_head_json":{"title":"Competencias Espec\u00edficas - Enfermer\u00eda UDD","robots":{"index":"index","follow":"follow","max-snippet":"max-snippet:-1","max-image-preview":"max-image-preview:large","max-video-preview":"max-video-preview:-1"},"canonical":"https:\/\/medicina.udd.cl\/enfermeria-santiago\/5824-2\/","og_locale":"es_ES","og_type":"article","og_title":"Competencias Espec\u00edficas - Enfermer\u00eda UDD","og_description":"\u2022\u00a0AsistencialProporcionar cuidado integral y humanizado, basado en evidencia, al individuo, en todo su ciclo vital, a la familia y la comunidad, considerando las diferencias sociales y culturales, aplicando el proceso enfermero a nivel de promoci\u00f3n, prevenci\u00f3n, recuperaci\u00f3n y rehabilitaci\u00f3n, integr\u00e1ndose a equipos interdisciplinarios. \u2022 Educaci\u00f3nRealizar intervenciones educativas de acuerdo a las necesidades del individuo, familia [&hellip;]","og_url":"https:\/\/medicina.udd.cl\/enfermeria-santiago\/5824-2\/","og_site_name":"Enfermer\u00eda UDD","article_modified_time":"2024-03-18T19:54:27+00:00","twitter_misc":{"Tiempo de lectura":"1 minuto"},"schema":{"@context":"https:\/\/schema.org","@graph":[{"@type":"WebPage","@id":"https:\/\/medicina.udd.cl\/enfermeria-santiago\/5824-2\/","url":"https:\/\/medicina.udd.cl\/enfermeria-santiago\/5824-2\/","name":"Competencias Espec\u00edficas - Enfermer\u00eda UDD","isPartOf":{"@id":"https:\/\/medicina.udd.cl\/enfermeria-santiago\/#website"},"datePublished":"2019-08-08T21:36:01+00:00","dateModified":"2024-03-18T19:54:27+00:00","breadcrumb":{"@id":"https:\/\/medicina.udd.cl\/enfermeria-santiago\/5824-2\/#breadcrumb"},"inLanguage":"es","potentialAction":[{"@type":"ReadAction","target":["https:\/\/medicina.udd.cl\/enfermeria-santiago\/5824-2\/"]}]},{"@type":"BreadcrumbList","@id":"https:\/\/medicina.udd.cl\/enfermeria-santiago\/5824-2\/#breadcrumb","itemListElement":[{"@type":"ListItem","position":1,"name":"Home","item":"https:\/\/medicina.udd.cl\/enfermeria-santiago\/"},{"@type":"ListItem","position":2,"name":"Competencias Espec\u00edficas"}]},{"@type":"WebSite","@id":"https:\/\/medicina.udd.cl\/enfermeria-santiago\/#website","url":"https:\/\/medicina.udd.cl\/enfermeria-santiago\/","name":"Enfermer\u00eda UDD","description":"Facultad de Medicina Cl\u00ednica Alemana Universidad del Desarrollo","inLanguage":"es"}]}},"_links":{"self":[{"href":"https:\/\/medicina.udd.cl\/enfermeria-santiago\/wp-json\/wp\/v2\/pages\/5824","targetHints":{"allow":["GET"]}}],"collection":[{"href":"https:\/\/medicina.udd.cl\/enfermeria-santiago\/wp-json\/wp\/v2\/pages"}],"about":[{"href":"https:\/\/medicina.udd.cl\/enfermeria-santiago\/wp-json\/wp\/v2\/types\/page"}],"author":[{"embeddable":true,"href":"https:\/\/medicina.udd.cl\/enfermeria-santiago\/wp-json\/wp\/v2\/users\/9192218"}],"replies":[{"embeddable":true,"href":"https:\/\/medicina.udd.cl\/enfermeria-santiago\/wp-json\/wp\/v2\/comments?post=5824"}],"version-history":[{"count":2,"href":"https:\/\/medicina.udd.cl\/enfermeria-santiago\/wp-json\/wp\/v2\/pages\/5824\/revisions"}],"predecessor-version":[{"id":8808,"href":"https:\/\/medicina.udd.cl\/enfermeria-santiago\/wp-json\/wp\/v2\/pages\/5824\/revisions\/8808"}],"wp:attachment":[{"href":"https:\/\/medicina.udd.cl\/enfermeria-santiago\/wp-json\/wp\/v2\/media?parent=5824"}],"curies":[{"name":"wp","href":"https:\/\/api.w.org\/{rel}","templated":true}]}}