{"id":5834,"date":"2019-08-23T13:32:32","date_gmt":"2019-08-23T17:32:32","guid":{"rendered":"http:\/\/medicina.udd.cl\/enfermeria-santiago\/?page_id=5834"},"modified":"2024-10-28T14:44:12","modified_gmt":"2024-10-28T17:44:12","slug":"admision","status":"publish","type":"page","link":"https:\/\/medicina.udd.cl\/enfermeria-santiago\/admision\/","title":{"rendered":"Admisi\u00f3n"},"content":{"rendered":"<!-- WP Block: UDD - Access Cards -->\n<section\n\tid=\"udd-access-cards--1\"\n\tclass=\"wp-block-udd-access-cards\n\t\t\"\n\t\tstyle=\"\n\t\t--udd-blocks-has-columns-number: 3\t\t\"\n\t>\n\t<div class=\"container\">\n\t\t\t\t<div class=\"block__content\">\n\t\t\t<div\n\t\t\t\tclass=\"udd-access-cards\"\n\t\t\t\t\t\t\t>\n\t\t\t<div\n\tdata-index=\"1\"\n\tclass=\"udd-access-card-wrapper udd-access-card-wrapper--has-description\"\n\t>\n\t<a href=\"https:\/\/medicina.udd.cl\/enfermeria-santiago\/admision\/malla-curricular\/\" class=\"access-card access-card--profile\" data-url=\"https:\/\/medicina.udd.cl\/enfermeria-santiago\/admision\/malla-curricular\/\">\n\t\t\t\t\t\t<h3\n\t\t\tdata-index=\"1\"\n\t\t\tclass=\"access-card__title\"\n\t\t>\n\t\t\tMalla Curricular\t\t<\/h3>\n\t\t\t\t<p class=\"access-card__description\">\n\t\t\tRevisa nuestra malla\t\t<\/p>\n\t\t\t\t<div class=\"access-card__link\">\n\t\t\t<span class=\"access-card__link-text\">Conocer m\u00e1s<\/span>\n\t\t<\/div>\n\t<\/a>\n<\/div>\n<div\n\tdata-index=\"2\"\n\tclass=\"udd-access-card-wrapper udd-access-card-wrapper--has-description\"\n\t>\n\t<a href=\"https:\/\/medicina.udd.cl\/enfermeria-santiago\/requisitos-de-postulacion\/\" class=\"access-card access-card--profile\" data-url=\"https:\/\/medicina.udd.cl\/enfermeria-santiago\/requisitos-de-postulacion\/\">\n\t\t\t\t\t\t<h3\n\t\t\tdata-index=\"2\"\n\t\t\tclass=\"access-card__title\"\n\t\t>\n\t\t\tRequisitos de Admisi\u00f3n Regular\t\t<\/h3>\n\t\t\t\t<p class=\"access-card__description\">\n\t\t\tConoce los requisitos de postulaci\u00f3n para ingresar a la UDD con las nuevas Pruebas de Transici\u00f3n \t\t<\/p>\n\t\t\t\t<div class=\"access-card__link\">\n\t\t\t<span class=\"access-card__link-text\">Conocer m\u00e1s<\/span>\n\t\t<\/div>\n\t<\/a>\n<\/div>\n<div\n\tdata-index=\"4\"\n\tclass=\"udd-access-card-wrapper udd-access-card-wrapper--has-description\"\n\t>\n\t<a href=\"https:\/\/medicina.udd.cl\/enfermeria-santiago\/becas\/\" class=\"access-card access-card--profile\" data-url=\"https:\/\/medicina.udd.cl\/enfermeria-santiago\/becas\/\">\n\t\t\t\t\t\t<h3\n\t\t\tdata-index=\"4\"\n\t\t\tclass=\"access-card__title\"\n\t\t>\n\t\t\tBecas\t\t<\/h3>\n\t\t\t\t<p class=\"access-card__description\">\n\t\t\tVer tramos, porcentajes y condiciones\t\t<\/p>\n\t\t\t\t<div class=\"access-card__link\">\n\t\t\t<span class=\"access-card__link-text\">Conocer m\u00e1s<\/span>\n\t\t<\/div>\n\t<\/a>\n<\/div>\n\t\t\t<\/div>\n\t\t<\/div>\n\t<\/div>\n<\/section>\n","protected":false},"excerpt":{"rendered":"","protected":false},"author":9192218,"featured_media":0,"parent":0,"menu_order":0,"comment_status":"closed","ping_status":"closed","template":"","meta":{"footnotes":""},"class_list":["post-5834","page","type-page","status-publish","hentry"],"yoast_head":"<!-- This site is optimized with the Yoast SEO plugin v26.9 - https:\/\/yoast.com\/product\/yoast-seo-wordpress\/ -->\n<title>Admisi\u00f3n 2025 - Enfermer\u00eda UDD UDD<\/title>\n<meta name=\"description\" content=\"Conoce la carrera de Enfermer\u00eda en la Fac. de Medicina Cl\u00ednica Alemana UDD. Doble grado acad\u00e9mico y contacto con el paciente desde 1er a\u00f1o.\" \/>\n<meta name=\"robots\" content=\"index, follow, max-snippet:-1, max-image-preview:large, max-video-preview:-1\" \/>\n<link rel=\"canonical\" href=\"https:\/\/medicina.udd.cl\/enfermeria-santiago\/admision\/\" \/>\n<meta property=\"og:locale\" content=\"es_ES\" \/>\n<meta property=\"og:type\" content=\"article\" \/>\n<meta property=\"og:title\" content=\"Admisi\u00f3n 2025 - Enfermer\u00eda UDD UDD\" \/>\n<meta property=\"og:description\" content=\"Conoce la carrera de Enfermer\u00eda en la Fac. de Medicina Cl\u00ednica Alemana UDD. Doble grado acad\u00e9mico y contacto con el paciente desde 1er a\u00f1o.\" \/>\n<meta property=\"og:url\" content=\"https:\/\/medicina.udd.cl\/enfermeria-santiago\/admision\/\" \/>\n<meta property=\"og:site_name\" content=\"Enfermer\u00eda UDD\" \/>\n<meta property=\"article:modified_time\" content=\"2024-10-28T17:44:12+00:00\" \/>\n<script type=\"application\/ld+json\" class=\"yoast-schema-graph\">{\"@context\":\"https:\/\/schema.org\",\"@graph\":[{\"@type\":\"WebPage\",\"@id\":\"https:\/\/medicina.udd.cl\/enfermeria-santiago\/admision\/\",\"url\":\"https:\/\/medicina.udd.cl\/enfermeria-santiago\/admision\/\",\"name\":\"Admisi\u00f3n 2025 - Enfermer\u00eda UDD UDD\",\"isPartOf\":{\"@id\":\"https:\/\/medicina.udd.cl\/enfermeria-santiago\/#website\"},\"datePublished\":\"2019-08-23T17:32:32+00:00\",\"dateModified\":\"2024-10-28T17:44:12+00:00\",\"description\":\"Conoce la carrera de Enfermer\u00eda en la Fac. de Medicina Cl\u00ednica Alemana UDD. Doble grado acad\u00e9mico y contacto con el paciente desde 1er a\u00f1o.\",\"breadcrumb\":{\"@id\":\"https:\/\/medicina.udd.cl\/enfermeria-santiago\/admision\/#breadcrumb\"},\"inLanguage\":\"es\",\"potentialAction\":[{\"@type\":\"ReadAction\",\"target\":[\"https:\/\/medicina.udd.cl\/enfermeria-santiago\/admision\/\"]}]},{\"@type\":\"BreadcrumbList\",\"@id\":\"https:\/\/medicina.udd.cl\/enfermeria-santiago\/admision\/#breadcrumb\",\"itemListElement\":[{\"@type\":\"ListItem\",\"position\":1,\"name\":\"Home\",\"item\":\"https:\/\/medicina.udd.cl\/enfermeria-santiago\/\"},{\"@type\":\"ListItem\",\"position\":2,\"name\":\"Admisi\u00f3n\"}]},{\"@type\":\"WebSite\",\"@id\":\"https:\/\/medicina.udd.cl\/enfermeria-santiago\/#website\",\"url\":\"https:\/\/medicina.udd.cl\/enfermeria-santiago\/\",\"name\":\"Enfermer\u00eda UDD\",\"description\":\"Facultad de Medicina Cl\u00ednica Alemana Universidad del Desarrollo\",\"inLanguage\":\"es\"}]}<\/script>\n<!-- \/ Yoast SEO plugin. -->","yoast_head_json":{"title":"Admisi\u00f3n 2025 - Enfermer\u00eda UDD UDD","description":"Conoce la carrera de Enfermer\u00eda en la Fac. de Medicina Cl\u00ednica Alemana UDD. Doble grado acad\u00e9mico y contacto con el paciente desde 1er a\u00f1o.","robots":{"index":"index","follow":"follow","max-snippet":"max-snippet:-1","max-image-preview":"max-image-preview:large","max-video-preview":"max-video-preview:-1"},"canonical":"https:\/\/medicina.udd.cl\/enfermeria-santiago\/admision\/","og_locale":"es_ES","og_type":"article","og_title":"Admisi\u00f3n 2025 - Enfermer\u00eda UDD UDD","og_description":"Conoce la carrera de Enfermer\u00eda en la Fac. de Medicina Cl\u00ednica Alemana UDD. Doble grado acad\u00e9mico y contacto con el paciente desde 1er a\u00f1o.","og_url":"https:\/\/medicina.udd.cl\/enfermeria-santiago\/admision\/","og_site_name":"Enfermer\u00eda UDD","article_modified_time":"2024-10-28T17:44:12+00:00","schema":{"@context":"https:\/\/schema.org","@graph":[{"@type":"WebPage","@id":"https:\/\/medicina.udd.cl\/enfermeria-santiago\/admision\/","url":"https:\/\/medicina.udd.cl\/enfermeria-santiago\/admision\/","name":"Admisi\u00f3n 2025 - Enfermer\u00eda UDD UDD","isPartOf":{"@id":"https:\/\/medicina.udd.cl\/enfermeria-santiago\/#website"},"datePublished":"2019-08-23T17:32:32+00:00","dateModified":"2024-10-28T17:44:12+00:00","description":"Conoce la carrera de Enfermer\u00eda en la Fac. de Medicina Cl\u00ednica Alemana UDD. Doble grado acad\u00e9mico y contacto con el paciente desde 1er a\u00f1o.","breadcrumb":{"@id":"https:\/\/medicina.udd.cl\/enfermeria-santiago\/admision\/#breadcrumb"},"inLanguage":"es","potentialAction":[{"@type":"ReadAction","target":["https:\/\/medicina.udd.cl\/enfermeria-santiago\/admision\/"]}]},{"@type":"BreadcrumbList","@id":"https:\/\/medicina.udd.cl\/enfermeria-santiago\/admision\/#breadcrumb","itemListElement":[{"@type":"ListItem","position":1,"name":"Home","item":"https:\/\/medicina.udd.cl\/enfermeria-santiago\/"},{"@type":"ListItem","position":2,"name":"Admisi\u00f3n"}]},{"@type":"WebSite","@id":"https:\/\/medicina.udd.cl\/enfermeria-santiago\/#website","url":"https:\/\/medicina.udd.cl\/enfermeria-santiago\/","name":"Enfermer\u00eda UDD","description":"Facultad de Medicina Cl\u00ednica Alemana Universidad del Desarrollo","inLanguage":"es"}]}},"_links":{"self":[{"href":"https:\/\/medicina.udd.cl\/enfermeria-santiago\/wp-json\/wp\/v2\/pages\/5834","targetHints":{"allow":["GET"]}}],"collection":[{"href":"https:\/\/medicina.udd.cl\/enfermeria-santiago\/wp-json\/wp\/v2\/pages"}],"about":[{"href":"https:\/\/medicina.udd.cl\/enfermeria-santiago\/wp-json\/wp\/v2\/types\/page"}],"author":[{"embeddable":true,"href":"https:\/\/medicina.udd.cl\/enfermeria-santiago\/wp-json\/wp\/v2\/users\/9192218"}],"replies":[{"embeddable":true,"href":"https:\/\/medicina.udd.cl\/enfermeria-santiago\/wp-json\/wp\/v2\/comments?post=5834"}],"version-history":[{"count":9,"href":"https:\/\/medicina.udd.cl\/enfermeria-santiago\/wp-json\/wp\/v2\/pages\/5834\/revisions"}],"predecessor-version":[{"id":8379,"href":"https:\/\/medicina.udd.cl\/enfermeria-santiago\/wp-json\/wp\/v2\/pages\/5834\/revisions\/8379"}],"wp:attachment":[{"href":"https:\/\/medicina.udd.cl\/enfermeria-santiago\/wp-json\/wp\/v2\/media?parent=5834"}],"curies":[{"name":"wp","href":"https:\/\/api.w.org\/{rel}","templated":true}]}}