{"id":5844,"date":"2019-08-26T15:50:09","date_gmt":"2019-08-26T19:50:09","guid":{"rendered":"http:\/\/medicina.udd.cl\/enfermeria-santiago\/?page_id=5844"},"modified":"2019-08-26T16:47:04","modified_gmt":"2019-08-26T20:47:04","slug":"postgrado-y-educacion-continua","status":"publish","type":"page","link":"https:\/\/medicina.udd.cl\/enfermeria-santiago\/postgrado-y-educacion-continua\/","title":{"rendered":"Postgrado y Educaci\u00f3n continua"},"content":{"rendered":"\n<p class=\"has-huge-font-size\"><strong><a href=\"https:\/\/medicina.udd.cl\/postgrados-y-educacion-continua\/\">Conoce nuestros programas de Postgrado para el perfeccionamiento y actualizaci\u00f3n de los conocimientos<\/a><\/strong><\/p>\n","protected":false},"excerpt":{"rendered":"<p>Conoce nuestros programas de Postgrado para el perfeccionamiento y actualizaci\u00f3n de los conocimientos<\/p>\n","protected":false},"author":9192218,"featured_media":0,"parent":0,"menu_order":0,"comment_status":"closed","ping_status":"closed","template":"","meta":{"footnotes":""},"class_list":["post-5844","page","type-page","status-publish","hentry"],"yoast_head":"<!-- This site is optimized with the Yoast SEO plugin v26.9 - https:\/\/yoast.com\/product\/yoast-seo-wordpress\/ -->\n<title>Postgrado y Educaci\u00f3n continua - Enfermer\u00eda UDD<\/title>\n<meta name=\"robots\" content=\"index, follow, max-snippet:-1, max-image-preview:large, max-video-preview:-1\" \/>\n<link rel=\"canonical\" href=\"https:\/\/medicina.udd.cl\/enfermeria-santiago\/postgrado-y-educacion-continua\/\" \/>\n<meta property=\"og:locale\" content=\"es_ES\" \/>\n<meta property=\"og:type\" content=\"article\" \/>\n<meta property=\"og:title\" content=\"Postgrado y Educaci\u00f3n continua - Enfermer\u00eda UDD\" \/>\n<meta property=\"og:description\" content=\"Conoce nuestros programas de Postgrado para el perfeccionamiento y actualizaci\u00f3n de los conocimientos\" \/>\n<meta property=\"og:url\" content=\"https:\/\/medicina.udd.cl\/enfermeria-santiago\/postgrado-y-educacion-continua\/\" \/>\n<meta property=\"og:site_name\" content=\"Enfermer\u00eda UDD\" \/>\n<meta property=\"article:modified_time\" content=\"2019-08-26T20:47:04+00:00\" \/>\n<script type=\"application\/ld+json\" class=\"yoast-schema-graph\">{\"@context\":\"https:\/\/schema.org\",\"@graph\":[{\"@type\":\"WebPage\",\"@id\":\"https:\/\/medicina.udd.cl\/enfermeria-santiago\/postgrado-y-educacion-continua\/\",\"url\":\"https:\/\/medicina.udd.cl\/enfermeria-santiago\/postgrado-y-educacion-continua\/\",\"name\":\"Postgrado y Educaci\u00f3n continua - Enfermer\u00eda UDD\",\"isPartOf\":{\"@id\":\"https:\/\/medicina.udd.cl\/enfermeria-santiago\/#website\"},\"datePublished\":\"2019-08-26T19:50:09+00:00\",\"dateModified\":\"2019-08-26T20:47:04+00:00\",\"breadcrumb\":{\"@id\":\"https:\/\/medicina.udd.cl\/enfermeria-santiago\/postgrado-y-educacion-continua\/#breadcrumb\"},\"inLanguage\":\"es\",\"potentialAction\":[{\"@type\":\"ReadAction\",\"target\":[\"https:\/\/medicina.udd.cl\/enfermeria-santiago\/postgrado-y-educacion-continua\/\"]}]},{\"@type\":\"BreadcrumbList\",\"@id\":\"https:\/\/medicina.udd.cl\/enfermeria-santiago\/postgrado-y-educacion-continua\/#breadcrumb\",\"itemListElement\":[{\"@type\":\"ListItem\",\"position\":1,\"name\":\"Home\",\"item\":\"https:\/\/medicina.udd.cl\/enfermeria-santiago\/\"},{\"@type\":\"ListItem\",\"position\":2,\"name\":\"Postgrado y Educaci\u00f3n continua\"}]},{\"@type\":\"WebSite\",\"@id\":\"https:\/\/medicina.udd.cl\/enfermeria-santiago\/#website\",\"url\":\"https:\/\/medicina.udd.cl\/enfermeria-santiago\/\",\"name\":\"Enfermer\u00eda UDD\",\"description\":\"Facultad de Medicina Cl\u00ednica Alemana Universidad del Desarrollo\",\"inLanguage\":\"es\"}]}<\/script>\n<!-- \/ Yoast SEO plugin. -->","yoast_head_json":{"title":"Postgrado y Educaci\u00f3n continua - Enfermer\u00eda UDD","robots":{"index":"index","follow":"follow","max-snippet":"max-snippet:-1","max-image-preview":"max-image-preview:large","max-video-preview":"max-video-preview:-1"},"canonical":"https:\/\/medicina.udd.cl\/enfermeria-santiago\/postgrado-y-educacion-continua\/","og_locale":"es_ES","og_type":"article","og_title":"Postgrado y Educaci\u00f3n continua - Enfermer\u00eda UDD","og_description":"Conoce nuestros programas de Postgrado para el perfeccionamiento y actualizaci\u00f3n de los conocimientos","og_url":"https:\/\/medicina.udd.cl\/enfermeria-santiago\/postgrado-y-educacion-continua\/","og_site_name":"Enfermer\u00eda UDD","article_modified_time":"2019-08-26T20:47:04+00:00","schema":{"@context":"https:\/\/schema.org","@graph":[{"@type":"WebPage","@id":"https:\/\/medicina.udd.cl\/enfermeria-santiago\/postgrado-y-educacion-continua\/","url":"https:\/\/medicina.udd.cl\/enfermeria-santiago\/postgrado-y-educacion-continua\/","name":"Postgrado y Educaci\u00f3n continua - Enfermer\u00eda UDD","isPartOf":{"@id":"https:\/\/medicina.udd.cl\/enfermeria-santiago\/#website"},"datePublished":"2019-08-26T19:50:09+00:00","dateModified":"2019-08-26T20:47:04+00:00","breadcrumb":{"@id":"https:\/\/medicina.udd.cl\/enfermeria-santiago\/postgrado-y-educacion-continua\/#breadcrumb"},"inLanguage":"es","potentialAction":[{"@type":"ReadAction","target":["https:\/\/medicina.udd.cl\/enfermeria-santiago\/postgrado-y-educacion-continua\/"]}]},{"@type":"BreadcrumbList","@id":"https:\/\/medicina.udd.cl\/enfermeria-santiago\/postgrado-y-educacion-continua\/#breadcrumb","itemListElement":[{"@type":"ListItem","position":1,"name":"Home","item":"https:\/\/medicina.udd.cl\/enfermeria-santiago\/"},{"@type":"ListItem","position":2,"name":"Postgrado y Educaci\u00f3n continua"}]},{"@type":"WebSite","@id":"https:\/\/medicina.udd.cl\/enfermeria-santiago\/#website","url":"https:\/\/medicina.udd.cl\/enfermeria-santiago\/","name":"Enfermer\u00eda UDD","description":"Facultad de Medicina Cl\u00ednica Alemana Universidad del Desarrollo","inLanguage":"es"}]}},"_links":{"self":[{"href":"https:\/\/medicina.udd.cl\/enfermeria-santiago\/wp-json\/wp\/v2\/pages\/5844","targetHints":{"allow":["GET"]}}],"collection":[{"href":"https:\/\/medicina.udd.cl\/enfermeria-santiago\/wp-json\/wp\/v2\/pages"}],"about":[{"href":"https:\/\/medicina.udd.cl\/enfermeria-santiago\/wp-json\/wp\/v2\/types\/page"}],"author":[{"embeddable":true,"href":"https:\/\/medicina.udd.cl\/enfermeria-santiago\/wp-json\/wp\/v2\/users\/9192218"}],"replies":[{"embeddable":true,"href":"https:\/\/medicina.udd.cl\/enfermeria-santiago\/wp-json\/wp\/v2\/comments?post=5844"}],"version-history":[{"count":2,"href":"https:\/\/medicina.udd.cl\/enfermeria-santiago\/wp-json\/wp\/v2\/pages\/5844\/revisions"}],"predecessor-version":[{"id":5851,"href":"https:\/\/medicina.udd.cl\/enfermeria-santiago\/wp-json\/wp\/v2\/pages\/5844\/revisions\/5851"}],"wp:attachment":[{"href":"https:\/\/medicina.udd.cl\/enfermeria-santiago\/wp-json\/wp\/v2\/media?parent=5844"}],"curies":[{"name":"wp","href":"https:\/\/api.w.org\/{rel}","templated":true}]}}