{"id":6399,"date":"2020-05-05T16:00:14","date_gmt":"2020-05-05T20:00:14","guid":{"rendered":"http:\/\/medicina.udd.cl\/enfermeria-santiago\/?page_id=6399"},"modified":"2025-08-26T16:16:06","modified_gmt":"2025-08-26T20:16:06","slug":"por-que-estudiar-enfermeria-udd","status":"publish","type":"page","link":"https:\/\/medicina.udd.cl\/enfermeria-santiago\/por-que-estudiar-enfermeria-udd\/","title":{"rendered":"\u00bfPor qu\u00e9 estudiar Enfermer\u00eda UDD?"},"content":{"rendered":"<!-- WP Block: UDD - Content Gallery -->\n<section class=\"wp-block-udd-content-gallery\">\n\t<div class=\"content-gallery\">\n\t\t<main class=\"content-gallery__content\">\n\t\t\t<div class=\"content-gallery__content-inner\">\n\t\t\t\t<h2 class=\"block__title content-gallery__title\">Cl\u00ednica UDD<\/h2>\n\t\t\t\t<div class=\"text\">\n\t\t\t\t\t\n<p>Campo cl\u00ednico exclusivo de la Facultad de Medicina Cl\u00ednica Alemana Universidad del Desarrollo.<\/p>\n\n<p>Concentra actividades docentes asistenciales de la Facultad y ofrece atenci\u00f3n ambulatoria para los habitantes de La Florida, la Granja, San Ram\u00f3n y La Cisterna.<\/p>\n\n<p><strong><a href=\"https:\/\/clinicaudd.udd.cl\/\">Visitar el siti<\/a><\/strong><a href=\"https:\/\/clinicaudd.udd.cl\/\"><strong>o<\/strong><\/a><\/p>\n\t\t\t\t<\/div>\n\t\t\t<\/div>\n\t\t<\/main>\n\t\t<aside class=\"content-gallery__media\">\n\t\t\t<div id=\"gallery-carousel-0168679cf4\" class=\"carousel slide carousel-gallery\" data-ride=\"carousel\" data-interval=\"false\">\n\t\t\t\t<div class=\"carousel-inner\" role=\"listbox\">\n\t\t\t\t\t\t\t\t\t\t\t<div class=\"carousel-item active\">\n\t\t\t\t\t\t\t<img loading=\"lazy\" decoding=\"async\" width=\"1181\" height=\"745\" src=\"https:\/\/medicina.udd.cl\/enfermeria-santiago\/files\/2020\/12\/clinicaudd.jpg\" class=\"content-gallery__media-image\" alt=\"\" srcset=\"https:\/\/medicina.udd.cl\/enfermeria-santiago\/files\/2020\/12\/clinicaudd.jpg 1181w, https:\/\/medicina.udd.cl\/enfermeria-santiago\/files\/2020\/12\/clinicaudd-300x189.jpg 300w, https:\/\/medicina.udd.cl\/enfermeria-santiago\/files\/2020\/12\/clinicaudd-1024x646.jpg 1024w, https:\/\/medicina.udd.cl\/enfermeria-santiago\/files\/2020\/12\/clinicaudd-768x484.jpg 768w\" sizes=\"auto, (max-width: 1181px) 100vw, 1181px\" \/>\t\t\t\t\t\t\t\t\t\t\t\t\t<\/div>\n\t\t\t\t\t\t\t\t\t<\/div>\n\t\t\t\t\t\t<\/div>\n\t\t<\/aside>\n\t<\/div>\n<\/section>\n\n\n<!-- WP Block: UDD - Content Gallery -->\n<section class=\"wp-block-udd-content-gallery wp-block-udd-content-gallery--align-left\">\n\t<div class=\"content-gallery\">\n\t\t<main class=\"content-gallery__content\">\n\t\t\t<div class=\"content-gallery__content-inner\">\n\t\t\t\t<h2 class=\"block__title content-gallery__title\">Experiencia cl\u00ednica<\/h2>\n\t\t\t\t<div class=\"text\">\n\t\t\t\t\t\n<p>Tendr\u00e1s experiencia cl\u00ednica desde el 1er a\u00f1o. <\/p>\n\t\t\t\t<\/div>\n\t\t\t<\/div>\n\t\t<\/main>\n\t\t<aside class=\"content-gallery__media\">\n\t\t\t<div id=\"gallery-carousel-01e2da439d\" class=\"carousel slide carousel-gallery\" data-ride=\"carousel\" data-interval=\"false\">\n\t\t\t\t<div class=\"carousel-inner\" role=\"listbox\">\n\t\t\t\t\t\t\t\t\t\t\t<div class=\"carousel-item active\">\n\t\t\t\t\t\t\t<img loading=\"lazy\" decoding=\"async\" width=\"1366\" height=\"768\" src=\"https:\/\/medicina.udd.cl\/enfermeria-santiago\/files\/2019\/10\/IMG-2895-e1570045845706-1366x768.jpg\" class=\"content-gallery__media-image\" alt=\"\" srcset=\"https:\/\/medicina.udd.cl\/enfermeria-santiago\/files\/2019\/10\/IMG-2895-e1570045845706-1366x768.jpg 1366w, https:\/\/medicina.udd.cl\/enfermeria-santiago\/files\/2019\/10\/IMG-2895-e1570045845706-1920x1080.jpg 1920w, https:\/\/medicina.udd.cl\/enfermeria-santiago\/files\/2019\/10\/IMG-2895-e1570045845706-952x534.jpg 952w, https:\/\/medicina.udd.cl\/enfermeria-santiago\/files\/2019\/10\/IMG-2895-e1570045845706-680x382.jpg 680w\" sizes=\"auto, (max-width: 1366px) 100vw, 1366px\" \/>\t\t\t\t\t\t\t\t\t\t\t\t\t<\/div>\n\t\t\t\t\t\t\t\t\t<\/div>\n\t\t\t\t\t\t<\/div>\n\t\t<\/aside>\n\t<\/div>\n<\/section>\n\n\n<!-- WP Block: UDD - Content Gallery -->\n<section class=\"wp-block-udd-content-gallery\">\n\t<div class=\"content-gallery\">\n\t\t<main class=\"content-gallery__content\">\n\t\t\t<div class=\"content-gallery__content-inner\">\n\t\t\t\t<h2 class=\"block__title content-gallery__title\">Estrategia tecnol\u00f3gica<\/h2>\n\t\t\t\t<div class=\"text\">\n\t\t\t\t\t\n<p>Aplicamos los recientes avances tecnol\u00f3gicos en nuestra estrategia metodol\u00f3gica. <\/p>\n\t\t\t\t<\/div>\n\t\t\t<\/div>\n\t\t<\/main>\n\t\t<aside class=\"content-gallery__media\">\n\t\t\t<div id=\"gallery-carousel-e2e75dcc26\" class=\"carousel slide carousel-gallery\" data-ride=\"carousel\" data-interval=\"false\">\n\t\t\t\t<div class=\"carousel-inner\" role=\"listbox\">\n\t\t\t\t\t\t\t\t\t\t\t<div class=\"carousel-item active\">\n\t\t\t\t\t\t\t<img loading=\"lazy\" decoding=\"async\" width=\"1366\" height=\"768\" src=\"https:\/\/medicina.udd.cl\/enfermeria-santiago\/files\/2019\/05\/IMG_8984-1366x768.jpg\" class=\"content-gallery__media-image\" alt=\"\" srcset=\"https:\/\/medicina.udd.cl\/enfermeria-santiago\/files\/2019\/05\/IMG_8984-1366x768.jpg 1366w, https:\/\/medicina.udd.cl\/enfermeria-santiago\/files\/2019\/05\/IMG_8984-1920x1080.jpg 1920w, https:\/\/medicina.udd.cl\/enfermeria-santiago\/files\/2019\/05\/IMG_8984-952x534.jpg 952w, https:\/\/medicina.udd.cl\/enfermeria-santiago\/files\/2019\/05\/IMG_8984-680x382.jpg 680w\" sizes=\"auto, (max-width: 1366px) 100vw, 1366px\" \/>\t\t\t\t\t\t\t\t\t\t\t\t\t<\/div>\n\t\t\t\t\t\t\t\t\t<\/div>\n\t\t\t\t\t\t<\/div>\n\t\t<\/aside>\n\t<\/div>\n<\/section>\n\n\n<!-- WP Block: UDD - Content Gallery -->\n<section class=\"wp-block-udd-content-gallery wp-block-udd-content-gallery--align-left\">\n\t<div class=\"content-gallery\">\n\t\t<main class=\"content-gallery__content\">\n\t\t\t<div class=\"content-gallery__content-inner\">\n\t\t\t\t<h2 class=\"block__title content-gallery__title\">Internados en el extranjero<\/h2>\n\t\t\t\t<div class=\"text\">\n\t\t\t\t\t\n<p>Podr\u00e1s realizar dos internados en el extranjero. <\/p>\n\t\t\t\t<\/div>\n\t\t\t<\/div>\n\t\t<\/main>\n\t\t<aside class=\"content-gallery__media\">\n\t\t\t<div id=\"gallery-carousel-05a1bb0ab1\" class=\"carousel slide carousel-gallery\" data-ride=\"carousel\" data-interval=\"false\">\n\t\t\t\t<div class=\"carousel-inner\" role=\"listbox\">\n\t\t\t\t\t\t\t\t\t\t\t<div class=\"carousel-item active\">\n\t\t\t\t\t\t\t<img loading=\"lazy\" decoding=\"async\" width=\"1365\" height=\"659\" src=\"https:\/\/medicina.udd.cl\/enfermeria-santiago\/files\/2020\/09\/Imagen-enfermer\u00eda-internacional.png\" class=\"content-gallery__media-image\" alt=\"\" srcset=\"https:\/\/medicina.udd.cl\/enfermeria-santiago\/files\/2020\/09\/Imagen-enfermer\u00eda-internacional.png 1365w, https:\/\/medicina.udd.cl\/enfermeria-santiago\/files\/2020\/09\/Imagen-enfermer\u00eda-internacional-300x145.png 300w, https:\/\/medicina.udd.cl\/enfermeria-santiago\/files\/2020\/09\/Imagen-enfermer\u00eda-internacional-1024x494.png 1024w, https:\/\/medicina.udd.cl\/enfermeria-santiago\/files\/2020\/09\/Imagen-enfermer\u00eda-internacional-768x371.png 768w\" sizes=\"auto, (max-width: 1365px) 100vw, 1365px\" \/>\t\t\t\t\t\t\t\t\t\t\t\t\t<\/div>\n\t\t\t\t\t\t\t\t\t<\/div>\n\t\t\t\t\t\t<\/div>\n\t\t<\/aside>\n\t<\/div>\n<\/section>\n\n\n<!-- WP Block: UDD - Content Gallery -->\n<section class=\"wp-block-udd-content-gallery\">\n\t<div class=\"content-gallery\">\n\t\t<main class=\"content-gallery__content\">\n\t\t\t<div class=\"content-gallery__content-inner\">\n\t\t\t\t<h2 class=\"block__title content-gallery__title\">Inserci\u00f3n laboral<\/h2>\n\t\t\t\t<div class=\"text\">\n\t\t\t\t\t\n<p>Durante 5to a\u00f1o tendr\u00e1s cursos anexos que facilitar\u00e1n la inserci\u00f3n laboral. <\/p>\n\t\t\t\t<\/div>\n\t\t\t<\/div>\n\t\t<\/main>\n\t\t<aside class=\"content-gallery__media\">\n\t\t\t<div id=\"gallery-carousel-acb4a77f3b\" class=\"carousel slide carousel-gallery\" data-ride=\"carousel\" data-interval=\"false\">\n\t\t\t\t<div class=\"carousel-inner\" role=\"listbox\">\n\t\t\t\t\t\t\t\t\t\t\t<div class=\"carousel-item active\">\n\t\t\t\t\t\t\t<img loading=\"lazy\" decoding=\"async\" width=\"1040\" height=\"768\" src=\"https:\/\/medicina.udd.cl\/enfermeria-santiago\/files\/2020\/03\/IMG-20200324-WA0028-1040x768.jpg\" class=\"content-gallery__media-image\" alt=\"\" \/>\t\t\t\t\t\t\t\t\t\t\t\t\t<\/div>\n\t\t\t\t\t\t\t\t\t<\/div>\n\t\t\t\t\t\t<\/div>\n\t\t<\/aside>\n\t<\/div>\n<\/section>\n\n\n<!-- WP Block: UDD - Content Gallery -->\n<section class=\"wp-block-udd-content-gallery wp-block-udd-content-gallery--align-left\">\n\t<div class=\"content-gallery\">\n\t\t<main class=\"content-gallery__content\">\n\t\t\t<div class=\"content-gallery__content-inner\">\n\t\t\t\t<h2 class=\"block__title content-gallery__title\">Doble grado <\/h2>\n\t\t\t\t<div class=\"text\">\n\t\t\t\t\t\n<p>Programa de reconocimiento acad\u00e9mico conducente a la obtenci\u00f3n del grado de la carrera de Enfermer\u00eda UDD en las Universidades CEU San Pablo y Jos\u00e9 Camilo Cela, ambas en Madrid (Espa\u00f1a).<\/p>\n\n<p><a href=\"https:\/\/www.udd.cl\/programa-de-doble-grado-enfermeria\/\" rel=\"nofollow\">M\u00e1s informaci\u00f3n aqu\u00ed<\/a><\/p>\n\t\t\t\t<\/div>\n\t\t\t<\/div>\n\t\t<\/main>\n\t\t<aside class=\"content-gallery__media\">\n\t\t\t<div id=\"gallery-carousel-34f0512413\" class=\"carousel slide carousel-gallery\" data-ride=\"carousel\" data-interval=\"false\">\n\t\t\t\t<div class=\"carousel-inner\" role=\"listbox\">\n\t\t\t\t\t\t\t\t\t\t\t<div class=\"carousel-item active\">\n\t\t\t\t\t\t\t<img loading=\"lazy\" decoding=\"async\" width=\"1226\" height=\"768\" src=\"https:\/\/medicina.udd.cl\/enfermeria-santiago\/files\/2022\/01\/doblegradoespa\u00f1a.1-1226x768.jpg\" class=\"content-gallery__media-image\" alt=\"\" \/>\t\t\t\t\t\t\t\t\t\t\t\t\t<\/div>\n\t\t\t\t\t\t\t\t\t<\/div>\n\t\t\t\t\t\t<\/div>\n\t\t<\/aside>\n\t<\/div>\n<\/section>\n","protected":false},"excerpt":{"rendered":"","protected":false},"author":9192219,"featured_media":0,"parent":0,"menu_order":0,"comment_status":"closed","ping_status":"closed","template":"","meta":{"footnotes":""},"class_list":["post-6399","page","type-page","status-publish","hentry"],"yoast_head":"<!-- This site is optimized with the Yoast SEO plugin v26.9 - https:\/\/yoast.com\/product\/yoast-seo-wordpress\/ -->\n<title>\u00bfPor qu\u00e9 estudiar Enfermer\u00eda UDD? - Enfermer\u00eda UDD<\/title>\n<meta name=\"robots\" content=\"index, follow, max-snippet:-1, max-image-preview:large, max-video-preview:-1\" \/>\n<link rel=\"canonical\" href=\"https:\/\/medicina.udd.cl\/enfermeria-santiago\/por-que-estudiar-enfermeria-udd\/\" \/>\n<meta property=\"og:locale\" content=\"es_ES\" \/>\n<meta property=\"og:type\" content=\"article\" \/>\n<meta property=\"og:title\" content=\"\u00bfPor qu\u00e9 estudiar Enfermer\u00eda UDD? - Enfermer\u00eda UDD\" \/>\n<meta property=\"og:url\" content=\"https:\/\/medicina.udd.cl\/enfermeria-santiago\/por-que-estudiar-enfermeria-udd\/\" \/>\n<meta property=\"og:site_name\" content=\"Enfermer\u00eda UDD\" \/>\n<meta property=\"article:modified_time\" content=\"2025-08-26T20:16:06+00:00\" \/>\n<meta name=\"twitter:label1\" content=\"Tiempo de lectura\" \/>\n\t<meta name=\"twitter:data1\" content=\"1 minuto\" \/>\n<script type=\"application\/ld+json\" class=\"yoast-schema-graph\">{\"@context\":\"https:\/\/schema.org\",\"@graph\":[{\"@type\":\"WebPage\",\"@id\":\"https:\/\/medicina.udd.cl\/enfermeria-santiago\/por-que-estudiar-enfermeria-udd\/\",\"url\":\"https:\/\/medicina.udd.cl\/enfermeria-santiago\/por-que-estudiar-enfermeria-udd\/\",\"name\":\"\u00bfPor qu\u00e9 estudiar Enfermer\u00eda UDD? - Enfermer\u00eda UDD\",\"isPartOf\":{\"@id\":\"https:\/\/medicina.udd.cl\/enfermeria-santiago\/#website\"},\"datePublished\":\"2020-05-05T20:00:14+00:00\",\"dateModified\":\"2025-08-26T20:16:06+00:00\",\"breadcrumb\":{\"@id\":\"https:\/\/medicina.udd.cl\/enfermeria-santiago\/por-que-estudiar-enfermeria-udd\/#breadcrumb\"},\"inLanguage\":\"es\",\"potentialAction\":[{\"@type\":\"ReadAction\",\"target\":[\"https:\/\/medicina.udd.cl\/enfermeria-santiago\/por-que-estudiar-enfermeria-udd\/\"]}]},{\"@type\":\"BreadcrumbList\",\"@id\":\"https:\/\/medicina.udd.cl\/enfermeria-santiago\/por-que-estudiar-enfermeria-udd\/#breadcrumb\",\"itemListElement\":[{\"@type\":\"ListItem\",\"position\":1,\"name\":\"Home\",\"item\":\"https:\/\/medicina.udd.cl\/enfermeria-santiago\/\"},{\"@type\":\"ListItem\",\"position\":2,\"name\":\"\u00bfPor qu\u00e9 estudiar Enfermer\u00eda UDD?\"}]},{\"@type\":\"WebSite\",\"@id\":\"https:\/\/medicina.udd.cl\/enfermeria-santiago\/#website\",\"url\":\"https:\/\/medicina.udd.cl\/enfermeria-santiago\/\",\"name\":\"Enfermer\u00eda UDD\",\"description\":\"Facultad de Medicina Cl\u00ednica Alemana Universidad del Desarrollo\",\"inLanguage\":\"es\"}]}<\/script>\n<!-- \/ Yoast SEO plugin. -->","yoast_head_json":{"title":"\u00bfPor qu\u00e9 estudiar Enfermer\u00eda UDD? - Enfermer\u00eda UDD","robots":{"index":"index","follow":"follow","max-snippet":"max-snippet:-1","max-image-preview":"max-image-preview:large","max-video-preview":"max-video-preview:-1"},"canonical":"https:\/\/medicina.udd.cl\/enfermeria-santiago\/por-que-estudiar-enfermeria-udd\/","og_locale":"es_ES","og_type":"article","og_title":"\u00bfPor qu\u00e9 estudiar Enfermer\u00eda UDD? - Enfermer\u00eda UDD","og_url":"https:\/\/medicina.udd.cl\/enfermeria-santiago\/por-que-estudiar-enfermeria-udd\/","og_site_name":"Enfermer\u00eda UDD","article_modified_time":"2025-08-26T20:16:06+00:00","twitter_misc":{"Tiempo de lectura":"1 minuto"},"schema":{"@context":"https:\/\/schema.org","@graph":[{"@type":"WebPage","@id":"https:\/\/medicina.udd.cl\/enfermeria-santiago\/por-que-estudiar-enfermeria-udd\/","url":"https:\/\/medicina.udd.cl\/enfermeria-santiago\/por-que-estudiar-enfermeria-udd\/","name":"\u00bfPor qu\u00e9 estudiar Enfermer\u00eda UDD? - Enfermer\u00eda UDD","isPartOf":{"@id":"https:\/\/medicina.udd.cl\/enfermeria-santiago\/#website"},"datePublished":"2020-05-05T20:00:14+00:00","dateModified":"2025-08-26T20:16:06+00:00","breadcrumb":{"@id":"https:\/\/medicina.udd.cl\/enfermeria-santiago\/por-que-estudiar-enfermeria-udd\/#breadcrumb"},"inLanguage":"es","potentialAction":[{"@type":"ReadAction","target":["https:\/\/medicina.udd.cl\/enfermeria-santiago\/por-que-estudiar-enfermeria-udd\/"]}]},{"@type":"BreadcrumbList","@id":"https:\/\/medicina.udd.cl\/enfermeria-santiago\/por-que-estudiar-enfermeria-udd\/#breadcrumb","itemListElement":[{"@type":"ListItem","position":1,"name":"Home","item":"https:\/\/medicina.udd.cl\/enfermeria-santiago\/"},{"@type":"ListItem","position":2,"name":"\u00bfPor qu\u00e9 estudiar Enfermer\u00eda UDD?"}]},{"@type":"WebSite","@id":"https:\/\/medicina.udd.cl\/enfermeria-santiago\/#website","url":"https:\/\/medicina.udd.cl\/enfermeria-santiago\/","name":"Enfermer\u00eda UDD","description":"Facultad de Medicina Cl\u00ednica Alemana Universidad del Desarrollo","inLanguage":"es"}]}},"_links":{"self":[{"href":"https:\/\/medicina.udd.cl\/enfermeria-santiago\/wp-json\/wp\/v2\/pages\/6399","targetHints":{"allow":["GET"]}}],"collection":[{"href":"https:\/\/medicina.udd.cl\/enfermeria-santiago\/wp-json\/wp\/v2\/pages"}],"about":[{"href":"https:\/\/medicina.udd.cl\/enfermeria-santiago\/wp-json\/wp\/v2\/types\/page"}],"author":[{"embeddable":true,"href":"https:\/\/medicina.udd.cl\/enfermeria-santiago\/wp-json\/wp\/v2\/users\/9192219"}],"replies":[{"embeddable":true,"href":"https:\/\/medicina.udd.cl\/enfermeria-santiago\/wp-json\/wp\/v2\/comments?post=6399"}],"version-history":[{"count":13,"href":"https:\/\/medicina.udd.cl\/enfermeria-santiago\/wp-json\/wp\/v2\/pages\/6399\/revisions"}],"predecessor-version":[{"id":9816,"href":"https:\/\/medicina.udd.cl\/enfermeria-santiago\/wp-json\/wp\/v2\/pages\/6399\/revisions\/9816"}],"wp:attachment":[{"href":"https:\/\/medicina.udd.cl\/enfermeria-santiago\/wp-json\/wp\/v2\/media?parent=6399"}],"curies":[{"name":"wp","href":"https:\/\/api.w.org\/{rel}","templated":true}]}}