{"id":7918,"date":"2022-09-28T20:37:08","date_gmt":"2022-09-28T23:37:08","guid":{"rendered":"https:\/\/medicina.udd.cl\/enfermeria-santiago\/?page_id=7918"},"modified":"2022-09-28T20:37:09","modified_gmt":"2022-09-28T23:37:09","slug":"inscripcion-ceremonia-de-investidura-estudiantes-de-enfermeria","status":"publish","type":"page","link":"https:\/\/medicina.udd.cl\/enfermeria-santiago\/inscripcion-ceremonia-de-investidura-estudiantes-de-enfermeria\/","title":{"rendered":"Inscripci\u00f3n: Ceremonia de Investidura estudiantes de Enfermer\u00eda"},"content":{"rendered":"\n<div id='wufoo-m1dimkt51spf16h'>\nFill out my <a href='https:\/\/udesarrollo.wufoo.com\/forms\/m1dimkt51spf16h'>online form<\/a>.\n<\/div>\n<script type='text\/javascript'>var m1dimkt51spf16h;(function(d, t) {\nvar s = d.createElement(t), options = {\n'userName'      : 'udesarrollo',    \n'formHash'      : 'm1dimkt51spf16h',    \n'autoResize'    :  true,   \n'height'        : '560',      \n'async'         :  true,          \n'header'        : 'show',      \n'host'          : 'wufoo.com',    \n'entSource'     : 'wordpress',   \n'defaultValues' : ''     \n,'ssl'          :  1           };\ns.src = ('https:' == d.location.protocol ? 'https:\/\/' : 'http:\/\/') + 'secure.wufoo.com\/scripts\/embed\/form.js';\ns.onload = s.onreadystatechange = function() {\nvar rs = this.readyState; if (rs) if (rs != 'complete') if (rs != 'loaded') return;\ntry { m1dimkt51spf16h = new WufooForm();m1dimkt51spf16h.initialize(options);m1dimkt51spf16h.display(); } catch (e) {}}\nvar scr = d.getElementsByTagName(t)[0], par = scr.parentNode; par.insertBefore(s, scr);\n})(document, 'script');<\/script> <noscript> <iframe height=\"560\" allowTransparency=\"true\" sandbox=\"allow-top-navigation allow-scripts allow-popups allow-forms allow-same-origin allow-popups-to-escape-sandbox\" frameborder=\"0\" scrolling=\"no\" style=\"width:100%;border:none;\"src=\"https:\/\/udesarrollo.wufoo.com\/embed\/m1dimkt51spf16h?entsource=wordpress\"><a href=\"https:\/\/udesarrollo.wufoo.com\/forms\/m1dimkt51spf16h?entsource=wordpress\" rel=\"nofollow\">Fill out my Wufoo form!<\/a><\/iframe> <\/noscript>\n","protected":false},"excerpt":{"rendered":"","protected":false},"author":9192206,"featured_media":0,"parent":0,"menu_order":0,"comment_status":"closed","ping_status":"closed","template":"","meta":{"footnotes":""},"class_list":["post-7918","page","type-page","status-publish","hentry"],"yoast_head":"<!-- This site is optimized with the Yoast SEO plugin v26.9 - https:\/\/yoast.com\/product\/yoast-seo-wordpress\/ -->\n<title>Inscripci\u00f3n: Ceremonia de Investidura estudiantes de Enfermer\u00eda - Enfermer\u00eda UDD<\/title>\n<meta name=\"robots\" content=\"index, follow, max-snippet:-1, max-image-preview:large, max-video-preview:-1\" \/>\n<link rel=\"canonical\" href=\"https:\/\/medicina.udd.cl\/enfermeria-santiago\/inscripcion-ceremonia-de-investidura-estudiantes-de-enfermeria\/\" \/>\n<meta property=\"og:locale\" content=\"es_ES\" \/>\n<meta property=\"og:type\" content=\"article\" \/>\n<meta property=\"og:title\" content=\"Inscripci\u00f3n: Ceremonia de Investidura estudiantes de Enfermer\u00eda - Enfermer\u00eda UDD\" \/>\n<meta property=\"og:url\" content=\"https:\/\/medicina.udd.cl\/enfermeria-santiago\/inscripcion-ceremonia-de-investidura-estudiantes-de-enfermeria\/\" \/>\n<meta property=\"og:site_name\" content=\"Enfermer\u00eda UDD\" \/>\n<meta property=\"article:modified_time\" content=\"2022-09-28T23:37:09+00:00\" \/>\n<script type=\"application\/ld+json\" class=\"yoast-schema-graph\">{\"@context\":\"https:\/\/schema.org\",\"@graph\":[{\"@type\":\"WebPage\",\"@id\":\"https:\/\/medicina.udd.cl\/enfermeria-santiago\/inscripcion-ceremonia-de-investidura-estudiantes-de-enfermeria\/\",\"url\":\"https:\/\/medicina.udd.cl\/enfermeria-santiago\/inscripcion-ceremonia-de-investidura-estudiantes-de-enfermeria\/\",\"name\":\"Inscripci\u00f3n: Ceremonia de Investidura estudiantes de Enfermer\u00eda - Enfermer\u00eda UDD\",\"isPartOf\":{\"@id\":\"https:\/\/medicina.udd.cl\/enfermeria-santiago\/#website\"},\"datePublished\":\"2022-09-28T23:37:08+00:00\",\"dateModified\":\"2022-09-28T23:37:09+00:00\",\"breadcrumb\":{\"@id\":\"https:\/\/medicina.udd.cl\/enfermeria-santiago\/inscripcion-ceremonia-de-investidura-estudiantes-de-enfermeria\/#breadcrumb\"},\"inLanguage\":\"es\",\"potentialAction\":[{\"@type\":\"ReadAction\",\"target\":[\"https:\/\/medicina.udd.cl\/enfermeria-santiago\/inscripcion-ceremonia-de-investidura-estudiantes-de-enfermeria\/\"]}]},{\"@type\":\"BreadcrumbList\",\"@id\":\"https:\/\/medicina.udd.cl\/enfermeria-santiago\/inscripcion-ceremonia-de-investidura-estudiantes-de-enfermeria\/#breadcrumb\",\"itemListElement\":[{\"@type\":\"ListItem\",\"position\":1,\"name\":\"Home\",\"item\":\"https:\/\/medicina.udd.cl\/enfermeria-santiago\/\"},{\"@type\":\"ListItem\",\"position\":2,\"name\":\"Inscripci\u00f3n: Ceremonia de Investidura estudiantes de Enfermer\u00eda\"}]},{\"@type\":\"WebSite\",\"@id\":\"https:\/\/medicina.udd.cl\/enfermeria-santiago\/#website\",\"url\":\"https:\/\/medicina.udd.cl\/enfermeria-santiago\/\",\"name\":\"Enfermer\u00eda UDD\",\"description\":\"Facultad de Medicina Cl\u00ednica Alemana Universidad del Desarrollo\",\"inLanguage\":\"es\"}]}<\/script>\n<!-- \/ Yoast SEO plugin. -->","yoast_head_json":{"title":"Inscripci\u00f3n: Ceremonia de Investidura estudiantes de Enfermer\u00eda - Enfermer\u00eda UDD","robots":{"index":"index","follow":"follow","max-snippet":"max-snippet:-1","max-image-preview":"max-image-preview:large","max-video-preview":"max-video-preview:-1"},"canonical":"https:\/\/medicina.udd.cl\/enfermeria-santiago\/inscripcion-ceremonia-de-investidura-estudiantes-de-enfermeria\/","og_locale":"es_ES","og_type":"article","og_title":"Inscripci\u00f3n: Ceremonia de Investidura estudiantes de Enfermer\u00eda - Enfermer\u00eda UDD","og_url":"https:\/\/medicina.udd.cl\/enfermeria-santiago\/inscripcion-ceremonia-de-investidura-estudiantes-de-enfermeria\/","og_site_name":"Enfermer\u00eda UDD","article_modified_time":"2022-09-28T23:37:09+00:00","schema":{"@context":"https:\/\/schema.org","@graph":[{"@type":"WebPage","@id":"https:\/\/medicina.udd.cl\/enfermeria-santiago\/inscripcion-ceremonia-de-investidura-estudiantes-de-enfermeria\/","url":"https:\/\/medicina.udd.cl\/enfermeria-santiago\/inscripcion-ceremonia-de-investidura-estudiantes-de-enfermeria\/","name":"Inscripci\u00f3n: Ceremonia de Investidura estudiantes de Enfermer\u00eda - Enfermer\u00eda UDD","isPartOf":{"@id":"https:\/\/medicina.udd.cl\/enfermeria-santiago\/#website"},"datePublished":"2022-09-28T23:37:08+00:00","dateModified":"2022-09-28T23:37:09+00:00","breadcrumb":{"@id":"https:\/\/medicina.udd.cl\/enfermeria-santiago\/inscripcion-ceremonia-de-investidura-estudiantes-de-enfermeria\/#breadcrumb"},"inLanguage":"es","potentialAction":[{"@type":"ReadAction","target":["https:\/\/medicina.udd.cl\/enfermeria-santiago\/inscripcion-ceremonia-de-investidura-estudiantes-de-enfermeria\/"]}]},{"@type":"BreadcrumbList","@id":"https:\/\/medicina.udd.cl\/enfermeria-santiago\/inscripcion-ceremonia-de-investidura-estudiantes-de-enfermeria\/#breadcrumb","itemListElement":[{"@type":"ListItem","position":1,"name":"Home","item":"https:\/\/medicina.udd.cl\/enfermeria-santiago\/"},{"@type":"ListItem","position":2,"name":"Inscripci\u00f3n: Ceremonia de Investidura estudiantes de Enfermer\u00eda"}]},{"@type":"WebSite","@id":"https:\/\/medicina.udd.cl\/enfermeria-santiago\/#website","url":"https:\/\/medicina.udd.cl\/enfermeria-santiago\/","name":"Enfermer\u00eda UDD","description":"Facultad de Medicina Cl\u00ednica Alemana Universidad del Desarrollo","inLanguage":"es"}]}},"_links":{"self":[{"href":"https:\/\/medicina.udd.cl\/enfermeria-santiago\/wp-json\/wp\/v2\/pages\/7918","targetHints":{"allow":["GET"]}}],"collection":[{"href":"https:\/\/medicina.udd.cl\/enfermeria-santiago\/wp-json\/wp\/v2\/pages"}],"about":[{"href":"https:\/\/medicina.udd.cl\/enfermeria-santiago\/wp-json\/wp\/v2\/types\/page"}],"author":[{"embeddable":true,"href":"https:\/\/medicina.udd.cl\/enfermeria-santiago\/wp-json\/wp\/v2\/users\/9192206"}],"replies":[{"embeddable":true,"href":"https:\/\/medicina.udd.cl\/enfermeria-santiago\/wp-json\/wp\/v2\/comments?post=7918"}],"version-history":[{"count":1,"href":"https:\/\/medicina.udd.cl\/enfermeria-santiago\/wp-json\/wp\/v2\/pages\/7918\/revisions"}],"predecessor-version":[{"id":7919,"href":"https:\/\/medicina.udd.cl\/enfermeria-santiago\/wp-json\/wp\/v2\/pages\/7918\/revisions\/7919"}],"wp:attachment":[{"href":"https:\/\/medicina.udd.cl\/enfermeria-santiago\/wp-json\/wp\/v2\/media?parent=7918"}],"curies":[{"name":"wp","href":"https:\/\/api.w.org\/{rel}","templated":true}]}}