{"id":7920,"date":"2022-09-28T20:42:09","date_gmt":"2022-09-28T23:42:09","guid":{"rendered":"https:\/\/medicina.udd.cl\/enfermeria-santiago\/?page_id=7920"},"modified":"2022-09-28T20:42:09","modified_gmt":"2022-09-28T23:42:09","slug":"confirmacion-inscripcion-ceremonia-de-investidura-estudiantes-de-enfermeria","status":"publish","type":"page","link":"https:\/\/medicina.udd.cl\/enfermeria-santiago\/confirmacion-inscripcion-ceremonia-de-investidura-estudiantes-de-enfermeria\/","title":{"rendered":"Confirmaci\u00f3n inscripci\u00f3n: Ceremonia de Investidura estudiantes de Enfermer\u00eda"},"content":{"rendered":"\n<p>Hemos recibido tus datos correctamente. <\/p>\n\n\n\n<p>\u00a1Te esperamos!<\/p>\n","protected":false},"excerpt":{"rendered":"<p>Hemos recibido tus datos correctamente. \u00a1Te esperamos!<\/p>\n","protected":false},"author":9192206,"featured_media":0,"parent":0,"menu_order":0,"comment_status":"closed","ping_status":"closed","template":"","meta":{"footnotes":""},"class_list":["post-7920","page","type-page","status-publish","hentry"],"yoast_head":"<!-- This site is optimized with the Yoast SEO plugin v26.9 - https:\/\/yoast.com\/product\/yoast-seo-wordpress\/ -->\n<title>Confirmaci\u00f3n inscripci\u00f3n: Ceremonia de Investidura estudiantes de Enfermer\u00eda - Enfermer\u00eda UDD<\/title>\n<meta name=\"robots\" content=\"index, follow, max-snippet:-1, max-image-preview:large, max-video-preview:-1\" \/>\n<link rel=\"canonical\" href=\"https:\/\/medicina.udd.cl\/enfermeria-santiago\/confirmacion-inscripcion-ceremonia-de-investidura-estudiantes-de-enfermeria\/\" \/>\n<meta property=\"og:locale\" content=\"es_ES\" \/>\n<meta property=\"og:type\" content=\"article\" \/>\n<meta property=\"og:title\" content=\"Confirmaci\u00f3n inscripci\u00f3n: Ceremonia de Investidura estudiantes de Enfermer\u00eda - Enfermer\u00eda UDD\" \/>\n<meta property=\"og:description\" content=\"Hemos recibido tus datos correctamente. \u00a1Te esperamos!\" \/>\n<meta property=\"og:url\" content=\"https:\/\/medicina.udd.cl\/enfermeria-santiago\/confirmacion-inscripcion-ceremonia-de-investidura-estudiantes-de-enfermeria\/\" \/>\n<meta property=\"og:site_name\" content=\"Enfermer\u00eda UDD\" \/>\n<script type=\"application\/ld+json\" class=\"yoast-schema-graph\">{\"@context\":\"https:\/\/schema.org\",\"@graph\":[{\"@type\":\"WebPage\",\"@id\":\"https:\/\/medicina.udd.cl\/enfermeria-santiago\/confirmacion-inscripcion-ceremonia-de-investidura-estudiantes-de-enfermeria\/\",\"url\":\"https:\/\/medicina.udd.cl\/enfermeria-santiago\/confirmacion-inscripcion-ceremonia-de-investidura-estudiantes-de-enfermeria\/\",\"name\":\"Confirmaci\u00f3n inscripci\u00f3n: Ceremonia de Investidura estudiantes de Enfermer\u00eda - Enfermer\u00eda UDD\",\"isPartOf\":{\"@id\":\"https:\/\/medicina.udd.cl\/enfermeria-santiago\/#website\"},\"datePublished\":\"2022-09-28T23:42:09+00:00\",\"breadcrumb\":{\"@id\":\"https:\/\/medicina.udd.cl\/enfermeria-santiago\/confirmacion-inscripcion-ceremonia-de-investidura-estudiantes-de-enfermeria\/#breadcrumb\"},\"inLanguage\":\"es\",\"potentialAction\":[{\"@type\":\"ReadAction\",\"target\":[\"https:\/\/medicina.udd.cl\/enfermeria-santiago\/confirmacion-inscripcion-ceremonia-de-investidura-estudiantes-de-enfermeria\/\"]}]},{\"@type\":\"BreadcrumbList\",\"@id\":\"https:\/\/medicina.udd.cl\/enfermeria-santiago\/confirmacion-inscripcion-ceremonia-de-investidura-estudiantes-de-enfermeria\/#breadcrumb\",\"itemListElement\":[{\"@type\":\"ListItem\",\"position\":1,\"name\":\"Home\",\"item\":\"https:\/\/medicina.udd.cl\/enfermeria-santiago\/\"},{\"@type\":\"ListItem\",\"position\":2,\"name\":\"Confirmaci\u00f3n inscripci\u00f3n: Ceremonia de Investidura estudiantes de Enfermer\u00eda\"}]},{\"@type\":\"WebSite\",\"@id\":\"https:\/\/medicina.udd.cl\/enfermeria-santiago\/#website\",\"url\":\"https:\/\/medicina.udd.cl\/enfermeria-santiago\/\",\"name\":\"Enfermer\u00eda UDD\",\"description\":\"Facultad de Medicina Cl\u00ednica Alemana Universidad del Desarrollo\",\"inLanguage\":\"es\"}]}<\/script>\n<!-- \/ Yoast SEO plugin. -->","yoast_head_json":{"title":"Confirmaci\u00f3n inscripci\u00f3n: Ceremonia de Investidura estudiantes de Enfermer\u00eda - Enfermer\u00eda UDD","robots":{"index":"index","follow":"follow","max-snippet":"max-snippet:-1","max-image-preview":"max-image-preview:large","max-video-preview":"max-video-preview:-1"},"canonical":"https:\/\/medicina.udd.cl\/enfermeria-santiago\/confirmacion-inscripcion-ceremonia-de-investidura-estudiantes-de-enfermeria\/","og_locale":"es_ES","og_type":"article","og_title":"Confirmaci\u00f3n inscripci\u00f3n: Ceremonia de Investidura estudiantes de Enfermer\u00eda - Enfermer\u00eda UDD","og_description":"Hemos recibido tus datos correctamente. \u00a1Te esperamos!","og_url":"https:\/\/medicina.udd.cl\/enfermeria-santiago\/confirmacion-inscripcion-ceremonia-de-investidura-estudiantes-de-enfermeria\/","og_site_name":"Enfermer\u00eda UDD","schema":{"@context":"https:\/\/schema.org","@graph":[{"@type":"WebPage","@id":"https:\/\/medicina.udd.cl\/enfermeria-santiago\/confirmacion-inscripcion-ceremonia-de-investidura-estudiantes-de-enfermeria\/","url":"https:\/\/medicina.udd.cl\/enfermeria-santiago\/confirmacion-inscripcion-ceremonia-de-investidura-estudiantes-de-enfermeria\/","name":"Confirmaci\u00f3n inscripci\u00f3n: Ceremonia de Investidura estudiantes de Enfermer\u00eda - Enfermer\u00eda UDD","isPartOf":{"@id":"https:\/\/medicina.udd.cl\/enfermeria-santiago\/#website"},"datePublished":"2022-09-28T23:42:09+00:00","breadcrumb":{"@id":"https:\/\/medicina.udd.cl\/enfermeria-santiago\/confirmacion-inscripcion-ceremonia-de-investidura-estudiantes-de-enfermeria\/#breadcrumb"},"inLanguage":"es","potentialAction":[{"@type":"ReadAction","target":["https:\/\/medicina.udd.cl\/enfermeria-santiago\/confirmacion-inscripcion-ceremonia-de-investidura-estudiantes-de-enfermeria\/"]}]},{"@type":"BreadcrumbList","@id":"https:\/\/medicina.udd.cl\/enfermeria-santiago\/confirmacion-inscripcion-ceremonia-de-investidura-estudiantes-de-enfermeria\/#breadcrumb","itemListElement":[{"@type":"ListItem","position":1,"name":"Home","item":"https:\/\/medicina.udd.cl\/enfermeria-santiago\/"},{"@type":"ListItem","position":2,"name":"Confirmaci\u00f3n inscripci\u00f3n: Ceremonia de Investidura estudiantes de Enfermer\u00eda"}]},{"@type":"WebSite","@id":"https:\/\/medicina.udd.cl\/enfermeria-santiago\/#website","url":"https:\/\/medicina.udd.cl\/enfermeria-santiago\/","name":"Enfermer\u00eda UDD","description":"Facultad de Medicina Cl\u00ednica Alemana Universidad del Desarrollo","inLanguage":"es"}]}},"_links":{"self":[{"href":"https:\/\/medicina.udd.cl\/enfermeria-santiago\/wp-json\/wp\/v2\/pages\/7920","targetHints":{"allow":["GET"]}}],"collection":[{"href":"https:\/\/medicina.udd.cl\/enfermeria-santiago\/wp-json\/wp\/v2\/pages"}],"about":[{"href":"https:\/\/medicina.udd.cl\/enfermeria-santiago\/wp-json\/wp\/v2\/types\/page"}],"author":[{"embeddable":true,"href":"https:\/\/medicina.udd.cl\/enfermeria-santiago\/wp-json\/wp\/v2\/users\/9192206"}],"replies":[{"embeddable":true,"href":"https:\/\/medicina.udd.cl\/enfermeria-santiago\/wp-json\/wp\/v2\/comments?post=7920"}],"version-history":[{"count":1,"href":"https:\/\/medicina.udd.cl\/enfermeria-santiago\/wp-json\/wp\/v2\/pages\/7920\/revisions"}],"predecessor-version":[{"id":7921,"href":"https:\/\/medicina.udd.cl\/enfermeria-santiago\/wp-json\/wp\/v2\/pages\/7920\/revisions\/7921"}],"wp:attachment":[{"href":"https:\/\/medicina.udd.cl\/enfermeria-santiago\/wp-json\/wp\/v2\/media?parent=7920"}],"curies":[{"name":"wp","href":"https:\/\/api.w.org\/{rel}","templated":true}]}}