{"id":808,"date":"2011-12-29T17:12:34","date_gmt":"2011-12-29T20:12:34","guid":{"rendered":"http:\/\/medicina.udd.cl\/enfermeria-santiago\/"},"modified":"2018-04-06T16:46:05","modified_gmt":"2018-04-06T19:46:05","slug":"por-que-estudiar-en-la-facultad-de-medicina-cas-udd","status":"publish","type":"page","link":"https:\/\/medicina.udd.cl\/enfermeria-santiago\/por-que-estudiar-en-la-facultad-de-medicina-cas-udd\/","title":{"rendered":"\u00bfPor qu\u00e9 ser parte de la Facultad de Medicina CAS-UDD?"},"content":{"rendered":"<p style=\"font-weight: 400\"><strong><u>\u00bfPor qu\u00e9 estudiar en la Facultad de Medicina?<\/u><\/strong><\/p>\n<p style=\"font-weight: 400\">1.-Porque formamos profesionales, diferentes. Preparados para ser l\u00edderes en sus disciplinas, innovadores y con un fuerte sello de responsabilidad social de verdad.<\/p>\n<p style=\"font-weight: 400\">2.-Porque nuestros estudiantes se relacionan tempranamente con un significativo y variado n\u00famero de pacientes.<\/p>\n<p style=\"font-weight: 400\">3.-Porque nuestros profesores son cl\u00ednicos reconocidos con amplia experiencia docente.<\/p>\n<p style=\"font-weight: 400\">4.-Porque el descubrimiento y la investigaci\u00f3n son prioritarios en nuestra misi\u00f3n. Esto se plasma en el Instituto de Ciencias e Innovaci\u00f3n en Medicina (ICIM), con m\u00e1s de 50 PhD dedicados a buscar soluciones a los problemas de salud de los chilenos.<\/p>\n<p style=\"font-weight: 400\">5.-Contamos con campos cl\u00ednicos exclusivos, como la Cl\u00ednica Alemana, el Hospital Padre Hurtado y Cl\u00ednica UDD, a lo que se suma una amplia red de consultorios y el Instituto Nacional del C\u00e1ncer.<\/p>\n<p style=\"font-weight: 400\">6.-Como la continuidad en la educaci\u00f3n es esencial, contamos con una importante oferta de postgrados, 25 especialidades y subespecialidades m\u00e9dicas y siete especialidades odontol\u00f3gicas de excelencia.<\/p>\n<p style=\"font-weight: 400\">7.-Nuestro modelo educativo es innovador, riguroso y apoyado en lo experiencial; cuidando con atenci\u00f3n el desarrollo de destrezas en pensamiento y de comunicaci\u00f3n, requisitos en el ejercicio profesional de hoy.<\/p>\n<p style=\"font-weight: 400\">8.-Porque nuestros egresados tienen r\u00e1pida inserci\u00f3n laboral.<\/p>\n<p>&nbsp;<\/p>\n<div id=\"gallery-1\" class=\"carousel slide carousel-gallery\" data-ride=\"false\" data-interval=\"false\"><div class=\"carousel-inner\" role=\"listbox\"><figure class=\"carousel-item active\"><img loading=\"lazy\" decoding=\"async\" width=\"676\" height=\"450\" src=\"https:\/\/medicina.udd.cl\/enfermeria-santiago\/files\/2015\/10\/Enfermer\u00eda-mejor-empleabilidad.jpg\" class=\"attachment-landscape_952 size-landscape_952\" alt=\"\" srcset=\"https:\/\/medicina.udd.cl\/enfermeria-santiago\/files\/2015\/10\/Enfermer\u00eda-mejor-empleabilidad.jpg 676w, https:\/\/medicina.udd.cl\/enfermeria-santiago\/files\/2015\/10\/Enfermer\u00eda-mejor-empleabilidad-300x200.jpg 300w\" sizes=\"auto, (max-width: 676px) 100vw, 676px\" \/><\/figure><figure class=\"carousel-item\"><img loading=\"lazy\" decoding=\"async\" width=\"676\" height=\"450\" src=\"https:\/\/medicina.udd.cl\/enfermeria-santiago\/files\/2011\/12\/Enfermer\u00eda-web-Gen\u00e9ricas.jpg\" class=\"attachment-landscape_952 size-landscape_952\" alt=\"\" srcset=\"https:\/\/medicina.udd.cl\/enfermeria-santiago\/files\/2011\/12\/Enfermer\u00eda-web-Gen\u00e9ricas.jpg 676w, https:\/\/medicina.udd.cl\/enfermeria-santiago\/files\/2011\/12\/Enfermer\u00eda-web-Gen\u00e9ricas-300x200.jpg 300w\" sizes=\"auto, (max-width: 676px) 100vw, 676px\" \/><\/figure><figure class=\"carousel-item\"><img loading=\"lazy\" decoding=\"async\" width=\"672\" height=\"450\" src=\"https:\/\/medicina.udd.cl\/enfermeria-santiago\/files\/2011\/12\/Enfermer\u00eda-Web-espec\u00edfica.jpg\" class=\"attachment-landscape_952 size-landscape_952\" alt=\"\" srcset=\"https:\/\/medicina.udd.cl\/enfermeria-santiago\/files\/2011\/12\/Enfermer\u00eda-Web-espec\u00edfica.jpg 672w, https:\/\/medicina.udd.cl\/enfermeria-santiago\/files\/2011\/12\/Enfermer\u00eda-Web-espec\u00edfica-300x201.jpg 300w\" sizes=\"auto, (max-width: 672px) 100vw, 672px\" \/><\/figure><figure class=\"carousel-item\"><img loading=\"lazy\" decoding=\"async\" width=\"672\" height=\"450\" src=\"https:\/\/medicina.udd.cl\/enfermeria-santiago\/files\/2011\/12\/Enfermer\u00eda-web-1.jpg\" class=\"attachment-landscape_952 size-landscape_952\" alt=\"\" srcset=\"https:\/\/medicina.udd.cl\/enfermeria-santiago\/files\/2011\/12\/Enfermer\u00eda-web-1.jpg 672w, https:\/\/medicina.udd.cl\/enfermeria-santiago\/files\/2011\/12\/Enfermer\u00eda-web-1-300x201.jpg 300w\" sizes=\"auto, (max-width: 672px) 100vw, 672px\" \/><\/figure><figure class=\"carousel-item\"><img loading=\"lazy\" decoding=\"async\" width=\"676\" height=\"450\" src=\"https:\/\/medicina.udd.cl\/enfermeria-santiago\/files\/2015\/10\/Enfermer\u00eda-Empleabilidad.jpg\" class=\"attachment-landscape_952 size-landscape_952\" alt=\"\" srcset=\"https:\/\/medicina.udd.cl\/enfermeria-santiago\/files\/2015\/10\/Enfermer\u00eda-Empleabilidad.jpg 676w, https:\/\/medicina.udd.cl\/enfermeria-santiago\/files\/2015\/10\/Enfermer\u00eda-Empleabilidad-300x200.jpg 300w\" sizes=\"auto, (max-width: 676px) 100vw, 676px\" \/><\/figure><figure class=\"carousel-item\"><img loading=\"lazy\" decoding=\"async\" width=\"355\" height=\"534\" src=\"https:\/\/medicina.udd.cl\/enfermeria-santiago\/files\/2015\/10\/Enfermer\u00eda-mejor-empleabilidad-2.jpg\" class=\"attachment-landscape_952 size-landscape_952\" alt=\"\" srcset=\"https:\/\/medicina.udd.cl\/enfermeria-santiago\/files\/2015\/10\/Enfermer\u00eda-mejor-empleabilidad-2.jpg 450w, https:\/\/medicina.udd.cl\/enfermeria-santiago\/files\/2015\/10\/Enfermer\u00eda-mejor-empleabilidad-2-200x300.jpg 200w\" sizes=\"auto, (max-width: 355px) 100vw, 355px\" \/><\/figure><\/div><footer class=\"carousel-footer\"><div class=\"carousel-counter\"><span class=\"carousel-counter-current\"><\/span> \/ <span class=\"carousel-counter-total\"><\/span><\/div><a class=\"carousel-control-prev\" href=\"#gallery-1\" role=\"button\" data-slide=\"prev\"><svg aria-hidden=\"true\" class=\"svg-chevron-left-dims\"><use xlink:href='https:\/\/medicina.udd.cl\/enfermeria-santiago\/wp-content\/themes\/facultades-2018\/assets\/img\/svg\/dist\/main.svg?version=1695853099#chevron-left'><\/use><\/svg><span class=\"sr-only\">Anterior<\/span><\/a><a class=\"carousel-control-next\" href=\"#gallery-1\" role=\"button\" data-slide=\"next\"><svg aria-hidden=\"true\" class=\"svg-chevron-right-dims\"><use xlink:href='https:\/\/medicina.udd.cl\/enfermeria-santiago\/wp-content\/themes\/facultades-2018\/assets\/img\/svg\/dist\/main.svg?version=1695853099#chevron-right'><\/use><\/svg><span class=\"sr-only\">Siguiente<\/span><\/a><\/footer><\/div>\n<p>&nbsp;<\/p>\n","protected":false},"excerpt":{"rendered":"<p>\u00bfPor qu\u00e9 estudiar en la Facultad de Medicina? 1.-Porque formamos profesionales, diferentes. Preparados para ser l\u00edderes en sus disciplinas, innovadores y con un fuerte sello de responsabilidad social de verdad. 2.-Porque nuestros estudiantes se relacionan tempranamente con un significativo y variado n\u00famero de pacientes. 3.-Porque nuestros profesores son cl\u00ednicos reconocidos con amplia experiencia docente. 4.-Porque [&hellip;]<\/p>\n","protected":false},"author":1,"featured_media":0,"parent":0,"menu_order":40,"comment_status":"open","ping_status":"open","template":"","meta":{"footnotes":""},"class_list":["post-808","page","type-page","status-publish","hentry"],"yoast_head":"<!-- This site is optimized with the Yoast SEO plugin v26.9 - https:\/\/yoast.com\/product\/yoast-seo-wordpress\/ -->\n<title>\u00bfPor qu\u00e9 ser parte de la Facultad de Medicina CAS-UDD?) | Admisi\u00f3n 2014 UDD<\/title>\n<meta name=\"description\" content=\"Nuestra instituci\u00f3n forma profesionales \u00edntegros, imprimiendo el sello del esp\u00edritu emprendedor, capacidad de servicio, liderazgo y responsabilidad social.\" \/>\n<meta name=\"robots\" content=\"index, follow, max-snippet:-1, max-image-preview:large, max-video-preview:-1\" \/>\n<link rel=\"canonical\" href=\"https:\/\/medicina.udd.cl\/enfermeria-santiago\/por-que-estudiar-en-la-facultad-de-medicina-cas-udd\/\" \/>\n<meta property=\"og:locale\" content=\"es_ES\" \/>\n<meta property=\"og:type\" content=\"article\" \/>\n<meta property=\"og:title\" content=\"\u00bfPor qu\u00e9 ser parte de la Facultad de Medicina CAS-UDD?) | Admisi\u00f3n 2014 UDD\" \/>\n<meta property=\"og:description\" content=\"Nuestra instituci\u00f3n forma profesionales \u00edntegros, imprimiendo el sello del esp\u00edritu emprendedor, capacidad de servicio, liderazgo y responsabilidad social.\" \/>\n<meta property=\"og:url\" content=\"https:\/\/medicina.udd.cl\/enfermeria-santiago\/por-que-estudiar-en-la-facultad-de-medicina-cas-udd\/\" \/>\n<meta property=\"og:site_name\" content=\"Enfermer\u00eda UDD\" \/>\n<meta property=\"article:modified_time\" content=\"2018-04-06T19:46:05+00:00\" \/>\n<meta property=\"og:image\" content=\"https:\/\/medicina.udd.cl\/enfermeria-santiago\/files\/2015\/10\/Enfermer\u00eda-mejor-empleabilidad.jpg\" \/>\n<meta name=\"twitter:label1\" content=\"Tiempo de lectura\" \/>\n\t<meta name=\"twitter:data1\" content=\"1 minuto\" \/>\n<script type=\"application\/ld+json\" class=\"yoast-schema-graph\">{\"@context\":\"https:\/\/schema.org\",\"@graph\":[{\"@type\":\"WebPage\",\"@id\":\"https:\/\/medicina.udd.cl\/enfermeria-santiago\/por-que-estudiar-en-la-facultad-de-medicina-cas-udd\/\",\"url\":\"https:\/\/medicina.udd.cl\/enfermeria-santiago\/por-que-estudiar-en-la-facultad-de-medicina-cas-udd\/\",\"name\":\"\u00bfPor qu\u00e9 ser parte de la Facultad de Medicina CAS-UDD?) | Admisi\u00f3n 2014 UDD\",\"isPartOf\":{\"@id\":\"https:\/\/medicina.udd.cl\/enfermeria-santiago\/#website\"},\"datePublished\":\"2011-12-29T20:12:34+00:00\",\"dateModified\":\"2018-04-06T19:46:05+00:00\",\"description\":\"Nuestra instituci\u00f3n forma profesionales \u00edntegros, imprimiendo el sello del esp\u00edritu emprendedor, capacidad de servicio, liderazgo y responsabilidad social.\",\"breadcrumb\":{\"@id\":\"https:\/\/medicina.udd.cl\/enfermeria-santiago\/por-que-estudiar-en-la-facultad-de-medicina-cas-udd\/#breadcrumb\"},\"inLanguage\":\"es\",\"potentialAction\":[{\"@type\":\"ReadAction\",\"target\":[\"https:\/\/medicina.udd.cl\/enfermeria-santiago\/por-que-estudiar-en-la-facultad-de-medicina-cas-udd\/\"]}]},{\"@type\":\"BreadcrumbList\",\"@id\":\"https:\/\/medicina.udd.cl\/enfermeria-santiago\/por-que-estudiar-en-la-facultad-de-medicina-cas-udd\/#breadcrumb\",\"itemListElement\":[{\"@type\":\"ListItem\",\"position\":1,\"name\":\"Home\",\"item\":\"https:\/\/medicina.udd.cl\/enfermeria-santiago\/\"},{\"@type\":\"ListItem\",\"position\":2,\"name\":\"\u00bfPor qu\u00e9 ser parte de la Facultad de Medicina CAS-UDD?\"}]},{\"@type\":\"WebSite\",\"@id\":\"https:\/\/medicina.udd.cl\/enfermeria-santiago\/#website\",\"url\":\"https:\/\/medicina.udd.cl\/enfermeria-santiago\/\",\"name\":\"Enfermer\u00eda UDD\",\"description\":\"Facultad de Medicina Cl\u00ednica Alemana Universidad del Desarrollo\",\"inLanguage\":\"es\"}]}<\/script>\n<!-- \/ Yoast SEO plugin. -->","yoast_head_json":{"title":"\u00bfPor qu\u00e9 ser parte de la Facultad de Medicina CAS-UDD?) | Admisi\u00f3n 2014 UDD","description":"Nuestra instituci\u00f3n forma profesionales \u00edntegros, imprimiendo el sello del esp\u00edritu emprendedor, capacidad de servicio, liderazgo y responsabilidad social.","robots":{"index":"index","follow":"follow","max-snippet":"max-snippet:-1","max-image-preview":"max-image-preview:large","max-video-preview":"max-video-preview:-1"},"canonical":"https:\/\/medicina.udd.cl\/enfermeria-santiago\/por-que-estudiar-en-la-facultad-de-medicina-cas-udd\/","og_locale":"es_ES","og_type":"article","og_title":"\u00bfPor qu\u00e9 ser parte de la Facultad de Medicina CAS-UDD?) | Admisi\u00f3n 2014 UDD","og_description":"Nuestra instituci\u00f3n forma profesionales \u00edntegros, imprimiendo el sello del esp\u00edritu emprendedor, capacidad de servicio, liderazgo y responsabilidad social.","og_url":"https:\/\/medicina.udd.cl\/enfermeria-santiago\/por-que-estudiar-en-la-facultad-de-medicina-cas-udd\/","og_site_name":"Enfermer\u00eda UDD","article_modified_time":"2018-04-06T19:46:05+00:00","og_image":[{"url":"https:\/\/medicina.udd.cl\/enfermeria-santiago\/files\/2015\/10\/Enfermer\u00eda-mejor-empleabilidad.jpg","type":"","width":"","height":""}],"twitter_misc":{"Tiempo de lectura":"1 minuto"},"schema":{"@context":"https:\/\/schema.org","@graph":[{"@type":"WebPage","@id":"https:\/\/medicina.udd.cl\/enfermeria-santiago\/por-que-estudiar-en-la-facultad-de-medicina-cas-udd\/","url":"https:\/\/medicina.udd.cl\/enfermeria-santiago\/por-que-estudiar-en-la-facultad-de-medicina-cas-udd\/","name":"\u00bfPor qu\u00e9 ser parte de la Facultad de Medicina CAS-UDD?) | Admisi\u00f3n 2014 UDD","isPartOf":{"@id":"https:\/\/medicina.udd.cl\/enfermeria-santiago\/#website"},"datePublished":"2011-12-29T20:12:34+00:00","dateModified":"2018-04-06T19:46:05+00:00","description":"Nuestra instituci\u00f3n forma profesionales \u00edntegros, imprimiendo el sello del esp\u00edritu emprendedor, capacidad de servicio, liderazgo y responsabilidad social.","breadcrumb":{"@id":"https:\/\/medicina.udd.cl\/enfermeria-santiago\/por-que-estudiar-en-la-facultad-de-medicina-cas-udd\/#breadcrumb"},"inLanguage":"es","potentialAction":[{"@type":"ReadAction","target":["https:\/\/medicina.udd.cl\/enfermeria-santiago\/por-que-estudiar-en-la-facultad-de-medicina-cas-udd\/"]}]},{"@type":"BreadcrumbList","@id":"https:\/\/medicina.udd.cl\/enfermeria-santiago\/por-que-estudiar-en-la-facultad-de-medicina-cas-udd\/#breadcrumb","itemListElement":[{"@type":"ListItem","position":1,"name":"Home","item":"https:\/\/medicina.udd.cl\/enfermeria-santiago\/"},{"@type":"ListItem","position":2,"name":"\u00bfPor qu\u00e9 ser parte de la Facultad de Medicina CAS-UDD?"}]},{"@type":"WebSite","@id":"https:\/\/medicina.udd.cl\/enfermeria-santiago\/#website","url":"https:\/\/medicina.udd.cl\/enfermeria-santiago\/","name":"Enfermer\u00eda UDD","description":"Facultad de Medicina Cl\u00ednica Alemana Universidad del Desarrollo","inLanguage":"es"}]}},"_links":{"self":[{"href":"https:\/\/medicina.udd.cl\/enfermeria-santiago\/wp-json\/wp\/v2\/pages\/808","targetHints":{"allow":["GET"]}}],"collection":[{"href":"https:\/\/medicina.udd.cl\/enfermeria-santiago\/wp-json\/wp\/v2\/pages"}],"about":[{"href":"https:\/\/medicina.udd.cl\/enfermeria-santiago\/wp-json\/wp\/v2\/types\/page"}],"author":[{"embeddable":true,"href":"https:\/\/medicina.udd.cl\/enfermeria-santiago\/wp-json\/wp\/v2\/users\/1"}],"replies":[{"embeddable":true,"href":"https:\/\/medicina.udd.cl\/enfermeria-santiago\/wp-json\/wp\/v2\/comments?post=808"}],"version-history":[{"count":13,"href":"https:\/\/medicina.udd.cl\/enfermeria-santiago\/wp-json\/wp\/v2\/pages\/808\/revisions"}],"predecessor-version":[{"id":5334,"href":"https:\/\/medicina.udd.cl\/enfermeria-santiago\/wp-json\/wp\/v2\/pages\/808\/revisions\/5334"}],"wp:attachment":[{"href":"https:\/\/medicina.udd.cl\/enfermeria-santiago\/wp-json\/wp\/v2\/media?parent=808"}],"curies":[{"name":"wp","href":"https:\/\/api.w.org\/{rel}","templated":true}]}}