{"id":44867,"date":"2021-01-08T11:44:51","date_gmt":"2021-01-08T14:44:51","guid":{"rendered":"https:\/\/medicina.udd.cl\/?page_id=44867"},"modified":"2025-08-12T15:27:42","modified_gmt":"2025-08-12T19:27:42","slug":"home","status":"publish","type":"page","link":"https:\/\/medicina.udd.cl\/english\/","title":{"rendered":"Home"},"content":{"rendered":"<!-- WP Block: UDD - Access Cards -->\n<section\n\tid=\"udd-access-cards--1\"\n\tclass=\"wp-block-udd-access-cards\n\t\t\"\n\t\tstyle=\"\n\t\t--udd-blocks-has-columns-number: 3\t\t\"\n\t>\n\t<div class=\"container\">\n\t\t\t\t<div class=\"block__content\">\n\t\t\t<div\n\t\t\t\tclass=\"udd-access-cards\"\n\t\t\t\t\t\t\t>\n\t\t\t<div\n\tdata-index=\"1\"\n\tclass=\"udd-access-card-wrapper udd-access-card-wrapper--has-description\"\n\t>\n\t<a href=\"https:\/\/medicina.udd.cl\/english\/programs\/\" class=\"access-card access-card--profile\" data-url=\"https:\/\/medicina.udd.cl\/english\/programs\/\">\n\t\t\t\t\t\t<h3\n\t\t\tdata-index=\"1\"\n\t\t\tclass=\"access-card__title\"\n\t\t>\n\t\t\tPrograms\t\t<\/h3>\n\t\t\t\t<p class=\"access-card__description\">\n\t\t\tDiscover and learn about the undergraduate programs our Faculty offers\t\t<\/p>\n\t\t\t\t<div class=\"access-card__link\">\n\t\t\t<span class=\"access-card__link-text\">See full list<\/span>\n\t\t<\/div>\n\t<\/a>\n<\/div>\n<div\n\tdata-index=\"2\"\n\tclass=\"udd-access-card-wrapper udd-access-card-wrapper--has-description\"\n\t>\n\t<a href=\"https:\/\/medicina.udd.cl\/postgrados-y-educacion-continua\/\" class=\"access-card access-card--profile\" data-url=\"https:\/\/medicina.udd.cl\/postgrados-y-educacion-continua\/\">\n\t\t\t\t\t\t<h3\n\t\t\tdata-index=\"2\"\n\t\t\tclass=\"access-card__title\"\n\t\t>\n\t\t\tPostgraduate and continuous education\t\t<\/h3>\n\t\t\t\t<p class=\"access-card__description\">\n\t\t\tPhDu00b4s, master&#8217;s degrees, postgraduate degrees, diplomas, and seminars are part of the Faculty&#8217;s continuous education offer.\t\t<\/p>\n\t\t\t\t<div class=\"access-card__link\">\n\t\t\t<span class=\"access-card__link-text\">See full list<\/span>\n\t\t<\/div>\n\t<\/a>\n<\/div>\n<div\n\tdata-index=\"3\"\n\tclass=\"udd-access-card-wrapper udd-access-card-wrapper--has-description\"\n\t>\n\t<a href=\"https:\/\/medicina.udd.cl\/icim\/\" class=\"access-card access-card--profile\" data-url=\"https:\/\/medicina.udd.cl\/icim\/\">\n\t\t\t\t\t\t<h3\n\t\t\tdata-index=\"3\"\n\t\t\tclass=\"access-card__title\"\n\t\t>\n\t\t\tResearch (Institute of Science and innovation in Medicine)\t\t<\/h3>\n\t\t\t\t<p class=\"access-card__description\">\n\t\t\tState-of-the-art research focused on the main problems that affect people&#8217;s health.\t\t<\/p>\n\t\t\t\t<div class=\"access-card__link\">\n\t\t\t<span class=\"access-card__link-text\">See more<\/span>\n\t\t<\/div>\n\t<\/a>\n<\/div>\n\t\t\t<\/div>\n\t\t<\/div>\n\t<\/div>\n<\/section>\n\n\n<!-- Facts -->\n<section class=\"wp-block-udd-facts\">\n\t<div class=\"container\">\n\t\t<div id=\"udd-facts-row--1\" class=\"facts carousel slide\" data-ride=\"false\" data-interval=\"false\" data-keyboard=\"false\">\n\t\t\t<div\n\t\t\t\t\t\t\t\tclass=\"facts-inner carousel-inner\"\n\t\t\t>\n\t\t\t\t\t\t\t<div class=\"fact carousel-item active\">\n\t\t\t\t\t\t\t\t\t\t\t<div class=\"fact__epigraph\">alumnos pregrado<\/div>\n\t\t\t\t\t\t\t\t\t\t<div class=\"fact__headline\">3220<\/div>\n\t\t\t\t\t<div class=\"fact__description\"><\/div>\n\t\t\t\t<\/div>\n\t\t\t\t\t\t\t\t<div class=\"fact carousel-item\">\n\t\t\t\t\t\t\t\t\t\t\t<div class=\"fact__epigraph\">alumnos postgrado<\/div>\n\t\t\t\t\t\t\t\t\t\t<div class=\"fact__headline\">471<\/div>\n\t\t\t\t\t<div class=\"fact__description\"><\/div>\n\t\t\t\t<\/div>\n\t\t\t\t\t\t\t\t<div class=\"fact carousel-item\">\n\t\t\t\t\t\t\t\t\t\t\t<div class=\"fact__epigraph\">titulados pregrado<\/div>\n\t\t\t\t\t\t\t\t\t\t<div class=\"fact__headline\">3338<\/div>\n\t\t\t\t\t<div class=\"fact__description\"><\/div>\n\t\t\t\t<\/div>\n\t\t\t\t\t\t\t\t<div class=\"fact carousel-item\">\n\t\t\t\t\t\t\t\t\t\t\t<div class=\"fact__epigraph\">titulados especialidades medicas<\/div>\n\t\t\t\t\t\t\t\t\t\t<div class=\"fact__headline\">379<\/div>\n\t\t\t\t\t<div class=\"fact__description\"><\/div>\n\t\t\t\t<\/div>\n\t\t\t\t\t\t\t<\/div>\n\t\t\t<footer class=\"carousel-footer\">\n\t\t\t\t<ol class=\"carousel-indicators\">\n\t\t\t\t\t\t\t\t\t<li data-target=\"#udd-facts-row--1\" data-slide-to=\"0\" class=&quot;active&quot;><\/li>\n\t\t\t\t\t\t\t\t\t<li data-target=\"#udd-facts-row--1\" data-slide-to=\"1\"><\/li>\n\t\t\t\t\t\t\t\t\t<li data-target=\"#udd-facts-row--1\" data-slide-to=\"2\"><\/li>\n\t\t\t\t\t\t\t\t\t<li data-target=\"#udd-facts-row--1\" data-slide-to=\"3\"><\/li>\n\t\t\t\t\t\t\t\t<\/ol>\n\t\t\t\t<a class=\"carousel-control-prev\" href=\"#udd-facts-row--1\" role=\"button\" data-slide=\"prev\">\n\t\t\t\t\t<svg class=\"svg-chevron-left-dims\"><use xlink:href='https:\/\/medicina.udd.cl\/english\/wp-content\/themes\/facultades-2018\/assets\/img\/svg\/dist\/main.svg?version=1695853099#chevron-left'><\/use><\/svg>\t\t\t\t\t<span class=\"sr-only\">Previous<\/span>\n\t\t\t\t<\/a>\n\t\t\t\t<a class=\"carousel-control-next\" href=\"#udd-facts-row--1\" role=\"button\" data-slide=\"next\">\n\t\t\t\t\t<svg class=\"svg-chevron-right-dims\"><use xlink:href='https:\/\/medicina.udd.cl\/english\/wp-content\/themes\/facultades-2018\/assets\/img\/svg\/dist\/main.svg?version=1695853099#chevron-right'><\/use><\/svg>\t\t\t\t\t<span class=\"sr-only\">Next<\/span>\n\t\t\t\t<\/a>\n\t\t\t<\/footer>\n\t\t<\/div>\n\t<\/div>\n<\/section>\n\n\n<!-- WP Block: UDD - Content Gallery -->\n<section class=\"wp-block-udd-content-gallery\">\n\t<div class=\"content-gallery\">\n\t\t<main class=\"content-gallery__content\">\n\t\t\t<div class=\"content-gallery__content-inner\">\n\t\t\t\t<h2 class=\"block__title content-gallery__title\">Clinical Campuses<\/h2>\n\t\t\t\t<div class=\"text\">\n\t\t\t\t\t\n<p>Cl\u00ednica Alemana, Hospital Padre Hurtado, Cl\u00ednica UDD and the Instituto Nacional del C\u00e1ncer (National Institute of Cancer) are our main clinical training centers for students; likewise, an assortment of clinics, health care centers, and health institutions. For an early clinical exposure, students attend these clinical venues in their first year. <\/p>\n\n<p>Our healthcare teaching model for the training of professionals in this area is unique.<\/p>\n\n<p><a href=\"https:\/\/medicina.udd.cl\/english\/clinical-campuses\/\">See more<\/a><\/p>\n\t\t\t\t<\/div>\n\t\t\t<\/div>\n\t\t<\/main>\n\t\t<aside class=\"content-gallery__media\">\n\t\t\t<div id=\"gallery-carousel-c44c7c917f\" class=\"carousel slide carousel-gallery\" data-ride=\"carousel\" data-interval=\"false\">\n\t\t\t\t<div class=\"carousel-inner\" role=\"listbox\">\n\t\t\t\t\t\t\t\t\t\t\t<div class=\"carousel-item active\">\n\t\t\t\t\t\t\t<img loading=\"lazy\" decoding=\"async\" width=\"660\" height=\"430\" src=\"https:\/\/medicina.udd.cl\/english\/files\/2018\/02\/hph.jpg\" class=\"content-gallery__media-image lazyload\" alt=\"\" sizes=\"auto, (max-width: 660px) 100vw, 660px\" data-src=\"https:\/\/medicina.udd.cl\/english\/files\/2018\/02\/hph.jpg\" data-srcset=\"https:\/\/medicina.udd.cl\/english\/files\/2018\/02\/hph.jpg 660w, https:\/\/medicina.udd.cl\/english\/files\/2018\/02\/hph-300x195.jpg 300w\" \/>\t\t\t\t\t\t\t\t\t\t\t\t\t<\/div>\n\t\t\t\t\t\t\t\t\t\t\t<div class=\"carousel-item\">\n\t\t\t\t\t\t\t<img loading=\"lazy\" decoding=\"async\" width=\"1024\" height=\"557\" src=\"https:\/\/medicina.udd.cl\/english\/files\/2014\/12\/clinica-alemana-1-680x382.jpg\" class=\"content-gallery__media-image lazyload\" alt=\"\" sizes=\"auto, (max-width: 1024px) 100vw, 1024px\" data-src=\"https:\/\/medicina.udd.cl\/english\/files\/2014\/12\/clinica-alemana-1.jpg\" data-srcset=\"https:\/\/medicina.udd.cl\/english\/files\/2014\/12\/clinica-alemana-1.jpg 1024w, https:\/\/medicina.udd.cl\/english\/files\/2014\/12\/clinica-alemana-1-300x163.jpg 300w, https:\/\/medicina.udd.cl\/english\/files\/2014\/12\/clinica-alemana-1-768x418.jpg 768w\" \/>\t\t\t\t\t\t\t\t\t\t\t\t\t<\/div>\n\t\t\t\t\t\t\t\t\t\t\t<div class=\"carousel-item\">\n\t\t\t\t\t\t\t<img loading=\"lazy\" decoding=\"async\" width=\"468\" height=\"398\" src=\"https:\/\/medicina.udd.cl\/english\/files\/2019\/09\/captura2.png\" class=\"content-gallery__media-image lazyload\" alt=\"\" sizes=\"auto, (max-width: 468px) 100vw, 468px\" data-src=\"https:\/\/medicina.udd.cl\/english\/files\/2019\/09\/captura2.png\" data-srcset=\"https:\/\/medicina.udd.cl\/english\/files\/2019\/09\/captura2.png 468w, https:\/\/medicina.udd.cl\/english\/files\/2019\/09\/captura2-300x255.png 300w\" \/>\t\t\t\t\t\t\t\t\t\t\t\t\t<\/div>\n\t\t\t\t\t\t\t\t\t\t\t<div class=\"carousel-item\">\n\t\t\t\t\t\t\t<img loading=\"lazy\" decoding=\"async\" width=\"470\" height=\"315\" src=\"https:\/\/medicina.udd.cl\/english\/files\/2019\/07\/instituto-nacional-del-cancer.png\" class=\"content-gallery__media-image lazyload\" alt=\"\" sizes=\"auto, (max-width: 470px) 100vw, 470px\" data-src=\"https:\/\/medicina.udd.cl\/english\/files\/2019\/07\/instituto-nacional-del-cancer.png\" data-srcset=\"https:\/\/medicina.udd.cl\/english\/files\/2019\/07\/instituto-nacional-del-cancer.png 470w, https:\/\/medicina.udd.cl\/english\/files\/2019\/07\/instituto-nacional-del-cancer-300x201.png 300w\" \/>\t\t\t\t\t\t\t\t\t\t\t\t\t<\/div>\n\t\t\t\t\t\t\t\t\t<\/div>\n\t\t\t\t\t\t\t<footer class=\"carousel-footer\">\n\t\t\t\t\t<div class=\"carousel-counter\">\n\t\t\t\t\t\t<span class=\"carousel-counter-current\"><\/span> \/ <span class=\"carousel-counter-total\"><\/span>\n\t\t\t\t\t<\/div>\n\t\t\t\t\t<a class=\"carousel-control-prev\" href=\"#gallery-carousel-c44c7c917f\" role=\"button\" data-slide=\"prev\">\n\t\t\t\t\t\t<svg class=\"svg-chevron-left-dims\"><use xlink:href='https:\/\/medicina.udd.cl\/english\/wp-content\/themes\/facultades-2018\/assets\/img\/svg\/dist\/main.svg?version=1695853099#chevron-left'><\/use><\/svg>\t\t\t\t\t\t<span class=\"sr-only\">Previous<\/span>\n\t\t\t\t\t<\/a>\n\t\t\t\t\t<a class=\"carousel-control-next\" href=\"#gallery-carousel-c44c7c917f\" role=\"button\" data-slide=\"next\">\n\t\t\t\t\t\t<svg class=\"svg-chevron-right-dims\"><use xlink:href='https:\/\/medicina.udd.cl\/english\/wp-content\/themes\/facultades-2018\/assets\/img\/svg\/dist\/main.svg?version=1695853099#chevron-right'><\/use><\/svg>\t\t\t\t\t\t<span class=\"sr-only\">Next<\/span>\n\t\t\t\t\t<\/a>\n\t\t\t\t<\/footer>\n\t\t\t\t\t\t<\/div>\n\t\t<\/aside>\n\t<\/div>\n<\/section>\n\n\n<!-- WP Block: UDD - Banners Multiple -->\n<section class=\"wp-block-udd-banners-multiple \">\n\t<div class=\"container\">\n\t\t\t\t<div class=\"block__content\">\n\t\t\t<div id=\"udd-banners-multiple--1\"\n\t\t\t\t\t\t\t\t>\n\t\t\t\t\t\t\t\t<div class=\"banners\">\n\t\t\t\t\t\t\t\t\t<div class=\"banner-col\n\t\t\t\t\t active\t\t\t\t\t\">\n\t\t\t\t\t\t<a href=\"https:\/\/medicina.udd.cl\/humanidades\/\" class=\"banner banner--multiple\" data-url=\"https:\/\/medicina.udd.cl\/humanidades\/\">\n\t\t\t\t\t\t\t\t\t\t\t\t\t<img loading=\"lazy\" decoding=\"async\" width=\"640\" height=\"480\" src=\"https:\/\/medicina.udd.cl\/english\/files\/2020\/03\/buscando-sentido-2016-32-1.jpg\" class=\"banner__image lazyload\" alt=\"\" sizes=\"auto, (max-width: 640px) 100vw, 640px\" data-src=\"https:\/\/medicina.udd.cl\/english\/files\/2020\/03\/buscando-sentido-2016-32-1.jpg\" data-srcset=\"https:\/\/medicina.udd.cl\/english\/files\/2020\/03\/buscando-sentido-2016-32-1.jpg 640w, https:\/\/medicina.udd.cl\/english\/files\/2020\/03\/buscando-sentido-2016-32-1-300x225.jpg 300w\" \/>\t\t\t\t\t\t\t\t\t\t\t\t\t<div class=\"banner__content\">\n\t\t\t\t\t\t\t\t<span class=\"banner__title\">Medical Humanities Center<\/span>\n\t\t\t\t\t\t\t\t\t\t\t\t\t\t\t\t\t<span class=\"banner__description\">One of our hallmarks is the permanent generation of spaces for open multidisciplinary dialogue between the world of Humanities and the world of Health sciences.<\/span>\n\t\t\t\t\t\t\t\t\t\t\t\t\t\t\t\t\t\t\t\t\t\t\t<\/div>\n\t\t\t\t\t\t<\/a>\n\t\t\t\t\t<\/div>\n\t\t\t\t\t\t\t\t\t<div class=\"banner-col\n\t\t\t\t\t\t\t\t\t\t\">\n\t\t\t\t\t\t<a href=\"https:\/\/medicina.udd.cl\/centro-de-educacion-basada-en-simulacion\/\" class=\"banner banner--multiple\" data-url=\"https:\/\/medicina.udd.cl\/centro-de-educacion-basada-en-simulacion\/\">\n\t\t\t\t\t\t\t\t\t\t\t\t\t<img loading=\"lazy\" decoding=\"async\" width=\"952\" height=\"534\" src=\"https:\/\/medicina.udd.cl\/english\/files\/2020\/05\/simulacion-680x382.jpg\" class=\"banner__image lazyload\" alt=\"\" sizes=\"auto, (max-width: 952px) 100vw, 952px\" data-src=\"https:\/\/medicina.udd.cl\/english\/files\/2020\/05\/simulacion-952x534.jpg\" data-srcset=\"https:\/\/medicina.udd.cl\/english\/files\/2020\/05\/simulacion-952x534.jpg 952w, https:\/\/medicina.udd.cl\/english\/files\/2020\/05\/simulacion-1366x768.jpg 1366w, https:\/\/medicina.udd.cl\/english\/files\/2020\/05\/simulacion-680x382.jpg 680w\" \/>\t\t\t\t\t\t\t\t\t\t\t\t\t<div class=\"banner__content\">\n\t\t\t\t\t\t\t\t<span class=\"banner__title\">Interdisciplinary Simulation Core<\/span>\n\t\t\t\t\t\t\t\t\t\t\t\t\t\t\t\t\t<span class=\"banner__description\">Our scenario-based methodology allows developing and training in competencies in a setup environment (scenario), with the support of technology and inventiveness, thus providing participants controlled experiences to reflect upon.<\/span>\n\t\t\t\t\t\t\t\t\t\t\t\t\t\t\t\t\t\t\t\t\t\t\t<\/div>\n\t\t\t\t\t\t<\/a>\n\t\t\t\t\t<\/div>\n\t\t\t\t\t\t\t\t\t<div class=\"banner-col\n\t\t\t\t\t\t\t\t\t\t\">\n\t\t\t\t\t\t<a href=\"https:\/\/alumnos-scl.udd.cl\/\" class=\"banner banner--multiple\" data-url=\"https:\/\/alumnos-scl.udd.cl\/\">\n\t\t\t\t\t\t\t\t\t\t\t\t\t<img loading=\"lazy\" decoding=\"async\" width=\"768\" height=\"534\" src=\"https:\/\/medicina.udd.cl\/english\/files\/2021\/04\/pae-1-680x382.jpg\" class=\"banner__image lazyload\" alt=\"\" data-src=\"https:\/\/medicina.udd.cl\/english\/files\/2021\/04\/pae-1-768x534.jpg\" \/>\t\t\t\t\t\t\t\t\t\t\t\t\t<div class=\"banner__content\">\n\t\t\t\t\t\t\t\t<span class=\"banner__title\">Student Assistance Program<\/span>\n\t\t\t\t\t\t\t\t\t\t\t\t\t\t\t\t\t<span class=\"banner__description\">This program focuses on the comprehensive well-being of undergraduate and postgraduate students of the Faculty of Medicine Clu00ednica Alemana Universidad del Desarrollo during their passage through our institution.<\/span>\n\t\t\t\t\t\t\t\t\t\t\t\t\t\t\t\t\t\t\t\t\t\t\t<\/div>\n\t\t\t\t\t\t<\/a>\n\t\t\t\t\t<\/div>\n\t\t\t\t\t\t\t\t<\/div>\n\t\t\t<\/div>\n\t\t<\/div>\n\t<\/div>\n<\/section>\n","protected":false},"excerpt":{"rendered":"","protected":false},"author":9192209,"featured_media":0,"parent":0,"menu_order":0,"comment_status":"closed","ping_status":"closed","template":"page-noticias.php","meta":{"footnotes":""},"class_list":["post-44867","page","type-page","status-publish","hentry"],"yoast_head":"<!-- This site is optimized with the Yoast SEO plugin v26.9 - https:\/\/yoast.com\/product\/yoast-seo-wordpress\/ -->\n<title>Faculty of Medicine - Cl\u00ednica Alemana Universidad del Desarrollo<\/title>\n<meta name=\"description\" content=\"Formamos profesionales con s\u00f3lidos conocimientos te\u00f3rico-cient\u00edficos y con competencias cl\u00ednicas de excelencia. Ingresa y conoce las carreras de la Facultad de Medicina Cl\u00ednica Alemana Universidad del Desarrollo.\" \/>\n<meta name=\"robots\" content=\"index, follow, max-snippet:-1, max-image-preview:large, max-video-preview:-1\" \/>\n<link rel=\"canonical\" href=\"https:\/\/medicina.udd.cl\/english\/\" \/>\n<meta property=\"og:locale\" content=\"en_US\" \/>\n<meta property=\"og:type\" content=\"article\" \/>\n<meta property=\"og:title\" content=\"Faculty of Medicine - Cl\u00ednica Alemana Universidad del Desarrollo\" \/>\n<meta property=\"og:description\" content=\"Formamos profesionales con s\u00f3lidos conocimientos te\u00f3rico-cient\u00edficos y con competencias cl\u00ednicas de excelencia. Ingresa y conoce las carreras de la Facultad de Medicina Cl\u00ednica Alemana Universidad del Desarrollo.\" \/>\n<meta property=\"og:url\" content=\"https:\/\/medicina.udd.cl\/english\/\" \/>\n<meta property=\"og:site_name\" content=\"Faculty of Medicine\" \/>\n<meta property=\"article:modified_time\" content=\"2025-08-12T19:27:42+00:00\" \/>\n<meta name=\"twitter:card\" content=\"summary_large_image\" \/>\n<meta name=\"twitter:label1\" content=\"Est. reading time\" \/>\n\t<meta name=\"twitter:data1\" content=\"1 minute\" \/>\n<script type=\"application\/ld+json\" class=\"yoast-schema-graph\">{\"@context\":\"https:\/\/schema.org\",\"@graph\":[{\"@type\":\"WebPage\",\"@id\":\"https:\/\/medicina.udd.cl\/english\/\",\"url\":\"https:\/\/medicina.udd.cl\/english\/\",\"name\":\"Faculty of Medicine - Cl\u00ednica Alemana Universidad del Desarrollo\",\"isPartOf\":{\"@id\":\"https:\/\/medicina.udd.cl\/english\/#website\"},\"datePublished\":\"2021-01-08T14:44:51+00:00\",\"dateModified\":\"2025-08-12T19:27:42+00:00\",\"description\":\"Formamos profesionales con s\u00f3lidos conocimientos te\u00f3rico-cient\u00edficos y con competencias cl\u00ednicas de excelencia. Ingresa y conoce las carreras de la Facultad de Medicina Cl\u00ednica Alemana Universidad del Desarrollo.\",\"breadcrumb\":{\"@id\":\"https:\/\/medicina.udd.cl\/english\/#breadcrumb\"},\"inLanguage\":\"en-US\",\"potentialAction\":[{\"@type\":\"ReadAction\",\"target\":[\"https:\/\/medicina.udd.cl\/english\/\"]}]},{\"@type\":\"BreadcrumbList\",\"@id\":\"https:\/\/medicina.udd.cl\/english\/#breadcrumb\",\"itemListElement\":[{\"@type\":\"ListItem\",\"position\":1,\"name\":\"Portada\",\"item\":\"https:\/\/medicina.udd.cl\/english\/\"},{\"@type\":\"ListItem\",\"position\":2,\"name\":\"Home\"}]},{\"@type\":\"WebSite\",\"@id\":\"https:\/\/medicina.udd.cl\/english\/#website\",\"url\":\"https:\/\/medicina.udd.cl\/english\/\",\"name\":\"Faculty of Medicine\",\"description\":\"Cl\u00ednica Alemana Universidad del Desarrollo\",\"inLanguage\":\"en-US\"}]}<\/script>\n<!-- \/ Yoast SEO plugin. -->","yoast_head_json":{"title":"Faculty of Medicine - Cl\u00ednica Alemana Universidad del Desarrollo","description":"Formamos profesionales con s\u00f3lidos conocimientos te\u00f3rico-cient\u00edficos y con competencias cl\u00ednicas de excelencia. Ingresa y conoce las carreras de la Facultad de Medicina Cl\u00ednica Alemana Universidad del Desarrollo.","robots":{"index":"index","follow":"follow","max-snippet":"max-snippet:-1","max-image-preview":"max-image-preview:large","max-video-preview":"max-video-preview:-1"},"canonical":"https:\/\/medicina.udd.cl\/english\/","og_locale":"en_US","og_type":"article","og_title":"Faculty of Medicine - Cl\u00ednica Alemana Universidad del Desarrollo","og_description":"Formamos profesionales con s\u00f3lidos conocimientos te\u00f3rico-cient\u00edficos y con competencias cl\u00ednicas de excelencia. Ingresa y conoce las carreras de la Facultad de Medicina Cl\u00ednica Alemana Universidad del Desarrollo.","og_url":"https:\/\/medicina.udd.cl\/english\/","og_site_name":"Faculty of Medicine","article_modified_time":"2025-08-12T19:27:42+00:00","twitter_card":"summary_large_image","twitter_misc":{"Est. reading time":"1 minute"},"schema":{"@context":"https:\/\/schema.org","@graph":[{"@type":"WebPage","@id":"https:\/\/medicina.udd.cl\/english\/","url":"https:\/\/medicina.udd.cl\/english\/","name":"Faculty of Medicine - Cl\u00ednica Alemana Universidad del Desarrollo","isPartOf":{"@id":"https:\/\/medicina.udd.cl\/english\/#website"},"datePublished":"2021-01-08T14:44:51+00:00","dateModified":"2025-08-12T19:27:42+00:00","description":"Formamos profesionales con s\u00f3lidos conocimientos te\u00f3rico-cient\u00edficos y con competencias cl\u00ednicas de excelencia. Ingresa y conoce las carreras de la Facultad de Medicina Cl\u00ednica Alemana Universidad del Desarrollo.","breadcrumb":{"@id":"https:\/\/medicina.udd.cl\/english\/#breadcrumb"},"inLanguage":"en-US","potentialAction":[{"@type":"ReadAction","target":["https:\/\/medicina.udd.cl\/english\/"]}]},{"@type":"BreadcrumbList","@id":"https:\/\/medicina.udd.cl\/english\/#breadcrumb","itemListElement":[{"@type":"ListItem","position":1,"name":"Portada","item":"https:\/\/medicina.udd.cl\/english\/"},{"@type":"ListItem","position":2,"name":"Home"}]},{"@type":"WebSite","@id":"https:\/\/medicina.udd.cl\/english\/#website","url":"https:\/\/medicina.udd.cl\/english\/","name":"Faculty of Medicine","description":"Cl\u00ednica Alemana Universidad del Desarrollo","inLanguage":"en-US"}]}},"_links":{"self":[{"href":"https:\/\/medicina.udd.cl\/english\/wp-json\/wp\/v2\/pages\/44867","targetHints":{"allow":["GET"]}}],"collection":[{"href":"https:\/\/medicina.udd.cl\/english\/wp-json\/wp\/v2\/pages"}],"about":[{"href":"https:\/\/medicina.udd.cl\/english\/wp-json\/wp\/v2\/types\/page"}],"author":[{"embeddable":true,"href":"https:\/\/medicina.udd.cl\/english\/wp-json\/wp\/v2\/users\/9192209"}],"replies":[{"embeddable":true,"href":"https:\/\/medicina.udd.cl\/english\/wp-json\/wp\/v2\/comments?post=44867"}],"version-history":[{"count":3,"href":"https:\/\/medicina.udd.cl\/english\/wp-json\/wp\/v2\/pages\/44867\/revisions"}],"predecessor-version":[{"id":46610,"href":"https:\/\/medicina.udd.cl\/english\/wp-json\/wp\/v2\/pages\/44867\/revisions\/46610"}],"wp:attachment":[{"href":"https:\/\/medicina.udd.cl\/english\/wp-json\/wp\/v2\/media?parent=44867"}],"curies":[{"name":"wp","href":"https:\/\/api.w.org\/{rel}","templated":true}]}}