{"id":45336,"date":"2021-02-19T16:26:10","date_gmt":"2021-02-19T19:26:10","guid":{"rendered":"https:\/\/medicina.udd.cl\/?page_id=45336"},"modified":"2024-07-25T19:25:59","modified_gmt":"2024-07-25T23:25:59","slug":"programs","status":"publish","type":"page","link":"https:\/\/medicina.udd.cl\/english\/programs\/","title":{"rendered":"Programs"},"content":{"rendered":"\n<p>The Faculty of Medicine offers 9 undergraduate programs oriented to respond effectively and innovatively to the health needs of Chile and the world. These programs integrate education, research, and service assistance, all of them with a clear imprint of humanities.<\/p>\n\n\n<!-- WP Block: UDD - Access Cards -->\n<section\n\tid=\"udd-access-cards--1\"\n\tclass=\"wp-block-udd-access-cards\n\t\t\"\n\t\tstyle=\"\n\t\t--udd-blocks-has-columns-number: 4\t\t\"\n\t>\n\t<div class=\"container\">\n\t\t\t\t<div class=\"block__content\">\n\t\t\t<div\n\t\t\t\tclass=\"udd-access-cards\"\n\t\t\t\t\t\t\t>\n\t\t\t<div\n\tdata-index=\"1\"\n\tclass=\"udd-access-card-wrapper udd-access-card-wrapper--has-description\"\n\t>\n\t<a href=\"https:\/\/medicina.udd.cl\/medicina-santiago\/\" class=\"access-card access-card--profile\" data-url=\"https:\/\/medicina.udd.cl\/medicina-santiago\/\">\n\t\t\t\t\t\t<h3\n\t\t\tdata-index=\"1\"\n\t\t\tclass=\"access-card__title\"\n\t\t>\n\t\t\tMedicine\t\t<\/h3>\n\t\t\t\t<p class=\"access-card__description\">\n\t\t\tWe train professionals of excellence with solid theoretical-professional knowledge and clinical competencies who focus their actions on people, whom they appreciate in their human, biological, psychological, and social dimensions.\t\t<\/p>\n\t\t\t\t<div class=\"access-card__link\">\n\t\t\t<span class=\"access-card__link-text\">Website<\/span>\n\t\t<\/div>\n\t<\/a>\n<\/div>\n<div\n\tdata-index=\"2\"\n\tclass=\"udd-access-card-wrapper udd-access-card-wrapper--has-description\"\n\t>\n\t<a href=\"https:\/\/medicina.udd.cl\/enfermeria-santiago\/\" class=\"access-card access-card--profile\" data-url=\"https:\/\/medicina.udd.cl\/enfermeria-santiago\/\">\n\t\t\t\t\t\t<h3\n\t\t\tdata-index=\"2\"\n\t\t\tclass=\"access-card__title\"\n\t\t>\n\t\t\tNursing\t\t<\/h3>\n\t\t\t\t<p class=\"access-card__description\">\n\t\t\tWe train professionals with social responsibility and ethical criteria who apply their leadership capacities to providing care to individuals, families, and communities.\t\t<\/p>\n\t\t\t\t<div class=\"access-card__link\">\n\t\t\t<span class=\"access-card__link-text\">Website<\/span>\n\t\t<\/div>\n\t<\/a>\n<\/div>\n<div\n\tdata-index=\"3\"\n\tclass=\"udd-access-card-wrapper udd-access-card-wrapper--has-description\"\n\t>\n\t<a href=\"https:\/\/medicina.udd.cl\/kinesiologia-santiago\/\" class=\"access-card access-card--profile\" data-url=\"https:\/\/medicina.udd.cl\/kinesiologia-santiago\/\">\n\t\t\t\t\t\t<h3\n\t\t\tdata-index=\"3\"\n\t\t\tclass=\"access-card__title\"\n\t\t>\n\t\t\tPhysical Therapy\t\t<\/h3>\n\t\t\t\t<p class=\"access-card__description\">\n\t\t\tWe train comprehensive professionals able to perform with excellence in clinical physical rehabilitation and prepared to carry out health promotion and research, as well as to manage clinical services.\t\t<\/p>\n\t\t\t\t<div class=\"access-card__link\">\n\t\t\t<span class=\"access-card__link-text\">Website<\/span>\n\t\t<\/div>\n\t<\/a>\n<\/div>\n<div\n\tdata-index=\"4\"\n\tclass=\"udd-access-card-wrapper udd-access-card-wrapper--has-description\"\n\t>\n\t<a href=\"https:\/\/medicina.udd.cl\/odontologia-santiago\/\" class=\"access-card access-card--profile\" data-url=\"https:\/\/medicina.udd.cl\/odontologia-santiago\/\">\n\t\t\t\t\t\t<h3\n\t\t\tdata-index=\"4\"\n\t\t\tclass=\"access-card__title\"\n\t\t>\n\t\t\tDentistry\t\t<\/h3>\n\t\t\t\t<p class=\"access-card__description\">\n\t\t\tWe train professionals capable of contributing to the oral health of people\u00b4s life cycle, through the diagnosis and treatment of oral pathologies, education, and promotion of healthy lifestyles.\t\t<\/p>\n\t\t\t\t<div class=\"access-card__link\">\n\t\t\t<span class=\"access-card__link-text\">Website<\/span>\n\t\t<\/div>\n\t<\/a>\n<\/div>\n<div\n\tdata-index=\"5\"\n\tclass=\"udd-access-card-wrapper udd-access-card-wrapper--has-description\"\n\t>\n\t<a href=\"https:\/\/medicina.udd.cl\/tecnologia-medica-santiago\/\" class=\"access-card access-card--profile\" data-url=\"https:\/\/medicina.udd.cl\/tecnologia-medica-santiago\/\">\n\t\t\t\t\t\t<h3\n\t\t\tdata-index=\"5\"\n\t\t\tclass=\"access-card__title\"\n\t\t>\n\t\t\tMedical Technology\t\t<\/h3>\n\t\t\t\t<p class=\"access-card__description\">\n\t\t\tWe train professionals capable of performing, developing, and validating tests and procedures in the different specialties, with a global vision of their discipline that allows them to adapt perfectly to the labor demands of the country, and prepared to develop new technologies.\t\t<\/p>\n\t\t\t\t<div class=\"access-card__link\">\n\t\t\t<span class=\"access-card__link-text\">Website<\/span>\n\t\t<\/div>\n\t<\/a>\n<\/div>\n<div\n\tdata-index=\"6\"\n\tclass=\"udd-access-card-wrapper udd-access-card-wrapper--has-description\"\n\t>\n\t<a href=\"https:\/\/medicina.udd.cl\/nutricion-dietetica-santiago\/\" class=\"access-card access-card--profile\" data-url=\"https:\/\/medicina.udd.cl\/nutricion-dietetica-santiago\/\">\n\t\t\t\t\t\t<h3\n\t\t\tdata-index=\"6\"\n\t\t\tclass=\"access-card__title\"\n\t\t>\n\t\t\tNutrition and Dietetics\t\t<\/h3>\n\t\t\t\t<p class=\"access-card__description\">\n\t\t\tWe train high-level professionals, with innovation and leadership skills, appreciated for their dedication to serving, professional ethics, and commitment to the scientific and social development of the country. The high employability and recognition in the different areas of nutrition, including personal enterprises, is and evidence of the above.\t\t<\/p>\n\t\t\t\t<div class=\"access-card__link\">\n\t\t\t<span class=\"access-card__link-text\">Website<\/span>\n\t\t<\/div>\n\t<\/a>\n<\/div>\n<div\n\tdata-index=\"7\"\n\tclass=\"udd-access-card-wrapper udd-access-card-wrapper--has-description\"\n\t>\n\t<a href=\"https:\/\/medicina.udd.cl\/fonoaudiologia-santiago\/\" class=\"access-card access-card--profile\" data-url=\"https:\/\/medicina.udd.cl\/fonoaudiologia-santiago\/\">\n\t\t\t\t\t\t<h3\n\t\t\tdata-index=\"7\"\n\t\t\tclass=\"access-card__title\"\n\t\t>\n\t\t\tSpeech Therapy\t\t<\/h3>\n\t\t\t\t<p class=\"access-card__description\">\n\t\t\tWe train professionals able to recommend healthy lifestyles, and able to propose health policies and therapeutical and rehabilitation strategies that cover all the needs of the population.\t\t<\/p>\n\t\t\t\t<div class=\"access-card__link\">\n\t\t\t<span class=\"access-card__link-text\">Website<\/span>\n\t\t<\/div>\n\t<\/a>\n<\/div>\n<div\n\tdata-index=\"8\"\n\tclass=\"udd-access-card-wrapper udd-access-card-wrapper--has-description\"\n\t>\n\t<a href=\"https:\/\/medicina.udd.cl\/obstetricia-santiago\/\" class=\"access-card access-card--profile\" data-url=\"https:\/\/medicina.udd.cl\/obstetricia-santiago\/\">\n\t\t\t\t\t\t<h3\n\t\t\tdata-index=\"8\"\n\t\t\tclass=\"access-card__title\"\n\t\t>\n\t\t\tObstetrics\t\t<\/h3>\n\t\t\t\t<p class=\"access-card__description\">\n\t\t\tWe train professionals capable of responding to the challenges of sexual and reproductive health of all social groups in an inclusive manner, attending to sexual diversity, people with special needs, and the third age and fourth age population.\t\t<\/p>\n\t\t\t\t<div class=\"access-card__link\">\n\t\t\t<span class=\"access-card__link-text\">Website<\/span>\n\t\t<\/div>\n\t<\/a>\n<\/div>\n<div\n\tdata-index=\"9\"\n\tclass=\"udd-access-card-wrapper udd-access-card-wrapper--has-description\"\n\t>\n\t<a href=\"https:\/\/medicina.udd.cl\/terapia-ocupacional-santiago\/\" class=\"access-card access-card--profile\" data-url=\"https:\/\/medicina.udd.cl\/terapia-ocupacional-santiago\/\">\n\t\t\t\t\t\t<h3\n\t\t\tdata-index=\"9\"\n\t\t\tclass=\"access-card__title\"\n\t\t>\n\t\t\tOccupational Therapy\t\t<\/h3>\n\t\t\t\t<p class=\"access-card__description\">\n\t\t\tWe train professionals oriented to prevention, promotion, restoration, and improvement of people&#8217;s occupational performance and their social inclusion.\t\t<\/p>\n\t\t\t\t<div class=\"access-card__link\">\n\t\t\t<span class=\"access-card__link-text\">Website<\/span>\n\t\t<\/div>\n\t<\/a>\n<\/div>\n\t\t\t<\/div>\n\t\t<\/div>\n\t<\/div>\n<\/section>\n","protected":false},"excerpt":{"rendered":"<p>The Faculty of Medicine offers 9 undergraduate programs oriented to respond effectively and innovatively to the health needs of Chile and the world. These programs integrate education, research, and service assistance, all of them with a clear imprint of humanities.<\/p>\n","protected":false},"author":9192209,"featured_media":0,"parent":0,"menu_order":0,"comment_status":"closed","ping_status":"closed","template":"","meta":{"footnotes":""},"class_list":["post-45336","page","type-page","status-publish","hentry"],"yoast_head":"<!-- This site is optimized with the Yoast SEO plugin v26.9 - https:\/\/yoast.com\/product\/yoast-seo-wordpress\/ -->\n<title>Carreras | Facultad de Medicina UDD<\/title>\n<meta name=\"description\" content=\"Conoce las carreras de la Facultad de Medicina UDD: Enfermer\u00eda, Fonoaudiolog\u00eda, Kinesiolog\u00eda, Medicina, Odontolog\u00eda, Tecnolog\u00eda M\u00e9dica, Nutrici\u00f3n y Diet\u00e9tica, Obstetricia y Terapia Ocupacional.\" \/>\n<meta name=\"robots\" content=\"index, follow, max-snippet:-1, max-image-preview:large, max-video-preview:-1\" \/>\n<link rel=\"canonical\" href=\"https:\/\/medicina.udd.cl\/english\/programs\/\" \/>\n<meta property=\"og:locale\" content=\"en_US\" \/>\n<meta property=\"og:type\" content=\"article\" \/>\n<meta property=\"og:title\" content=\"Carreras | Facultad de Medicina UDD\" \/>\n<meta property=\"og:description\" content=\"Conoce las carreras de la Facultad de Medicina UDD: Enfermer\u00eda, Fonoaudiolog\u00eda, Kinesiolog\u00eda, Medicina, Odontolog\u00eda, Tecnolog\u00eda M\u00e9dica, Nutrici\u00f3n y Diet\u00e9tica, Obstetricia y Terapia Ocupacional.\" \/>\n<meta property=\"og:url\" content=\"https:\/\/medicina.udd.cl\/english\/programs\/\" \/>\n<meta property=\"og:site_name\" content=\"Faculty of Medicine\" \/>\n<meta property=\"article:modified_time\" content=\"2024-07-25T23:25:59+00:00\" \/>\n<meta name=\"twitter:card\" content=\"summary_large_image\" \/>\n<meta name=\"twitter:label1\" content=\"Est. reading time\" \/>\n\t<meta name=\"twitter:data1\" content=\"1 minute\" \/>\n<script type=\"application\/ld+json\" class=\"yoast-schema-graph\">{\"@context\":\"https:\/\/schema.org\",\"@graph\":[{\"@type\":\"WebPage\",\"@id\":\"https:\/\/medicina.udd.cl\/english\/programs\/\",\"url\":\"https:\/\/medicina.udd.cl\/english\/programs\/\",\"name\":\"Carreras | Facultad de Medicina UDD\",\"isPartOf\":{\"@id\":\"https:\/\/medicina.udd.cl\/english\/#website\"},\"datePublished\":\"2021-02-19T19:26:10+00:00\",\"dateModified\":\"2024-07-25T23:25:59+00:00\",\"description\":\"Conoce las carreras de la Facultad de Medicina UDD: Enfermer\u00eda, Fonoaudiolog\u00eda, Kinesiolog\u00eda, Medicina, Odontolog\u00eda, Tecnolog\u00eda M\u00e9dica, Nutrici\u00f3n y Diet\u00e9tica, Obstetricia y Terapia Ocupacional.\",\"breadcrumb\":{\"@id\":\"https:\/\/medicina.udd.cl\/english\/programs\/#breadcrumb\"},\"inLanguage\":\"en-US\",\"potentialAction\":[{\"@type\":\"ReadAction\",\"target\":[\"https:\/\/medicina.udd.cl\/english\/programs\/\"]}]},{\"@type\":\"BreadcrumbList\",\"@id\":\"https:\/\/medicina.udd.cl\/english\/programs\/#breadcrumb\",\"itemListElement\":[{\"@type\":\"ListItem\",\"position\":1,\"name\":\"Portada\",\"item\":\"https:\/\/medicina.udd.cl\/english\/\"},{\"@type\":\"ListItem\",\"position\":2,\"name\":\"Programs\"}]},{\"@type\":\"WebSite\",\"@id\":\"https:\/\/medicina.udd.cl\/english\/#website\",\"url\":\"https:\/\/medicina.udd.cl\/english\/\",\"name\":\"Faculty of Medicine\",\"description\":\"Cl\u00ednica Alemana Universidad del Desarrollo\",\"inLanguage\":\"en-US\"}]}<\/script>\n<!-- \/ Yoast SEO plugin. -->","yoast_head_json":{"title":"Carreras | Facultad de Medicina UDD","description":"Conoce las carreras de la Facultad de Medicina UDD: Enfermer\u00eda, Fonoaudiolog\u00eda, Kinesiolog\u00eda, Medicina, Odontolog\u00eda, Tecnolog\u00eda M\u00e9dica, Nutrici\u00f3n y Diet\u00e9tica, Obstetricia y Terapia Ocupacional.","robots":{"index":"index","follow":"follow","max-snippet":"max-snippet:-1","max-image-preview":"max-image-preview:large","max-video-preview":"max-video-preview:-1"},"canonical":"https:\/\/medicina.udd.cl\/english\/programs\/","og_locale":"en_US","og_type":"article","og_title":"Carreras | Facultad de Medicina UDD","og_description":"Conoce las carreras de la Facultad de Medicina UDD: Enfermer\u00eda, Fonoaudiolog\u00eda, Kinesiolog\u00eda, Medicina, Odontolog\u00eda, Tecnolog\u00eda M\u00e9dica, Nutrici\u00f3n y Diet\u00e9tica, Obstetricia y Terapia Ocupacional.","og_url":"https:\/\/medicina.udd.cl\/english\/programs\/","og_site_name":"Faculty of Medicine","article_modified_time":"2024-07-25T23:25:59+00:00","twitter_card":"summary_large_image","twitter_misc":{"Est. reading time":"1 minute"},"schema":{"@context":"https:\/\/schema.org","@graph":[{"@type":"WebPage","@id":"https:\/\/medicina.udd.cl\/english\/programs\/","url":"https:\/\/medicina.udd.cl\/english\/programs\/","name":"Carreras | Facultad de Medicina UDD","isPartOf":{"@id":"https:\/\/medicina.udd.cl\/english\/#website"},"datePublished":"2021-02-19T19:26:10+00:00","dateModified":"2024-07-25T23:25:59+00:00","description":"Conoce las carreras de la Facultad de Medicina UDD: Enfermer\u00eda, Fonoaudiolog\u00eda, Kinesiolog\u00eda, Medicina, Odontolog\u00eda, Tecnolog\u00eda M\u00e9dica, Nutrici\u00f3n y Diet\u00e9tica, Obstetricia y Terapia Ocupacional.","breadcrumb":{"@id":"https:\/\/medicina.udd.cl\/english\/programs\/#breadcrumb"},"inLanguage":"en-US","potentialAction":[{"@type":"ReadAction","target":["https:\/\/medicina.udd.cl\/english\/programs\/"]}]},{"@type":"BreadcrumbList","@id":"https:\/\/medicina.udd.cl\/english\/programs\/#breadcrumb","itemListElement":[{"@type":"ListItem","position":1,"name":"Portada","item":"https:\/\/medicina.udd.cl\/english\/"},{"@type":"ListItem","position":2,"name":"Programs"}]},{"@type":"WebSite","@id":"https:\/\/medicina.udd.cl\/english\/#website","url":"https:\/\/medicina.udd.cl\/english\/","name":"Faculty of Medicine","description":"Cl\u00ednica Alemana Universidad del Desarrollo","inLanguage":"en-US"}]}},"_links":{"self":[{"href":"https:\/\/medicina.udd.cl\/english\/wp-json\/wp\/v2\/pages\/45336","targetHints":{"allow":["GET"]}}],"collection":[{"href":"https:\/\/medicina.udd.cl\/english\/wp-json\/wp\/v2\/pages"}],"about":[{"href":"https:\/\/medicina.udd.cl\/english\/wp-json\/wp\/v2\/types\/page"}],"author":[{"embeddable":true,"href":"https:\/\/medicina.udd.cl\/english\/wp-json\/wp\/v2\/users\/9192209"}],"replies":[{"embeddable":true,"href":"https:\/\/medicina.udd.cl\/english\/wp-json\/wp\/v2\/comments?post=45336"}],"version-history":[{"count":1,"href":"https:\/\/medicina.udd.cl\/english\/wp-json\/wp\/v2\/pages\/45336\/revisions"}],"predecessor-version":[{"id":46606,"href":"https:\/\/medicina.udd.cl\/english\/wp-json\/wp\/v2\/pages\/45336\/revisions\/46606"}],"wp:attachment":[{"href":"https:\/\/medicina.udd.cl\/english\/wp-json\/wp\/v2\/media?parent=45336"}],"curies":[{"name":"wp","href":"https:\/\/api.w.org\/{rel}","templated":true}]}}