{"id":45357,"date":"2021-02-19T17:04:45","date_gmt":"2021-02-19T20:04:45","guid":{"rendered":"https:\/\/medicina.udd.cl\/?page_id=45357"},"modified":"2021-02-19T17:04:45","modified_gmt":"2021-02-19T20:04:45","slug":"clinical-campuses","status":"publish","type":"page","link":"https:\/\/medicina.udd.cl\/english\/clinical-campuses\/","title":{"rendered":"Clinical Campuses"},"content":{"rendered":"\n<p>The integration of the work of the Faculty and\nthat of the various clinical areas is fundamental for the transformation\nprocess of students in their passage through the university, whether\nundergraduate or graduate. Experience and contact with the community, their\nenvironment, and vulnerable people, make them better professionals. That is\nwhy, as a patient approach strategy, in first year students attend these areas.<\/p>\n\n\n\n<p>Cl\u00ednica Alemana, Hospital Hurtado, Cl\u00ednica UDD, and the Instituto Nacional del C\u00e1ncer are the main clinical training centers for students, who additionally can practice in an assortment of clinics, health care centers, and health institutions.<\/p>\n\n\n<!-- WP Block: UDD - Banners Multiple -->\n<section class=\"wp-block-udd-banners-multiple \">\n\t<div class=\"container\">\n\t\t\t\t<div class=\"block__content\">\n\t\t\t<div id=\"udd-banners-multiple--1\"\n\t\t\t\t\t\t\t\t>\n\t\t\t\t\t\t\t\t<div class=\"banners\">\n\t\t\t\t\t\t\t\t\t<div class=\"banner-col\n\t\t\t\t\t active\t\t\t\t\t\">\n\t\t\t\t\t\t<a href=\"https:\/\/medicina.udd.cl\/hospital-padre-hurtado-3\/\" class=\"banner banner--multiple\" data-url=\"https:\/\/medicina.udd.cl\/hospital-padre-hurtado-3\/\">\n\t\t\t\t\t\t\t\t\t\t\t\t\t<img loading=\"lazy\" decoding=\"async\" width=\"660\" height=\"430\" src=\"https:\/\/medicina.udd.cl\/english\/files\/2018\/02\/hph.jpg\" class=\"banner__image lazyload\" alt=\"\" sizes=\"auto, (max-width: 660px) 100vw, 660px\" data-src=\"https:\/\/medicina.udd.cl\/english\/files\/2018\/02\/hph.jpg\" data-srcset=\"https:\/\/medicina.udd.cl\/english\/files\/2018\/02\/hph.jpg 660w, https:\/\/medicina.udd.cl\/english\/files\/2018\/02\/hph-300x195.jpg 300w\" \/>\t\t\t\t\t\t\t\t\t\t\t\t\t<div class=\"banner__content\">\n\t\t\t\t\t\t\t\t<span class=\"banner__title\">Hospital Padre Hurtado<\/span>\n\t\t\t\t\t\t\t\t\t\t\t\t\t\t\t\t\t\t\t\t\t\t\t\t\t<span class=\"banner__action\">See more<\/span>\n\t\t\t\t\t\t\t\t\t\t\t\t\t\t\t<\/div>\n\t\t\t\t\t\t<\/a>\n\t\t\t\t\t<\/div>\n\t\t\t\t\t\t\t\t\t<div class=\"banner-col\n\t\t\t\t\t\t\t\t\t\t\">\n\t\t\t\t\t\t<a href=\"https:\/\/medicina.udd.cl\/clinica-alemana-de-santiago\/\" class=\"banner banner--multiple\" data-url=\"https:\/\/medicina.udd.cl\/clinica-alemana-de-santiago\/\">\n\t\t\t\t\t\t\t\t\t\t\t\t\t<img loading=\"lazy\" decoding=\"async\" width=\"660\" height=\"430\" src=\"https:\/\/medicina.udd.cl\/english\/files\/2018\/02\/alemana.jpg\" class=\"banner__image lazyload\" alt=\"\" sizes=\"auto, (max-width: 660px) 100vw, 660px\" data-src=\"https:\/\/medicina.udd.cl\/english\/files\/2018\/02\/alemana.jpg\" data-srcset=\"https:\/\/medicina.udd.cl\/english\/files\/2018\/02\/alemana.jpg 660w, https:\/\/medicina.udd.cl\/english\/files\/2018\/02\/alemana-300x195.jpg 300w\" \/>\t\t\t\t\t\t\t\t\t\t\t\t\t<div class=\"banner__content\">\n\t\t\t\t\t\t\t\t<span class=\"banner__title\">CLINICA ALEMANA<\/span>\n\t\t\t\t\t\t\t\t\t\t\t\t\t\t\t\t\t\t\t\t\t\t\t\t\t<span class=\"banner__action\">See more<\/span>\n\t\t\t\t\t\t\t\t\t\t\t\t\t\t\t<\/div>\n\t\t\t\t\t\t<\/a>\n\t\t\t\t\t<\/div>\n\t\t\t\t\t\t\t\t\t<div class=\"banner-col\n\t\t\t\t\t\t\t\t\t\t\">\n\t\t\t\t\t\t<a href=\"https:\/\/medicina.udd.cl\/clinica-udd-2\/\" class=\"banner banner--multiple\" data-url=\"https:\/\/medicina.udd.cl\/clinica-udd-2\/\">\n\t\t\t\t\t\t\t\t\t\t\t\t\t<img loading=\"lazy\" decoding=\"async\" width=\"468\" height=\"398\" src=\"https:\/\/medicina.udd.cl\/english\/files\/2019\/09\/captura2.png\" class=\"banner__image lazyload\" alt=\"\" sizes=\"auto, (max-width: 468px) 100vw, 468px\" data-src=\"https:\/\/medicina.udd.cl\/english\/files\/2019\/09\/captura2.png\" data-srcset=\"https:\/\/medicina.udd.cl\/english\/files\/2019\/09\/captura2.png 468w, https:\/\/medicina.udd.cl\/english\/files\/2019\/09\/captura2-300x255.png 300w\" \/>\t\t\t\t\t\t\t\t\t\t\t\t\t<div class=\"banner__content\">\n\t\t\t\t\t\t\t\t<span class=\"banner__title\">Cl\u00ednica UDD<\/span>\n\t\t\t\t\t\t\t\t\t\t\t\t\t\t\t\t\t\t\t\t\t\t\t\t\t<span class=\"banner__action\">See more<\/span>\n\t\t\t\t\t\t\t\t\t\t\t\t\t\t\t<\/div>\n\t\t\t\t\t\t<\/a>\n\t\t\t\t\t<\/div>\n\t\t\t\t\t\t\t\t\t<div class=\"banner-col\n\t\t\t\t\t\t\t\t\t\t\">\n\t\t\t\t\t\t<a href=\"https:\/\/medicina.udd.cl\/instituto-nacional-del-cancer-inc\/\" class=\"banner banner--multiple\" data-url=\"https:\/\/medicina.udd.cl\/instituto-nacional-del-cancer-inc\/\">\n\t\t\t\t\t\t\t\t\t\t\t\t\t<img loading=\"lazy\" decoding=\"async\" width=\"470\" height=\"315\" src=\"https:\/\/medicina.udd.cl\/english\/files\/2019\/07\/instituto-nacional-del-cancer.png\" class=\"banner__image lazyload\" alt=\"\" sizes=\"auto, (max-width: 470px) 100vw, 470px\" data-src=\"https:\/\/medicina.udd.cl\/english\/files\/2019\/07\/instituto-nacional-del-cancer.png\" data-srcset=\"https:\/\/medicina.udd.cl\/english\/files\/2019\/07\/instituto-nacional-del-cancer.png 470w, https:\/\/medicina.udd.cl\/english\/files\/2019\/07\/instituto-nacional-del-cancer-300x201.png 300w\" \/>\t\t\t\t\t\t\t\t\t\t\t\t\t<div class=\"banner__content\">\n\t\t\t\t\t\t\t\t<span class=\"banner__title\">INSTITUTO NACIONAL DEL C\u00c1NCER (INC)<\/span>\n\t\t\t\t\t\t\t\t\t\t\t\t\t\t\t\t\t\t\t\t\t\t\t\t\t<span class=\"banner__action\">See more<\/span>\n\t\t\t\t\t\t\t\t\t\t\t\t\t\t\t<\/div>\n\t\t\t\t\t\t<\/a>\n\t\t\t\t\t<\/div>\n\t\t\t\t\t\t\t\t<\/div>\n\t\t\t<\/div>\n\t\t<\/div>\n\t<\/div>\n<\/section>\n\n\n\n<figure class=\"wp-block-embed-youtube wp-block-embed is-type-video is-provider-youtube wp-embed-aspect-16-9 wp-has-aspect-ratio\"><div class=\"wp-block-embed__wrapper\">\n<iframe loading=\"lazy\" title=\"Campos Cl\u00ednicos - Facultad Medicina Cl\u00ednica Alemana UDD\" width=\"500\" height=\"281\" src=\"https:\/\/www.youtube.com\/embed\/b1z8OhegBjw?feature=oembed\" frameborder=\"0\" allow=\"accelerometer; autoplay; clipboard-write; encrypted-media; gyroscope; picture-in-picture; web-share\" referrerpolicy=\"strict-origin-when-cross-origin\" allowfullscreen><\/iframe>\n<\/div><\/figure>\n","protected":false},"excerpt":{"rendered":"<p>The integration of the work of the Faculty and that of the various clinical areas is fundamental for the transformation process of students in their passage through the university, whether undergraduate or graduate. Experience and contact with the community, their environment, and vulnerable people, make them better professionals. That is why, as a patient approach [&hellip;]<\/p>\n","protected":false},"author":0,"featured_media":36845,"parent":0,"menu_order":0,"comment_status":"closed","ping_status":"closed","template":"","meta":{"footnotes":""},"class_list":["post-45357","page","type-page","status-publish","has-post-thumbnail","hentry"],"yoast_head":"<!-- This site is optimized with the Yoast SEO plugin v26.9 - https:\/\/yoast.com\/product\/yoast-seo-wordpress\/ -->\n<title>Clinical Campuses - Faculty of Medicine<\/title>\n<meta name=\"robots\" content=\"index, follow, max-snippet:-1, max-image-preview:large, max-video-preview:-1\" \/>\n<link rel=\"canonical\" href=\"https:\/\/medicina.udd.cl\/english\/clinical-campuses\/\" \/>\n<meta property=\"og:locale\" content=\"en_US\" \/>\n<meta property=\"og:type\" content=\"article\" \/>\n<meta property=\"og:title\" content=\"Clinical Campuses - Faculty of Medicine\" \/>\n<meta property=\"og:description\" content=\"The integration of the work of the Faculty and that of the various clinical areas is fundamental for the transformation process of students in their passage through the university, whether undergraduate or graduate. Experience and contact with the community, their environment, and vulnerable people, make them better professionals. That is why, as a patient approach [&hellip;]\" \/>\n<meta property=\"og:url\" content=\"https:\/\/medicina.udd.cl\/english\/clinical-campuses\/\" \/>\n<meta property=\"og:site_name\" content=\"Faculty of Medicine\" \/>\n<meta name=\"twitter:card\" content=\"summary_large_image\" \/>\n<meta name=\"twitter:label1\" content=\"Est. reading time\" \/>\n\t<meta name=\"twitter:data1\" content=\"1 minute\" \/>\n<script type=\"application\/ld+json\" class=\"yoast-schema-graph\">{\"@context\":\"https:\/\/schema.org\",\"@graph\":[{\"@type\":\"WebPage\",\"@id\":\"https:\/\/medicina.udd.cl\/english\/clinical-campuses\/\",\"url\":\"https:\/\/medicina.udd.cl\/english\/clinical-campuses\/\",\"name\":\"Clinical Campuses - Faculty of Medicine\",\"isPartOf\":{\"@id\":\"https:\/\/medicina.udd.cl\/english\/#website\"},\"primaryImageOfPage\":{\"@id\":\"https:\/\/medicina.udd.cl\/english\/clinical-campuses\/#primaryimage\"},\"image\":{\"@id\":\"https:\/\/medicina.udd.cl\/english\/clinical-campuses\/#primaryimage\"},\"thumbnailUrl\":\"\",\"datePublished\":\"2021-02-19T20:04:45+00:00\",\"breadcrumb\":{\"@id\":\"https:\/\/medicina.udd.cl\/english\/clinical-campuses\/#breadcrumb\"},\"inLanguage\":\"en-US\",\"potentialAction\":[{\"@type\":\"ReadAction\",\"target\":[\"https:\/\/medicina.udd.cl\/english\/clinical-campuses\/\"]}]},{\"@type\":\"ImageObject\",\"inLanguage\":\"en-US\",\"@id\":\"https:\/\/medicina.udd.cl\/english\/clinical-campuses\/#primaryimage\",\"url\":\"\",\"contentUrl\":\"\"},{\"@type\":\"BreadcrumbList\",\"@id\":\"https:\/\/medicina.udd.cl\/english\/clinical-campuses\/#breadcrumb\",\"itemListElement\":[{\"@type\":\"ListItem\",\"position\":1,\"name\":\"Portada\",\"item\":\"https:\/\/medicina.udd.cl\/english\/\"},{\"@type\":\"ListItem\",\"position\":2,\"name\":\"Clinical Campuses\"}]},{\"@type\":\"WebSite\",\"@id\":\"https:\/\/medicina.udd.cl\/english\/#website\",\"url\":\"https:\/\/medicina.udd.cl\/english\/\",\"name\":\"Faculty of Medicine\",\"description\":\"Cl\u00ednica Alemana Universidad del Desarrollo\",\"inLanguage\":\"en-US\"}]}<\/script>\n<!-- \/ Yoast SEO plugin. -->","yoast_head_json":{"title":"Clinical Campuses - Faculty of Medicine","robots":{"index":"index","follow":"follow","max-snippet":"max-snippet:-1","max-image-preview":"max-image-preview:large","max-video-preview":"max-video-preview:-1"},"canonical":"https:\/\/medicina.udd.cl\/english\/clinical-campuses\/","og_locale":"en_US","og_type":"article","og_title":"Clinical Campuses - Faculty of Medicine","og_description":"The integration of the work of the Faculty and that of the various clinical areas is fundamental for the transformation process of students in their passage through the university, whether undergraduate or graduate. Experience and contact with the community, their environment, and vulnerable people, make them better professionals. That is why, as a patient approach [&hellip;]","og_url":"https:\/\/medicina.udd.cl\/english\/clinical-campuses\/","og_site_name":"Faculty of Medicine","twitter_card":"summary_large_image","twitter_misc":{"Est. reading time":"1 minute"},"schema":{"@context":"https:\/\/schema.org","@graph":[{"@type":"WebPage","@id":"https:\/\/medicina.udd.cl\/english\/clinical-campuses\/","url":"https:\/\/medicina.udd.cl\/english\/clinical-campuses\/","name":"Clinical Campuses - Faculty of Medicine","isPartOf":{"@id":"https:\/\/medicina.udd.cl\/english\/#website"},"primaryImageOfPage":{"@id":"https:\/\/medicina.udd.cl\/english\/clinical-campuses\/#primaryimage"},"image":{"@id":"https:\/\/medicina.udd.cl\/english\/clinical-campuses\/#primaryimage"},"thumbnailUrl":"","datePublished":"2021-02-19T20:04:45+00:00","breadcrumb":{"@id":"https:\/\/medicina.udd.cl\/english\/clinical-campuses\/#breadcrumb"},"inLanguage":"en-US","potentialAction":[{"@type":"ReadAction","target":["https:\/\/medicina.udd.cl\/english\/clinical-campuses\/"]}]},{"@type":"ImageObject","inLanguage":"en-US","@id":"https:\/\/medicina.udd.cl\/english\/clinical-campuses\/#primaryimage","url":"","contentUrl":""},{"@type":"BreadcrumbList","@id":"https:\/\/medicina.udd.cl\/english\/clinical-campuses\/#breadcrumb","itemListElement":[{"@type":"ListItem","position":1,"name":"Portada","item":"https:\/\/medicina.udd.cl\/english\/"},{"@type":"ListItem","position":2,"name":"Clinical Campuses"}]},{"@type":"WebSite","@id":"https:\/\/medicina.udd.cl\/english\/#website","url":"https:\/\/medicina.udd.cl\/english\/","name":"Faculty of Medicine","description":"Cl\u00ednica Alemana Universidad del Desarrollo","inLanguage":"en-US"}]}},"_links":{"self":[{"href":"https:\/\/medicina.udd.cl\/english\/wp-json\/wp\/v2\/pages\/45357","targetHints":{"allow":["GET"]}}],"collection":[{"href":"https:\/\/medicina.udd.cl\/english\/wp-json\/wp\/v2\/pages"}],"about":[{"href":"https:\/\/medicina.udd.cl\/english\/wp-json\/wp\/v2\/types\/page"}],"replies":[{"embeddable":true,"href":"https:\/\/medicina.udd.cl\/english\/wp-json\/wp\/v2\/comments?post=45357"}],"version-history":[{"count":0,"href":"https:\/\/medicina.udd.cl\/english\/wp-json\/wp\/v2\/pages\/45357\/revisions"}],"wp:featuredmedia":[{"embeddable":true,"href":"https:\/\/medicina.udd.cl\/english\/wp-json\/"}],"wp:attachment":[{"href":"https:\/\/medicina.udd.cl\/english\/wp-json\/wp\/v2\/media?parent=45357"}],"curies":[{"name":"wp","href":"https:\/\/api.w.org\/{rel}","templated":true}]}}