{"id":10,"date":"2010-03-31T19:25:34","date_gmt":"2010-03-31T22:25:34","guid":{"rendered":"http:\/\/medicina.udd.cl\/fonoaudiologia\/sobre-la-carrera\/malla-curricular\/"},"modified":"2025-07-09T13:02:12","modified_gmt":"2025-07-09T17:02:12","slug":"malla-curricular","status":"publish","type":"page","link":"https:\/\/medicina.udd.cl\/fonoaudiologia-santiago\/admision\/malla-curricular\/","title":{"rendered":"Malla Curricular"},"content":{"rendered":"\n<div class=\"wp-block-media-text alignfull is-stacked-on-mobile\" style=\"grid-template-columns:35% auto\"><figure class=\"wp-block-media-text__media\"><img loading=\"lazy\" decoding=\"async\" width=\"1024\" height=\"576\" src=\"https:\/\/medicina.udd.cl\/fonoaudiologia-santiago\/files\/2025\/07\/fonoaudiologia-1024x576.png\" alt=\"\" class=\"wp-image-7257 size-large\" srcset=\"https:\/\/medicina.udd.cl\/fonoaudiologia-santiago\/files\/2025\/07\/fonoaudiologia-1024x576.png 1024w, https:\/\/medicina.udd.cl\/fonoaudiologia-santiago\/files\/2025\/07\/fonoaudiologia-300x169.png 300w, https:\/\/medicina.udd.cl\/fonoaudiologia-santiago\/files\/2025\/07\/fonoaudiologia-768x432.png 768w, https:\/\/medicina.udd.cl\/fonoaudiologia-santiago\/files\/2025\/07\/fonoaudiologia-1536x864.png 1536w, https:\/\/medicina.udd.cl\/fonoaudiologia-santiago\/files\/2025\/07\/fonoaudiologia-1366x768.png 1366w, https:\/\/medicina.udd.cl\/fonoaudiologia-santiago\/files\/2025\/07\/fonoaudiologia-680x382.png 680w, https:\/\/medicina.udd.cl\/fonoaudiologia-santiago\/files\/2025\/07\/fonoaudiologia.png 1920w\" sizes=\"auto, (max-width: 1024px) 100vw, 1024px\" \/><\/figure><div class=\"wp-block-media-text__content\">\n<p>Estudiar Fonoaudiolog\u00eda en la UDD es formarte con <strong>pr\u00e1cticas desde el primer mes de clases<\/strong>, lo que permite un contacto temprano y constante con pacientes y sus familias. La carrera ofrece una s\u00f3lida red de <strong>campos cl\u00ednicos<\/strong> como Cl\u00ednica Alemana, Hospital Padre Hurtado y escuelas de lenguaje, adem\u00e1s de un <strong>campo laboral diverso<\/strong>, que abarca desde la atenci\u00f3n en neonatolog\u00eda hasta personas mayores en \u00e1reas como comunicaci\u00f3n, audici\u00f3n, voz, motricidad orofacial y degluci\u00f3n.<\/p>\n<\/div><\/div>\n\n\n<p class=\"wp-block-udd-button text-center\"><a class=\"btn btn-primary btn-lg\" href=\"https:\/\/www.udd.cl\/mallas\/fonoaudiologia.pdf\" data-url=\"https:\/\/www.udd.cl\/mallas\/fonoaudiologia.pdf\"><svg class=\"svg-download-dims\"><use xlink:href='https:\/\/medicina.udd.cl\/fonoaudiologia-santiago\/wp-content\/themes\/facultades-2018\/assets\/img\/svg\/dist\/main.svg?version=1695853099#download'><\/use><\/svg> Descarga la malla en .PDF <\/a><\/p>\n","protected":false},"excerpt":{"rendered":"<p>Conoce nuestra malla curricular.<\/p>\n","protected":false},"author":1,"featured_media":0,"parent":4378,"menu_order":20,"comment_status":"open","ping_status":"closed","template":"","meta":{"footnotes":""},"class_list":["post-10","page","type-page","status-publish","hentry"],"yoast_head":"<!-- This site is optimized with the Yoast SEO plugin v26.9 - https:\/\/yoast.com\/product\/yoast-seo-wordpress\/ -->\n<title>Malla Curricular | Carrera de Fonoaudolog\u00eda (Santiago) | UDD<\/title>\n<meta name=\"description\" content=\"Conoce la malla curricular de la carrera de Fonoaudiolog\u00eda UDD. Se parte del proceso de admisi\u00f3n 2025. Ingresa aqu\u00ed.\" \/>\n<meta name=\"robots\" content=\"index, follow, max-snippet:-1, max-image-preview:large, max-video-preview:-1\" \/>\n<link rel=\"canonical\" href=\"https:\/\/medicina.udd.cl\/fonoaudiologia-santiago\/admision\/malla-curricular\/\" \/>\n<meta property=\"og:locale\" content=\"es_ES\" \/>\n<meta property=\"og:type\" content=\"article\" \/>\n<meta property=\"og:title\" content=\"Malla Curricular | Carrera de Fonoaudolog\u00eda (Santiago) | UDD\" \/>\n<meta property=\"og:description\" content=\"Conoce la malla curricular de la carrera de Fonoaudiolog\u00eda UDD. Se parte del proceso de admisi\u00f3n 2025. Ingresa aqu\u00ed.\" \/>\n<meta property=\"og:url\" content=\"https:\/\/medicina.udd.cl\/fonoaudiologia-santiago\/admision\/malla-curricular\/\" \/>\n<meta property=\"og:site_name\" content=\"Fonoaudiolog\u00eda\" \/>\n<meta property=\"article:modified_time\" content=\"2025-07-09T17:02:12+00:00\" \/>\n<meta property=\"og:image\" content=\"https:\/\/medicina.udd.cl\/fonoaudiologia-santiago\/files\/2025\/07\/fonoaudiologia-1024x576.png\" \/>\n<meta name=\"twitter:label1\" content=\"Tiempo de lectura\" \/>\n\t<meta name=\"twitter:data1\" content=\"1 minuto\" \/>\n<script type=\"application\/ld+json\" class=\"yoast-schema-graph\">{\"@context\":\"https:\/\/schema.org\",\"@graph\":[{\"@type\":\"WebPage\",\"@id\":\"https:\/\/medicina.udd.cl\/fonoaudiologia-santiago\/admision\/malla-curricular\/\",\"url\":\"https:\/\/medicina.udd.cl\/fonoaudiologia-santiago\/admision\/malla-curricular\/\",\"name\":\"Malla Curricular | Carrera de Fonoaudolog\u00eda (Santiago) | UDD\",\"isPartOf\":{\"@id\":\"https:\/\/medicina.udd.cl\/fonoaudiologia-santiago\/#website\"},\"primaryImageOfPage\":{\"@id\":\"https:\/\/medicina.udd.cl\/fonoaudiologia-santiago\/admision\/malla-curricular\/#primaryimage\"},\"image\":{\"@id\":\"https:\/\/medicina.udd.cl\/fonoaudiologia-santiago\/admision\/malla-curricular\/#primaryimage\"},\"thumbnailUrl\":\"https:\/\/medicina.udd.cl\/fonoaudiologia-santiago\/files\/2025\/07\/fonoaudiologia-1024x576.png\",\"datePublished\":\"2010-03-31T22:25:34+00:00\",\"dateModified\":\"2025-07-09T17:02:12+00:00\",\"description\":\"Conoce la malla curricular de la carrera de Fonoaudiolog\u00eda UDD. Se parte del proceso de admisi\u00f3n 2025. Ingresa aqu\u00ed.\",\"breadcrumb\":{\"@id\":\"https:\/\/medicina.udd.cl\/fonoaudiologia-santiago\/admision\/malla-curricular\/#breadcrumb\"},\"inLanguage\":\"es\",\"potentialAction\":[{\"@type\":\"ReadAction\",\"target\":[\"https:\/\/medicina.udd.cl\/fonoaudiologia-santiago\/admision\/malla-curricular\/\"]}]},{\"@type\":\"ImageObject\",\"inLanguage\":\"es\",\"@id\":\"https:\/\/medicina.udd.cl\/fonoaudiologia-santiago\/admision\/malla-curricular\/#primaryimage\",\"url\":\"https:\/\/medicina.udd.cl\/fonoaudiologia-santiago\/files\/2025\/07\/fonoaudiologia.png\",\"contentUrl\":\"https:\/\/medicina.udd.cl\/fonoaudiologia-santiago\/files\/2025\/07\/fonoaudiologia.png\",\"width\":1920,\"height\":1080},{\"@type\":\"BreadcrumbList\",\"@id\":\"https:\/\/medicina.udd.cl\/fonoaudiologia-santiago\/admision\/malla-curricular\/#breadcrumb\",\"itemListElement\":[{\"@type\":\"ListItem\",\"position\":1,\"name\":\"Home\",\"item\":\"https:\/\/medicina.udd.cl\/fonoaudiologia-santiago\/\"},{\"@type\":\"ListItem\",\"position\":2,\"name\":\"Admisi\u00f3n\",\"item\":\"https:\/\/medicina.udd.cl\/fonoaudiologia-santiago\/admision\/\"},{\"@type\":\"ListItem\",\"position\":3,\"name\":\"Malla Curricular\"}]},{\"@type\":\"WebSite\",\"@id\":\"https:\/\/medicina.udd.cl\/fonoaudiologia-santiago\/#website\",\"url\":\"https:\/\/medicina.udd.cl\/fonoaudiologia-santiago\/\",\"name\":\"Fonoaudiolog\u00eda\",\"description\":\"Facultad de Medicina Cl\u00ednica Alemana Universidad del Desarrollo\",\"inLanguage\":\"es\"}]}<\/script>\n<!-- \/ Yoast SEO plugin. -->","yoast_head_json":{"title":"Malla Curricular | Carrera de Fonoaudolog\u00eda (Santiago) | UDD","description":"Conoce la malla curricular de la carrera de Fonoaudiolog\u00eda UDD. Se parte del proceso de admisi\u00f3n 2025. Ingresa aqu\u00ed.","robots":{"index":"index","follow":"follow","max-snippet":"max-snippet:-1","max-image-preview":"max-image-preview:large","max-video-preview":"max-video-preview:-1"},"canonical":"https:\/\/medicina.udd.cl\/fonoaudiologia-santiago\/admision\/malla-curricular\/","og_locale":"es_ES","og_type":"article","og_title":"Malla Curricular | Carrera de Fonoaudolog\u00eda (Santiago) | UDD","og_description":"Conoce la malla curricular de la carrera de Fonoaudiolog\u00eda UDD. Se parte del proceso de admisi\u00f3n 2025. Ingresa aqu\u00ed.","og_url":"https:\/\/medicina.udd.cl\/fonoaudiologia-santiago\/admision\/malla-curricular\/","og_site_name":"Fonoaudiolog\u00eda","article_modified_time":"2025-07-09T17:02:12+00:00","og_image":[{"url":"https:\/\/medicina.udd.cl\/fonoaudiologia-santiago\/files\/2025\/07\/fonoaudiologia-1024x576.png","type":"","width":"","height":""}],"twitter_misc":{"Tiempo de lectura":"1 minuto"},"schema":{"@context":"https:\/\/schema.org","@graph":[{"@type":"WebPage","@id":"https:\/\/medicina.udd.cl\/fonoaudiologia-santiago\/admision\/malla-curricular\/","url":"https:\/\/medicina.udd.cl\/fonoaudiologia-santiago\/admision\/malla-curricular\/","name":"Malla Curricular | Carrera de Fonoaudolog\u00eda (Santiago) | UDD","isPartOf":{"@id":"https:\/\/medicina.udd.cl\/fonoaudiologia-santiago\/#website"},"primaryImageOfPage":{"@id":"https:\/\/medicina.udd.cl\/fonoaudiologia-santiago\/admision\/malla-curricular\/#primaryimage"},"image":{"@id":"https:\/\/medicina.udd.cl\/fonoaudiologia-santiago\/admision\/malla-curricular\/#primaryimage"},"thumbnailUrl":"https:\/\/medicina.udd.cl\/fonoaudiologia-santiago\/files\/2025\/07\/fonoaudiologia-1024x576.png","datePublished":"2010-03-31T22:25:34+00:00","dateModified":"2025-07-09T17:02:12+00:00","description":"Conoce la malla curricular de la carrera de Fonoaudiolog\u00eda UDD. Se parte del proceso de admisi\u00f3n 2025. Ingresa aqu\u00ed.","breadcrumb":{"@id":"https:\/\/medicina.udd.cl\/fonoaudiologia-santiago\/admision\/malla-curricular\/#breadcrumb"},"inLanguage":"es","potentialAction":[{"@type":"ReadAction","target":["https:\/\/medicina.udd.cl\/fonoaudiologia-santiago\/admision\/malla-curricular\/"]}]},{"@type":"ImageObject","inLanguage":"es","@id":"https:\/\/medicina.udd.cl\/fonoaudiologia-santiago\/admision\/malla-curricular\/#primaryimage","url":"https:\/\/medicina.udd.cl\/fonoaudiologia-santiago\/files\/2025\/07\/fonoaudiologia.png","contentUrl":"https:\/\/medicina.udd.cl\/fonoaudiologia-santiago\/files\/2025\/07\/fonoaudiologia.png","width":1920,"height":1080},{"@type":"BreadcrumbList","@id":"https:\/\/medicina.udd.cl\/fonoaudiologia-santiago\/admision\/malla-curricular\/#breadcrumb","itemListElement":[{"@type":"ListItem","position":1,"name":"Home","item":"https:\/\/medicina.udd.cl\/fonoaudiologia-santiago\/"},{"@type":"ListItem","position":2,"name":"Admisi\u00f3n","item":"https:\/\/medicina.udd.cl\/fonoaudiologia-santiago\/admision\/"},{"@type":"ListItem","position":3,"name":"Malla Curricular"}]},{"@type":"WebSite","@id":"https:\/\/medicina.udd.cl\/fonoaudiologia-santiago\/#website","url":"https:\/\/medicina.udd.cl\/fonoaudiologia-santiago\/","name":"Fonoaudiolog\u00eda","description":"Facultad de Medicina Cl\u00ednica Alemana Universidad del Desarrollo","inLanguage":"es"}]}},"_links":{"self":[{"href":"https:\/\/medicina.udd.cl\/fonoaudiologia-santiago\/wp-json\/wp\/v2\/pages\/10","targetHints":{"allow":["GET"]}}],"collection":[{"href":"https:\/\/medicina.udd.cl\/fonoaudiologia-santiago\/wp-json\/wp\/v2\/pages"}],"about":[{"href":"https:\/\/medicina.udd.cl\/fonoaudiologia-santiago\/wp-json\/wp\/v2\/types\/page"}],"author":[{"embeddable":true,"href":"https:\/\/medicina.udd.cl\/fonoaudiologia-santiago\/wp-json\/wp\/v2\/users\/1"}],"replies":[{"embeddable":true,"href":"https:\/\/medicina.udd.cl\/fonoaudiologia-santiago\/wp-json\/wp\/v2\/comments?post=10"}],"version-history":[{"count":50,"href":"https:\/\/medicina.udd.cl\/fonoaudiologia-santiago\/wp-json\/wp\/v2\/pages\/10\/revisions"}],"predecessor-version":[{"id":7258,"href":"https:\/\/medicina.udd.cl\/fonoaudiologia-santiago\/wp-json\/wp\/v2\/pages\/10\/revisions\/7258"}],"up":[{"embeddable":true,"href":"https:\/\/medicina.udd.cl\/fonoaudiologia-santiago\/wp-json\/wp\/v2\/pages\/4378"}],"wp:attachment":[{"href":"https:\/\/medicina.udd.cl\/fonoaudiologia-santiago\/wp-json\/wp\/v2\/media?parent=10"}],"curies":[{"name":"wp","href":"https:\/\/api.w.org\/{rel}","templated":true}]}}