{"id":4357,"date":"2019-08-05T16:30:26","date_gmt":"2019-08-05T20:30:26","guid":{"rendered":"http:\/\/medicina.udd.cl\/fonoaudiologia-santiago\/?page_id=4357"},"modified":"2019-08-05T16:30:27","modified_gmt":"2019-08-05T20:30:27","slug":"lista-de-becas-santiago","status":"publish","type":"page","link":"https:\/\/medicina.udd.cl\/fonoaudiologia-santiago\/lista-de-becas-santiago\/","title":{"rendered":"LISTA DE BECAS SANTIAGO"},"content":{"rendered":"\n<h2 class=\"wp-block-heading\"><\/h2>\n\n\n\n<h3 class=\"wp-block-heading\">BECA CAE COPAGO SANTIAGO<\/h3>\n\n\n\n<p><strong>Dirigida a: Alumnos nuevos provenientes de colegios municipales o particulares subvencionados.<\/strong><\/p>\n\n\n\n<p>La beca&nbsp;<strong>CAE Copago<\/strong>&nbsp;financia hasta el 100% de la diferencia entre el arancel UDD y el de referencia (monto m\u00e1ximo que financia el CAE), de acuerdo al&nbsp;<strong>Puntaje Ponderado<\/strong>&nbsp;obtenido por el alumno.<\/p>\n\n\n\n<p><a href=\"http:\/\/www.udd.cl\/becas\/#beca-regional-concepcion\">Ver restricciones generales<\/a><\/p>\n\n\n\n<table class=\"wp-block-table\"><thead><tr><th>600 &#8211; 629,99<\/th><th>630 y m\u00e1s<\/th><\/tr><\/thead><tbody><tr><td>N\/A<\/td><td>0 UF<\/td><\/tr><\/tbody><\/table>\n\n\n\n<p>No aplica para las carreras de Medicina, Odontolog\u00eda, Obstetricia, ni los Programas de Bachillerato.<br>El alumno debe estar preseleccionado por Ingresa y seleccionado por la UDD al CAE.<br>Si se pide menos del 100% del arancel de referencia, el alumno deber\u00e1 hacerse cargo de la diferencia a pagar, sum\u00e1ndosela al copago.<\/p>\n\n\n\n<p>\u00c9sta beca se renueva siempre y cuando el alumno cumpla con el requisito de renovaci\u00f3n del CAE en la UDD.<\/p>\n\n\n\n<p>Para el caso de Ingenier\u00eda Civil Plan Com\u00fan esta beca durar\u00e1 once semestres, es decir, los cuatro semestres que dura el Plan Com\u00fan y los siete semestres de la carrera de destino que escoja el alumno y que est\u00e1n consideradas en esta carrera (Ing. Civil Industrial \u2013 Ing. Civil en Miner\u00eda \u2013 Ing. Civil en Obras Civiles y Geolog\u00eda)<\/p>\n\n\n\n<p>La beca aqu\u00ed descrita es aplicable s\u00f3lo al arancel anual de la carrera y se otorga por el n\u00famero de a\u00f1os de estudio definidos en el curr\u00edculo de la carrera de ingreso a la UDD.<\/p>\n\n\n\n<h3 class=\"wp-block-heading\">BECA NEM SANTIAGO<\/h3>\n\n\n\n<p>Se otorga hasta&nbsp;<strong>60% de beca en el arancel anual<\/strong>&nbsp;de las siguientes carreras que imparte la UDD, a alumnos nuevos de acuerdo al&nbsp;<strong>Promedio de Notas de Ense\u00f1anza Media<\/strong>&nbsp;(NEM) obtenido por el alumno<\/p>\n\n\n\n<p><a href=\"http:\/\/www.udd.cl\/becas\/#beca-regional-concepcion\">Ver restricciones generales<\/a><\/p>\n\n\n\n<table class=\"wp-block-table\"><thead><tr><\/tr><\/thead><tbody><tr><\/tr><\/tbody><\/table>\n\n\n\n<p>La beca NEM requiere de un m\u00ednimo de 630 puntos promedio PSU.<\/p>\n\n\n\n<p>Condiciones de renovaci\u00f3n: La Beca NEM se renovar\u00e1 anualmente si el alumno, en el a\u00f1o anterior, obtiene un promedio ponderado -del total de sus notas- igual o superior al de su promoci\u00f3n acad\u00e9mica en la carrera y sede respectiva.<\/p>\n\n\n\n<p>Aplica s\u00f3lo a las carreras aqu\u00ed mencionadas.<\/p>\n\n\n\n<p>La beca aqu\u00ed descrita es aplicable s\u00f3lo al arancel anual de la carrera y se otorga por el n\u00famero de a\u00f1os de estudio definidos en el curr\u00edculo de la carrera de ingreso a la UDD.<\/p>\n\n\n\n<p>Para el caso de Ingenier\u00eda Civil Plan Com\u00fan esta beca durar\u00e1 once semestres, es decir, los cuatro semestres que dura el Plan Com\u00fan y los siete semestres de la carrera de destino que escoja el alumno y que est\u00e1n consideradas en esta carrera (Ing. Civil Industrial \u2013 Ing. Civil en Miner\u00eda \u2013 Ing. Civil en Obras Civiles y Geolog\u00eda)<\/p>\n\n\n\n<h3 class=\"wp-block-heading\">BECA NEM BACHILLERATO SANTIAGO<\/h3>\n\n\n\n<p>Se otorga&nbsp;<strong>30% de beca en el arancel de la carrera<\/strong>&nbsp;a los alumnos que sean seleccionados en Bachillerato Ingenier\u00eda Comercial, Bachillerato en Ciencias Jur\u00eddicas y Humanidades o Bachillerato en Psicolog\u00eda, a trav\u00e9s del sistema \u00fanico de admisi\u00f3n, y cuyo&nbsp;<strong>Promedio NEM<\/strong>&nbsp;sea de 6,0 o m\u00e1s.<\/p>\n\n\n\n<p><a href=\"http:\/\/www.udd.cl\/becas\/#beca-regional-concepcion\">Ver restricciones generales<\/a><\/p>\n\n\n\n<p>Esta beca se otorga por un a\u00f1o, tiempo que dura el programa de Bachillerato en la UDD.<br>La beca aqu\u00ed descrita es aplicable s\u00f3lo al arancel anual de la carrera y se otorga por un a\u00f1o, tiempo que duran los Programas de Bachillerato en la UDD.<\/p>\n\n\n\n<ul class=\"wp-block-list\"><li><strong>Restricciones Generales Becas UDD Proceso de Admisi\u00f3n 2019 \u2013 SANTIAGO<\/strong><ul><li>El postulante debe ser alumno nuevo con PSU correspondiente al Proceso 2018 o 2019, con matr\u00edcula durante el primer semestre de 2019.<\/li><li>Las becas y descuentos UDD son incompatibles entre s\u00ed. El \u00fanico descuento compatible es el otorgado por pago al contado.<\/li><li>Las becas se otorgan por el n\u00famero de a\u00f1os de estudio definidos en el curr\u00edculo de la carrera de ingreso a la UDD.<\/li><li>Los alumnos que incurran en causal de eliminaci\u00f3n acad\u00e9mica o administrativa o tengan sanci\u00f3n disciplinaria, perder\u00e1n la calidad de beneficiarios. Si las becas se pierden, \u00e9stas son irrecuperables.<\/li><li>Un alumno eliminado o renunciado de la UDD puede volver a ingresar a trav\u00e9s del sistema \u00fanico de admisi\u00f3n, pero no tendr\u00e1 derecho a ning\u00fan tipo de beca si postula a la misma carrera de la que renunci\u00f3 o fue eliminado.<\/li><li>Consulta por las Becas y Beneficios del Ministerio de Educaci\u00f3n a las que puedes acceder para complementar la beca otorgada por la UDD.<\/li><li>Las becas se deben validar al momento de la matr\u00edcula.<\/li><li>Las becas descritas no aplican para Admisi\u00f3n Especial.<\/li><li>(*) Todo lo anterior es sin perjuicio de las restricciones y condiciones particulares de cada una de las Becas.<\/li><li><a href=\"http:\/\/www.udd.cl\/admision\/becas-del-estado-beneficios-compatibles-admision-udd\/\">Las becas y beneficios del Ministerio de Educaci\u00f3n a las que puedan acceder en UDD pueden complementar las becas aqu\u00ed descritas.<\/a><\/li><\/ul><\/li><li>Informaci\u00f3n relacionada:<ul><li><a href=\"http:\/\/www.udd.cl\/wp-content\/uploads\/2015\/10\/reglamento.pdf\">Reglamento de Admisi\u00f3n y Matr\u00edcula<\/a><\/li><li><a href=\"http:\/\/www.udd.cl\/wp-content\/uploads\/2017\/01\/Reglamento-de-Becas-2017.pdf\">Reglamento de Becas<\/a><\/li><li><a href=\"http:\/\/www.udd.cl\/wp-content\/uploads\/2012\/03\/Informativo_Credito_con_Garantia_Estatal_2012.pdf\">Informativo Cr\u00e9dito con Garant\u00eda Estatal<\/a><\/li><li><a href=\"http:\/\/www.udd.cl\/wp-content\/uploads\/2016\/11\/Becas_Mineduc.pdf\">Becas y Cr\u00e9ditos MINEDUC<\/a><\/li><\/ul><\/li><\/ul>\n\n\n\n<p><\/p>\n","protected":false},"excerpt":{"rendered":"<p>BECA CAE COPAGO SANTIAGO Dirigida a: Alumnos nuevos provenientes de colegios municipales o particulares subvencionados. La beca&nbsp;CAE Copago&nbsp;financia hasta el 100% de la diferencia entre el arancel UDD y el de referencia (monto m\u00e1ximo que financia el CAE), de acuerdo al&nbsp;Puntaje Ponderado&nbsp;obtenido por el alumno. Ver restricciones generales 600 &#8211; 629,99 630 y m\u00e1s N\/A [&hellip;]<\/p>\n","protected":false},"author":9192218,"featured_media":0,"parent":0,"menu_order":0,"comment_status":"closed","ping_status":"closed","template":"","meta":{"footnotes":""},"class_list":["post-4357","page","type-page","status-publish","hentry"],"yoast_head":"<!-- This site is optimized with the Yoast SEO plugin v26.9 - https:\/\/yoast.com\/product\/yoast-seo-wordpress\/ -->\n<title>LISTA DE BECAS SANTIAGO - Fonoaudiolog\u00eda<\/title>\n<meta name=\"robots\" content=\"index, follow, max-snippet:-1, max-image-preview:large, max-video-preview:-1\" \/>\n<link rel=\"canonical\" href=\"https:\/\/medicina.udd.cl\/fonoaudiologia-santiago\/lista-de-becas-santiago\/\" \/>\n<meta property=\"og:locale\" content=\"es_ES\" \/>\n<meta property=\"og:type\" content=\"article\" \/>\n<meta property=\"og:title\" content=\"LISTA DE BECAS SANTIAGO - Fonoaudiolog\u00eda\" \/>\n<meta property=\"og:description\" content=\"BECA CAE COPAGO SANTIAGO Dirigida a: Alumnos nuevos provenientes de colegios municipales o particulares subvencionados. La beca&nbsp;CAE Copago&nbsp;financia hasta el 100% de la diferencia entre el arancel UDD y el de referencia (monto m\u00e1ximo que financia el CAE), de acuerdo al&nbsp;Puntaje Ponderado&nbsp;obtenido por el alumno. Ver restricciones generales 600 &#8211; 629,99 630 y m\u00e1s N\/A [&hellip;]\" \/>\n<meta property=\"og:url\" content=\"https:\/\/medicina.udd.cl\/fonoaudiologia-santiago\/lista-de-becas-santiago\/\" \/>\n<meta property=\"og:site_name\" content=\"Fonoaudiolog\u00eda\" \/>\n<meta property=\"article:modified_time\" content=\"2019-08-05T20:30:27+00:00\" \/>\n<meta name=\"twitter:label1\" content=\"Tiempo de lectura\" \/>\n\t<meta name=\"twitter:data1\" content=\"4 minutos\" \/>\n<script type=\"application\/ld+json\" class=\"yoast-schema-graph\">{\"@context\":\"https:\/\/schema.org\",\"@graph\":[{\"@type\":\"WebPage\",\"@id\":\"https:\/\/medicina.udd.cl\/fonoaudiologia-santiago\/lista-de-becas-santiago\/\",\"url\":\"https:\/\/medicina.udd.cl\/fonoaudiologia-santiago\/lista-de-becas-santiago\/\",\"name\":\"LISTA DE BECAS SANTIAGO - Fonoaudiolog\u00eda\",\"isPartOf\":{\"@id\":\"https:\/\/medicina.udd.cl\/fonoaudiologia-santiago\/#website\"},\"datePublished\":\"2019-08-05T20:30:26+00:00\",\"dateModified\":\"2019-08-05T20:30:27+00:00\",\"breadcrumb\":{\"@id\":\"https:\/\/medicina.udd.cl\/fonoaudiologia-santiago\/lista-de-becas-santiago\/#breadcrumb\"},\"inLanguage\":\"es\",\"potentialAction\":[{\"@type\":\"ReadAction\",\"target\":[\"https:\/\/medicina.udd.cl\/fonoaudiologia-santiago\/lista-de-becas-santiago\/\"]}]},{\"@type\":\"BreadcrumbList\",\"@id\":\"https:\/\/medicina.udd.cl\/fonoaudiologia-santiago\/lista-de-becas-santiago\/#breadcrumb\",\"itemListElement\":[{\"@type\":\"ListItem\",\"position\":1,\"name\":\"Home\",\"item\":\"https:\/\/medicina.udd.cl\/fonoaudiologia-santiago\/\"},{\"@type\":\"ListItem\",\"position\":2,\"name\":\"LISTA DE BECAS SANTIAGO\"}]},{\"@type\":\"WebSite\",\"@id\":\"https:\/\/medicina.udd.cl\/fonoaudiologia-santiago\/#website\",\"url\":\"https:\/\/medicina.udd.cl\/fonoaudiologia-santiago\/\",\"name\":\"Fonoaudiolog\u00eda\",\"description\":\"Facultad de Medicina Cl\u00ednica Alemana Universidad del Desarrollo\",\"inLanguage\":\"es\"}]}<\/script>\n<!-- \/ Yoast SEO plugin. -->","yoast_head_json":{"title":"LISTA DE BECAS SANTIAGO - Fonoaudiolog\u00eda","robots":{"index":"index","follow":"follow","max-snippet":"max-snippet:-1","max-image-preview":"max-image-preview:large","max-video-preview":"max-video-preview:-1"},"canonical":"https:\/\/medicina.udd.cl\/fonoaudiologia-santiago\/lista-de-becas-santiago\/","og_locale":"es_ES","og_type":"article","og_title":"LISTA DE BECAS SANTIAGO - Fonoaudiolog\u00eda","og_description":"BECA CAE COPAGO SANTIAGO Dirigida a: Alumnos nuevos provenientes de colegios municipales o particulares subvencionados. La beca&nbsp;CAE Copago&nbsp;financia hasta el 100% de la diferencia entre el arancel UDD y el de referencia (monto m\u00e1ximo que financia el CAE), de acuerdo al&nbsp;Puntaje Ponderado&nbsp;obtenido por el alumno. Ver restricciones generales 600 &#8211; 629,99 630 y m\u00e1s N\/A [&hellip;]","og_url":"https:\/\/medicina.udd.cl\/fonoaudiologia-santiago\/lista-de-becas-santiago\/","og_site_name":"Fonoaudiolog\u00eda","article_modified_time":"2019-08-05T20:30:27+00:00","twitter_misc":{"Tiempo de lectura":"4 minutos"},"schema":{"@context":"https:\/\/schema.org","@graph":[{"@type":"WebPage","@id":"https:\/\/medicina.udd.cl\/fonoaudiologia-santiago\/lista-de-becas-santiago\/","url":"https:\/\/medicina.udd.cl\/fonoaudiologia-santiago\/lista-de-becas-santiago\/","name":"LISTA DE BECAS SANTIAGO - Fonoaudiolog\u00eda","isPartOf":{"@id":"https:\/\/medicina.udd.cl\/fonoaudiologia-santiago\/#website"},"datePublished":"2019-08-05T20:30:26+00:00","dateModified":"2019-08-05T20:30:27+00:00","breadcrumb":{"@id":"https:\/\/medicina.udd.cl\/fonoaudiologia-santiago\/lista-de-becas-santiago\/#breadcrumb"},"inLanguage":"es","potentialAction":[{"@type":"ReadAction","target":["https:\/\/medicina.udd.cl\/fonoaudiologia-santiago\/lista-de-becas-santiago\/"]}]},{"@type":"BreadcrumbList","@id":"https:\/\/medicina.udd.cl\/fonoaudiologia-santiago\/lista-de-becas-santiago\/#breadcrumb","itemListElement":[{"@type":"ListItem","position":1,"name":"Home","item":"https:\/\/medicina.udd.cl\/fonoaudiologia-santiago\/"},{"@type":"ListItem","position":2,"name":"LISTA DE BECAS SANTIAGO"}]},{"@type":"WebSite","@id":"https:\/\/medicina.udd.cl\/fonoaudiologia-santiago\/#website","url":"https:\/\/medicina.udd.cl\/fonoaudiologia-santiago\/","name":"Fonoaudiolog\u00eda","description":"Facultad de Medicina Cl\u00ednica Alemana Universidad del Desarrollo","inLanguage":"es"}]}},"_links":{"self":[{"href":"https:\/\/medicina.udd.cl\/fonoaudiologia-santiago\/wp-json\/wp\/v2\/pages\/4357","targetHints":{"allow":["GET"]}}],"collection":[{"href":"https:\/\/medicina.udd.cl\/fonoaudiologia-santiago\/wp-json\/wp\/v2\/pages"}],"about":[{"href":"https:\/\/medicina.udd.cl\/fonoaudiologia-santiago\/wp-json\/wp\/v2\/types\/page"}],"author":[{"embeddable":true,"href":"https:\/\/medicina.udd.cl\/fonoaudiologia-santiago\/wp-json\/wp\/v2\/users\/9192218"}],"replies":[{"embeddable":true,"href":"https:\/\/medicina.udd.cl\/fonoaudiologia-santiago\/wp-json\/wp\/v2\/comments?post=4357"}],"version-history":[{"count":1,"href":"https:\/\/medicina.udd.cl\/fonoaudiologia-santiago\/wp-json\/wp\/v2\/pages\/4357\/revisions"}],"predecessor-version":[{"id":4358,"href":"https:\/\/medicina.udd.cl\/fonoaudiologia-santiago\/wp-json\/wp\/v2\/pages\/4357\/revisions\/4358"}],"wp:attachment":[{"href":"https:\/\/medicina.udd.cl\/fonoaudiologia-santiago\/wp-json\/wp\/v2\/media?parent=4357"}],"curies":[{"name":"wp","href":"https:\/\/api.w.org\/{rel}","templated":true}]}}