{"id":4373,"date":"2019-08-22T14:56:29","date_gmt":"2019-08-22T18:56:29","guid":{"rendered":"http:\/\/medicina.udd.cl\/fonoaudiologia-santiago\/?page_id=4373"},"modified":"2020-05-08T11:38:01","modified_gmt":"2020-05-08T15:38:01","slug":"la-carrera-2","status":"publish","type":"page","link":"https:\/\/medicina.udd.cl\/fonoaudiologia-santiago\/la-carrera-2\/","title":{"rendered":"La Carrera"},"content":{"rendered":"\n<p>La carrera de Fonoaudiolog\u00eda de la Universidad del Desarrollo nace el a\u00f1o 2005 la Facultad de Ciencias de la Salud (Concepci\u00f3n) y el 2007 en la Facultad de Medicina Cl\u00ednica Alemana Universidad del Desarrollo (Santiago).<\/p>\n\n\n\n<p>El objetivo de la carrera &nbsp;ha sido formar profesionales en constante b\u00fasqueda del conocimiento, capacitados para integrar equipos interdisciplinarios capaces de proponer un estilo de vida sana, pol\u00edticas preventivas de salud y estrategias terap\u00e9uticas y de rehabilitaci\u00f3n que abarquen todas las necesidades de la poblaci\u00f3n, desempe\u00f1\u00e1ndose en los \u00e1mbitos de salud, educaci\u00f3n, art\u00edstico, laboral e investigaci\u00f3n.<\/p>\n\n\n\n<p>Estos profesionales de excelencia est\u00e1n marcados por el sello de la Universidad del Desarrollo como l\u00edderes emprendedores con \u00e9tica y responsabilidad p\u00fablica, destacados por la misi\u00f3n de la UDD: \u201cAmor al trabajo bien hecho\u201d.<\/p>\n\n\n<!-- WP Block: UDD - Cards Alternate -->\n<section class=\"wp-block-udd-access-cards\">\n\t<div class=\"container\">\n\t\t\t\t<div class=\"block__content\">\n\t\t\t<div class=\"access-cards\">\n\t\t\t\t\t\t\t<div class=\"access-card-wrapper\">\n\t\t\t\t\t\t\t\t\t\t<div class=\"access-card\">\n\t\t\t\t\t\t<h3 class=\"access-card__title\">MISI\u00d3N<\/h3>\n\t\t\t\t\t\t<p class=\"access-card__description\">\n\t\t\t\t\t\t\tFormar profesionales id\u00f3neos a la realidad regional y nacional promoviendo la autonom\u00eda, capacidad de gesti\u00f3n, inquietud por el conocimiento con el sello de distinci\u00f3n de la UDD, permitiendo a nuestros profesionales, participar, constructivamente, en equipos de trabajo interdisciplinarios en los \u00e1mbitos del quehacer fonoaudiol\u00f3gico.\t\t\t\t\t\t<\/p>\n\t\t\t\t\t\t\t\t\t\t\t\t\t\t\t\t<\/div>\n\t\t\t\t<\/div>\n\t\t\t\t\t\t\t<div class=\"access-card-wrapper\">\n\t\t\t\t\t\t\t\t\t\t<div class=\"access-card\">\n\t\t\t\t\t\t<h3 class=\"access-card__title\">VISI\u00d3N<\/h3>\n\t\t\t\t\t\t<p class=\"access-card__description\">\n\t\t\t\t\t\t\t Ser reconocida como una carrera de Fonoaudiolog\u00eda innovadora con capacidad para adaptarse y anticiparse a los cambios tecnol\u00f3gicos y cient\u00edficos en el \u00e1rea fonoaudiol\u00f3gica. \t\t\t\t\t\t<\/p>\n\t\t\t\t\t\t\t\t\t\t\t\t\t\t\t\t<\/div>\n\t\t\t\t<\/div>\n\t\t\t\t\t\t\t<div class=\"access-card-wrapper\">\n\t\t\t\t\t\t\t\t\t\t<div class=\"access-card\">\n\t\t\t\t\t\t<h3 class=\"access-card__title\">OBJETIVOS<\/h3>\n\t\t\t\t\t\t<p class=\"access-card__description\">\n\t\t\t\t\t\t\t Contribuir a la formaci\u00f3n de profesionales fonoaudi\u00f3logos(as), a partir de un modelo integral, que desarrolle las competencias descritas en el Perfil de Egreso y les permitan desenvolverse con propiedad en los \u00e1mbitos del quehacer fonoaudiol\u00f3gico.<br>\t\t\t\t\t\t<\/p>\n\t\t\t\t\t\t\t\t\t\t\t\t\t\t\t\t<\/div>\n\t\t\t\t<\/div>\n\t\t\t\t\t\t<\/div>\n\t\t<\/div>\n\t<\/div>\n<\/section>\n\n\n<!-- WP Block: UDD - Content Gallery -->\n<section class=\"wp-block-udd-content-gallery\">\n\t<div class=\"content-gallery\">\n\t\t<main class=\"content-gallery__content\">\n\t\t\t<div class=\"content-gallery__content-inner\">\n\t\t\t\t<h2 class=\"block__title content-gallery__title\">Perfil de Egreso<\/h2>\n\t\t\t\t<div class=\"text\">\n\t\t\t\t\t\n<p>Al adquirir las competencias que componen este Perfil de Egreso, el fonoaudi\u00f3logo(a) egresado(a) de la Universidad del Desarrollo ser\u00e1 un profesional en constante b\u00fasqueda del conocimiento, estar\u00e1 capacitado para desempe\u00f1arse en los \u00e1mbitos de salud, educaci\u00f3n, art\u00edstico, laboral e investigaci\u00f3n. Ser\u00e1 un l\u00edder emprendedor con \u00e9tica y responsabilidad p\u00fablica. Estar\u00e1 capacitado para intervenir en todas las \u00e1reas de competencia disciplinar con excelencia, respondiendo a las necesidades de los usuarios y a los distintos contextos laborales. <a href=\"https:\/\/medicina.udd.cl\/fonoaudiologia-santiago\/perfil-de-egreso\/\">Leer m\u00e1s&#8230;<\/a><\/p>\n\t\t\t\t<\/div>\n\t\t\t<\/div>\n\t\t<\/main>\n\t\t<aside class=\"content-gallery__media\">\n\t\t\t<div id=\"gallery-carousel-37c23077b1\" class=\"carousel slide carousel-gallery\" data-ride=\"carousel\" data-interval=\"false\">\n\t\t\t\t<div class=\"carousel-inner\" role=\"listbox\">\n\t\t\t\t\t\t\t\t\t\t\t<div class=\"carousel-item active\">\n\t\t\t\t\t\t\t<img loading=\"lazy\" decoding=\"async\" width=\"991\" height=\"768\" src=\"https:\/\/medicina.udd.cl\/fonoaudiologia-santiago\/files\/2010\/05\/Fonoaudiologia.jpg\" class=\"content-gallery__media-image\" alt=\"\" srcset=\"https:\/\/medicina.udd.cl\/fonoaudiologia-santiago\/files\/2010\/05\/Fonoaudiologia.jpg 2843w, https:\/\/medicina.udd.cl\/fonoaudiologia-santiago\/files\/2010\/05\/Fonoaudiologia-300x232.jpg 300w, https:\/\/medicina.udd.cl\/fonoaudiologia-santiago\/files\/2010\/05\/Fonoaudiologia-768x595.jpg 768w, https:\/\/medicina.udd.cl\/fonoaudiologia-santiago\/files\/2010\/05\/Fonoaudiologia-1024x793.jpg 1024w, https:\/\/medicina.udd.cl\/fonoaudiologia-santiago\/files\/2010\/05\/Fonoaudiologia-182x140.jpg 182w, https:\/\/medicina.udd.cl\/fonoaudiologia-santiago\/files\/2010\/05\/Fonoaudiologia-960x744.jpg 960w\" sizes=\"auto, (max-width: 991px) 100vw, 991px\" \/>\t\t\t\t\t\t\t\t\t\t\t\t\t<\/div>\n\t\t\t\t\t\t\t\t\t\t\t<div class=\"carousel-item\">\n\t\t\t\t\t\t\t<img loading=\"lazy\" decoding=\"async\" width=\"800\" height=\"600\" src=\"https:\/\/medicina.udd.cl\/fonoaudiologia-santiago\/files\/2010\/03\/infraestructura-3.jpg\" class=\"content-gallery__media-image\" alt=\"\" srcset=\"https:\/\/medicina.udd.cl\/fonoaudiologia-santiago\/files\/2010\/03\/infraestructura-3.jpg 800w, https:\/\/medicina.udd.cl\/fonoaudiologia-santiago\/files\/2010\/03\/infraestructura-3-300x225.jpg 300w, https:\/\/medicina.udd.cl\/fonoaudiologia-santiago\/files\/2010\/03\/infraestructura-3-768x576.jpg 768w\" sizes=\"auto, (max-width: 800px) 100vw, 800px\" \/>\t\t\t\t\t\t\t\t\t\t\t\t\t<\/div>\n\t\t\t\t\t\t\t\t\t\t\t<div class=\"carousel-item\">\n\t\t\t\t\t\t\t<img loading=\"lazy\" decoding=\"async\" width=\"800\" height=\"600\" src=\"https:\/\/medicina.udd.cl\/fonoaudiologia-santiago\/files\/2010\/12\/Asginatura-1.jpg\" class=\"content-gallery__media-image\" alt=\"\" srcset=\"https:\/\/medicina.udd.cl\/fonoaudiologia-santiago\/files\/2010\/12\/Asginatura-1.jpg 800w, https:\/\/medicina.udd.cl\/fonoaudiologia-santiago\/files\/2010\/12\/Asginatura-1-300x225.jpg 300w, https:\/\/medicina.udd.cl\/fonoaudiologia-santiago\/files\/2010\/12\/Asginatura-1-768x576.jpg 768w\" sizes=\"auto, (max-width: 800px) 100vw, 800px\" \/>\t\t\t\t\t\t\t\t\t\t\t\t\t<\/div>\n\t\t\t\t\t\t\t\t\t<\/div>\n\t\t\t\t\t\t\t<footer class=\"carousel-footer\">\n\t\t\t\t\t<div class=\"carousel-counter\">\n\t\t\t\t\t\t<span class=\"carousel-counter-current\"><\/span> \/ <span class=\"carousel-counter-total\"><\/span>\n\t\t\t\t\t<\/div>\n\t\t\t\t\t<a class=\"carousel-control-prev\" href=\"#gallery-carousel-37c23077b1\" role=\"button\" data-slide=\"prev\">\n\t\t\t\t\t\t<svg class=\"svg-chevron-left-dims\"><use xlink:href='https:\/\/medicina.udd.cl\/fonoaudiologia-santiago\/wp-content\/themes\/facultades-2018\/assets\/img\/svg\/dist\/main.svg?version=1695853099#chevron-left'><\/use><\/svg>\t\t\t\t\t\t<span class=\"sr-only\">Anterior<\/span>\n\t\t\t\t\t<\/a>\n\t\t\t\t\t<a class=\"carousel-control-next\" href=\"#gallery-carousel-37c23077b1\" role=\"button\" data-slide=\"next\">\n\t\t\t\t\t\t<svg class=\"svg-chevron-right-dims\"><use xlink:href='https:\/\/medicina.udd.cl\/fonoaudiologia-santiago\/wp-content\/themes\/facultades-2018\/assets\/img\/svg\/dist\/main.svg?version=1695853099#chevron-right'><\/use><\/svg>\t\t\t\t\t\t<span class=\"sr-only\">Siguiente<\/span>\n\t\t\t\t\t<\/a>\n\t\t\t\t<\/footer>\n\t\t\t\t\t\t<\/div>\n\t\t<\/aside>\n\t<\/div>\n<\/section>\n","protected":false},"excerpt":{"rendered":"<p>La carrera de Fonoaudiolog\u00eda de la Universidad del Desarrollo nace el a\u00f1o 2005 la Facultad de Ciencias de la Salud (Concepci\u00f3n) y el 2007 en la Facultad de Medicina Cl\u00ednica Alemana Universidad del Desarrollo (Santiago). El objetivo de la carrera &nbsp;ha sido formar profesionales en constante b\u00fasqueda del conocimiento, capacitados para integrar equipos interdisciplinarios capaces [&hellip;]<\/p>\n","protected":false},"author":9192218,"featured_media":0,"parent":0,"menu_order":0,"comment_status":"closed","ping_status":"closed","template":"","meta":{"footnotes":""},"class_list":["post-4373","page","type-page","status-publish","hentry"],"yoast_head":"<!-- This site is optimized with the Yoast SEO plugin v26.9 - https:\/\/yoast.com\/product\/yoast-seo-wordpress\/ -->\n<title>La Carrera - Fonoaudiolog\u00eda<\/title>\n<meta name=\"robots\" content=\"index, follow, max-snippet:-1, max-image-preview:large, max-video-preview:-1\" \/>\n<link rel=\"canonical\" href=\"https:\/\/medicina.udd.cl\/fonoaudiologia-santiago\/la-carrera-2\/\" \/>\n<meta property=\"og:locale\" content=\"es_ES\" \/>\n<meta property=\"og:type\" content=\"article\" \/>\n<meta property=\"og:title\" content=\"La Carrera - Fonoaudiolog\u00eda\" \/>\n<meta property=\"og:description\" content=\"La carrera de Fonoaudiolog\u00eda de la Universidad del Desarrollo nace el a\u00f1o 2005 la Facultad de Ciencias de la Salud (Concepci\u00f3n) y el 2007 en la Facultad de Medicina Cl\u00ednica Alemana Universidad del Desarrollo (Santiago). El objetivo de la carrera &nbsp;ha sido formar profesionales en constante b\u00fasqueda del conocimiento, capacitados para integrar equipos interdisciplinarios capaces [&hellip;]\" \/>\n<meta property=\"og:url\" content=\"https:\/\/medicina.udd.cl\/fonoaudiologia-santiago\/la-carrera-2\/\" \/>\n<meta property=\"og:site_name\" content=\"Fonoaudiolog\u00eda\" \/>\n<meta property=\"article:modified_time\" content=\"2020-05-08T15:38:01+00:00\" \/>\n<meta name=\"twitter:label1\" content=\"Tiempo de lectura\" \/>\n\t<meta name=\"twitter:data1\" content=\"1 minuto\" \/>\n<script type=\"application\/ld+json\" class=\"yoast-schema-graph\">{\"@context\":\"https:\/\/schema.org\",\"@graph\":[{\"@type\":\"WebPage\",\"@id\":\"https:\/\/medicina.udd.cl\/fonoaudiologia-santiago\/la-carrera-2\/\",\"url\":\"https:\/\/medicina.udd.cl\/fonoaudiologia-santiago\/la-carrera-2\/\",\"name\":\"La Carrera - Fonoaudiolog\u00eda\",\"isPartOf\":{\"@id\":\"https:\/\/medicina.udd.cl\/fonoaudiologia-santiago\/#website\"},\"datePublished\":\"2019-08-22T18:56:29+00:00\",\"dateModified\":\"2020-05-08T15:38:01+00:00\",\"breadcrumb\":{\"@id\":\"https:\/\/medicina.udd.cl\/fonoaudiologia-santiago\/la-carrera-2\/#breadcrumb\"},\"inLanguage\":\"es\",\"potentialAction\":[{\"@type\":\"ReadAction\",\"target\":[\"https:\/\/medicina.udd.cl\/fonoaudiologia-santiago\/la-carrera-2\/\"]}]},{\"@type\":\"BreadcrumbList\",\"@id\":\"https:\/\/medicina.udd.cl\/fonoaudiologia-santiago\/la-carrera-2\/#breadcrumb\",\"itemListElement\":[{\"@type\":\"ListItem\",\"position\":1,\"name\":\"Home\",\"item\":\"https:\/\/medicina.udd.cl\/fonoaudiologia-santiago\/\"},{\"@type\":\"ListItem\",\"position\":2,\"name\":\"La Carrera\"}]},{\"@type\":\"WebSite\",\"@id\":\"https:\/\/medicina.udd.cl\/fonoaudiologia-santiago\/#website\",\"url\":\"https:\/\/medicina.udd.cl\/fonoaudiologia-santiago\/\",\"name\":\"Fonoaudiolog\u00eda\",\"description\":\"Facultad de Medicina Cl\u00ednica Alemana Universidad del Desarrollo\",\"inLanguage\":\"es\"}]}<\/script>\n<!-- \/ Yoast SEO plugin. -->","yoast_head_json":{"title":"La Carrera - Fonoaudiolog\u00eda","robots":{"index":"index","follow":"follow","max-snippet":"max-snippet:-1","max-image-preview":"max-image-preview:large","max-video-preview":"max-video-preview:-1"},"canonical":"https:\/\/medicina.udd.cl\/fonoaudiologia-santiago\/la-carrera-2\/","og_locale":"es_ES","og_type":"article","og_title":"La Carrera - Fonoaudiolog\u00eda","og_description":"La carrera de Fonoaudiolog\u00eda de la Universidad del Desarrollo nace el a\u00f1o 2005 la Facultad de Ciencias de la Salud (Concepci\u00f3n) y el 2007 en la Facultad de Medicina Cl\u00ednica Alemana Universidad del Desarrollo (Santiago). El objetivo de la carrera &nbsp;ha sido formar profesionales en constante b\u00fasqueda del conocimiento, capacitados para integrar equipos interdisciplinarios capaces [&hellip;]","og_url":"https:\/\/medicina.udd.cl\/fonoaudiologia-santiago\/la-carrera-2\/","og_site_name":"Fonoaudiolog\u00eda","article_modified_time":"2020-05-08T15:38:01+00:00","twitter_misc":{"Tiempo de lectura":"1 minuto"},"schema":{"@context":"https:\/\/schema.org","@graph":[{"@type":"WebPage","@id":"https:\/\/medicina.udd.cl\/fonoaudiologia-santiago\/la-carrera-2\/","url":"https:\/\/medicina.udd.cl\/fonoaudiologia-santiago\/la-carrera-2\/","name":"La Carrera - Fonoaudiolog\u00eda","isPartOf":{"@id":"https:\/\/medicina.udd.cl\/fonoaudiologia-santiago\/#website"},"datePublished":"2019-08-22T18:56:29+00:00","dateModified":"2020-05-08T15:38:01+00:00","breadcrumb":{"@id":"https:\/\/medicina.udd.cl\/fonoaudiologia-santiago\/la-carrera-2\/#breadcrumb"},"inLanguage":"es","potentialAction":[{"@type":"ReadAction","target":["https:\/\/medicina.udd.cl\/fonoaudiologia-santiago\/la-carrera-2\/"]}]},{"@type":"BreadcrumbList","@id":"https:\/\/medicina.udd.cl\/fonoaudiologia-santiago\/la-carrera-2\/#breadcrumb","itemListElement":[{"@type":"ListItem","position":1,"name":"Home","item":"https:\/\/medicina.udd.cl\/fonoaudiologia-santiago\/"},{"@type":"ListItem","position":2,"name":"La Carrera"}]},{"@type":"WebSite","@id":"https:\/\/medicina.udd.cl\/fonoaudiologia-santiago\/#website","url":"https:\/\/medicina.udd.cl\/fonoaudiologia-santiago\/","name":"Fonoaudiolog\u00eda","description":"Facultad de Medicina Cl\u00ednica Alemana Universidad del Desarrollo","inLanguage":"es"}]}},"_links":{"self":[{"href":"https:\/\/medicina.udd.cl\/fonoaudiologia-santiago\/wp-json\/wp\/v2\/pages\/4373","targetHints":{"allow":["GET"]}}],"collection":[{"href":"https:\/\/medicina.udd.cl\/fonoaudiologia-santiago\/wp-json\/wp\/v2\/pages"}],"about":[{"href":"https:\/\/medicina.udd.cl\/fonoaudiologia-santiago\/wp-json\/wp\/v2\/types\/page"}],"author":[{"embeddable":true,"href":"https:\/\/medicina.udd.cl\/fonoaudiologia-santiago\/wp-json\/wp\/v2\/users\/9192218"}],"replies":[{"embeddable":true,"href":"https:\/\/medicina.udd.cl\/fonoaudiologia-santiago\/wp-json\/wp\/v2\/comments?post=4373"}],"version-history":[{"count":14,"href":"https:\/\/medicina.udd.cl\/fonoaudiologia-santiago\/wp-json\/wp\/v2\/pages\/4373\/revisions"}],"predecessor-version":[{"id":4865,"href":"https:\/\/medicina.udd.cl\/fonoaudiologia-santiago\/wp-json\/wp\/v2\/pages\/4373\/revisions\/4865"}],"wp:attachment":[{"href":"https:\/\/medicina.udd.cl\/fonoaudiologia-santiago\/wp-json\/wp\/v2\/media?parent=4373"}],"curies":[{"name":"wp","href":"https:\/\/api.w.org\/{rel}","templated":true}]}}