{"id":4375,"date":"2019-08-22T14:56:17","date_gmt":"2019-08-22T18:56:17","guid":{"rendered":"http:\/\/medicina.udd.cl\/fonoaudiologia-santiago\/?page_id=4375"},"modified":"2020-06-16T18:18:50","modified_gmt":"2020-06-16T22:18:50","slug":"perfil-de-egreso","status":"publish","type":"page","link":"https:\/\/medicina.udd.cl\/fonoaudiologia-santiago\/perfil-de-egreso\/","title":{"rendered":"Perfil de Egreso"},"content":{"rendered":"\n<p> La carrera\u00a0de Fonoaudiolog\u00eda de la Facultad de Medicina Cl\u00ednica Alemana Universidad del Desarrollo, se imparte en la sede\u00a0de\u00a0Santiago y\u00a0\u00a0tiene una duraci\u00f3n\u00a0de\u00a010 semestres. Durante los cuatro primeros semestres los estudiantes se integran en un plan com\u00fan con otras carreras del \u00e1rea\u00a0de\u00a0la salud e inician los estudios\u00a0de\u00a0la formaci\u00f3n disciplinar, que se profundizan en el ciclo\u00a0de\u00a0licenciatura. <\/p>\n\n\n\n<p>Se destaca la relaci\u00f3n personalizada y cercana docente-alumno, la excelencia acad\u00e9mica y el trabajo en equipo desde los primeros a\u00f1os, adem\u00e1s se realizan actividades pr\u00e1cticas durante toda la carrera desde los primeros meses, destacando el acercamiento temprano al paciente. Se abordan los dominios del Fonoaudi\u00f3logo en las \u00e1reas\u00a0de\u00a0lenguaje, habla, voz, audici\u00f3n, motricidad orofacial y degluci\u00f3n en todo el ciclo vital, en funci\u00f3n\u00a0de\u00a0la habilitaci\u00f3n y la rehabilitaci\u00f3n en el \u00e1mbito cl\u00ednico, educaci\u00f3n y art\u00edstico. <\/p>\n\n\n\n<p>La habilitaci\u00f3n profesional se logra por pr\u00e1cticas en todas las \u00e1reas disciplinares durante dos semestres, en un modelo personalizado\u00a0de\u00a0formaci\u00f3n integral. Otorga el Grado Acad\u00e9mico\u00a0de\u00a0Licenciado(a) en Fonoaudiolog\u00eda y el T\u00edtulo Profesional\u00a0de\u00a0Fonoaudi\u00f3logo(a). La carrera cuenta con una acreditaci\u00f3n\u00a0de\u00a05 a\u00f1os (2016-2021). <\/p>\n\n\n\n<p>Este Perfil recoge las demandas de la sociedad y los avances cient\u00edficos, se alinea con la Visi\u00f3n y la Misi\u00f3n de la Universidad del Desarrollo y con las necesidades formativas de Fonoaudiolog\u00eda. Constituye una declaraci\u00f3n y un compromiso de los acad\u00e9micos con las competencias y desempe\u00f1os que los estudiantes deben haber alcanzado y evidenciado al t\u00e9rmino de sus estudios y que los habilitan para insertarse adecuadamente en el medio profesional.<\/p>\n\n\n\n<p>Las Competencias Gen\u00e9ricas son aquellas que todos los egresados(as) de la UDD deben alcanzar y que favorecen un actuar profesional, destacando los sellos Responsabilidad P\u00fablica, \u00c9tica y Emprendimiento y Liderazgo. Estas competencias y sus definiciones de base son:<\/p>\n\n\n\n<p><strong>\u2022 Autonom\u00eda<\/strong><\/p>\n\n\n\n<p>Conjunto de habilidades, conocimientos y actitudes que permiten a los sujetos actuar de manera independiente, estrat\u00e9gica y proactiva, analizando detenidamente los problemas que enfrentan, identificando necesidades para resolverlos y definiendo objetivos exigentes pero realizables de acuerdo a los recursos personales y externos disponibles en ese momento. Esta competencia tambi\u00e9n implica la definici\u00f3n y ejecuci\u00f3n responsable, autorregulada y autocr\u00edtica de estrategias para alcanzar esos objetivos, lo que implica definir estructuradamente los pasos a seguir, los recursos (personales, humanos, f\u00edsicos, etc.) que se requerir\u00e1n, la forma en que se acceder\u00e1 a estos recursos y los procedimientos de evaluaci\u00f3n de proceso y resultados.<\/p>\n\n\n\n<p><strong>\u2022 Comunicaci\u00f3n<\/strong><\/p>\n\n\n\n<p>Conjunto de habilidades, conceptos y actitudes, orientados a transmitir mensajes a una audiencia y facilitar el establecimiento de relaciones y v\u00ednculos con otros. Implica expresar ideas no s\u00f3lo mediante el lenguaje oral y escrito, sino tambi\u00e9n a trav\u00e9s de medios tecnol\u00f3gicos y los procesos de comunicaci\u00f3n no verbal. El desempe\u00f1o de esta competencia debe ser eficaz, claro, preciso y asertivo. Debe permitir la participaci\u00f3n en procesos de di\u00e1logo, donde la persona demuestre empat\u00eda, comprenda la riqueza de las distintas opiniones y valore el discurso expresado con fundamento.<\/p>\n\n\n\n<p><strong>\u2022 Eficiencia<\/strong><\/p>\n\n\n\n<p>Conjunto de conocimientos, habilidades y actitudes que permiten definir estrategias para gestionar los tiempos y recursos disponibles, a fin de alcanzar satisfactoriamente, e idealmente sobrepasar, objetivos predefinidos de manera de optimizar los beneficios y reducir costos asociados. Esta competencia requerir\u00e1 de un an\u00e1lisis previo de la situaci\u00f3n problema y de los recursos necesarios para satisfacerla.<\/p>\n\n\n\n<p><strong>\u2022 Visi\u00f3n anal\u00edtica<\/strong><\/p>\n\n\n\n<p>Competencia que implica establecer relaciones entre los elementos componentes de un problema, idea, teor\u00eda, proceso, etc., distinguiendo la informaci\u00f3n relevante de aquella considerada accesoria y estableciendo relaciones secundarias a dicha descomposici\u00f3n, lo que favorece una nueva forma de observar la realidad o un problema acotado. Constituye una habilidad mental superior que permite aplicar procesos l\u00f3gicos a la comprensi\u00f3n de los fen\u00f3menos, haciendo uso del razonamiento heur\u00edstico o logar\u00edtmico, estableciendo causalidades, jerarquizaciones y explicaciones durante el aprendizaje. Es una competencia que denota sub-habilidades comprensivas, comparativas, de categorizaci\u00f3n, jerarquizaci\u00f3n y selecci\u00f3n de informaci\u00f3n la mayor parte de las veces te\u00f3rica pura, pues requiere de una base conceptual compleja y un conocimiento acabado de los principios explicativos propios de cada disciplina.<\/p>\n\n\n\n<p><strong>\u2022 Visi\u00f3n global<\/strong><\/p>\n\n\n\n<p>Capacidad de observar y comprender los fen\u00f3menos integrando diferentes perspectivas y puntos de vista a nivel te\u00f3rico, metodol\u00f3gico y t\u00e9cnico, como tambi\u00e9n hist\u00f3rico y contextual. Involucra una capacidad sist\u00e9mica que busca comprender las relaciones entre los acontecimientos desde una perspectiva amplia, estableciendo luego organizaciones parciales, con la finalidad de generar posiciones organizadas e informadas frente a lo que acontece. Incorpora la necesidad de investigar m\u00e1s all\u00e1 de la propia disciplina, desplegando procesos de b\u00fasqueda de informaci\u00f3n que incluyen dimensiones de contexto, como son las hist\u00f3ricas, pol\u00edticas, econ\u00f3micas, sociales, culturales, personales, etc., esto en concordancia y coherencia con las demandas propias de la disciplina de estudio y de otras disciplinas, lo que favorece una apertura al mundo.<\/p>\n\n\n\n<p><strong>\u2022 Responsabilidad p\u00fablica<\/strong><\/p>\n\n\n\n<p>Conjunto de habilidades, conceptos y actitudes que permiten tomar conciencia sobre el rol que se ejerce en la sociedad y los aportes profesionales y personales que en ella pueden realizarse, tanto p\u00fablica como privadamente. Implica conocer y reflexionar acerca de los problemas que se presentan en el contexto social en el que se est\u00e1 inmerso, asumi\u00e9ndolos como propios, valorando el servicio p\u00fablico y el compromiso personal hacia el logro del bien com\u00fan.<\/p>\n\n\n\n<p><strong>\u2022 Emprendimiento y liderazgo<\/strong><\/p>\n\n\n\n<p>Conjunto de habilidades, conceptos y actitudes orientados a la b\u00fasqueda constante de oportunidades para crear e innovar, aceptando retos y enfrent\u00e1ndose a la incertidumbre. Implica idear soluciones nuevas y diferentes para resolver problemas o situaciones complejas en un contexto cambiante, como asimismo motivarse por los logros y por las personas, siendo capaces de conducir a otros y colaborar con ellos, valorando el trabajo en equipo. Considera, por \u00faltimo, la perseverancia y resistencia al fracaso para enfrentar los retos de manera positiva, pero realista.<\/p>\n\n\n\n<p><strong>\u2022 \u00c9tica<\/strong><\/p>\n\n\n\n<p>Conjunto de habilidades, conceptos y actitudes orientados a la constante b\u00fasqueda de la Verdad y del Bien, valorando una conducta moral coherente con los valores del humanismo cristiano. Implica tomar decisiones de acuerdo a lo que se espera sea un desempe\u00f1o profesional \u00e9tico, el que estar\u00e1 circunscrito por las virtudes cardinales de la prudencia, fortaleza, templanza y justicia, y por el respeto a la dignidad humana.<\/p>\n","protected":false},"excerpt":{"rendered":"<p>La carrera\u00a0de Fonoaudiolog\u00eda de la Facultad de Medicina Cl\u00ednica Alemana Universidad del Desarrollo, se imparte en la sede\u00a0de\u00a0Santiago y\u00a0\u00a0tiene una duraci\u00f3n\u00a0de\u00a010 semestres. Durante los cuatro primeros semestres los estudiantes se integran en un plan com\u00fan con otras carreras del \u00e1rea\u00a0de\u00a0la salud e inician los estudios\u00a0de\u00a0la formaci\u00f3n disciplinar, que se profundizan en el ciclo\u00a0de\u00a0licenciatura. Se destaca [&hellip;]<\/p>\n","protected":false},"author":9192218,"featured_media":0,"parent":0,"menu_order":0,"comment_status":"closed","ping_status":"closed","template":"","meta":{"footnotes":""},"class_list":["post-4375","page","type-page","status-publish","hentry"],"yoast_head":"<!-- This site is optimized with the Yoast SEO plugin v26.9 - https:\/\/yoast.com\/product\/yoast-seo-wordpress\/ -->\n<title>Perfil de Egreso - Fonoaudiolog\u00eda<\/title>\n<meta name=\"robots\" content=\"index, follow, max-snippet:-1, max-image-preview:large, max-video-preview:-1\" \/>\n<link rel=\"canonical\" href=\"https:\/\/medicina.udd.cl\/fonoaudiologia-santiago\/perfil-de-egreso\/\" \/>\n<meta property=\"og:locale\" content=\"es_ES\" \/>\n<meta property=\"og:type\" content=\"article\" \/>\n<meta property=\"og:title\" content=\"Perfil de Egreso - Fonoaudiolog\u00eda\" \/>\n<meta property=\"og:description\" content=\"La carrera\u00a0de Fonoaudiolog\u00eda de la Facultad de Medicina Cl\u00ednica Alemana Universidad del Desarrollo, se imparte en la sede\u00a0de\u00a0Santiago y\u00a0\u00a0tiene una duraci\u00f3n\u00a0de\u00a010 semestres. Durante los cuatro primeros semestres los estudiantes se integran en un plan com\u00fan con otras carreras del \u00e1rea\u00a0de\u00a0la salud e inician los estudios\u00a0de\u00a0la formaci\u00f3n disciplinar, que se profundizan en el ciclo\u00a0de\u00a0licenciatura. Se destaca [&hellip;]\" \/>\n<meta property=\"og:url\" content=\"https:\/\/medicina.udd.cl\/fonoaudiologia-santiago\/perfil-de-egreso\/\" \/>\n<meta property=\"og:site_name\" content=\"Fonoaudiolog\u00eda\" \/>\n<meta property=\"article:modified_time\" content=\"2020-06-16T22:18:50+00:00\" \/>\n<meta name=\"twitter:label1\" content=\"Tiempo de lectura\" \/>\n\t<meta name=\"twitter:data1\" content=\"6 minutos\" \/>\n<script type=\"application\/ld+json\" class=\"yoast-schema-graph\">{\"@context\":\"https:\/\/schema.org\",\"@graph\":[{\"@type\":\"WebPage\",\"@id\":\"https:\/\/medicina.udd.cl\/fonoaudiologia-santiago\/perfil-de-egreso\/\",\"url\":\"https:\/\/medicina.udd.cl\/fonoaudiologia-santiago\/perfil-de-egreso\/\",\"name\":\"Perfil de Egreso - Fonoaudiolog\u00eda\",\"isPartOf\":{\"@id\":\"https:\/\/medicina.udd.cl\/fonoaudiologia-santiago\/#website\"},\"datePublished\":\"2019-08-22T18:56:17+00:00\",\"dateModified\":\"2020-06-16T22:18:50+00:00\",\"breadcrumb\":{\"@id\":\"https:\/\/medicina.udd.cl\/fonoaudiologia-santiago\/perfil-de-egreso\/#breadcrumb\"},\"inLanguage\":\"es\",\"potentialAction\":[{\"@type\":\"ReadAction\",\"target\":[\"https:\/\/medicina.udd.cl\/fonoaudiologia-santiago\/perfil-de-egreso\/\"]}]},{\"@type\":\"BreadcrumbList\",\"@id\":\"https:\/\/medicina.udd.cl\/fonoaudiologia-santiago\/perfil-de-egreso\/#breadcrumb\",\"itemListElement\":[{\"@type\":\"ListItem\",\"position\":1,\"name\":\"Home\",\"item\":\"https:\/\/medicina.udd.cl\/fonoaudiologia-santiago\/\"},{\"@type\":\"ListItem\",\"position\":2,\"name\":\"Perfil de Egreso\"}]},{\"@type\":\"WebSite\",\"@id\":\"https:\/\/medicina.udd.cl\/fonoaudiologia-santiago\/#website\",\"url\":\"https:\/\/medicina.udd.cl\/fonoaudiologia-santiago\/\",\"name\":\"Fonoaudiolog\u00eda\",\"description\":\"Facultad de Medicina Cl\u00ednica Alemana Universidad del Desarrollo\",\"inLanguage\":\"es\"}]}<\/script>\n<!-- \/ Yoast SEO plugin. -->","yoast_head_json":{"title":"Perfil de Egreso - Fonoaudiolog\u00eda","robots":{"index":"index","follow":"follow","max-snippet":"max-snippet:-1","max-image-preview":"max-image-preview:large","max-video-preview":"max-video-preview:-1"},"canonical":"https:\/\/medicina.udd.cl\/fonoaudiologia-santiago\/perfil-de-egreso\/","og_locale":"es_ES","og_type":"article","og_title":"Perfil de Egreso - Fonoaudiolog\u00eda","og_description":"La carrera\u00a0de Fonoaudiolog\u00eda de la Facultad de Medicina Cl\u00ednica Alemana Universidad del Desarrollo, se imparte en la sede\u00a0de\u00a0Santiago y\u00a0\u00a0tiene una duraci\u00f3n\u00a0de\u00a010 semestres. Durante los cuatro primeros semestres los estudiantes se integran en un plan com\u00fan con otras carreras del \u00e1rea\u00a0de\u00a0la salud e inician los estudios\u00a0de\u00a0la formaci\u00f3n disciplinar, que se profundizan en el ciclo\u00a0de\u00a0licenciatura. Se destaca [&hellip;]","og_url":"https:\/\/medicina.udd.cl\/fonoaudiologia-santiago\/perfil-de-egreso\/","og_site_name":"Fonoaudiolog\u00eda","article_modified_time":"2020-06-16T22:18:50+00:00","twitter_misc":{"Tiempo de lectura":"6 minutos"},"schema":{"@context":"https:\/\/schema.org","@graph":[{"@type":"WebPage","@id":"https:\/\/medicina.udd.cl\/fonoaudiologia-santiago\/perfil-de-egreso\/","url":"https:\/\/medicina.udd.cl\/fonoaudiologia-santiago\/perfil-de-egreso\/","name":"Perfil de Egreso - Fonoaudiolog\u00eda","isPartOf":{"@id":"https:\/\/medicina.udd.cl\/fonoaudiologia-santiago\/#website"},"datePublished":"2019-08-22T18:56:17+00:00","dateModified":"2020-06-16T22:18:50+00:00","breadcrumb":{"@id":"https:\/\/medicina.udd.cl\/fonoaudiologia-santiago\/perfil-de-egreso\/#breadcrumb"},"inLanguage":"es","potentialAction":[{"@type":"ReadAction","target":["https:\/\/medicina.udd.cl\/fonoaudiologia-santiago\/perfil-de-egreso\/"]}]},{"@type":"BreadcrumbList","@id":"https:\/\/medicina.udd.cl\/fonoaudiologia-santiago\/perfil-de-egreso\/#breadcrumb","itemListElement":[{"@type":"ListItem","position":1,"name":"Home","item":"https:\/\/medicina.udd.cl\/fonoaudiologia-santiago\/"},{"@type":"ListItem","position":2,"name":"Perfil de Egreso"}]},{"@type":"WebSite","@id":"https:\/\/medicina.udd.cl\/fonoaudiologia-santiago\/#website","url":"https:\/\/medicina.udd.cl\/fonoaudiologia-santiago\/","name":"Fonoaudiolog\u00eda","description":"Facultad de Medicina Cl\u00ednica Alemana Universidad del Desarrollo","inLanguage":"es"}]}},"_links":{"self":[{"href":"https:\/\/medicina.udd.cl\/fonoaudiologia-santiago\/wp-json\/wp\/v2\/pages\/4375","targetHints":{"allow":["GET"]}}],"collection":[{"href":"https:\/\/medicina.udd.cl\/fonoaudiologia-santiago\/wp-json\/wp\/v2\/pages"}],"about":[{"href":"https:\/\/medicina.udd.cl\/fonoaudiologia-santiago\/wp-json\/wp\/v2\/types\/page"}],"author":[{"embeddable":true,"href":"https:\/\/medicina.udd.cl\/fonoaudiologia-santiago\/wp-json\/wp\/v2\/users\/9192218"}],"replies":[{"embeddable":true,"href":"https:\/\/medicina.udd.cl\/fonoaudiologia-santiago\/wp-json\/wp\/v2\/comments?post=4375"}],"version-history":[{"count":2,"href":"https:\/\/medicina.udd.cl\/fonoaudiologia-santiago\/wp-json\/wp\/v2\/pages\/4375\/revisions"}],"predecessor-version":[{"id":4883,"href":"https:\/\/medicina.udd.cl\/fonoaudiologia-santiago\/wp-json\/wp\/v2\/pages\/4375\/revisions\/4883"}],"wp:attachment":[{"href":"https:\/\/medicina.udd.cl\/fonoaudiologia-santiago\/wp-json\/wp\/v2\/media?parent=4375"}],"curies":[{"name":"wp","href":"https:\/\/api.w.org\/{rel}","templated":true}]}}