{"id":4839,"date":"2020-05-05T22:46:37","date_gmt":"2020-05-06T02:46:37","guid":{"rendered":"http:\/\/medicina.udd.cl\/fonoaudiologia-santiago\/?page_id=4839"},"modified":"2022-01-07T21:26:42","modified_gmt":"2022-01-08T00:26:42","slug":"por-que-estudiar-fonoaudiologia-en-la-udd","status":"publish","type":"page","link":"https:\/\/medicina.udd.cl\/fonoaudiologia-santiago\/por-que-estudiar-fonoaudiologia-en-la-udd\/","title":{"rendered":"\u00bfPor qu\u00e9 estudiar Fonoaudiolog\u00eda en la UDD?"},"content":{"rendered":"<!-- WP Block: UDD - Content Gallery -->\n<section class=\"wp-block-udd-content-gallery wp-block-udd-content-gallery--align-left\">\n\t<div class=\"content-gallery\">\n\t\t<main class=\"content-gallery__content\">\n\t\t\t<div class=\"content-gallery__content-inner\">\n\t\t\t\t<h2 class=\"block__title content-gallery__title\">Cl\u00ednica UDD<\/h2>\n\t\t\t\t<div class=\"text\">\n\t\t\t\t\t\n<p>Campo cl\u00ednico exclusivo de la Facultad de Medicina Cl\u00ednica Alemana Universidad del Desarrollo.<\/p>\n\n<p>Concentra actividades docentes asistenciales de la Facultad y ofrece atenci\u00f3n ambulatoria para los habitantes de La Florida, la Granja, San Ram\u00f3n y La Cisterna.<\/p>\n\n<p><a href=\"https:\/\/clinicaudd.udd.cl\/\">Visitar el sitio<\/a><\/p>\n\t\t\t\t<\/div>\n\t\t\t<\/div>\n\t\t<\/main>\n\t\t<aside class=\"content-gallery__media\">\n\t\t\t<div id=\"gallery-carousel-cd67e6f2bc\" class=\"carousel slide carousel-gallery\" data-ride=\"carousel\" data-interval=\"false\">\n\t\t\t\t<div class=\"carousel-inner\" role=\"listbox\">\n\t\t\t\t\t\t\t\t\t\t\t<div class=\"carousel-item active\">\n\t\t\t\t\t\t\t<img loading=\"lazy\" decoding=\"async\" width=\"1181\" height=\"745\" src=\"https:\/\/medicina.udd.cl\/fonoaudiologia-santiago\/files\/2020\/12\/clinicaudd.jpg\" class=\"content-gallery__media-image\" alt=\"\" srcset=\"https:\/\/medicina.udd.cl\/fonoaudiologia-santiago\/files\/2020\/12\/clinicaudd.jpg 1181w, https:\/\/medicina.udd.cl\/fonoaudiologia-santiago\/files\/2020\/12\/clinicaudd-300x189.jpg 300w, https:\/\/medicina.udd.cl\/fonoaudiologia-santiago\/files\/2020\/12\/clinicaudd-1024x646.jpg 1024w, https:\/\/medicina.udd.cl\/fonoaudiologia-santiago\/files\/2020\/12\/clinicaudd-768x484.jpg 768w\" sizes=\"auto, (max-width: 1181px) 100vw, 1181px\" \/>\t\t\t\t\t\t\t\t\t\t\t\t\t<\/div>\n\t\t\t\t\t\t\t\t\t<\/div>\n\t\t\t\t\t\t<\/div>\n\t\t<\/aside>\n\t<\/div>\n<\/section>\n\n\n<!-- WP Block: UDD - Content Gallery -->\n<section class=\"wp-block-udd-content-gallery\">\n\t<div class=\"content-gallery\">\n\t\t<main class=\"content-gallery__content\">\n\t\t\t<div class=\"content-gallery__content-inner\">\n\t\t\t\t<h2 class=\"block__title content-gallery__title\">Experiencia cl\u00ednica<\/h2>\n\t\t\t\t<div class=\"text\">\n\t\t\t\t\t\n<p>Tenemos pasos pr\u00e1cticos desde el primer mes de la carrera y durante todas las asignaturas.<\/p>\n\t\t\t\t<\/div>\n\t\t\t<\/div>\n\t\t<\/main>\n\t\t<aside class=\"content-gallery__media\">\n\t\t\t<div id=\"gallery-carousel-e0144ba1fa\" class=\"carousel slide carousel-gallery\" data-ride=\"carousel\" data-interval=\"false\">\n\t\t\t\t<div class=\"carousel-inner\" role=\"listbox\">\n\t\t\t\t\t\t\t\t\t\t\t<div class=\"carousel-item active\">\n\t\t\t\t\t\t\t<img loading=\"lazy\" decoding=\"async\" width=\"960\" height=\"768\" src=\"https:\/\/medicina.udd.cl\/fonoaudiologia-santiago\/files\/2020\/01\/IMG-20200124-WA0001-960x768.jpg\" class=\"content-gallery__media-image\" alt=\"\" \/>\t\t\t\t\t\t\t\t\t\t\t\t\t<\/div>\n\t\t\t\t\t\t\t\t\t<\/div>\n\t\t\t\t\t\t<\/div>\n\t\t<\/aside>\n\t<\/div>\n<\/section>\n\n\n<!-- WP Block: UDD - Content Gallery -->\n<section class=\"wp-block-udd-content-gallery wp-block-udd-content-gallery--align-left\">\n\t<div class=\"content-gallery\">\n\t\t<main class=\"content-gallery__content\">\n\t\t\t<div class=\"content-gallery__content-inner\">\n\t\t\t\t<h2 class=\"block__title content-gallery__title\">Convenio internacional<\/h2>\n\t\t\t\t<div class=\"text\">\n\t\t\t\t\t\n<p>Nuestra acreditaci\u00f3n nos da la oportunidad de tener un convenio directo con EE.UU. para que nuestros fonoaudi\u00f3logos puedan trabajar en ese pa\u00eds una vez titulados.<\/p>\n\t\t\t\t<\/div>\n\t\t\t<\/div>\n\t\t<\/main>\n\t\t<aside class=\"content-gallery__media\">\n\t\t\t<div id=\"gallery-carousel-afc3d54890\" class=\"carousel slide carousel-gallery\" data-ride=\"carousel\" data-interval=\"false\">\n\t\t\t\t<div class=\"carousel-inner\" role=\"listbox\">\n\t\t\t\t\t\t\t\t\t\t\t<div class=\"carousel-item active\">\n\t\t\t\t\t\t\t<img loading=\"lazy\" decoding=\"async\" width=\"512\" height=\"288\" src=\"https:\/\/medicina.udd.cl\/fonoaudiologia-santiago\/files\/2020\/05\/bandera-USA.jpg\" class=\"content-gallery__media-image\" alt=\"\" srcset=\"https:\/\/medicina.udd.cl\/fonoaudiologia-santiago\/files\/2020\/05\/bandera-USA.jpg 512w, https:\/\/medicina.udd.cl\/fonoaudiologia-santiago\/files\/2020\/05\/bandera-USA-300x169.jpg 300w\" sizes=\"auto, (max-width: 512px) 100vw, 512px\" \/>\t\t\t\t\t\t\t\t\t\t\t\t\t<\/div>\n\t\t\t\t\t\t\t\t\t<\/div>\n\t\t\t\t\t\t<\/div>\n\t\t<\/aside>\n\t<\/div>\n<\/section>\n\n\n<!-- WP Block: UDD - Content Gallery -->\n<section class=\"wp-block-udd-content-gallery\">\n\t<div class=\"content-gallery\">\n\t\t<main class=\"content-gallery__content\">\n\t\t\t<div class=\"content-gallery__content-inner\">\n\t\t\t\t<h2 class=\"block__title content-gallery__title\">Formaci\u00f3n integral<\/h2>\n\t\t\t\t<div class=\"text\">\n\t\t\t\t\t\n<p>El Fonoaudi\u00f3logo UDD es un profesional integral preparado para trabajar en cualquier \u00e1rea que desee.<\/p>\n\t\t\t\t<\/div>\n\t\t\t<\/div>\n\t\t<\/main>\n\t\t<aside class=\"content-gallery__media\">\n\t\t\t<div id=\"gallery-carousel-71ec2ac4ba\" class=\"carousel slide carousel-gallery\" data-ride=\"carousel\" data-interval=\"false\">\n\t\t\t\t<div class=\"carousel-inner\" role=\"listbox\">\n\t\t\t\t\t\t\t\t\t\t\t<div class=\"carousel-item active\">\n\t\t\t\t\t\t\t<img loading=\"lazy\" decoding=\"async\" width=\"1366\" height=\"768\" src=\"https:\/\/medicina.udd.cl\/fonoaudiologia-santiago\/files\/2019\/09\/Fonoaudiolog\u00eda-3-1366x768.jpg\" class=\"content-gallery__media-image\" alt=\"\" srcset=\"https:\/\/medicina.udd.cl\/fonoaudiologia-santiago\/files\/2019\/09\/Fonoaudiolog\u00eda-3-1366x768.jpg 1366w, https:\/\/medicina.udd.cl\/fonoaudiologia-santiago\/files\/2019\/09\/Fonoaudiolog\u00eda-3-1920x1080.jpg 1920w, https:\/\/medicina.udd.cl\/fonoaudiologia-santiago\/files\/2019\/09\/Fonoaudiolog\u00eda-3-952x534.jpg 952w, https:\/\/medicina.udd.cl\/fonoaudiologia-santiago\/files\/2019\/09\/Fonoaudiolog\u00eda-3-680x382.jpg 680w\" sizes=\"auto, (max-width: 1366px) 100vw, 1366px\" \/>\t\t\t\t\t\t\t\t\t\t\t\t\t<\/div>\n\t\t\t\t\t\t\t\t\t<\/div>\n\t\t\t\t\t\t<\/div>\n\t\t<\/aside>\n\t<\/div>\n<\/section>\n\n\n<!-- WP Block: UDD - Content Gallery -->\n<section class=\"wp-block-udd-content-gallery wp-block-udd-content-gallery--align-left\">\n\t<div class=\"content-gallery\">\n\t\t<main class=\"content-gallery__content\">\n\t\t\t<div class=\"content-gallery__content-inner\">\n\t\t\t\t<h2 class=\"block__title content-gallery__title\">Educaci\u00f3n continua<\/h2>\n\t\t\t\t<div class=\"text\">\n\t\t\t\t\t\n<p>En nuestra universidad tenemos la opci\u00f3n de continuar nuestros estudios con diplomados y mag\u00edsteres.<\/p>\n\t\t\t\t<\/div>\n\t\t\t<\/div>\n\t\t<\/main>\n\t\t<aside class=\"content-gallery__media\">\n\t\t\t<div id=\"gallery-carousel-24c12caee3\" class=\"carousel slide carousel-gallery\" data-ride=\"carousel\" data-interval=\"false\">\n\t\t\t\t<div class=\"carousel-inner\" role=\"listbox\">\n\t\t\t\t\t\t\t\t\t\t\t<div class=\"carousel-item active\">\n\t\t\t\t\t\t\t<img loading=\"lazy\" decoding=\"async\" width=\"1366\" height=\"768\" src=\"https:\/\/medicina.udd.cl\/fonoaudiologia-santiago\/files\/2020\/07\/TITULACI\u00d3N-DIPLOMADO-MOTRICIDAD-ORO-FACIAL-1366x768.jpg\" class=\"content-gallery__media-image\" alt=\"\" srcset=\"https:\/\/medicina.udd.cl\/fonoaudiologia-santiago\/files\/2020\/07\/TITULACI\u00d3N-DIPLOMADO-MOTRICIDAD-ORO-FACIAL-1366x768.jpg 1366w, https:\/\/medicina.udd.cl\/fonoaudiologia-santiago\/files\/2020\/07\/TITULACI\u00d3N-DIPLOMADO-MOTRICIDAD-ORO-FACIAL-1920x1080.jpg 1920w, https:\/\/medicina.udd.cl\/fonoaudiologia-santiago\/files\/2020\/07\/TITULACI\u00d3N-DIPLOMADO-MOTRICIDAD-ORO-FACIAL-952x534.jpg 952w, https:\/\/medicina.udd.cl\/fonoaudiologia-santiago\/files\/2020\/07\/TITULACI\u00d3N-DIPLOMADO-MOTRICIDAD-ORO-FACIAL-680x382.jpg 680w\" sizes=\"auto, (max-width: 1366px) 100vw, 1366px\" \/>\t\t\t\t\t\t\t\t\t\t\t\t\t<\/div>\n\t\t\t\t\t\t\t\t\t<\/div>\n\t\t\t\t\t\t<\/div>\n\t\t<\/aside>\n\t<\/div>\n<\/section>\n\n\n<!-- WP Block: UDD - Content Gallery -->\n<section class=\"wp-block-udd-content-gallery\">\n\t<div class=\"content-gallery\">\n\t\t<main class=\"content-gallery__content\">\n\t\t\t<div class=\"content-gallery__content-inner\">\n\t\t\t\t<h2 class=\"block__title content-gallery__title\">Trabajo Fonoaudiol\u00f3gico en UCI<\/h2>\n\t\t\t\t<div class=\"text\">\n\t\t\t\t\t\n<p>Asignatura semestral y pasos pr\u00e1cticos en UCI de Cl\u00ednica\nAlemana<\/p>\n\t\t\t\t<\/div>\n\t\t\t<\/div>\n\t\t<\/main>\n\t\t<aside class=\"content-gallery__media\">\n\t\t\t<div id=\"gallery-carousel-3847f8b698\" class=\"carousel slide carousel-gallery\" data-ride=\"carousel\" data-interval=\"false\">\n\t\t\t\t<div class=\"carousel-inner\" role=\"listbox\">\n\t\t\t\t\t\t\t\t\t\t\t<div class=\"carousel-item active\">\n\t\t\t\t\t\t\t<img loading=\"lazy\" decoding=\"async\" width=\"1366\" height=\"768\" src=\"https:\/\/medicina.udd.cl\/fonoaudiologia-santiago\/files\/2020\/07\/PhotoGrid_1595531328838-1366x768.jpg\" class=\"content-gallery__media-image\" alt=\"\" srcset=\"https:\/\/medicina.udd.cl\/fonoaudiologia-santiago\/files\/2020\/07\/PhotoGrid_1595531328838-1366x768.jpg 1366w, https:\/\/medicina.udd.cl\/fonoaudiologia-santiago\/files\/2020\/07\/PhotoGrid_1595531328838-1920x1080.jpg 1920w, https:\/\/medicina.udd.cl\/fonoaudiologia-santiago\/files\/2020\/07\/PhotoGrid_1595531328838-952x534.jpg 952w, https:\/\/medicina.udd.cl\/fonoaudiologia-santiago\/files\/2020\/07\/PhotoGrid_1595531328838-680x382.jpg 680w\" sizes=\"auto, (max-width: 1366px) 100vw, 1366px\" \/>\t\t\t\t\t\t\t\t\t\t\t\t\t<\/div>\n\t\t\t\t\t\t\t\t\t<\/div>\n\t\t\t\t\t\t<\/div>\n\t\t<\/aside>\n\t<\/div>\n<\/section>\n\n\n<!-- WP Block: UDD - Content Gallery -->\n<section class=\"wp-block-udd-content-gallery wp-block-udd-content-gallery--align-left\">\n\t<div class=\"content-gallery\">\n\t\t<main class=\"content-gallery__content\">\n\t\t\t<div class=\"content-gallery__content-inner\">\n\t\t\t\t<h2 class=\"block__title content-gallery__title\">Pasos pr\u00e1cticos en servicio de im\u00e1genes <\/h2>\n\t\t\t\t<div class=\"text\">\n\t\t\t\t\t\n<p>Videofluoroscop\u00eda (VFC) y estudio de la degluci\u00f3n en Cl\u00ednica Alemana.<\/p>\n\t\t\t\t<\/div>\n\t\t\t<\/div>\n\t\t<\/main>\n\t\t<aside class=\"content-gallery__media\">\n\t\t\t<div id=\"gallery-carousel-9dde85e5b7\" class=\"carousel slide carousel-gallery\" data-ride=\"carousel\" data-interval=\"false\">\n\t\t\t\t<div class=\"carousel-inner\" role=\"listbox\">\n\t\t\t\t\t\t\t\t\t\t\t<div class=\"carousel-item active\">\n\t\t\t\t\t\t\t<img loading=\"lazy\" decoding=\"async\" width=\"1366\" height=\"768\" src=\"https:\/\/medicina.udd.cl\/fonoaudiologia-santiago\/files\/2020\/07\/la-foto-1-copia-1366x768.jpg\" class=\"content-gallery__media-image\" alt=\"\" srcset=\"https:\/\/medicina.udd.cl\/fonoaudiologia-santiago\/files\/2020\/07\/la-foto-1-copia-1366x768.jpg 1366w, https:\/\/medicina.udd.cl\/fonoaudiologia-santiago\/files\/2020\/07\/la-foto-1-copia-1920x1080.jpg 1920w, https:\/\/medicina.udd.cl\/fonoaudiologia-santiago\/files\/2020\/07\/la-foto-1-copia-952x534.jpg 952w, https:\/\/medicina.udd.cl\/fonoaudiologia-santiago\/files\/2020\/07\/la-foto-1-copia-680x382.jpg 680w\" sizes=\"auto, (max-width: 1366px) 100vw, 1366px\" \/>\t\t\t\t\t\t\t\t\t\t\t\t\t<\/div>\n\t\t\t\t\t\t\t\t\t<\/div>\n\t\t\t\t\t\t<\/div>\n\t\t<\/aside>\n\t<\/div>\n<\/section>\n\n\n<!-- WP Block: UDD - Content Gallery -->\n<section class=\"wp-block-udd-content-gallery\">\n\t<div class=\"content-gallery\">\n\t\t<main class=\"content-gallery__content\">\n\t\t\t<div class=\"content-gallery__content-inner\">\n\t\t\t\t<h2 class=\"block__title content-gallery__title\">Participaci\u00f3n en cirug\u00eda cerebral en vigilia<\/h2>\n\t\t\t\t<div class=\"text\">\n\t\t\t\t\t\n<p>El rol del fonoaudi\u00f3logo  en este m\u00e9todo en el que se interviene el&nbsp;<strong>cerebro<\/strong>&nbsp;del paciente mientras est\u00e1 despierto (Cl\u00ednica Alemana).<\/p>\n\t\t\t\t<\/div>\n\t\t\t<\/div>\n\t\t<\/main>\n\t\t<aside class=\"content-gallery__media\">\n\t\t\t<div id=\"gallery-carousel-371ce55661\" class=\"carousel slide carousel-gallery\" data-ride=\"carousel\" data-interval=\"false\">\n\t\t\t\t<div class=\"carousel-inner\" role=\"listbox\">\n\t\t\t\t\t\t\t\t\t\t\t<div class=\"carousel-item active\">\n\t\t\t\t\t\t\t<img loading=\"lazy\" decoding=\"async\" width=\"642\" height=\"483\" src=\"https:\/\/medicina.udd.cl\/fonoaudiologia-santiago\/files\/2020\/07\/FOTO-PABELL\u00d3N.jpg\" class=\"content-gallery__media-image\" alt=\"\" srcset=\"https:\/\/medicina.udd.cl\/fonoaudiologia-santiago\/files\/2020\/07\/FOTO-PABELL\u00d3N.jpg 642w, https:\/\/medicina.udd.cl\/fonoaudiologia-santiago\/files\/2020\/07\/FOTO-PABELL\u00d3N-300x226.jpg 300w\" sizes=\"auto, (max-width: 642px) 100vw, 642px\" \/>\t\t\t\t\t\t\t\t\t\t\t\t\t<\/div>\n\t\t\t\t\t\t\t\t\t<\/div>\n\t\t\t\t\t\t<\/div>\n\t\t<\/aside>\n\t<\/div>\n<\/section>\n\n\n<!-- WP Block: UDD - Content Gallery -->\n<section class=\"wp-block-udd-content-gallery wp-block-udd-content-gallery--align-left\">\n\t<div class=\"content-gallery\">\n\t\t<main class=\"content-gallery__content\">\n\t\t\t<div class=\"content-gallery__content-inner\">\n\t\t\t\t<h2 class=\"block__title content-gallery__title\">Nuevo edificio<\/h2>\n\t\t\t\t<div class=\"text\">\n\t\t\t\t\t\n<p>A partir de 2021, la Facultad de Medicina Cl\u00ednica Alemana Universidad del Desarrollo, contar\u00e1 con un nuevo edificio de 16 mil m2 en el campus Rector Ernesto Silva Bafalluy (San Carlos de Apoquindo). Esto permitir\u00e1 tener a todas las carreras de la salud y de la Universidad reunidas en un mismo campus, favoreciendo el trabajo interdisciplinario y la vida universitaria.<\/p>\n\t\t\t\t<\/div>\n\t\t\t<\/div>\n\t\t<\/main>\n\t\t<aside class=\"content-gallery__media\">\n\t\t\t<div id=\"gallery-carousel-83c3101e8d\" class=\"carousel slide carousel-gallery\" data-ride=\"carousel\" data-interval=\"false\">\n\t\t\t\t<div class=\"carousel-inner\" role=\"listbox\">\n\t\t\t\t\t\t\t\t\t\t\t<div class=\"carousel-item active\">\n\t\t\t\t\t\t\t<img loading=\"lazy\" decoding=\"async\" width=\"1366\" height=\"768\" src=\"https:\/\/medicina.udd.cl\/fonoaudiologia-santiago\/files\/2020\/05\/EDIF-Facultad-1366x768.jpg\" class=\"content-gallery__media-image\" alt=\"\" srcset=\"https:\/\/medicina.udd.cl\/fonoaudiologia-santiago\/files\/2020\/05\/EDIF-Facultad-1366x768.jpg 1366w, https:\/\/medicina.udd.cl\/fonoaudiologia-santiago\/files\/2020\/05\/EDIF-Facultad-1920x1080.jpg 1920w, https:\/\/medicina.udd.cl\/fonoaudiologia-santiago\/files\/2020\/05\/EDIF-Facultad-952x534.jpg 952w, https:\/\/medicina.udd.cl\/fonoaudiologia-santiago\/files\/2020\/05\/EDIF-Facultad-680x382.jpg 680w\" sizes=\"auto, (max-width: 1366px) 100vw, 1366px\" \/>\t\t\t\t\t\t\t\t\t\t\t\t\t<\/div>\n\t\t\t\t\t\t\t\t\t<\/div>\n\t\t\t\t\t\t<\/div>\n\t\t<\/aside>\n\t<\/div>\n<\/section>\n","protected":false},"excerpt":{"rendered":"","protected":false},"author":9192194,"featured_media":0,"parent":0,"menu_order":0,"comment_status":"closed","ping_status":"closed","template":"","meta":{"footnotes":""},"class_list":["post-4839","page","type-page","status-publish","hentry"],"yoast_head":"<!-- This site is optimized with the Yoast SEO plugin v26.9 - https:\/\/yoast.com\/product\/yoast-seo-wordpress\/ -->\n<title>\u00bfPor qu\u00e9 estudiar Fonoaudiolog\u00eda en la UDD? - Fonoaudiolog\u00eda<\/title>\n<meta name=\"robots\" content=\"index, follow, max-snippet:-1, max-image-preview:large, max-video-preview:-1\" \/>\n<link rel=\"canonical\" href=\"https:\/\/medicina.udd.cl\/fonoaudiologia-santiago\/por-que-estudiar-fonoaudiologia-en-la-udd\/\" \/>\n<meta property=\"og:locale\" content=\"es_ES\" \/>\n<meta property=\"og:type\" content=\"article\" \/>\n<meta property=\"og:title\" content=\"\u00bfPor qu\u00e9 estudiar Fonoaudiolog\u00eda en la UDD? - Fonoaudiolog\u00eda\" \/>\n<meta property=\"og:url\" content=\"https:\/\/medicina.udd.cl\/fonoaudiologia-santiago\/por-que-estudiar-fonoaudiologia-en-la-udd\/\" \/>\n<meta property=\"og:site_name\" content=\"Fonoaudiolog\u00eda\" \/>\n<meta property=\"article:modified_time\" content=\"2022-01-08T00:26:42+00:00\" \/>\n<meta name=\"twitter:label1\" content=\"Tiempo de lectura\" \/>\n\t<meta name=\"twitter:data1\" content=\"1 minuto\" \/>\n<script type=\"application\/ld+json\" class=\"yoast-schema-graph\">{\"@context\":\"https:\/\/schema.org\",\"@graph\":[{\"@type\":\"WebPage\",\"@id\":\"https:\/\/medicina.udd.cl\/fonoaudiologia-santiago\/por-que-estudiar-fonoaudiologia-en-la-udd\/\",\"url\":\"https:\/\/medicina.udd.cl\/fonoaudiologia-santiago\/por-que-estudiar-fonoaudiologia-en-la-udd\/\",\"name\":\"\u00bfPor qu\u00e9 estudiar Fonoaudiolog\u00eda en la UDD? - Fonoaudiolog\u00eda\",\"isPartOf\":{\"@id\":\"https:\/\/medicina.udd.cl\/fonoaudiologia-santiago\/#website\"},\"datePublished\":\"2020-05-06T02:46:37+00:00\",\"dateModified\":\"2022-01-08T00:26:42+00:00\",\"breadcrumb\":{\"@id\":\"https:\/\/medicina.udd.cl\/fonoaudiologia-santiago\/por-que-estudiar-fonoaudiologia-en-la-udd\/#breadcrumb\"},\"inLanguage\":\"es\",\"potentialAction\":[{\"@type\":\"ReadAction\",\"target\":[\"https:\/\/medicina.udd.cl\/fonoaudiologia-santiago\/por-que-estudiar-fonoaudiologia-en-la-udd\/\"]}]},{\"@type\":\"BreadcrumbList\",\"@id\":\"https:\/\/medicina.udd.cl\/fonoaudiologia-santiago\/por-que-estudiar-fonoaudiologia-en-la-udd\/#breadcrumb\",\"itemListElement\":[{\"@type\":\"ListItem\",\"position\":1,\"name\":\"Home\",\"item\":\"https:\/\/medicina.udd.cl\/fonoaudiologia-santiago\/\"},{\"@type\":\"ListItem\",\"position\":2,\"name\":\"\u00bfPor qu\u00e9 estudiar Fonoaudiolog\u00eda en la UDD?\"}]},{\"@type\":\"WebSite\",\"@id\":\"https:\/\/medicina.udd.cl\/fonoaudiologia-santiago\/#website\",\"url\":\"https:\/\/medicina.udd.cl\/fonoaudiologia-santiago\/\",\"name\":\"Fonoaudiolog\u00eda\",\"description\":\"Facultad de Medicina Cl\u00ednica Alemana Universidad del Desarrollo\",\"inLanguage\":\"es\"}]}<\/script>\n<!-- \/ Yoast SEO plugin. -->","yoast_head_json":{"title":"\u00bfPor qu\u00e9 estudiar Fonoaudiolog\u00eda en la UDD? - Fonoaudiolog\u00eda","robots":{"index":"index","follow":"follow","max-snippet":"max-snippet:-1","max-image-preview":"max-image-preview:large","max-video-preview":"max-video-preview:-1"},"canonical":"https:\/\/medicina.udd.cl\/fonoaudiologia-santiago\/por-que-estudiar-fonoaudiologia-en-la-udd\/","og_locale":"es_ES","og_type":"article","og_title":"\u00bfPor qu\u00e9 estudiar Fonoaudiolog\u00eda en la UDD? - Fonoaudiolog\u00eda","og_url":"https:\/\/medicina.udd.cl\/fonoaudiologia-santiago\/por-que-estudiar-fonoaudiologia-en-la-udd\/","og_site_name":"Fonoaudiolog\u00eda","article_modified_time":"2022-01-08T00:26:42+00:00","twitter_misc":{"Tiempo de lectura":"1 minuto"},"schema":{"@context":"https:\/\/schema.org","@graph":[{"@type":"WebPage","@id":"https:\/\/medicina.udd.cl\/fonoaudiologia-santiago\/por-que-estudiar-fonoaudiologia-en-la-udd\/","url":"https:\/\/medicina.udd.cl\/fonoaudiologia-santiago\/por-que-estudiar-fonoaudiologia-en-la-udd\/","name":"\u00bfPor qu\u00e9 estudiar Fonoaudiolog\u00eda en la UDD? - Fonoaudiolog\u00eda","isPartOf":{"@id":"https:\/\/medicina.udd.cl\/fonoaudiologia-santiago\/#website"},"datePublished":"2020-05-06T02:46:37+00:00","dateModified":"2022-01-08T00:26:42+00:00","breadcrumb":{"@id":"https:\/\/medicina.udd.cl\/fonoaudiologia-santiago\/por-que-estudiar-fonoaudiologia-en-la-udd\/#breadcrumb"},"inLanguage":"es","potentialAction":[{"@type":"ReadAction","target":["https:\/\/medicina.udd.cl\/fonoaudiologia-santiago\/por-que-estudiar-fonoaudiologia-en-la-udd\/"]}]},{"@type":"BreadcrumbList","@id":"https:\/\/medicina.udd.cl\/fonoaudiologia-santiago\/por-que-estudiar-fonoaudiologia-en-la-udd\/#breadcrumb","itemListElement":[{"@type":"ListItem","position":1,"name":"Home","item":"https:\/\/medicina.udd.cl\/fonoaudiologia-santiago\/"},{"@type":"ListItem","position":2,"name":"\u00bfPor qu\u00e9 estudiar Fonoaudiolog\u00eda en la UDD?"}]},{"@type":"WebSite","@id":"https:\/\/medicina.udd.cl\/fonoaudiologia-santiago\/#website","url":"https:\/\/medicina.udd.cl\/fonoaudiologia-santiago\/","name":"Fonoaudiolog\u00eda","description":"Facultad de Medicina Cl\u00ednica Alemana Universidad del Desarrollo","inLanguage":"es"}]}},"_links":{"self":[{"href":"https:\/\/medicina.udd.cl\/fonoaudiologia-santiago\/wp-json\/wp\/v2\/pages\/4839","targetHints":{"allow":["GET"]}}],"collection":[{"href":"https:\/\/medicina.udd.cl\/fonoaudiologia-santiago\/wp-json\/wp\/v2\/pages"}],"about":[{"href":"https:\/\/medicina.udd.cl\/fonoaudiologia-santiago\/wp-json\/wp\/v2\/types\/page"}],"author":[{"embeddable":true,"href":"https:\/\/medicina.udd.cl\/fonoaudiologia-santiago\/wp-json\/wp\/v2\/users\/9192194"}],"replies":[{"embeddable":true,"href":"https:\/\/medicina.udd.cl\/fonoaudiologia-santiago\/wp-json\/wp\/v2\/comments?post=4839"}],"version-history":[{"count":15,"href":"https:\/\/medicina.udd.cl\/fonoaudiologia-santiago\/wp-json\/wp\/v2\/pages\/4839\/revisions"}],"predecessor-version":[{"id":5353,"href":"https:\/\/medicina.udd.cl\/fonoaudiologia-santiago\/wp-json\/wp\/v2\/pages\/4839\/revisions\/5353"}],"wp:attachment":[{"href":"https:\/\/medicina.udd.cl\/fonoaudiologia-santiago\/wp-json\/wp\/v2\/media?parent=4839"}],"curies":[{"name":"wp","href":"https:\/\/api.w.org\/{rel}","templated":true}]}}