{"id":92,"date":"2010-05-14T14:08:28","date_gmt":"2010-05-14T18:08:28","guid":{"rendered":"http:\/\/medicina.udd.cl\/fonoaudiologia-santiago\/areas-de-trabajo\/"},"modified":"2016-09-21T15:28:45","modified_gmt":"2016-09-21T18:28:45","slug":"areas-de-desempeno","status":"publish","type":"page","link":"https:\/\/medicina.udd.cl\/fonoaudiologia-santiago\/la-carrera\/areas-de-desempeno\/","title":{"rendered":"\u00c1reas de Desempe\u00f1o"},"content":{"rendered":"<h4><span style=\"color: #008080\">\u00c1rea asistencial<\/span><\/h4>\n<ul>\n<li style=\"text-align: justify\"><strong><span style=\"color: #008080\">\u00c1rea Lenguaje<\/span><br \/>\n<\/strong><strong>Competencias espec\u00edficas:<\/strong>\u00a0evaluar, diagnosticar y tratar los niveles formales del lenguaje expresivo y comprensivo (fonol\u00f3gico, l\u00e9xico-sem\u00e1ntico, morfosint\u00e1ctico y pragm\u00e1tico) en todo el ciclo vital.<\/li>\n<\/ul>\n<ul>\n<li style=\"text-align: justify\"><strong>\u00a0<span style=\"color: #008080\">\u00c1rea Habla<\/span><\/strong><br \/>\n<strong>Competencias espec\u00edficas:<\/strong> evaluar, diagnosticar y tratar las alteraciones de la articulaci\u00f3n y la fluidez del habla en todo el ciclo vital.<\/li>\n<\/ul>\n<ul>\n<li style=\"text-align: justify\"><strong><span style=\"color: #008080\">\u00c1rea Voz<\/span><\/strong><br \/>\n<strong>Competencias espec\u00edficas:<\/strong> evaluar diagnosticar y tratar la voz normal o patol\u00f3gica en todo el ciclo vital.<\/li>\n<\/ul>\n<ul>\n<li style=\"text-align: justify\"><strong><span style=\"color: #008080\">\u00c1rea Audici\u00f3n<\/span><\/strong><br \/>\n<strong>Competencias espec\u00edficas:<\/strong> evaluar y diagnosticar las alteraciones del sistema audio vestibulares en todo el ciclo vital.\u00a0Ser capaz de evaluar, diagnosticar y tratar\u00a0\u00a0 las alteraciones auditivo \u2013 ling\u00fc\u00edsticas del trastorno derivado de la funci\u00f3n auditiva, en todo el ciclo vital.<\/li>\n<\/ul>\n<ul>\n<li style=\"text-align: justify\"><span style=\"color: #008080\"><strong>Motricidad orofacial<br \/>\n<\/strong><\/span><strong>Competencias espec\u00edficas:<\/strong> evaluar, diagnosticar y tratar los trastornos de la degluci\u00f3n en todo el ciclo vital. Adem\u00e1s de evaluar, diagnosticar y tratar las alteraciones de h\u00e1bitos orales y funciones prearticulatorias en todo el ciclo vital.<\/li>\n<\/ul>\n<p>&nbsp;<\/p>\n<h4><span style=\"color: #008080\">\u00c1rea Promoci\u00f3n y Prevenci\u00f3n<\/span><\/h4>\n<p style=\"text-align: justify\"><strong>Competencias espec\u00edficas:<\/strong> detectar y prevenir las alteraciones del lenguaje, habla, voz, audio vestibular y motricidad orofacial, en todo el ciclo vital. Promover habilidades comunicativas que permitan la interacci\u00f3n social en todo el ciclo vital.<\/p>\n<p>&nbsp;<\/p>\n<h4><span style=\"color: #008080\">\u00c1rea Investigaci\u00f3n<\/span><\/h4>\n<p style=\"text-align: justify\"><strong>Competencias espec\u00edficas:<\/strong> participar en la generaci\u00f3n y desarrollo de investigaciones relacionadas con la Fonoaudiolog\u00eda, que contribuyan a mejorar la calidad de vida de la poblaci\u00f3n.<\/p>\n<p>&nbsp;<\/p>\n<h4><span style=\"color: #008080\">\u00c1rea Gesti\u00f3n<\/span><\/h4>\n<p style=\"text-align: justify\"><strong>Competencias espec\u00edficas:<\/strong> gestionar, promover y evaluar proyectos e intervenciones en las \u00e1reas de la Fonoaudiolog\u00eda.<\/p>\n","protected":false},"excerpt":{"rendered":"<p>\u00c1rea asistencial \u00c1rea Lenguaje Competencias espec\u00edficas:\u00a0evaluar, diagnosticar y tratar los niveles formales del lenguaje expresivo y comprensivo (fonol\u00f3gico, l\u00e9xico-sem\u00e1ntico, morfosint\u00e1ctico y pragm\u00e1tico) en todo el ciclo vital. \u00a0\u00c1rea Habla Competencias espec\u00edficas: evaluar, diagnosticar y tratar las alteraciones de la articulaci\u00f3n y la fluidez del habla en todo el ciclo vital. \u00c1rea Voz Competencias espec\u00edficas: evaluar [&hellip;]<\/p>\n","protected":false},"author":1,"featured_media":0,"parent":3,"menu_order":30,"comment_status":"open","ping_status":"open","template":"","meta":{"footnotes":""},"class_list":["post-92","page","type-page","status-publish","hentry"],"yoast_head":"<!-- This site is optimized with the Yoast SEO plugin v26.9 - https:\/\/yoast.com\/product\/yoast-seo-wordpress\/ -->\n<title>\u00c1reas de Trabajo | Carrera de Fonoaudiolog\u00eda (Santiago) | Universidad del Desarrollo<\/title>\n<meta name=\"description\" content=\"En fonoaudiolog\u00eda en la UDD todas \u00e9stas \u00e1reas de trabajo son debidamente ense\u00f1adas por docentes especializados.\" \/>\n<meta name=\"robots\" content=\"index, follow, max-snippet:-1, max-image-preview:large, max-video-preview:-1\" \/>\n<link rel=\"canonical\" href=\"https:\/\/medicina.udd.cl\/fonoaudiologia-santiago\/la-carrera\/areas-de-desempeno\/\" \/>\n<meta property=\"og:locale\" content=\"es_ES\" \/>\n<meta property=\"og:type\" content=\"article\" \/>\n<meta property=\"og:title\" content=\"\u00c1reas de Trabajo | Carrera de Fonoaudiolog\u00eda (Santiago) | Universidad del Desarrollo\" \/>\n<meta property=\"og:description\" content=\"En fonoaudiolog\u00eda en la UDD todas \u00e9stas \u00e1reas de trabajo son debidamente ense\u00f1adas por docentes especializados.\" \/>\n<meta property=\"og:url\" content=\"https:\/\/medicina.udd.cl\/fonoaudiologia-santiago\/la-carrera\/areas-de-desempeno\/\" \/>\n<meta property=\"og:site_name\" content=\"Fonoaudiolog\u00eda\" \/>\n<meta property=\"article:modified_time\" content=\"2016-09-21T18:28:45+00:00\" \/>\n<meta name=\"twitter:label1\" content=\"Tiempo de lectura\" \/>\n\t<meta name=\"twitter:data1\" content=\"1 minuto\" \/>\n<script type=\"application\/ld+json\" class=\"yoast-schema-graph\">{\"@context\":\"https:\/\/schema.org\",\"@graph\":[{\"@type\":\"WebPage\",\"@id\":\"https:\/\/medicina.udd.cl\/fonoaudiologia-santiago\/la-carrera\/areas-de-desempeno\/\",\"url\":\"https:\/\/medicina.udd.cl\/fonoaudiologia-santiago\/la-carrera\/areas-de-desempeno\/\",\"name\":\"\u00c1reas de Trabajo | Carrera de Fonoaudiolog\u00eda (Santiago) | Universidad del Desarrollo\",\"isPartOf\":{\"@id\":\"https:\/\/medicina.udd.cl\/fonoaudiologia-santiago\/#website\"},\"datePublished\":\"2010-05-14T18:08:28+00:00\",\"dateModified\":\"2016-09-21T18:28:45+00:00\",\"description\":\"En fonoaudiolog\u00eda en la UDD todas \u00e9stas \u00e1reas de trabajo son debidamente ense\u00f1adas por docentes especializados.\",\"breadcrumb\":{\"@id\":\"https:\/\/medicina.udd.cl\/fonoaudiologia-santiago\/la-carrera\/areas-de-desempeno\/#breadcrumb\"},\"inLanguage\":\"es\",\"potentialAction\":[{\"@type\":\"ReadAction\",\"target\":[\"https:\/\/medicina.udd.cl\/fonoaudiologia-santiago\/la-carrera\/areas-de-desempeno\/\"]}]},{\"@type\":\"BreadcrumbList\",\"@id\":\"https:\/\/medicina.udd.cl\/fonoaudiologia-santiago\/la-carrera\/areas-de-desempeno\/#breadcrumb\",\"itemListElement\":[{\"@type\":\"ListItem\",\"position\":1,\"name\":\"Home\",\"item\":\"https:\/\/medicina.udd.cl\/fonoaudiologia-santiago\/\"},{\"@type\":\"ListItem\",\"position\":2,\"name\":\"La Carrera\",\"item\":\"https:\/\/medicina.udd.cl\/fonoaudiologia-santiago\/la-carrera\/\"},{\"@type\":\"ListItem\",\"position\":3,\"name\":\"\u00c1reas de Desempe\u00f1o\"}]},{\"@type\":\"WebSite\",\"@id\":\"https:\/\/medicina.udd.cl\/fonoaudiologia-santiago\/#website\",\"url\":\"https:\/\/medicina.udd.cl\/fonoaudiologia-santiago\/\",\"name\":\"Fonoaudiolog\u00eda\",\"description\":\"Facultad de Medicina Cl\u00ednica Alemana Universidad del Desarrollo\",\"inLanguage\":\"es\"}]}<\/script>\n<!-- \/ Yoast SEO plugin. -->","yoast_head_json":{"title":"\u00c1reas de Trabajo | Carrera de Fonoaudiolog\u00eda (Santiago) | Universidad del Desarrollo","description":"En fonoaudiolog\u00eda en la UDD todas \u00e9stas \u00e1reas de trabajo son debidamente ense\u00f1adas por docentes especializados.","robots":{"index":"index","follow":"follow","max-snippet":"max-snippet:-1","max-image-preview":"max-image-preview:large","max-video-preview":"max-video-preview:-1"},"canonical":"https:\/\/medicina.udd.cl\/fonoaudiologia-santiago\/la-carrera\/areas-de-desempeno\/","og_locale":"es_ES","og_type":"article","og_title":"\u00c1reas de Trabajo | Carrera de Fonoaudiolog\u00eda (Santiago) | Universidad del Desarrollo","og_description":"En fonoaudiolog\u00eda en la UDD todas \u00e9stas \u00e1reas de trabajo son debidamente ense\u00f1adas por docentes especializados.","og_url":"https:\/\/medicina.udd.cl\/fonoaudiologia-santiago\/la-carrera\/areas-de-desempeno\/","og_site_name":"Fonoaudiolog\u00eda","article_modified_time":"2016-09-21T18:28:45+00:00","twitter_misc":{"Tiempo de lectura":"1 minuto"},"schema":{"@context":"https:\/\/schema.org","@graph":[{"@type":"WebPage","@id":"https:\/\/medicina.udd.cl\/fonoaudiologia-santiago\/la-carrera\/areas-de-desempeno\/","url":"https:\/\/medicina.udd.cl\/fonoaudiologia-santiago\/la-carrera\/areas-de-desempeno\/","name":"\u00c1reas de Trabajo | Carrera de Fonoaudiolog\u00eda (Santiago) | Universidad del Desarrollo","isPartOf":{"@id":"https:\/\/medicina.udd.cl\/fonoaudiologia-santiago\/#website"},"datePublished":"2010-05-14T18:08:28+00:00","dateModified":"2016-09-21T18:28:45+00:00","description":"En fonoaudiolog\u00eda en la UDD todas \u00e9stas \u00e1reas de trabajo son debidamente ense\u00f1adas por docentes especializados.","breadcrumb":{"@id":"https:\/\/medicina.udd.cl\/fonoaudiologia-santiago\/la-carrera\/areas-de-desempeno\/#breadcrumb"},"inLanguage":"es","potentialAction":[{"@type":"ReadAction","target":["https:\/\/medicina.udd.cl\/fonoaudiologia-santiago\/la-carrera\/areas-de-desempeno\/"]}]},{"@type":"BreadcrumbList","@id":"https:\/\/medicina.udd.cl\/fonoaudiologia-santiago\/la-carrera\/areas-de-desempeno\/#breadcrumb","itemListElement":[{"@type":"ListItem","position":1,"name":"Home","item":"https:\/\/medicina.udd.cl\/fonoaudiologia-santiago\/"},{"@type":"ListItem","position":2,"name":"La Carrera","item":"https:\/\/medicina.udd.cl\/fonoaudiologia-santiago\/la-carrera\/"},{"@type":"ListItem","position":3,"name":"\u00c1reas de Desempe\u00f1o"}]},{"@type":"WebSite","@id":"https:\/\/medicina.udd.cl\/fonoaudiologia-santiago\/#website","url":"https:\/\/medicina.udd.cl\/fonoaudiologia-santiago\/","name":"Fonoaudiolog\u00eda","description":"Facultad de Medicina Cl\u00ednica Alemana Universidad del Desarrollo","inLanguage":"es"}]}},"_links":{"self":[{"href":"https:\/\/medicina.udd.cl\/fonoaudiologia-santiago\/wp-json\/wp\/v2\/pages\/92","targetHints":{"allow":["GET"]}}],"collection":[{"href":"https:\/\/medicina.udd.cl\/fonoaudiologia-santiago\/wp-json\/wp\/v2\/pages"}],"about":[{"href":"https:\/\/medicina.udd.cl\/fonoaudiologia-santiago\/wp-json\/wp\/v2\/types\/page"}],"author":[{"embeddable":true,"href":"https:\/\/medicina.udd.cl\/fonoaudiologia-santiago\/wp-json\/wp\/v2\/users\/1"}],"replies":[{"embeddable":true,"href":"https:\/\/medicina.udd.cl\/fonoaudiologia-santiago\/wp-json\/wp\/v2\/comments?post=92"}],"version-history":[{"count":25,"href":"https:\/\/medicina.udd.cl\/fonoaudiologia-santiago\/wp-json\/wp\/v2\/pages\/92\/revisions"}],"predecessor-version":[{"id":3560,"href":"https:\/\/medicina.udd.cl\/fonoaudiologia-santiago\/wp-json\/wp\/v2\/pages\/92\/revisions\/3560"}],"up":[{"embeddable":true,"href":"https:\/\/medicina.udd.cl\/fonoaudiologia-santiago\/wp-json\/wp\/v2\/pages\/3"}],"wp:attachment":[{"href":"https:\/\/medicina.udd.cl\/fonoaudiologia-santiago\/wp-json\/wp\/v2\/media?parent=92"}],"curies":[{"name":"wp","href":"https:\/\/api.w.org\/{rel}","templated":true}]}}