{"id":11204,"date":"2022-12-22T13:38:42","date_gmt":"2022-12-22T16:38:42","guid":{"rendered":"https:\/\/medicina.udd.cl\/icim\/?page_id=11204"},"modified":"2023-08-18T12:41:14","modified_gmt":"2023-08-18T16:41:14","slug":"unidad-de-computo-de-alto-rendimiento","status":"publish","type":"page","link":"https:\/\/medicina.udd.cl\/icim\/unidad-de-computo-de-alto-rendimiento\/","title":{"rendered":"Unidad de C\u00f3mputo de Alto Rendimiento"},"content":{"rendered":"\n<figure class=\"wp-block-image alignright size-large is-resized\"><img loading=\"lazy\" decoding=\"async\" src=\"https:\/\/medicina.udd.cl\/icim\/files\/2022\/12\/cluster-1024x826.jpeg\" alt=\"\" class=\"wp-image-11205\" width=\"512\" height=\"413\" srcset=\"https:\/\/medicina.udd.cl\/icim\/files\/2022\/12\/cluster-1024x826.jpeg 1024w, https:\/\/medicina.udd.cl\/icim\/files\/2022\/12\/cluster-300x242.jpeg 300w, https:\/\/medicina.udd.cl\/icim\/files\/2022\/12\/cluster-768x619.jpeg 768w, https:\/\/medicina.udd.cl\/icim\/files\/2022\/12\/cluster.jpeg 1198w\" sizes=\"auto, (max-width: 512px) 100vw, 512px\" \/><\/figure>\n\n\n\n<p><strong>Datacenter:<\/strong><\/p>\n\n\n\n<p>El Datacenter consta de una sala equipada y acondicionada con sistemas capaces de almacenar, resguardar y mantener la infraestructura computacional relacionada al Cluster \u201cSof\u00eda\u201d, esto con el objetivo de mantener el funcionamiento del mismo 24\/7 los 365 d\u00edas del a\u00f1o, asegurando la continuidad del servicio para los\/as usuarios\/as.<\/p>\n\n\n\n<p><strong>Capacidades:<\/strong><\/p>\n\n\n\n<p>\u2022 800 CPU cores<\/p>\n\n\n\n<p>\u2022 74 TB Storage<\/p>\n\n\n\n<p>\u2022 2 * 2880 GPU Cores<\/p>\n\n\n\n<p>\u2022 1.84 TB RAM<\/p>\n\n\n\n<figure class=\"wp-block-table\"><table><tbody><tr><td><strong>USO<\/strong><\/td><td><strong>MODELO<\/strong><\/td><td><strong>CANTIDAD<\/strong><\/td><td><strong>PROCESADOR<\/strong><\/td><td><strong>MEMORIA<\/strong><\/td><td><strong>STORAGE<\/strong><\/td><td><strong>CONECTIVIDAD<\/strong><\/td><\/tr><tr><td>C\u00f3mputo<\/td><td>Dell PowerEdge C6320<\/td><td>10<\/td><td>Intel\u00ae Xeon\u00ae CPU E5-2695 v3 @ 2.30GHz<\/td><td>96<\/td><td>&nbsp;<\/td><td>Gigabit<\/td><\/tr><tr><td>C\u00f3mputo<\/td><td>Dell PowerEdge C6320<\/td><td>1<\/td><td>Intel\u00ae Xeon\u00ae CPU E5-2695 v3 @ 2.30GHz<\/td><td>256<\/td><td>&nbsp;<\/td><td>Gigabit<\/td><\/tr><tr><td>C\u00f3mputo<\/td><td>Dell PowerEdge C6320<\/td><td>1<\/td><td>Intel\u00ae Xeon\u00ae CPU E5-2695 v3 @ 2.30GHz<\/td><td>512<\/td><td>&nbsp;<\/td><td>Gigabit<\/td><\/tr><tr><td>C\u00f3mputo<\/td><td><br>Dell PowerEdge C4130 &nbsp;<\/td><td>2<\/td><td>Intel\u00ae Xeon\u00ae CPU E5-2695 v3 @ 2.30GHz<\/td><td>96<\/td><td>&nbsp;<\/td><td>Gigabit<\/td><\/tr><tr><td>Storage<\/td><td>Dell PowerEdge R630<\/td><td>1<\/td><td><br>Intel\u00ae Xeon\u00ae CPU E5-2697 v3 @ 2.60GHz &nbsp;<\/td><td>96<\/td><td>60x 2TB 7.2K RPM (RAID 5)<\/td><td>Gigabit<\/td><\/tr><\/tbody><\/table><\/figure>\n\n\n<!-- WP Block: UDD - Banner -->\n<section class=\"wp-block-udd-banner is-style-compact \">\n\t<div class=\"container\">\n\t<div class=\"banner banner--fullwidth\">\n\t\t\t\t<div class=\"banner__content\">\n\t\t\t<div class=\"banner-info\">\n\t\t\t\t<span class=\"banner__title\">\u00bfC\u00f3mo acceder al Cl\u00daster?<\/span>\n\t\t\t\t\t\t\t\t<span class=\"banner__description\">El servicio de c\u00f3mputo funciona otorgando acceso a m\u00e1quinas virtuales (VM) a los usuario\/as, quienes tienen control total de su VM. La virtualizaci\u00f3n es una tecnolog\u00eda que permite la ejecuci\u00f3n de m\u00faltiples VMs sobre una misma m\u00e1quina f\u00edsica. Su mayor ventaja es el aprovechamiento al m\u00e1ximo de los recursos de un sistema, impactando positivamente en su rendimiento. Cada m\u00e1quina virtual es creada de manera aislada, con recursos propios (ram, cpu, gpu y almacenamiento) y un sistema operativo a elecci\u00f3n. Sof\u00eda permite la creaci\u00f3n de m\u00e1quinas virtuales con los siguientes topes de hardware por VM: 56 CPUs, 2880 cuda GPU cores, 96 GB RAM y 2TB de almacenamiento (o m\u00e1s, seg\u00fan aplicaci\u00f3n). *Los topes m\u00e1ximos estar\u00e1n sujetos a disponibilidad al momento de la solicitud de una VM.<\/span>\n\t\t\t\t\t\t\t<\/div>\n\t\t\t\t\t\t\t<a\n\t\t\t\t\tclass=\"btn btn-primary\"\n\t\t\t\t\thref=\"https:\/\/medicina.udd.cl\/icim\/files\/2023\/01\/icim_politicasuso_cluster-1.pdf\"\n\t\t\t\t>Ver pol\u00edticas de uso<\/a>\n\t\t\t\t\t<\/div>\n\t<\/div>\n<\/div>\n<\/section>\n\n\n<!-- WP Block: UDD - Banner -->\n<section class=\"wp-block-udd-banner is-style-compact \">\n\t<div class=\"container\">\n\t<div class=\"banner banner--fullwidth\">\n\t\t\t\t<div class=\"banner__content\">\n\t\t\t<div class=\"banner-info\">\n\t\t\t\t<span class=\"banner__title\">\u00bfC\u00f3mo agradecer el uso del cl\u00faster en publicaciones?<\/span>\n\t\t\t\t\t\t\t\t<span class=\"banner__description\">La Agencia Nacional de Investigaci\u00f3n y Desarrollo (ANID) sugiere la siguiente l\u00ednea en los agradecimientos: &quot;Computation provided by FONDEQUIP EQM150093&quot;. Cualquier variaci\u00f3n de esta oraci\u00f3n ser\u00e1 aceptable mientras indique el concurso y c\u00f3digo del proyecto.<\/span>\n\t\t\t\t\t\t\t<\/div>\n\t\t\t\t\t\t\t<a\n\t\t\t\t\tclass=\"btn btn-primary\"\n\t\t\t\t\thref=\"https:\/\/www.ncbi.nlm.nih.gov\/sites\/myncbi\/boris.rebolledo-jaramillo.1\/collections\/62023622\/public\/\"\n\t\t\t\t>Ver publicaciones que agradecen al cl\u00faster<\/a>\n\t\t\t\t\t<\/div>\n\t<\/div>\n<\/div>\n<\/section>\n\n\n<!-- WP Block: UDD - Banner -->\n<section class=\"wp-block-udd-banner is-style-default \">\n\t\n<div class=\"banner banner--fullwidth\">\n\t\t<div class=\"banner__content\">\n\t\t<span class=\"banner__title\">\u00bfCu\u00e1l es el costo por USO del Cl\u00daster?<\/span>\n\t\t<span class=\"banner__description\">Los costos de utilizar el Cl\u00faster Sof\u00eda dependen de los recursos computacionales solicitados para la VM. Los factores utilizados para el c\u00e1lculo del costo total son: n\u00famero de CPUs, GB de memoria RAM, TB de almacenamiento y n\u00famero de GPUs, los cuales poseen un valor fijo mensual. Para obtener detalles de los costos de cada \u00edtem y disponibilidad, comun\u00edquese con el equipo de administraci\u00f3n de Sof\u00eda a trav\u00e9s del correo bioinformatics@udd.cl<\/span>\n\t<\/div>\n<\/div>\n<\/section>\n\n\n<!-- WP Block: UDD - People -->\n<section class=\"wp-block-udd-people is-style-default\">\n\t<div class=\"container\">\n\t\t\t\t<header class=\"block__header\">\n\t\t\t\t\t\t\t\n<h2>Equipo<\/h2>\n\t\t\t\t\t\t\t\t<\/header>\n\t\t\t\t<div class=\"people-cards\">\n\t\t\t\t\t<div class=\"person-card\">\n\t<a href=\"https:\/\/medicina.udd.cl\/icim\/persona\/boris-rebolledo\/\"\n\t\tclass=\"person-card__inner js-person-modal\"\n\t\tdata-post-id=\"1824\"\n\t\tdata-postid=\"1824\"\n\t>\n\t\t\t<div class=\"person-card__media\">\n\t\t\t<img loading=\"lazy\" decoding=\"async\" width=\"300\" height=\"342\" src=\"https:\/\/medicina.udd.cl\/icim\/files\/2016\/08\/IMG_2614-1-62x62.jpg\" class=\"person-card__image wp-post-image lazyload\" alt=\"\" sizes=\"auto, (max-width: 300px) 100vw, 300px\" data-src=\"https:\/\/medicina.udd.cl\/icim\/files\/2016\/08\/IMG_2614-1.jpg\" data-srcset=\"https:\/\/medicina.udd.cl\/icim\/files\/2016\/08\/IMG_2614-1.jpg 300w, https:\/\/medicina.udd.cl\/icim\/files\/2016\/08\/IMG_2614-1-263x300.jpg 263w\" \/>\t\t<\/div>\n\t\t\t<div class=\"person-card__content\">\n\t\t\t<h3 class=\"person-card__name\">Boris Rebolledo, PhD<\/h3>\n\t\t\t\t\t<span class=\"person-card__description\">Investigador docente <\/span>\n\t\t\t\t\t<span class=\"person-card__cta\">Ver perfil<\/span>\n\t\t<\/div>\n\t<\/a>\n<\/div>\n\t\t\t\t\t<div class=\"person-card\">\n\t<a href=\"https:\/\/medicina.udd.cl\/icim\/persona\/alejandro-blanco\/\"\n\t\tclass=\"person-card__inner js-person-modal\"\n\t\tdata-post-id=\"11218\"\n\t\tdata-postid=\"11218\"\n\t>\n\t\t\t<div class=\"person-card__media\">\n\t\t\t<img loading=\"lazy\" decoding=\"async\" width=\"500\" height=\"500\" src=\"https:\/\/medicina.udd.cl\/icim\/files\/2022\/12\/ale-62x62.jpeg\" class=\"person-card__image wp-post-image lazyload\" alt=\"\" sizes=\"auto, (max-width: 500px) 100vw, 500px\" data-src=\"https:\/\/medicina.udd.cl\/icim\/files\/2022\/12\/ale-500x500.jpeg\" data-srcset=\"https:\/\/medicina.udd.cl\/icim\/files\/2022\/12\/ale-500x500.jpeg 500w, https:\/\/medicina.udd.cl\/icim\/files\/2022\/12\/ale-300x300.jpeg 300w, https:\/\/medicina.udd.cl\/icim\/files\/2022\/12\/ale-150x150.jpeg 150w, https:\/\/medicina.udd.cl\/icim\/files\/2022\/12\/ale-62x62.jpeg 62w, https:\/\/medicina.udd.cl\/icim\/files\/2022\/12\/ale-250x250.jpeg 250w, https:\/\/medicina.udd.cl\/icim\/files\/2022\/12\/ale-126x126.jpeg 126w, https:\/\/medicina.udd.cl\/icim\/files\/2022\/12\/ale.jpeg 592w\" \/>\t\t<\/div>\n\t\t\t<div class=\"person-card__content\">\n\t\t\t<h3 class=\"person-card__name\">Alejandro Blanco<\/h3>\n\t\t\t\t\t<span class=\"person-card__cta\">Ver perfil<\/span>\n\t\t<\/div>\n\t<\/a>\n<\/div>\n\t\t\t\t\t<div class=\"person-card\">\n\t<a href=\"https:\/\/medicina.udd.cl\/icim\/persona\/rodrigo-martinez\/\"\n\t\tclass=\"person-card__inner js-person-modal\"\n\t\tdata-post-id=\"11221\"\n\t\tdata-postid=\"11221\"\n\t>\n\t\t\t<div class=\"person-card__media\">\n\t\t\t<img loading=\"lazy\" decoding=\"async\" width=\"500\" height=\"500\" src=\"https:\/\/medicina.udd.cl\/icim\/files\/2022\/12\/rodrigo-martinez-2018-2-62x62.jpg\" class=\"person-card__image wp-post-image lazyload\" alt=\"\" sizes=\"auto, (max-width: 500px) 100vw, 500px\" data-src=\"https:\/\/medicina.udd.cl\/icim\/files\/2022\/12\/rodrigo-martinez-2018-2-500x500.jpg\" data-srcset=\"https:\/\/medicina.udd.cl\/icim\/files\/2022\/12\/rodrigo-martinez-2018-2-500x500.jpg 500w, https:\/\/medicina.udd.cl\/icim\/files\/2022\/12\/rodrigo-martinez-2018-2-300x300.jpg 300w, https:\/\/medicina.udd.cl\/icim\/files\/2022\/12\/rodrigo-martinez-2018-2-1024x1024.jpg 1024w, https:\/\/medicina.udd.cl\/icim\/files\/2022\/12\/rodrigo-martinez-2018-2-150x150.jpg 150w, https:\/\/medicina.udd.cl\/icim\/files\/2022\/12\/rodrigo-martinez-2018-2-768x768.jpg 768w, https:\/\/medicina.udd.cl\/icim\/files\/2022\/12\/rodrigo-martinez-2018-2-62x62.jpg 62w, https:\/\/medicina.udd.cl\/icim\/files\/2022\/12\/rodrigo-martinez-2018-2-1536x1536.jpg 1536w, https:\/\/medicina.udd.cl\/icim\/files\/2022\/12\/rodrigo-martinez-2018-2-2048x2048.jpg 2048w, https:\/\/medicina.udd.cl\/icim\/files\/2022\/12\/rodrigo-martinez-2018-2-750x750.jpg 750w, https:\/\/medicina.udd.cl\/icim\/files\/2022\/12\/rodrigo-martinez-2018-2-250x250.jpg 250w, https:\/\/medicina.udd.cl\/icim\/files\/2022\/12\/rodrigo-martinez-2018-2-126x126.jpg 126w\" \/>\t\t<\/div>\n\t\t\t<div class=\"person-card__content\">\n\t\t\t<h3 class=\"person-card__name\">Rodrigo Mart\u00ednez<\/h3>\n\t\t\t\t\t<span class=\"person-card__description\">Investigador<\/span>\n\t\t\t\t\t<span class=\"person-card__cta\">Ver perfil<\/span>\n\t\t<\/div>\n\t<\/a>\n<\/div>\n\t\t\t\t\t<div class=\"person-card\">\n\t<a href=\"https:\/\/medicina.udd.cl\/icim\/persona\/juan-ugalde\/\"\n\t\tclass=\"person-card__inner js-person-modal\"\n\t\tdata-post-id=\"11225\"\n\t\tdata-postid=\"11225\"\n\t>\n\t\t\t<div class=\"person-card__media\">\n\t\t\t<img loading=\"lazy\" decoding=\"async\" width=\"193\" height=\"194\" src=\"https:\/\/medicina.udd.cl\/icim\/files\/2022\/12\/juan-ugalde-cl_-62x62.jpg\" class=\"person-card__image wp-post-image lazyload\" alt=\"\" sizes=\"auto, (max-width: 193px) 100vw, 193px\" data-src=\"https:\/\/medicina.udd.cl\/icim\/files\/2022\/12\/juan-ugalde-cl_.jpg\" data-srcset=\"https:\/\/medicina.udd.cl\/icim\/files\/2022\/12\/juan-ugalde-cl_.jpg 193w, https:\/\/medicina.udd.cl\/icim\/files\/2022\/12\/juan-ugalde-cl_-150x150.jpg 150w, https:\/\/medicina.udd.cl\/icim\/files\/2022\/12\/juan-ugalde-cl_-62x62.jpg 62w, https:\/\/medicina.udd.cl\/icim\/files\/2022\/12\/juan-ugalde-cl_-126x126.jpg 126w\" \/>\t\t<\/div>\n\t\t\t<div class=\"person-card__content\">\n\t\t\t<h3 class=\"person-card__name\">Juan  Ugalde<\/h3>\n\t\t\t\t\t<span class=\"person-card__cta\">Ver perfil<\/span>\n\t\t<\/div>\n\t<\/a>\n<\/div>\n\t\t\t\t\t<div class=\"person-card\">\n\t<a href=\"https:\/\/medicina.udd.cl\/icim\/persona\/mauricio-ruiz-moraga\/\"\n\t\tclass=\"person-card__inner js-person-modal\"\n\t\tdata-post-id=\"11230\"\n\t\tdata-postid=\"11230\"\n\t>\n\t\t\t<div class=\"person-card__media\">\n\t\t\t<img loading=\"lazy\" decoding=\"async\" width=\"500\" height=\"500\" src=\"https:\/\/medicina.udd.cl\/icim\/files\/2022\/12\/20220823_093027-62x62.jpeg\" class=\"person-card__image wp-post-image lazyload\" alt=\"\" sizes=\"auto, (max-width: 500px) 100vw, 500px\" data-src=\"https:\/\/medicina.udd.cl\/icim\/files\/2022\/12\/20220823_093027-500x500.jpeg\" data-srcset=\"https:\/\/medicina.udd.cl\/icim\/files\/2022\/12\/20220823_093027-500x500.jpeg 500w, https:\/\/medicina.udd.cl\/icim\/files\/2022\/12\/20220823_093027-300x300.jpeg 300w, https:\/\/medicina.udd.cl\/icim\/files\/2022\/12\/20220823_093027-1024x1024.jpeg 1024w, https:\/\/medicina.udd.cl\/icim\/files\/2022\/12\/20220823_093027-150x150.jpeg 150w, https:\/\/medicina.udd.cl\/icim\/files\/2022\/12\/20220823_093027-768x768.jpeg 768w, https:\/\/medicina.udd.cl\/icim\/files\/2022\/12\/20220823_093027-62x62.jpeg 62w, https:\/\/medicina.udd.cl\/icim\/files\/2022\/12\/20220823_093027-1536x1536.jpeg 1536w, https:\/\/medicina.udd.cl\/icim\/files\/2022\/12\/20220823_093027-2048x2048.jpeg 2048w, https:\/\/medicina.udd.cl\/icim\/files\/2022\/12\/20220823_093027-750x750.jpeg 750w, https:\/\/medicina.udd.cl\/icim\/files\/2022\/12\/20220823_093027-250x250.jpeg 250w, https:\/\/medicina.udd.cl\/icim\/files\/2022\/12\/20220823_093027-126x126.jpeg 126w\" \/>\t\t<\/div>\n\t\t\t<div class=\"person-card__content\">\n\t\t\t<h3 class=\"person-card__name\">Mauricio Ruiz Moraga<\/h3>\n\t\t\t\t\t<span class=\"person-card__cta\">Ver perfil<\/span>\n\t\t<\/div>\n\t<\/a>\n<\/div>\n\t\t\t\t\t<div class=\"person-card\">\n\t<a href=\"https:\/\/medicina.udd.cl\/icim\/persona\/german-marchandon\/\"\n\t\tclass=\"person-card__inner js-person-modal\"\n\t\tdata-post-id=\"11232\"\n\t\tdata-postid=\"11232\"\n\t>\n\t\t\t<div class=\"person-card__content\">\n\t\t\t<h3 class=\"person-card__name\">German Marchandon<\/h3>\n\t\t\t\t\t<span class=\"person-card__cta\">Ver perfil<\/span>\n\t\t<\/div>\n\t<\/a>\n<\/div>\n\t\t\t\t\t<div class=\"person-card\">\n\t<a href=\"https:\/\/medicina.udd.cl\/icim\/persona\/alejandro-montecinos\/\"\n\t\tclass=\"person-card__inner js-person-modal\"\n\t\tdata-post-id=\"11233\"\n\t\tdata-postid=\"11233\"\n\t>\n\t\t\t<div class=\"person-card__content\">\n\t\t\t<h3 class=\"person-card__name\">Alejandro Montecinos<\/h3>\n\t\t\t\t\t<span class=\"person-card__cta\">Ver perfil<\/span>\n\t\t<\/div>\n\t<\/a>\n<\/div>\n\t\t\t\t<\/div>\n\t<\/div>\n<\/section>\n","protected":false},"excerpt":{"rendered":"<p>Datacenter: El Datacenter consta de una sala equipada y acondicionada con sistemas capaces de almacenar, resguardar y mantener la infraestructura computacional relacionada al Cluster \u201cSof\u00eda\u201d, esto con el objetivo de mantener el funcionamiento del mismo 24\/7 los 365 d\u00edas del a\u00f1o, asegurando la continuidad del servicio para los\/as usuarios\/as. Capacidades: \u2022 800 CPU cores \u2022 [&hellip;]<\/p>\n","protected":false},"author":9192219,"featured_media":0,"parent":0,"menu_order":0,"comment_status":"closed","ping_status":"closed","template":"","meta":{"footnotes":""},"class_list":["post-11204","page","type-page","status-publish","hentry"],"yoast_head":"<!-- This site is optimized with the Yoast SEO plugin v26.9 - https:\/\/yoast.com\/product\/yoast-seo-wordpress\/ -->\n<title>Unidad de C\u00f3mputo de Alto Rendimiento - ICIM<\/title>\n<meta name=\"robots\" content=\"index, follow, max-snippet:-1, max-image-preview:large, max-video-preview:-1\" \/>\n<link rel=\"canonical\" href=\"https:\/\/medicina.udd.cl\/icim\/unidad-de-computo-de-alto-rendimiento\/\" \/>\n<meta property=\"og:locale\" content=\"es_ES\" \/>\n<meta property=\"og:type\" content=\"article\" \/>\n<meta property=\"og:title\" content=\"Unidad de C\u00f3mputo de Alto Rendimiento - ICIM\" \/>\n<meta property=\"og:description\" content=\"Datacenter: El Datacenter consta de una sala equipada y acondicionada con sistemas capaces de almacenar, resguardar y mantener la infraestructura computacional relacionada al Cluster \u201cSof\u00eda\u201d, esto con el objetivo de mantener el funcionamiento del mismo 24\/7 los 365 d\u00edas del a\u00f1o, asegurando la continuidad del servicio para los\/as usuarios\/as. Capacidades: \u2022 800 CPU cores \u2022 [&hellip;]\" \/>\n<meta property=\"og:url\" content=\"https:\/\/medicina.udd.cl\/icim\/unidad-de-computo-de-alto-rendimiento\/\" \/>\n<meta property=\"og:site_name\" content=\"ICIM\" \/>\n<meta property=\"article:modified_time\" content=\"2023-08-18T16:41:14+00:00\" \/>\n<meta property=\"og:image\" content=\"https:\/\/medicina.udd.cl\/icim\/files\/2022\/12\/cluster-1024x826.jpeg\" \/>\n<meta name=\"twitter:card\" content=\"summary_large_image\" \/>\n<meta name=\"twitter:label1\" content=\"Tiempo de lectura\" \/>\n\t<meta name=\"twitter:data1\" content=\"2 minutos\" \/>\n<script type=\"application\/ld+json\" class=\"yoast-schema-graph\">{\"@context\":\"https:\/\/schema.org\",\"@graph\":[{\"@type\":\"WebPage\",\"@id\":\"https:\/\/medicina.udd.cl\/icim\/unidad-de-computo-de-alto-rendimiento\/\",\"url\":\"https:\/\/medicina.udd.cl\/icim\/unidad-de-computo-de-alto-rendimiento\/\",\"name\":\"Unidad de C\u00f3mputo de Alto Rendimiento - ICIM\",\"isPartOf\":{\"@id\":\"https:\/\/medicina.udd.cl\/icim\/#website\"},\"primaryImageOfPage\":{\"@id\":\"https:\/\/medicina.udd.cl\/icim\/unidad-de-computo-de-alto-rendimiento\/#primaryimage\"},\"image\":{\"@id\":\"https:\/\/medicina.udd.cl\/icim\/unidad-de-computo-de-alto-rendimiento\/#primaryimage\"},\"thumbnailUrl\":\"https:\/\/medicina.udd.cl\/icim\/files\/2022\/12\/cluster-1024x826.jpeg\",\"datePublished\":\"2022-12-22T16:38:42+00:00\",\"dateModified\":\"2023-08-18T16:41:14+00:00\",\"breadcrumb\":{\"@id\":\"https:\/\/medicina.udd.cl\/icim\/unidad-de-computo-de-alto-rendimiento\/#breadcrumb\"},\"inLanguage\":\"es\",\"potentialAction\":[{\"@type\":\"ReadAction\",\"target\":[\"https:\/\/medicina.udd.cl\/icim\/unidad-de-computo-de-alto-rendimiento\/\"]}]},{\"@type\":\"ImageObject\",\"inLanguage\":\"es\",\"@id\":\"https:\/\/medicina.udd.cl\/icim\/unidad-de-computo-de-alto-rendimiento\/#primaryimage\",\"url\":\"https:\/\/medicina.udd.cl\/icim\/files\/2022\/12\/cluster.jpeg\",\"contentUrl\":\"https:\/\/medicina.udd.cl\/icim\/files\/2022\/12\/cluster.jpeg\",\"width\":1198,\"height\":966},{\"@type\":\"BreadcrumbList\",\"@id\":\"https:\/\/medicina.udd.cl\/icim\/unidad-de-computo-de-alto-rendimiento\/#breadcrumb\",\"itemListElement\":[{\"@type\":\"ListItem\",\"position\":1,\"name\":\"Inicio\",\"item\":\"https:\/\/medicina.udd.cl\/icim\/\"},{\"@type\":\"ListItem\",\"position\":2,\"name\":\"Unidad de C\u00f3mputo de Alto Rendimiento\"}]},{\"@type\":\"WebSite\",\"@id\":\"https:\/\/medicina.udd.cl\/icim\/#website\",\"url\":\"https:\/\/medicina.udd.cl\/icim\/\",\"name\":\"ICIM\",\"description\":\"Una iniciativa de Universidad del Desarrollo y Cl\u00ednica Alemana\",\"inLanguage\":\"es\"}]}<\/script>\n<!-- \/ Yoast SEO plugin. -->","yoast_head_json":{"title":"Unidad de C\u00f3mputo de Alto Rendimiento - ICIM","robots":{"index":"index","follow":"follow","max-snippet":"max-snippet:-1","max-image-preview":"max-image-preview:large","max-video-preview":"max-video-preview:-1"},"canonical":"https:\/\/medicina.udd.cl\/icim\/unidad-de-computo-de-alto-rendimiento\/","og_locale":"es_ES","og_type":"article","og_title":"Unidad de C\u00f3mputo de Alto Rendimiento - ICIM","og_description":"Datacenter: El Datacenter consta de una sala equipada y acondicionada con sistemas capaces de almacenar, resguardar y mantener la infraestructura computacional relacionada al Cluster \u201cSof\u00eda\u201d, esto con el objetivo de mantener el funcionamiento del mismo 24\/7 los 365 d\u00edas del a\u00f1o, asegurando la continuidad del servicio para los\/as usuarios\/as. Capacidades: \u2022 800 CPU cores \u2022 [&hellip;]","og_url":"https:\/\/medicina.udd.cl\/icim\/unidad-de-computo-de-alto-rendimiento\/","og_site_name":"ICIM","article_modified_time":"2023-08-18T16:41:14+00:00","og_image":[{"url":"https:\/\/medicina.udd.cl\/icim\/files\/2022\/12\/cluster-1024x826.jpeg","type":"","width":"","height":""}],"twitter_card":"summary_large_image","twitter_misc":{"Tiempo de lectura":"2 minutos"},"schema":{"@context":"https:\/\/schema.org","@graph":[{"@type":"WebPage","@id":"https:\/\/medicina.udd.cl\/icim\/unidad-de-computo-de-alto-rendimiento\/","url":"https:\/\/medicina.udd.cl\/icim\/unidad-de-computo-de-alto-rendimiento\/","name":"Unidad de C\u00f3mputo de Alto Rendimiento - ICIM","isPartOf":{"@id":"https:\/\/medicina.udd.cl\/icim\/#website"},"primaryImageOfPage":{"@id":"https:\/\/medicina.udd.cl\/icim\/unidad-de-computo-de-alto-rendimiento\/#primaryimage"},"image":{"@id":"https:\/\/medicina.udd.cl\/icim\/unidad-de-computo-de-alto-rendimiento\/#primaryimage"},"thumbnailUrl":"https:\/\/medicina.udd.cl\/icim\/files\/2022\/12\/cluster-1024x826.jpeg","datePublished":"2022-12-22T16:38:42+00:00","dateModified":"2023-08-18T16:41:14+00:00","breadcrumb":{"@id":"https:\/\/medicina.udd.cl\/icim\/unidad-de-computo-de-alto-rendimiento\/#breadcrumb"},"inLanguage":"es","potentialAction":[{"@type":"ReadAction","target":["https:\/\/medicina.udd.cl\/icim\/unidad-de-computo-de-alto-rendimiento\/"]}]},{"@type":"ImageObject","inLanguage":"es","@id":"https:\/\/medicina.udd.cl\/icim\/unidad-de-computo-de-alto-rendimiento\/#primaryimage","url":"https:\/\/medicina.udd.cl\/icim\/files\/2022\/12\/cluster.jpeg","contentUrl":"https:\/\/medicina.udd.cl\/icim\/files\/2022\/12\/cluster.jpeg","width":1198,"height":966},{"@type":"BreadcrumbList","@id":"https:\/\/medicina.udd.cl\/icim\/unidad-de-computo-de-alto-rendimiento\/#breadcrumb","itemListElement":[{"@type":"ListItem","position":1,"name":"Inicio","item":"https:\/\/medicina.udd.cl\/icim\/"},{"@type":"ListItem","position":2,"name":"Unidad de C\u00f3mputo de Alto Rendimiento"}]},{"@type":"WebSite","@id":"https:\/\/medicina.udd.cl\/icim\/#website","url":"https:\/\/medicina.udd.cl\/icim\/","name":"ICIM","description":"Una iniciativa de Universidad del Desarrollo y Cl\u00ednica Alemana","inLanguage":"es"}]}},"_links":{"self":[{"href":"https:\/\/medicina.udd.cl\/icim\/wp-json\/wp\/v2\/pages\/11204","targetHints":{"allow":["GET"]}}],"collection":[{"href":"https:\/\/medicina.udd.cl\/icim\/wp-json\/wp\/v2\/pages"}],"about":[{"href":"https:\/\/medicina.udd.cl\/icim\/wp-json\/wp\/v2\/types\/page"}],"author":[{"embeddable":true,"href":"https:\/\/medicina.udd.cl\/icim\/wp-json\/wp\/v2\/users\/9192219"}],"replies":[{"embeddable":true,"href":"https:\/\/medicina.udd.cl\/icim\/wp-json\/wp\/v2\/comments?post=11204"}],"version-history":[{"count":26,"href":"https:\/\/medicina.udd.cl\/icim\/wp-json\/wp\/v2\/pages\/11204\/revisions"}],"predecessor-version":[{"id":11695,"href":"https:\/\/medicina.udd.cl\/icim\/wp-json\/wp\/v2\/pages\/11204\/revisions\/11695"}],"wp:attachment":[{"href":"https:\/\/medicina.udd.cl\/icim\/wp-json\/wp\/v2\/media?parent=11204"}],"curies":[{"name":"wp","href":"https:\/\/api.w.org\/{rel}","templated":true}]}}