{"id":11286,"date":"2023-03-03T11:46:29","date_gmt":"2023-03-03T14:46:29","guid":{"rendered":"https:\/\/medicina.udd.cl\/icim\/?page_id=11286"},"modified":"2023-03-06T11:22:46","modified_gmt":"2023-03-06T14:22:46","slug":"pasarela-cientifica-icim-2023","status":"publish","type":"page","link":"https:\/\/medicina.udd.cl\/icim\/pasarela-cientifica-icim-2023\/","title":{"rendered":"Pasarela Cient\u00edfica ICIM 2023"},"content":{"rendered":"\n<figure class=\"wp-block-image aligncenter size-full is-resized\"><img loading=\"lazy\" decoding=\"async\" src=\"https:\/\/medicina.udd.cl\/icim\/files\/2023\/03\/pasarela-cientifica.jpg\" alt=\"\" class=\"wp-image-11287\" width=\"751\" height=\"576\" srcset=\"https:\/\/medicina.udd.cl\/icim\/files\/2023\/03\/pasarela-cientifica.jpg 1001w, https:\/\/medicina.udd.cl\/icim\/files\/2023\/03\/pasarela-cientifica-300x230.jpg 300w, https:\/\/medicina.udd.cl\/icim\/files\/2023\/03\/pasarela-cientifica-768x589.jpg 768w, https:\/\/medicina.udd.cl\/icim\/files\/2023\/03\/pasarela-cientifica-182x140.jpg 182w\" sizes=\"auto, (max-width: 751px) 100vw, 751px\" \/><\/figure>\n\n\n\n<p>El Instituto de Ciencias e Innovaci\u00f3n en Medicina -ICIM-, de la Facultad de Medicina Cl\u00ednica Alemana Universidad del Desarrollo, y su Programa de Doctorado en Ciencias e Innovaci\u00f3n en Medicina -DCIM-, tienen el agrado de invitarlos a la Pasarela Cient\u00edfica 2023, que se realizar\u00e1 los d\u00edas 9 y 10 de marzo del presente a\u00f1o en el Aula Magna UDD.<\/p>\n\n\n\n<p>En esta Pasarela, los investigadores del ICIM expondr\u00e1n sobre sus l\u00edneas de investigaci\u00f3n en un formato \u00e1gil y din\u00e1mico de m\u00e1ximo 10 minutos cada uno. Esta es una valiosa oportunidad para conocer el rango y diversidad de temas presentes en la actividad de nuestros Centros y Programas.&nbsp;<\/p>\n\n\n\n<p><strong>D\u00cdA I:&nbsp;<\/strong>9 de marzo de 2023 \/ <strong>Hora:&nbsp;<\/strong>9.30 a 13.00 hrs. y 16.30 a 18.00 hrs.<\/p>\n\n\n\n<p><strong>D\u00cdA II: <\/strong>10 de marzo de 2023 \/ <strong>Hora:&nbsp;<\/strong>9.30 a 13.00 hrs.<\/p>\n\n\n\n<p><strong>Lugar:&nbsp;<\/strong>Aula Magna de la UDD.<\/p>\n\n\n<p class=\"wp-block-udd-button text-center\"><a class=\"btn btn-primary btn-lg\" href=\"https:\/\/medicina.udd.cl\/icim\/inscripcion-pasarela-cientifica-icim-2023\/?utm_source=bbddicim&#038;utm_medium=botoninscripcion&#038;utm_campaign=pasarelacientificaicim2023\" data-url=\"https:\/\/medicina.udd.cl\/icim\/inscripcion-pasarela-cientifica-icim-2023\/?utm_source=bbddicim&#038;utm_medium=botoninscripcion&#038;utm_campaign=pasarelacientificaicim2023\"> INSCR\u00cdBETE AQU\u00cd <\/a><\/p>\n\n\n<p class=\"wp-block-udd-button text-center\"><a class=\"btn btn-primary btn-lg\" href=\"https:\/\/medicina.udd.cl\/files\/2023\/03\/programa-pasarela-cientifica-icim-2023_-comunidad-udd-vf.pdf\" data-url=\"https:\/\/medicina.udd.cl\/files\/2023\/03\/programa-pasarela-cientifica-icim-2023_-comunidad-udd-vf.pdf\"><svg class=\"svg-download-dims\"><use xlink:href='https:\/\/medicina.udd.cl\/icim\/wp-content\/themes\/facultades-2018\/assets\/img\/svg\/dist\/main.svg?version=1695853099#download'><\/use><\/svg> VER PROGRAMA [TODO P\u00daBLICO] <\/a><\/p>\n\n\n<p class=\"wp-block-udd-button text-center\"><a class=\"btn btn-primary btn-lg\" href=\"https:\/\/medicina.udd.cl\/files\/2023\/03\/programa-pasarela-cientifica-icim-2023_jmrev_vf_investigadores.pdf\" data-url=\"https:\/\/medicina.udd.cl\/files\/2023\/03\/programa-pasarela-cientifica-icim-2023_jmrev_vf_investigadores.pdf\"><svg class=\"svg-download-dims\"><use xlink:href='https:\/\/medicina.udd.cl\/icim\/wp-content\/themes\/facultades-2018\/assets\/img\/svg\/dist\/main.svg?version=1695853099#download'><\/use><\/svg> VER PROGRAMA [INVESTIGADORES ICIM] <\/a><\/p>\n","protected":false},"excerpt":{"rendered":"<p>El Instituto de Ciencias e Innovaci\u00f3n en Medicina -ICIM-, de la Facultad de Medicina Cl\u00ednica Alemana Universidad del Desarrollo, y su Programa de Doctorado en Ciencias e Innovaci\u00f3n en Medicina -DCIM-, tienen el agrado de invitarlos a la Pasarela Cient\u00edfica 2023, que se realizar\u00e1 los d\u00edas 9 y 10 de marzo del presente a\u00f1o en [&hellip;]<\/p>\n","protected":false},"author":9192219,"featured_media":0,"parent":0,"menu_order":0,"comment_status":"closed","ping_status":"closed","template":"","meta":{"footnotes":""},"class_list":["post-11286","page","type-page","status-publish","hentry"],"yoast_head":"<!-- This site is optimized with the Yoast SEO plugin v26.9 - https:\/\/yoast.com\/product\/yoast-seo-wordpress\/ -->\n<title>Pasarela Cient\u00edfica ICIM 2023 - ICIM<\/title>\n<meta name=\"robots\" content=\"index, follow, max-snippet:-1, max-image-preview:large, max-video-preview:-1\" \/>\n<link rel=\"canonical\" href=\"https:\/\/medicina.udd.cl\/icim\/pasarela-cientifica-icim-2023\/\" \/>\n<meta property=\"og:locale\" content=\"es_ES\" \/>\n<meta property=\"og:type\" content=\"article\" \/>\n<meta property=\"og:title\" content=\"Pasarela Cient\u00edfica ICIM 2023 - ICIM\" \/>\n<meta property=\"og:description\" content=\"El Instituto de Ciencias e Innovaci\u00f3n en Medicina -ICIM-, de la Facultad de Medicina Cl\u00ednica Alemana Universidad del Desarrollo, y su Programa de Doctorado en Ciencias e Innovaci\u00f3n en Medicina -DCIM-, tienen el agrado de invitarlos a la Pasarela Cient\u00edfica 2023, que se realizar\u00e1 los d\u00edas 9 y 10 de marzo del presente a\u00f1o en [&hellip;]\" \/>\n<meta property=\"og:url\" content=\"https:\/\/medicina.udd.cl\/icim\/pasarela-cientifica-icim-2023\/\" \/>\n<meta property=\"og:site_name\" content=\"ICIM\" \/>\n<meta property=\"article:modified_time\" content=\"2023-03-06T14:22:46+00:00\" \/>\n<meta property=\"og:image\" content=\"https:\/\/medicina.udd.cl\/icim\/files\/2023\/03\/pasarela-cientifica.jpg\" \/>\n<meta name=\"twitter:card\" content=\"summary_large_image\" \/>\n<meta name=\"twitter:label1\" content=\"Tiempo de lectura\" \/>\n\t<meta name=\"twitter:data1\" content=\"1 minuto\" \/>\n<script type=\"application\/ld+json\" class=\"yoast-schema-graph\">{\"@context\":\"https:\/\/schema.org\",\"@graph\":[{\"@type\":\"WebPage\",\"@id\":\"https:\/\/medicina.udd.cl\/icim\/pasarela-cientifica-icim-2023\/\",\"url\":\"https:\/\/medicina.udd.cl\/icim\/pasarela-cientifica-icim-2023\/\",\"name\":\"Pasarela Cient\u00edfica ICIM 2023 - ICIM\",\"isPartOf\":{\"@id\":\"https:\/\/medicina.udd.cl\/icim\/#website\"},\"primaryImageOfPage\":{\"@id\":\"https:\/\/medicina.udd.cl\/icim\/pasarela-cientifica-icim-2023\/#primaryimage\"},\"image\":{\"@id\":\"https:\/\/medicina.udd.cl\/icim\/pasarela-cientifica-icim-2023\/#primaryimage\"},\"thumbnailUrl\":\"https:\/\/medicina.udd.cl\/icim\/files\/2023\/03\/pasarela-cientifica.jpg\",\"datePublished\":\"2023-03-03T14:46:29+00:00\",\"dateModified\":\"2023-03-06T14:22:46+00:00\",\"breadcrumb\":{\"@id\":\"https:\/\/medicina.udd.cl\/icim\/pasarela-cientifica-icim-2023\/#breadcrumb\"},\"inLanguage\":\"es\",\"potentialAction\":[{\"@type\":\"ReadAction\",\"target\":[\"https:\/\/medicina.udd.cl\/icim\/pasarela-cientifica-icim-2023\/\"]}]},{\"@type\":\"ImageObject\",\"inLanguage\":\"es\",\"@id\":\"https:\/\/medicina.udd.cl\/icim\/pasarela-cientifica-icim-2023\/#primaryimage\",\"url\":\"https:\/\/medicina.udd.cl\/icim\/files\/2023\/03\/pasarela-cientifica.jpg\",\"contentUrl\":\"https:\/\/medicina.udd.cl\/icim\/files\/2023\/03\/pasarela-cientifica.jpg\",\"width\":1001,\"height\":768},{\"@type\":\"BreadcrumbList\",\"@id\":\"https:\/\/medicina.udd.cl\/icim\/pasarela-cientifica-icim-2023\/#breadcrumb\",\"itemListElement\":[{\"@type\":\"ListItem\",\"position\":1,\"name\":\"Inicio\",\"item\":\"https:\/\/medicina.udd.cl\/icim\/\"},{\"@type\":\"ListItem\",\"position\":2,\"name\":\"Pasarela Cient\u00edfica ICIM 2023\"}]},{\"@type\":\"WebSite\",\"@id\":\"https:\/\/medicina.udd.cl\/icim\/#website\",\"url\":\"https:\/\/medicina.udd.cl\/icim\/\",\"name\":\"ICIM\",\"description\":\"Una iniciativa de Universidad del Desarrollo y Cl\u00ednica Alemana\",\"inLanguage\":\"es\"}]}<\/script>\n<!-- \/ Yoast SEO plugin. -->","yoast_head_json":{"title":"Pasarela Cient\u00edfica ICIM 2023 - ICIM","robots":{"index":"index","follow":"follow","max-snippet":"max-snippet:-1","max-image-preview":"max-image-preview:large","max-video-preview":"max-video-preview:-1"},"canonical":"https:\/\/medicina.udd.cl\/icim\/pasarela-cientifica-icim-2023\/","og_locale":"es_ES","og_type":"article","og_title":"Pasarela Cient\u00edfica ICIM 2023 - ICIM","og_description":"El Instituto de Ciencias e Innovaci\u00f3n en Medicina -ICIM-, de la Facultad de Medicina Cl\u00ednica Alemana Universidad del Desarrollo, y su Programa de Doctorado en Ciencias e Innovaci\u00f3n en Medicina -DCIM-, tienen el agrado de invitarlos a la Pasarela Cient\u00edfica 2023, que se realizar\u00e1 los d\u00edas 9 y 10 de marzo del presente a\u00f1o en [&hellip;]","og_url":"https:\/\/medicina.udd.cl\/icim\/pasarela-cientifica-icim-2023\/","og_site_name":"ICIM","article_modified_time":"2023-03-06T14:22:46+00:00","og_image":[{"url":"https:\/\/medicina.udd.cl\/icim\/files\/2023\/03\/pasarela-cientifica.jpg","type":"","width":"","height":""}],"twitter_card":"summary_large_image","twitter_misc":{"Tiempo de lectura":"1 minuto"},"schema":{"@context":"https:\/\/schema.org","@graph":[{"@type":"WebPage","@id":"https:\/\/medicina.udd.cl\/icim\/pasarela-cientifica-icim-2023\/","url":"https:\/\/medicina.udd.cl\/icim\/pasarela-cientifica-icim-2023\/","name":"Pasarela Cient\u00edfica ICIM 2023 - ICIM","isPartOf":{"@id":"https:\/\/medicina.udd.cl\/icim\/#website"},"primaryImageOfPage":{"@id":"https:\/\/medicina.udd.cl\/icim\/pasarela-cientifica-icim-2023\/#primaryimage"},"image":{"@id":"https:\/\/medicina.udd.cl\/icim\/pasarela-cientifica-icim-2023\/#primaryimage"},"thumbnailUrl":"https:\/\/medicina.udd.cl\/icim\/files\/2023\/03\/pasarela-cientifica.jpg","datePublished":"2023-03-03T14:46:29+00:00","dateModified":"2023-03-06T14:22:46+00:00","breadcrumb":{"@id":"https:\/\/medicina.udd.cl\/icim\/pasarela-cientifica-icim-2023\/#breadcrumb"},"inLanguage":"es","potentialAction":[{"@type":"ReadAction","target":["https:\/\/medicina.udd.cl\/icim\/pasarela-cientifica-icim-2023\/"]}]},{"@type":"ImageObject","inLanguage":"es","@id":"https:\/\/medicina.udd.cl\/icim\/pasarela-cientifica-icim-2023\/#primaryimage","url":"https:\/\/medicina.udd.cl\/icim\/files\/2023\/03\/pasarela-cientifica.jpg","contentUrl":"https:\/\/medicina.udd.cl\/icim\/files\/2023\/03\/pasarela-cientifica.jpg","width":1001,"height":768},{"@type":"BreadcrumbList","@id":"https:\/\/medicina.udd.cl\/icim\/pasarela-cientifica-icim-2023\/#breadcrumb","itemListElement":[{"@type":"ListItem","position":1,"name":"Inicio","item":"https:\/\/medicina.udd.cl\/icim\/"},{"@type":"ListItem","position":2,"name":"Pasarela Cient\u00edfica ICIM 2023"}]},{"@type":"WebSite","@id":"https:\/\/medicina.udd.cl\/icim\/#website","url":"https:\/\/medicina.udd.cl\/icim\/","name":"ICIM","description":"Una iniciativa de Universidad del Desarrollo y Cl\u00ednica Alemana","inLanguage":"es"}]}},"_links":{"self":[{"href":"https:\/\/medicina.udd.cl\/icim\/wp-json\/wp\/v2\/pages\/11286","targetHints":{"allow":["GET"]}}],"collection":[{"href":"https:\/\/medicina.udd.cl\/icim\/wp-json\/wp\/v2\/pages"}],"about":[{"href":"https:\/\/medicina.udd.cl\/icim\/wp-json\/wp\/v2\/types\/page"}],"author":[{"embeddable":true,"href":"https:\/\/medicina.udd.cl\/icim\/wp-json\/wp\/v2\/users\/9192219"}],"replies":[{"embeddable":true,"href":"https:\/\/medicina.udd.cl\/icim\/wp-json\/wp\/v2\/comments?post=11286"}],"version-history":[{"count":7,"href":"https:\/\/medicina.udd.cl\/icim\/wp-json\/wp\/v2\/pages\/11286\/revisions"}],"predecessor-version":[{"id":11302,"href":"https:\/\/medicina.udd.cl\/icim\/wp-json\/wp\/v2\/pages\/11286\/revisions\/11302"}],"wp:attachment":[{"href":"https:\/\/medicina.udd.cl\/icim\/wp-json\/wp\/v2\/media?parent=11286"}],"curies":[{"name":"wp","href":"https:\/\/api.w.org\/{rel}","templated":true}]}}