{"id":11836,"date":"2023-11-21T12:09:02","date_gmt":"2023-11-21T15:09:02","guid":{"rendered":"https:\/\/medicina.udd.cl\/icim\/?page_id=11836"},"modified":"2023-11-21T12:09:04","modified_gmt":"2023-11-21T15:09:04","slug":"lineas-de-investigacion-gastroenterologia","status":"publish","type":"page","link":"https:\/\/medicina.udd.cl\/icim\/lineas-de-investigacion-gastroenterologia\/","title":{"rendered":"L\u00edneas de Investigaci\u00f3n: GASTROENTEROLOG\u00cdA"},"content":{"rendered":"\n<p>LIMONENO<\/p>\n\n\n\n<p>Desarrollo de la prueba de aclaramiento de Limoneno en aire aspirado para medici\u00f3n de la funci\u00f3n hep\u00e1tica.<\/p>\n\n\n\n<p>=&gt; &nbsp; Estudio buscando un marcador menos invasivo que una biopsia para diagnosticar cirrosis hep\u00e1tica.<\/p>\n\n\n\n<p>Se lleva a cabo en el Hospital Padre Hurtado.<\/p>\n\n\n\n<p>Investigador Principal: gastroenter\u00f3logo Dr. Luis M\u00e9ndez<\/p>\n\n\n\n<p>El Centro de Estudios Cl\u00ednicos del ICIM act\u00faa como entidad encargada del monitoreo.\u00a0<\/p>\n","protected":false},"excerpt":{"rendered":"<p>LIMONENO Desarrollo de la prueba de aclaramiento de Limoneno en aire aspirado para medici\u00f3n de la funci\u00f3n hep\u00e1tica. =&gt; &nbsp; Estudio buscando un marcador menos invasivo que una biopsia para diagnosticar cirrosis hep\u00e1tica. Se lleva a cabo en el Hospital Padre Hurtado. Investigador Principal: gastroenter\u00f3logo Dr. Luis M\u00e9ndez El Centro de Estudios Cl\u00ednicos del ICIM [&hellip;]<\/p>\n","protected":false},"author":9192254,"featured_media":0,"parent":0,"menu_order":0,"comment_status":"closed","ping_status":"closed","template":"","meta":{"footnotes":""},"class_list":["post-11836","page","type-page","status-publish","hentry"],"yoast_head":"<!-- This site is optimized with the Yoast SEO plugin v26.9 - https:\/\/yoast.com\/product\/yoast-seo-wordpress\/ -->\n<title>L\u00edneas de Investigaci\u00f3n: GASTROENTEROLOG\u00cdA - ICIM<\/title>\n<meta name=\"robots\" content=\"index, follow, max-snippet:-1, max-image-preview:large, max-video-preview:-1\" \/>\n<link rel=\"canonical\" href=\"https:\/\/medicina.udd.cl\/icim\/lineas-de-investigacion-gastroenterologia\/\" \/>\n<meta property=\"og:locale\" content=\"es_ES\" \/>\n<meta property=\"og:type\" content=\"article\" \/>\n<meta property=\"og:title\" content=\"L\u00edneas de Investigaci\u00f3n: GASTROENTEROLOG\u00cdA - ICIM\" \/>\n<meta property=\"og:description\" content=\"LIMONENO Desarrollo de la prueba de aclaramiento de Limoneno en aire aspirado para medici\u00f3n de la funci\u00f3n hep\u00e1tica. =&gt; &nbsp; Estudio buscando un marcador menos invasivo que una biopsia para diagnosticar cirrosis hep\u00e1tica. Se lleva a cabo en el Hospital Padre Hurtado. Investigador Principal: gastroenter\u00f3logo Dr. Luis M\u00e9ndez El Centro de Estudios Cl\u00ednicos del ICIM [&hellip;]\" \/>\n<meta property=\"og:url\" content=\"https:\/\/medicina.udd.cl\/icim\/lineas-de-investigacion-gastroenterologia\/\" \/>\n<meta property=\"og:site_name\" content=\"ICIM\" \/>\n<meta property=\"article:modified_time\" content=\"2023-11-21T15:09:04+00:00\" \/>\n<meta name=\"twitter:card\" content=\"summary_large_image\" \/>\n<meta name=\"twitter:label1\" content=\"Tiempo de lectura\" \/>\n\t<meta name=\"twitter:data1\" content=\"1 minuto\" \/>\n<script type=\"application\/ld+json\" class=\"yoast-schema-graph\">{\"@context\":\"https:\/\/schema.org\",\"@graph\":[{\"@type\":\"WebPage\",\"@id\":\"https:\/\/medicina.udd.cl\/icim\/lineas-de-investigacion-gastroenterologia\/\",\"url\":\"https:\/\/medicina.udd.cl\/icim\/lineas-de-investigacion-gastroenterologia\/\",\"name\":\"L\u00edneas de Investigaci\u00f3n: GASTROENTEROLOG\u00cdA - ICIM\",\"isPartOf\":{\"@id\":\"https:\/\/medicina.udd.cl\/icim\/#website\"},\"datePublished\":\"2023-11-21T15:09:02+00:00\",\"dateModified\":\"2023-11-21T15:09:04+00:00\",\"breadcrumb\":{\"@id\":\"https:\/\/medicina.udd.cl\/icim\/lineas-de-investigacion-gastroenterologia\/#breadcrumb\"},\"inLanguage\":\"es\",\"potentialAction\":[{\"@type\":\"ReadAction\",\"target\":[\"https:\/\/medicina.udd.cl\/icim\/lineas-de-investigacion-gastroenterologia\/\"]}]},{\"@type\":\"BreadcrumbList\",\"@id\":\"https:\/\/medicina.udd.cl\/icim\/lineas-de-investigacion-gastroenterologia\/#breadcrumb\",\"itemListElement\":[{\"@type\":\"ListItem\",\"position\":1,\"name\":\"Inicio\",\"item\":\"https:\/\/medicina.udd.cl\/icim\/\"},{\"@type\":\"ListItem\",\"position\":2,\"name\":\"L\u00edneas de Investigaci\u00f3n: GASTROENTEROLOG\u00cdA\"}]},{\"@type\":\"WebSite\",\"@id\":\"https:\/\/medicina.udd.cl\/icim\/#website\",\"url\":\"https:\/\/medicina.udd.cl\/icim\/\",\"name\":\"ICIM\",\"description\":\"Una iniciativa de Universidad del Desarrollo y Cl\u00ednica Alemana\",\"inLanguage\":\"es\"}]}<\/script>\n<!-- \/ Yoast SEO plugin. -->","yoast_head_json":{"title":"L\u00edneas de Investigaci\u00f3n: GASTROENTEROLOG\u00cdA - ICIM","robots":{"index":"index","follow":"follow","max-snippet":"max-snippet:-1","max-image-preview":"max-image-preview:large","max-video-preview":"max-video-preview:-1"},"canonical":"https:\/\/medicina.udd.cl\/icim\/lineas-de-investigacion-gastroenterologia\/","og_locale":"es_ES","og_type":"article","og_title":"L\u00edneas de Investigaci\u00f3n: GASTROENTEROLOG\u00cdA - ICIM","og_description":"LIMONENO Desarrollo de la prueba de aclaramiento de Limoneno en aire aspirado para medici\u00f3n de la funci\u00f3n hep\u00e1tica. =&gt; &nbsp; Estudio buscando un marcador menos invasivo que una biopsia para diagnosticar cirrosis hep\u00e1tica. Se lleva a cabo en el Hospital Padre Hurtado. Investigador Principal: gastroenter\u00f3logo Dr. Luis M\u00e9ndez El Centro de Estudios Cl\u00ednicos del ICIM [&hellip;]","og_url":"https:\/\/medicina.udd.cl\/icim\/lineas-de-investigacion-gastroenterologia\/","og_site_name":"ICIM","article_modified_time":"2023-11-21T15:09:04+00:00","twitter_card":"summary_large_image","twitter_misc":{"Tiempo de lectura":"1 minuto"},"schema":{"@context":"https:\/\/schema.org","@graph":[{"@type":"WebPage","@id":"https:\/\/medicina.udd.cl\/icim\/lineas-de-investigacion-gastroenterologia\/","url":"https:\/\/medicina.udd.cl\/icim\/lineas-de-investigacion-gastroenterologia\/","name":"L\u00edneas de Investigaci\u00f3n: GASTROENTEROLOG\u00cdA - ICIM","isPartOf":{"@id":"https:\/\/medicina.udd.cl\/icim\/#website"},"datePublished":"2023-11-21T15:09:02+00:00","dateModified":"2023-11-21T15:09:04+00:00","breadcrumb":{"@id":"https:\/\/medicina.udd.cl\/icim\/lineas-de-investigacion-gastroenterologia\/#breadcrumb"},"inLanguage":"es","potentialAction":[{"@type":"ReadAction","target":["https:\/\/medicina.udd.cl\/icim\/lineas-de-investigacion-gastroenterologia\/"]}]},{"@type":"BreadcrumbList","@id":"https:\/\/medicina.udd.cl\/icim\/lineas-de-investigacion-gastroenterologia\/#breadcrumb","itemListElement":[{"@type":"ListItem","position":1,"name":"Inicio","item":"https:\/\/medicina.udd.cl\/icim\/"},{"@type":"ListItem","position":2,"name":"L\u00edneas de Investigaci\u00f3n: GASTROENTEROLOG\u00cdA"}]},{"@type":"WebSite","@id":"https:\/\/medicina.udd.cl\/icim\/#website","url":"https:\/\/medicina.udd.cl\/icim\/","name":"ICIM","description":"Una iniciativa de Universidad del Desarrollo y Cl\u00ednica Alemana","inLanguage":"es"}]}},"_links":{"self":[{"href":"https:\/\/medicina.udd.cl\/icim\/wp-json\/wp\/v2\/pages\/11836","targetHints":{"allow":["GET"]}}],"collection":[{"href":"https:\/\/medicina.udd.cl\/icim\/wp-json\/wp\/v2\/pages"}],"about":[{"href":"https:\/\/medicina.udd.cl\/icim\/wp-json\/wp\/v2\/types\/page"}],"author":[{"embeddable":true,"href":"https:\/\/medicina.udd.cl\/icim\/wp-json\/wp\/v2\/users\/9192254"}],"replies":[{"embeddable":true,"href":"https:\/\/medicina.udd.cl\/icim\/wp-json\/wp\/v2\/comments?post=11836"}],"version-history":[{"count":1,"href":"https:\/\/medicina.udd.cl\/icim\/wp-json\/wp\/v2\/pages\/11836\/revisions"}],"predecessor-version":[{"id":11837,"href":"https:\/\/medicina.udd.cl\/icim\/wp-json\/wp\/v2\/pages\/11836\/revisions\/11837"}],"wp:attachment":[{"href":"https:\/\/medicina.udd.cl\/icim\/wp-json\/wp\/v2\/media?parent=11836"}],"curies":[{"name":"wp","href":"https:\/\/api.w.org\/{rel}","templated":true}]}}