{"id":11839,"date":"2023-11-21T12:13:54","date_gmt":"2023-11-21T15:13:54","guid":{"rendered":"https:\/\/medicina.udd.cl\/icim\/?page_id=11839"},"modified":"2023-11-21T12:13:56","modified_gmt":"2023-11-21T15:13:56","slug":"lineas-de-investigacion-cardiologia","status":"publish","type":"page","link":"https:\/\/medicina.udd.cl\/icim\/lineas-de-investigacion-cardiologia\/","title":{"rendered":"L\u00edneas de Investigaci\u00f3n: CARDIOLOG\u00cdA"},"content":{"rendered":"\n<p>COLCARDIO:<\/p>\n\n\n\n<p>Estudio que busca determinar si la administraci\u00f3n de colchicina oral en conjunto a la terapia recomendada resulta en un efecto antiinflamatorio que permite una reducci\u00f3n de la obstrucci\u00f3n microvascular durante la angioplast\u00eda en pacientes con s\u00edndrome coronario agudo .<\/p>\n\n\n\n<p>Se lleva a cabo en el Hospital Cl\u00ednico de la Universidad Cat\u00f3lica. El Centro de Estudios Cl\u00ednicos- ICIM act\u00faa como coordinador acad\u00e9mico\u00a0<\/p>\n\n\n\n<p>Investigador Principal: Dr. Gonzalo Mart\u00ednez, cardi\u00f3logo Hospital Cl\u00ednico UC.<\/p>\n\n\n\n<ul class=\"wp-block-list\"><li><a href=\"https:\/\/doi.org\/10.3390\/pharmaceutics14071395\" target=\"_blank\" rel=\"noreferrer noopener\">The Role of Colchicine in Atherosclerosis: From Bench to Bedside<\/a>. <em>Pharmaceutics<\/em> 2022; 14(7):1395. <\/li><\/ul>\n","protected":false},"excerpt":{"rendered":"<p>COLCARDIO: Estudio que busca determinar si la administraci\u00f3n de colchicina oral en conjunto a la terapia recomendada resulta en un efecto antiinflamatorio que permite una reducci\u00f3n de la obstrucci\u00f3n microvascular durante la angioplast\u00eda en pacientes con s\u00edndrome coronario agudo . Se lleva a cabo en el Hospital Cl\u00ednico de la Universidad Cat\u00f3lica. El Centro de [&hellip;]<\/p>\n","protected":false},"author":9192254,"featured_media":0,"parent":0,"menu_order":0,"comment_status":"closed","ping_status":"closed","template":"","meta":{"footnotes":""},"class_list":["post-11839","page","type-page","status-publish","hentry"],"yoast_head":"<!-- This site is optimized with the Yoast SEO plugin v26.9 - https:\/\/yoast.com\/product\/yoast-seo-wordpress\/ -->\n<title>L\u00edneas de Investigaci\u00f3n: CARDIOLOG\u00cdA - ICIM<\/title>\n<meta name=\"robots\" content=\"index, follow, max-snippet:-1, max-image-preview:large, max-video-preview:-1\" \/>\n<link rel=\"canonical\" href=\"https:\/\/medicina.udd.cl\/icim\/lineas-de-investigacion-cardiologia\/\" \/>\n<meta property=\"og:locale\" content=\"es_ES\" \/>\n<meta property=\"og:type\" content=\"article\" \/>\n<meta property=\"og:title\" content=\"L\u00edneas de Investigaci\u00f3n: CARDIOLOG\u00cdA - ICIM\" \/>\n<meta property=\"og:description\" content=\"COLCARDIO: Estudio que busca determinar si la administraci\u00f3n de colchicina oral en conjunto a la terapia recomendada resulta en un efecto antiinflamatorio que permite una reducci\u00f3n de la obstrucci\u00f3n microvascular durante la angioplast\u00eda en pacientes con s\u00edndrome coronario agudo . Se lleva a cabo en el Hospital Cl\u00ednico de la Universidad Cat\u00f3lica. El Centro de [&hellip;]\" \/>\n<meta property=\"og:url\" content=\"https:\/\/medicina.udd.cl\/icim\/lineas-de-investigacion-cardiologia\/\" \/>\n<meta property=\"og:site_name\" content=\"ICIM\" \/>\n<meta property=\"article:modified_time\" content=\"2023-11-21T15:13:56+00:00\" \/>\n<meta name=\"twitter:card\" content=\"summary_large_image\" \/>\n<meta name=\"twitter:label1\" content=\"Tiempo de lectura\" \/>\n\t<meta name=\"twitter:data1\" content=\"1 minuto\" \/>\n<script type=\"application\/ld+json\" class=\"yoast-schema-graph\">{\"@context\":\"https:\/\/schema.org\",\"@graph\":[{\"@type\":\"WebPage\",\"@id\":\"https:\/\/medicina.udd.cl\/icim\/lineas-de-investigacion-cardiologia\/\",\"url\":\"https:\/\/medicina.udd.cl\/icim\/lineas-de-investigacion-cardiologia\/\",\"name\":\"L\u00edneas de Investigaci\u00f3n: CARDIOLOG\u00cdA - ICIM\",\"isPartOf\":{\"@id\":\"https:\/\/medicina.udd.cl\/icim\/#website\"},\"datePublished\":\"2023-11-21T15:13:54+00:00\",\"dateModified\":\"2023-11-21T15:13:56+00:00\",\"breadcrumb\":{\"@id\":\"https:\/\/medicina.udd.cl\/icim\/lineas-de-investigacion-cardiologia\/#breadcrumb\"},\"inLanguage\":\"es\",\"potentialAction\":[{\"@type\":\"ReadAction\",\"target\":[\"https:\/\/medicina.udd.cl\/icim\/lineas-de-investigacion-cardiologia\/\"]}]},{\"@type\":\"BreadcrumbList\",\"@id\":\"https:\/\/medicina.udd.cl\/icim\/lineas-de-investigacion-cardiologia\/#breadcrumb\",\"itemListElement\":[{\"@type\":\"ListItem\",\"position\":1,\"name\":\"Inicio\",\"item\":\"https:\/\/medicina.udd.cl\/icim\/\"},{\"@type\":\"ListItem\",\"position\":2,\"name\":\"L\u00edneas de Investigaci\u00f3n: CARDIOLOG\u00cdA\"}]},{\"@type\":\"WebSite\",\"@id\":\"https:\/\/medicina.udd.cl\/icim\/#website\",\"url\":\"https:\/\/medicina.udd.cl\/icim\/\",\"name\":\"ICIM\",\"description\":\"Una iniciativa de Universidad del Desarrollo y Cl\u00ednica Alemana\",\"inLanguage\":\"es\"}]}<\/script>\n<!-- \/ Yoast SEO plugin. -->","yoast_head_json":{"title":"L\u00edneas de Investigaci\u00f3n: CARDIOLOG\u00cdA - ICIM","robots":{"index":"index","follow":"follow","max-snippet":"max-snippet:-1","max-image-preview":"max-image-preview:large","max-video-preview":"max-video-preview:-1"},"canonical":"https:\/\/medicina.udd.cl\/icim\/lineas-de-investigacion-cardiologia\/","og_locale":"es_ES","og_type":"article","og_title":"L\u00edneas de Investigaci\u00f3n: CARDIOLOG\u00cdA - ICIM","og_description":"COLCARDIO: Estudio que busca determinar si la administraci\u00f3n de colchicina oral en conjunto a la terapia recomendada resulta en un efecto antiinflamatorio que permite una reducci\u00f3n de la obstrucci\u00f3n microvascular durante la angioplast\u00eda en pacientes con s\u00edndrome coronario agudo . Se lleva a cabo en el Hospital Cl\u00ednico de la Universidad Cat\u00f3lica. El Centro de [&hellip;]","og_url":"https:\/\/medicina.udd.cl\/icim\/lineas-de-investigacion-cardiologia\/","og_site_name":"ICIM","article_modified_time":"2023-11-21T15:13:56+00:00","twitter_card":"summary_large_image","twitter_misc":{"Tiempo de lectura":"1 minuto"},"schema":{"@context":"https:\/\/schema.org","@graph":[{"@type":"WebPage","@id":"https:\/\/medicina.udd.cl\/icim\/lineas-de-investigacion-cardiologia\/","url":"https:\/\/medicina.udd.cl\/icim\/lineas-de-investigacion-cardiologia\/","name":"L\u00edneas de Investigaci\u00f3n: CARDIOLOG\u00cdA - ICIM","isPartOf":{"@id":"https:\/\/medicina.udd.cl\/icim\/#website"},"datePublished":"2023-11-21T15:13:54+00:00","dateModified":"2023-11-21T15:13:56+00:00","breadcrumb":{"@id":"https:\/\/medicina.udd.cl\/icim\/lineas-de-investigacion-cardiologia\/#breadcrumb"},"inLanguage":"es","potentialAction":[{"@type":"ReadAction","target":["https:\/\/medicina.udd.cl\/icim\/lineas-de-investigacion-cardiologia\/"]}]},{"@type":"BreadcrumbList","@id":"https:\/\/medicina.udd.cl\/icim\/lineas-de-investigacion-cardiologia\/#breadcrumb","itemListElement":[{"@type":"ListItem","position":1,"name":"Inicio","item":"https:\/\/medicina.udd.cl\/icim\/"},{"@type":"ListItem","position":2,"name":"L\u00edneas de Investigaci\u00f3n: CARDIOLOG\u00cdA"}]},{"@type":"WebSite","@id":"https:\/\/medicina.udd.cl\/icim\/#website","url":"https:\/\/medicina.udd.cl\/icim\/","name":"ICIM","description":"Una iniciativa de Universidad del Desarrollo y Cl\u00ednica Alemana","inLanguage":"es"}]}},"_links":{"self":[{"href":"https:\/\/medicina.udd.cl\/icim\/wp-json\/wp\/v2\/pages\/11839","targetHints":{"allow":["GET"]}}],"collection":[{"href":"https:\/\/medicina.udd.cl\/icim\/wp-json\/wp\/v2\/pages"}],"about":[{"href":"https:\/\/medicina.udd.cl\/icim\/wp-json\/wp\/v2\/types\/page"}],"author":[{"embeddable":true,"href":"https:\/\/medicina.udd.cl\/icim\/wp-json\/wp\/v2\/users\/9192254"}],"replies":[{"embeddable":true,"href":"https:\/\/medicina.udd.cl\/icim\/wp-json\/wp\/v2\/comments?post=11839"}],"version-history":[{"count":1,"href":"https:\/\/medicina.udd.cl\/icim\/wp-json\/wp\/v2\/pages\/11839\/revisions"}],"predecessor-version":[{"id":11840,"href":"https:\/\/medicina.udd.cl\/icim\/wp-json\/wp\/v2\/pages\/11839\/revisions\/11840"}],"wp:attachment":[{"href":"https:\/\/medicina.udd.cl\/icim\/wp-json\/wp\/v2\/media?parent=11839"}],"curies":[{"name":"wp","href":"https:\/\/api.w.org\/{rel}","templated":true}]}}