{"id":11842,"date":"2023-11-21T12:22:51","date_gmt":"2023-11-21T15:22:51","guid":{"rendered":"https:\/\/medicina.udd.cl\/icim\/?page_id=11842"},"modified":"2023-11-21T12:22:51","modified_gmt":"2023-11-21T15:22:51","slug":"lineas-de-investigacion-otros","status":"publish","type":"page","link":"https:\/\/medicina.udd.cl\/icim\/lineas-de-investigacion-otros\/","title":{"rendered":"L\u00edneas de Investigaci\u00f3n: OTROS"},"content":{"rendered":"\n<p>Apoyamos la realizaci\u00f3n de proyectos en otras \u00e1reas como deterioro cognitivo, c\u00e1ncer pulmonar, resistencia antimicrobiana, entre otros.<\/p>\n","protected":false},"excerpt":{"rendered":"<p>Apoyamos la realizaci\u00f3n de proyectos en otras \u00e1reas como deterioro cognitivo, c\u00e1ncer pulmonar, resistencia antimicrobiana, entre otros.<\/p>\n","protected":false},"author":9192254,"featured_media":0,"parent":0,"menu_order":0,"comment_status":"closed","ping_status":"closed","template":"","meta":{"footnotes":""},"class_list":["post-11842","page","type-page","status-publish","hentry"],"yoast_head":"<!-- This site is optimized with the Yoast SEO plugin v26.9 - https:\/\/yoast.com\/product\/yoast-seo-wordpress\/ -->\n<title>L\u00edneas de Investigaci\u00f3n: OTROS - ICIM<\/title>\n<meta name=\"robots\" content=\"index, follow, max-snippet:-1, max-image-preview:large, max-video-preview:-1\" \/>\n<link rel=\"canonical\" href=\"https:\/\/medicina.udd.cl\/icim\/lineas-de-investigacion-otros\/\" \/>\n<meta property=\"og:locale\" content=\"es_ES\" \/>\n<meta property=\"og:type\" content=\"article\" \/>\n<meta property=\"og:title\" content=\"L\u00edneas de Investigaci\u00f3n: OTROS - ICIM\" \/>\n<meta property=\"og:description\" content=\"Apoyamos la realizaci\u00f3n de proyectos en otras \u00e1reas como deterioro cognitivo, c\u00e1ncer pulmonar, resistencia antimicrobiana, entre otros.\" \/>\n<meta property=\"og:url\" content=\"https:\/\/medicina.udd.cl\/icim\/lineas-de-investigacion-otros\/\" \/>\n<meta property=\"og:site_name\" content=\"ICIM\" \/>\n<meta name=\"twitter:card\" content=\"summary_large_image\" \/>\n<meta name=\"twitter:label1\" content=\"Tiempo de lectura\" \/>\n\t<meta name=\"twitter:data1\" content=\"1 minuto\" \/>\n<script type=\"application\/ld+json\" class=\"yoast-schema-graph\">{\"@context\":\"https:\/\/schema.org\",\"@graph\":[{\"@type\":\"WebPage\",\"@id\":\"https:\/\/medicina.udd.cl\/icim\/lineas-de-investigacion-otros\/\",\"url\":\"https:\/\/medicina.udd.cl\/icim\/lineas-de-investigacion-otros\/\",\"name\":\"L\u00edneas de Investigaci\u00f3n: OTROS - ICIM\",\"isPartOf\":{\"@id\":\"https:\/\/medicina.udd.cl\/icim\/#website\"},\"datePublished\":\"2023-11-21T15:22:51+00:00\",\"breadcrumb\":{\"@id\":\"https:\/\/medicina.udd.cl\/icim\/lineas-de-investigacion-otros\/#breadcrumb\"},\"inLanguage\":\"es\",\"potentialAction\":[{\"@type\":\"ReadAction\",\"target\":[\"https:\/\/medicina.udd.cl\/icim\/lineas-de-investigacion-otros\/\"]}]},{\"@type\":\"BreadcrumbList\",\"@id\":\"https:\/\/medicina.udd.cl\/icim\/lineas-de-investigacion-otros\/#breadcrumb\",\"itemListElement\":[{\"@type\":\"ListItem\",\"position\":1,\"name\":\"Inicio\",\"item\":\"https:\/\/medicina.udd.cl\/icim\/\"},{\"@type\":\"ListItem\",\"position\":2,\"name\":\"L\u00edneas de Investigaci\u00f3n: OTROS\"}]},{\"@type\":\"WebSite\",\"@id\":\"https:\/\/medicina.udd.cl\/icim\/#website\",\"url\":\"https:\/\/medicina.udd.cl\/icim\/\",\"name\":\"ICIM\",\"description\":\"Una iniciativa de Universidad del Desarrollo y Cl\u00ednica Alemana\",\"inLanguage\":\"es\"}]}<\/script>\n<!-- \/ Yoast SEO plugin. -->","yoast_head_json":{"title":"L\u00edneas de Investigaci\u00f3n: OTROS - ICIM","robots":{"index":"index","follow":"follow","max-snippet":"max-snippet:-1","max-image-preview":"max-image-preview:large","max-video-preview":"max-video-preview:-1"},"canonical":"https:\/\/medicina.udd.cl\/icim\/lineas-de-investigacion-otros\/","og_locale":"es_ES","og_type":"article","og_title":"L\u00edneas de Investigaci\u00f3n: OTROS - ICIM","og_description":"Apoyamos la realizaci\u00f3n de proyectos en otras \u00e1reas como deterioro cognitivo, c\u00e1ncer pulmonar, resistencia antimicrobiana, entre otros.","og_url":"https:\/\/medicina.udd.cl\/icim\/lineas-de-investigacion-otros\/","og_site_name":"ICIM","twitter_card":"summary_large_image","twitter_misc":{"Tiempo de lectura":"1 minuto"},"schema":{"@context":"https:\/\/schema.org","@graph":[{"@type":"WebPage","@id":"https:\/\/medicina.udd.cl\/icim\/lineas-de-investigacion-otros\/","url":"https:\/\/medicina.udd.cl\/icim\/lineas-de-investigacion-otros\/","name":"L\u00edneas de Investigaci\u00f3n: OTROS - ICIM","isPartOf":{"@id":"https:\/\/medicina.udd.cl\/icim\/#website"},"datePublished":"2023-11-21T15:22:51+00:00","breadcrumb":{"@id":"https:\/\/medicina.udd.cl\/icim\/lineas-de-investigacion-otros\/#breadcrumb"},"inLanguage":"es","potentialAction":[{"@type":"ReadAction","target":["https:\/\/medicina.udd.cl\/icim\/lineas-de-investigacion-otros\/"]}]},{"@type":"BreadcrumbList","@id":"https:\/\/medicina.udd.cl\/icim\/lineas-de-investigacion-otros\/#breadcrumb","itemListElement":[{"@type":"ListItem","position":1,"name":"Inicio","item":"https:\/\/medicina.udd.cl\/icim\/"},{"@type":"ListItem","position":2,"name":"L\u00edneas de Investigaci\u00f3n: OTROS"}]},{"@type":"WebSite","@id":"https:\/\/medicina.udd.cl\/icim\/#website","url":"https:\/\/medicina.udd.cl\/icim\/","name":"ICIM","description":"Una iniciativa de Universidad del Desarrollo y Cl\u00ednica Alemana","inLanguage":"es"}]}},"_links":{"self":[{"href":"https:\/\/medicina.udd.cl\/icim\/wp-json\/wp\/v2\/pages\/11842","targetHints":{"allow":["GET"]}}],"collection":[{"href":"https:\/\/medicina.udd.cl\/icim\/wp-json\/wp\/v2\/pages"}],"about":[{"href":"https:\/\/medicina.udd.cl\/icim\/wp-json\/wp\/v2\/types\/page"}],"author":[{"embeddable":true,"href":"https:\/\/medicina.udd.cl\/icim\/wp-json\/wp\/v2\/users\/9192254"}],"replies":[{"embeddable":true,"href":"https:\/\/medicina.udd.cl\/icim\/wp-json\/wp\/v2\/comments?post=11842"}],"version-history":[{"count":1,"href":"https:\/\/medicina.udd.cl\/icim\/wp-json\/wp\/v2\/pages\/11842\/revisions"}],"predecessor-version":[{"id":11843,"href":"https:\/\/medicina.udd.cl\/icim\/wp-json\/wp\/v2\/pages\/11842\/revisions\/11843"}],"wp:attachment":[{"href":"https:\/\/medicina.udd.cl\/icim\/wp-json\/wp\/v2\/media?parent=11842"}],"curies":[{"name":"wp","href":"https:\/\/api.w.org\/{rel}","templated":true}]}}