{"id":11847,"date":"2023-11-29T09:39:50","date_gmt":"2023-11-29T12:39:50","guid":{"rendered":"https:\/\/medicina.udd.cl\/icim\/?page_id=11847"},"modified":"2023-11-29T09:39:51","modified_gmt":"2023-11-29T12:39:51","slug":"neurologia-accidentes-vasculares","status":"publish","type":"page","link":"https:\/\/medicina.udd.cl\/icim\/neurologia-accidentes-vasculares\/","title":{"rendered":"Neurolog\u00eda: Accidentes Vasculares"},"content":{"rendered":"\n<p>Las investigaciones llevadas a cabo son preferentemente nuevas estrategias de tratamiento y procesos de atenci\u00f3n en infarto y hemorragia cerebral.<\/p>\n\n\n\n<h2 class=\"wp-block-heading\">ESTUDIO OPTIMIST<\/h2>\n\n\n\n<p>\u00d3ptimo monitoreo post trombol\u00edtico en ataque cerebrovascular isqu\u00e9mico. Estudio de The George Institute, coordinado por el Centro de Estudios Cl\u00ednicos.<\/p>\n\n\n\n<p>Fase activa de enrolamiento. 362 pacientes ingresados a inicios de septiembre.\u00a0<\/p>\n\n\n\n<p><strong>CHILE<\/strong>: 7 centros activados:<\/p>\n\n\n\n<ul class=\"wp-block-list\"><li>Cl\u00ednica Alemana de Santiago: (Investigador Principal Dr. Enrico Mazzon)<\/li><li>Hospital S\u00f3tero del R\u00edo: (Investigador Principal Dr. Andr\u00e9s Silva)<\/li><li>Hospital el Pino: (Investigador Principal Dr.Diego Rocha)<\/li><li>Hospital Padre Hurtado: (Investigador Principal Dr. Juan Almeida)<\/li><li>Hospital Base de Osorno: (Investigador Principal Dr.Juan Polanco)<\/li><li>Hospital Puerto Montt: (Investigador Principal Dr. Mario Rivera)<\/li><li>Hospital Carlos Van Buren Valpara\u00edso: (Investigador Principal Dr. Aldo Letelier)\u00a0<\/li><\/ul>\n\n\n\n<p><strong>M\u00c9XICO <\/strong><strong>&nbsp;5 centros activados.<\/strong><\/p>\n\n\n\n<ul class=\"wp-block-list\"><li>Instituto Nacional de Neurolog\u00eda y Neurocirug\u00eda: (Investigador Principal Dr. Antonio\u00a0Arauz)<\/li><li>Hospital Regional ISSSTE de Puebla: (Investigador Principal Dr. Gustavo Gonz\u00e1lez)<\/li><li>Hospital Universitario Jos\u00e9 Eleuterio Gonz\u00e1lez: ( Investigador Principal Dr. Juan Fernando\u00a0G\u00f3ngora)<\/li><li>Hospital Alta Especialidad Juan\u00a0 Graham: ( Investigador Principal Dr. Eric de La Cruz)<\/li><\/ul>\n\n\n\n<h2 class=\"wp-block-heading\">ESTUDIO JOIN<\/h2>\n\n\n\n<p>Tamizaje pre-hospitalario y seguimiento de transferencia de pacientes con ataque cerebrovascular agudo, usando plataforma JOIN en una red de hospitales de la Regi\u00f3n Metropolitana de Santiago, Chile.<\/p>\n\n\n\n<p>Se lleva a cabo en el Servicio de Salud Metropolitano Sur-Oriente (SSMSO) y los hospitales S\u00f3tero del R\u00edo, Padre Hurtado y La Florida.<br>&#8211; Hospital Hospital Padre Hurtado: Investigador Principal Dr. V\u00edctor Navia<br>&#8211; Hospital S\u00f3tero del R\u00edo: Investigador Principal Dr. Andr\u00e9s Silva<br>&#8211; Hospital La Florida Investigador Principal Dr. Jos\u00e9 Vallejos<\/p>\n\n\n\n<p>Su objetivo es para disminuir los tiempos de reacci\u00f3n pre-hospitalario en los accidentes vasculares. Es apoyado acad\u00e9micamente por el Centro de Estudios Cl\u00ednicos.<\/p>\n\n\n\n<h2 class=\"wp-block-heading\">ESTUDIO INTERACT 3<\/h2>\n","protected":false},"excerpt":{"rendered":"<p>Las investigaciones llevadas a cabo son preferentemente nuevas estrategias de tratamiento y procesos de atenci\u00f3n en infarto y hemorragia cerebral. ESTUDIO OPTIMIST \u00d3ptimo monitoreo post trombol\u00edtico en ataque cerebrovascular isqu\u00e9mico. Estudio de The George Institute, coordinado por el Centro de Estudios Cl\u00ednicos. Fase activa de enrolamiento. 362 pacientes ingresados a inicios de septiembre.\u00a0 CHILE: 7 [&hellip;]<\/p>\n","protected":false},"author":9192254,"featured_media":0,"parent":0,"menu_order":0,"comment_status":"closed","ping_status":"closed","template":"","meta":{"footnotes":""},"class_list":["post-11847","page","type-page","status-publish","hentry"],"yoast_head":"<!-- This site is optimized with the Yoast SEO plugin v26.9 - https:\/\/yoast.com\/product\/yoast-seo-wordpress\/ -->\n<title>Neurolog\u00eda: Accidentes Vasculares - ICIM<\/title>\n<meta name=\"robots\" content=\"index, follow, max-snippet:-1, max-image-preview:large, max-video-preview:-1\" \/>\n<link rel=\"canonical\" href=\"https:\/\/medicina.udd.cl\/icim\/neurologia-accidentes-vasculares\/\" \/>\n<meta property=\"og:locale\" content=\"es_ES\" \/>\n<meta property=\"og:type\" content=\"article\" \/>\n<meta property=\"og:title\" content=\"Neurolog\u00eda: Accidentes Vasculares - ICIM\" \/>\n<meta property=\"og:description\" content=\"Las investigaciones llevadas a cabo son preferentemente nuevas estrategias de tratamiento y procesos de atenci\u00f3n en infarto y hemorragia cerebral. ESTUDIO OPTIMIST \u00d3ptimo monitoreo post trombol\u00edtico en ataque cerebrovascular isqu\u00e9mico. Estudio de The George Institute, coordinado por el Centro de Estudios Cl\u00ednicos. Fase activa de enrolamiento. 362 pacientes ingresados a inicios de septiembre.\u00a0 CHILE: 7 [&hellip;]\" \/>\n<meta property=\"og:url\" content=\"https:\/\/medicina.udd.cl\/icim\/neurologia-accidentes-vasculares\/\" \/>\n<meta property=\"og:site_name\" content=\"ICIM\" \/>\n<meta property=\"article:modified_time\" content=\"2023-11-29T12:39:51+00:00\" \/>\n<meta name=\"twitter:card\" content=\"summary_large_image\" \/>\n<meta name=\"twitter:label1\" content=\"Tiempo de lectura\" \/>\n\t<meta name=\"twitter:data1\" content=\"2 minutos\" \/>\n<script type=\"application\/ld+json\" class=\"yoast-schema-graph\">{\"@context\":\"https:\/\/schema.org\",\"@graph\":[{\"@type\":\"WebPage\",\"@id\":\"https:\/\/medicina.udd.cl\/icim\/neurologia-accidentes-vasculares\/\",\"url\":\"https:\/\/medicina.udd.cl\/icim\/neurologia-accidentes-vasculares\/\",\"name\":\"Neurolog\u00eda: Accidentes Vasculares - ICIM\",\"isPartOf\":{\"@id\":\"https:\/\/medicina.udd.cl\/icim\/#website\"},\"datePublished\":\"2023-11-29T12:39:50+00:00\",\"dateModified\":\"2023-11-29T12:39:51+00:00\",\"breadcrumb\":{\"@id\":\"https:\/\/medicina.udd.cl\/icim\/neurologia-accidentes-vasculares\/#breadcrumb\"},\"inLanguage\":\"es\",\"potentialAction\":[{\"@type\":\"ReadAction\",\"target\":[\"https:\/\/medicina.udd.cl\/icim\/neurologia-accidentes-vasculares\/\"]}]},{\"@type\":\"BreadcrumbList\",\"@id\":\"https:\/\/medicina.udd.cl\/icim\/neurologia-accidentes-vasculares\/#breadcrumb\",\"itemListElement\":[{\"@type\":\"ListItem\",\"position\":1,\"name\":\"Inicio\",\"item\":\"https:\/\/medicina.udd.cl\/icim\/\"},{\"@type\":\"ListItem\",\"position\":2,\"name\":\"Neurolog\u00eda: Accidentes Vasculares\"}]},{\"@type\":\"WebSite\",\"@id\":\"https:\/\/medicina.udd.cl\/icim\/#website\",\"url\":\"https:\/\/medicina.udd.cl\/icim\/\",\"name\":\"ICIM\",\"description\":\"Una iniciativa de Universidad del Desarrollo y Cl\u00ednica Alemana\",\"inLanguage\":\"es\"}]}<\/script>\n<!-- \/ Yoast SEO plugin. -->","yoast_head_json":{"title":"Neurolog\u00eda: Accidentes Vasculares - ICIM","robots":{"index":"index","follow":"follow","max-snippet":"max-snippet:-1","max-image-preview":"max-image-preview:large","max-video-preview":"max-video-preview:-1"},"canonical":"https:\/\/medicina.udd.cl\/icim\/neurologia-accidentes-vasculares\/","og_locale":"es_ES","og_type":"article","og_title":"Neurolog\u00eda: Accidentes Vasculares - ICIM","og_description":"Las investigaciones llevadas a cabo son preferentemente nuevas estrategias de tratamiento y procesos de atenci\u00f3n en infarto y hemorragia cerebral. ESTUDIO OPTIMIST \u00d3ptimo monitoreo post trombol\u00edtico en ataque cerebrovascular isqu\u00e9mico. Estudio de The George Institute, coordinado por el Centro de Estudios Cl\u00ednicos. Fase activa de enrolamiento. 362 pacientes ingresados a inicios de septiembre.\u00a0 CHILE: 7 [&hellip;]","og_url":"https:\/\/medicina.udd.cl\/icim\/neurologia-accidentes-vasculares\/","og_site_name":"ICIM","article_modified_time":"2023-11-29T12:39:51+00:00","twitter_card":"summary_large_image","twitter_misc":{"Tiempo de lectura":"2 minutos"},"schema":{"@context":"https:\/\/schema.org","@graph":[{"@type":"WebPage","@id":"https:\/\/medicina.udd.cl\/icim\/neurologia-accidentes-vasculares\/","url":"https:\/\/medicina.udd.cl\/icim\/neurologia-accidentes-vasculares\/","name":"Neurolog\u00eda: Accidentes Vasculares - ICIM","isPartOf":{"@id":"https:\/\/medicina.udd.cl\/icim\/#website"},"datePublished":"2023-11-29T12:39:50+00:00","dateModified":"2023-11-29T12:39:51+00:00","breadcrumb":{"@id":"https:\/\/medicina.udd.cl\/icim\/neurologia-accidentes-vasculares\/#breadcrumb"},"inLanguage":"es","potentialAction":[{"@type":"ReadAction","target":["https:\/\/medicina.udd.cl\/icim\/neurologia-accidentes-vasculares\/"]}]},{"@type":"BreadcrumbList","@id":"https:\/\/medicina.udd.cl\/icim\/neurologia-accidentes-vasculares\/#breadcrumb","itemListElement":[{"@type":"ListItem","position":1,"name":"Inicio","item":"https:\/\/medicina.udd.cl\/icim\/"},{"@type":"ListItem","position":2,"name":"Neurolog\u00eda: Accidentes Vasculares"}]},{"@type":"WebSite","@id":"https:\/\/medicina.udd.cl\/icim\/#website","url":"https:\/\/medicina.udd.cl\/icim\/","name":"ICIM","description":"Una iniciativa de Universidad del Desarrollo y Cl\u00ednica Alemana","inLanguage":"es"}]}},"_links":{"self":[{"href":"https:\/\/medicina.udd.cl\/icim\/wp-json\/wp\/v2\/pages\/11847","targetHints":{"allow":["GET"]}}],"collection":[{"href":"https:\/\/medicina.udd.cl\/icim\/wp-json\/wp\/v2\/pages"}],"about":[{"href":"https:\/\/medicina.udd.cl\/icim\/wp-json\/wp\/v2\/types\/page"}],"author":[{"embeddable":true,"href":"https:\/\/medicina.udd.cl\/icim\/wp-json\/wp\/v2\/users\/9192254"}],"replies":[{"embeddable":true,"href":"https:\/\/medicina.udd.cl\/icim\/wp-json\/wp\/v2\/comments?post=11847"}],"version-history":[{"count":3,"href":"https:\/\/medicina.udd.cl\/icim\/wp-json\/wp\/v2\/pages\/11847\/revisions"}],"predecessor-version":[{"id":11850,"href":"https:\/\/medicina.udd.cl\/icim\/wp-json\/wp\/v2\/pages\/11847\/revisions\/11850"}],"wp:attachment":[{"href":"https:\/\/medicina.udd.cl\/icim\/wp-json\/wp\/v2\/media?parent=11847"}],"curies":[{"name":"wp","href":"https:\/\/api.w.org\/{rel}","templated":true}]}}