{"id":11854,"date":"2023-11-29T09:43:55","date_gmt":"2023-11-29T12:43:55","guid":{"rendered":"https:\/\/medicina.udd.cl\/icim\/?page_id=11854"},"modified":"2023-11-29T09:43:55","modified_gmt":"2023-11-29T12:43:55","slug":"neurologia-diseccion-arterias-cerebrales","status":"publish","type":"page","link":"https:\/\/medicina.udd.cl\/icim\/neurologia-diseccion-arterias-cerebrales\/","title":{"rendered":"Neurolog\u00eda: Disecci\u00f3n Arterias Cerebrales"},"content":{"rendered":"\n<h2 class=\"wp-block-heading\">GenCAD<\/h2>\n\n\n\n<p>Descripci\u00f3n de la gen\u00f3mica y otros factores de riesgo en disecciones de arterias cervicales.<\/p>\n\n\n\n<ul class=\"wp-block-list\"><li>Cervical Artery Dissection in Postpartum Women after Cesarean and Vaginal Delivery J Stroke Cerebrovasc Dis 2022 Aug;31(8):106572. <a href=\"https:\/\/doi.org\/10.1016\/j.jstrokecerebrovasdis.2022.106572\">https:\/\/doi.org\/10.1016\/j.jstrokecerebrovasdis.2022.106572<\/a> Epub 2022 Jun 15.<\/li><li>Genetics of spontaneous cervical and coronary artery dissections. Front. Glob. Womens Health, 05 May 2023, Sec. Sex and Gender Differences in Disease, Volume 4 &#8211; 2023 <a href=\"https:\/\/doi.org\/10.3389\/fgwh.2023.1007795\">https:\/\/doi.org\/10.3389\/fgwh.2023.1007795<\/a><\/li><\/ul>\n","protected":false},"excerpt":{"rendered":"<p>GenCAD Descripci\u00f3n de la gen\u00f3mica y otros factores de riesgo en disecciones de arterias cervicales. Cervical Artery Dissection in Postpartum Women after Cesarean and Vaginal Delivery J Stroke Cerebrovasc Dis 2022 Aug;31(8):106572. https:\/\/doi.org\/10.1016\/j.jstrokecerebrovasdis.2022.106572 Epub 2022 Jun 15. Genetics of spontaneous cervical and coronary artery dissections. Front. Glob. Womens Health, 05 May 2023, Sec. Sex and [&hellip;]<\/p>\n","protected":false},"author":9192254,"featured_media":0,"parent":0,"menu_order":0,"comment_status":"closed","ping_status":"closed","template":"","meta":{"footnotes":""},"class_list":["post-11854","page","type-page","status-publish","hentry"],"yoast_head":"<!-- This site is optimized with the Yoast SEO plugin v26.9 - https:\/\/yoast.com\/product\/yoast-seo-wordpress\/ -->\n<title>Neurolog\u00eda: Disecci\u00f3n Arterias Cerebrales - ICIM<\/title>\n<meta name=\"robots\" content=\"index, follow, max-snippet:-1, max-image-preview:large, max-video-preview:-1\" \/>\n<link rel=\"canonical\" href=\"https:\/\/medicina.udd.cl\/icim\/neurologia-diseccion-arterias-cerebrales\/\" \/>\n<meta property=\"og:locale\" content=\"es_ES\" \/>\n<meta property=\"og:type\" content=\"article\" \/>\n<meta property=\"og:title\" content=\"Neurolog\u00eda: Disecci\u00f3n Arterias Cerebrales - ICIM\" \/>\n<meta property=\"og:description\" content=\"GenCAD Descripci\u00f3n de la gen\u00f3mica y otros factores de riesgo en disecciones de arterias cervicales. Cervical Artery Dissection in Postpartum Women after Cesarean and Vaginal Delivery J Stroke Cerebrovasc Dis 2022 Aug;31(8):106572. https:\/\/doi.org\/10.1016\/j.jstrokecerebrovasdis.2022.106572 Epub 2022 Jun 15. Genetics of spontaneous cervical and coronary artery dissections. Front. Glob. Womens Health, 05 May 2023, Sec. Sex and [&hellip;]\" \/>\n<meta property=\"og:url\" content=\"https:\/\/medicina.udd.cl\/icim\/neurologia-diseccion-arterias-cerebrales\/\" \/>\n<meta property=\"og:site_name\" content=\"ICIM\" \/>\n<meta name=\"twitter:card\" content=\"summary_large_image\" \/>\n<meta name=\"twitter:label1\" content=\"Tiempo de lectura\" \/>\n\t<meta name=\"twitter:data1\" content=\"1 minuto\" \/>\n<script type=\"application\/ld+json\" class=\"yoast-schema-graph\">{\"@context\":\"https:\/\/schema.org\",\"@graph\":[{\"@type\":\"WebPage\",\"@id\":\"https:\/\/medicina.udd.cl\/icim\/neurologia-diseccion-arterias-cerebrales\/\",\"url\":\"https:\/\/medicina.udd.cl\/icim\/neurologia-diseccion-arterias-cerebrales\/\",\"name\":\"Neurolog\u00eda: Disecci\u00f3n Arterias Cerebrales - ICIM\",\"isPartOf\":{\"@id\":\"https:\/\/medicina.udd.cl\/icim\/#website\"},\"datePublished\":\"2023-11-29T12:43:55+00:00\",\"breadcrumb\":{\"@id\":\"https:\/\/medicina.udd.cl\/icim\/neurologia-diseccion-arterias-cerebrales\/#breadcrumb\"},\"inLanguage\":\"es\",\"potentialAction\":[{\"@type\":\"ReadAction\",\"target\":[\"https:\/\/medicina.udd.cl\/icim\/neurologia-diseccion-arterias-cerebrales\/\"]}]},{\"@type\":\"BreadcrumbList\",\"@id\":\"https:\/\/medicina.udd.cl\/icim\/neurologia-diseccion-arterias-cerebrales\/#breadcrumb\",\"itemListElement\":[{\"@type\":\"ListItem\",\"position\":1,\"name\":\"Inicio\",\"item\":\"https:\/\/medicina.udd.cl\/icim\/\"},{\"@type\":\"ListItem\",\"position\":2,\"name\":\"Neurolog\u00eda: Disecci\u00f3n Arterias Cerebrales\"}]},{\"@type\":\"WebSite\",\"@id\":\"https:\/\/medicina.udd.cl\/icim\/#website\",\"url\":\"https:\/\/medicina.udd.cl\/icim\/\",\"name\":\"ICIM\",\"description\":\"Una iniciativa de Universidad del Desarrollo y Cl\u00ednica Alemana\",\"inLanguage\":\"es\"}]}<\/script>\n<!-- \/ Yoast SEO plugin. -->","yoast_head_json":{"title":"Neurolog\u00eda: Disecci\u00f3n Arterias Cerebrales - ICIM","robots":{"index":"index","follow":"follow","max-snippet":"max-snippet:-1","max-image-preview":"max-image-preview:large","max-video-preview":"max-video-preview:-1"},"canonical":"https:\/\/medicina.udd.cl\/icim\/neurologia-diseccion-arterias-cerebrales\/","og_locale":"es_ES","og_type":"article","og_title":"Neurolog\u00eda: Disecci\u00f3n Arterias Cerebrales - ICIM","og_description":"GenCAD Descripci\u00f3n de la gen\u00f3mica y otros factores de riesgo en disecciones de arterias cervicales. Cervical Artery Dissection in Postpartum Women after Cesarean and Vaginal Delivery J Stroke Cerebrovasc Dis 2022 Aug;31(8):106572. https:\/\/doi.org\/10.1016\/j.jstrokecerebrovasdis.2022.106572 Epub 2022 Jun 15. Genetics of spontaneous cervical and coronary artery dissections. Front. Glob. Womens Health, 05 May 2023, Sec. Sex and [&hellip;]","og_url":"https:\/\/medicina.udd.cl\/icim\/neurologia-diseccion-arterias-cerebrales\/","og_site_name":"ICIM","twitter_card":"summary_large_image","twitter_misc":{"Tiempo de lectura":"1 minuto"},"schema":{"@context":"https:\/\/schema.org","@graph":[{"@type":"WebPage","@id":"https:\/\/medicina.udd.cl\/icim\/neurologia-diseccion-arterias-cerebrales\/","url":"https:\/\/medicina.udd.cl\/icim\/neurologia-diseccion-arterias-cerebrales\/","name":"Neurolog\u00eda: Disecci\u00f3n Arterias Cerebrales - ICIM","isPartOf":{"@id":"https:\/\/medicina.udd.cl\/icim\/#website"},"datePublished":"2023-11-29T12:43:55+00:00","breadcrumb":{"@id":"https:\/\/medicina.udd.cl\/icim\/neurologia-diseccion-arterias-cerebrales\/#breadcrumb"},"inLanguage":"es","potentialAction":[{"@type":"ReadAction","target":["https:\/\/medicina.udd.cl\/icim\/neurologia-diseccion-arterias-cerebrales\/"]}]},{"@type":"BreadcrumbList","@id":"https:\/\/medicina.udd.cl\/icim\/neurologia-diseccion-arterias-cerebrales\/#breadcrumb","itemListElement":[{"@type":"ListItem","position":1,"name":"Inicio","item":"https:\/\/medicina.udd.cl\/icim\/"},{"@type":"ListItem","position":2,"name":"Neurolog\u00eda: Disecci\u00f3n Arterias Cerebrales"}]},{"@type":"WebSite","@id":"https:\/\/medicina.udd.cl\/icim\/#website","url":"https:\/\/medicina.udd.cl\/icim\/","name":"ICIM","description":"Una iniciativa de Universidad del Desarrollo y Cl\u00ednica Alemana","inLanguage":"es"}]}},"_links":{"self":[{"href":"https:\/\/medicina.udd.cl\/icim\/wp-json\/wp\/v2\/pages\/11854","targetHints":{"allow":["GET"]}}],"collection":[{"href":"https:\/\/medicina.udd.cl\/icim\/wp-json\/wp\/v2\/pages"}],"about":[{"href":"https:\/\/medicina.udd.cl\/icim\/wp-json\/wp\/v2\/types\/page"}],"author":[{"embeddable":true,"href":"https:\/\/medicina.udd.cl\/icim\/wp-json\/wp\/v2\/users\/9192254"}],"replies":[{"embeddable":true,"href":"https:\/\/medicina.udd.cl\/icim\/wp-json\/wp\/v2\/comments?post=11854"}],"version-history":[{"count":1,"href":"https:\/\/medicina.udd.cl\/icim\/wp-json\/wp\/v2\/pages\/11854\/revisions"}],"predecessor-version":[{"id":11855,"href":"https:\/\/medicina.udd.cl\/icim\/wp-json\/wp\/v2\/pages\/11854\/revisions\/11855"}],"wp:attachment":[{"href":"https:\/\/medicina.udd.cl\/icim\/wp-json\/wp\/v2\/media?parent=11854"}],"curies":[{"name":"wp","href":"https:\/\/api.w.org\/{rel}","templated":true}]}}